{"id":59245,"date":"2021-07-30T19:20:46","date_gmt":"2021-07-30T17:20:46","guid":{"rendered":"http:\/\/museumek.eu\/?page_id=59245"},"modified":"2021-07-30T19:22:02","modified_gmt":"2021-07-30T17:22:02","slug":"oz53","status":"publish","type":"page","link":"http:\/\/museumek.eu\/?page_id=59245","title":{"rendered":"OZ\/53"},"content":{"rendered":"<p><strong>Abteilung Ohne Zuordnung, Keramik 1860 \u2013 1960, Inventarnummer OZ\/53<\/strong><\/p>\n<p>Gro\u00dfes Porzellanei, um 1910, Werksnummer ohne, gemarkt Firmenmarke mit roter Apfel \u00e4hnlicher Umrahmung, darin GSD rot auf den nicht glasierten Boden Gemalt, nicht signiert, Handmalerei, H\u00f6he 12 cm, Breite 17 cm<\/p>\n<p><a href=\"http:\/\/museumek.eu\/?attachment_id=59229\" rel=\"attachment wp-att-59229\"><img loading=\"lazy\" src=\"http:\/\/museumek.eu\/wp-content\/uploads\/2011\/09\/GSD-Ei-1-230x300.jpg\" alt=\"\" title=\"GSD Ei 1\" width=\"230\" height=\"300\" class=\"alignnone size-medium wp-image-59229\" srcset=\"http:\/\/museumek.eu\/wp-content\/uploads\/2011\/09\/GSD-Ei-1-230x300.jpg 230w, http:\/\/museumek.eu\/wp-content\/uploads\/2011\/09\/GSD-Ei-1-115x150.jpg 115w, http:\/\/museumek.eu\/wp-content\/uploads\/2011\/09\/GSD-Ei-1.jpg 480w\" sizes=\"(max-width: 230px) 100vw, 230px\" \/><\/a><\/p>\n<p><a href=\"http:\/\/museumek.eu\/?attachment_id=59230\" rel=\"attachment wp-att-59230\"><img loading=\"lazy\" src=\"http:\/\/museumek.eu\/wp-content\/uploads\/2011\/09\/GSD-Ei-2-250x300.jpg\" alt=\"\" title=\"GSD Ei 2\" width=\"250\" height=\"300\" class=\"alignnone size-medium wp-image-59230\" srcset=\"http:\/\/museumek.eu\/wp-content\/uploads\/2011\/09\/GSD-Ei-2-250x300.jpg 250w, http:\/\/museumek.eu\/wp-content\/uploads\/2011\/09\/GSD-Ei-2-125x150.jpg 125w, http:\/\/museumek.eu\/wp-content\/uploads\/2011\/09\/GSD-Ei-2.jpg 480w\" sizes=\"(max-width: 250px) 100vw, 250px\" \/><\/a><\/p>\n<p><a href=\"http:\/\/museumek.eu\/?attachment_id=59231\" rel=\"attachment wp-att-59231\"><img loading=\"lazy\" src=\"http:\/\/museumek.eu\/wp-content\/uploads\/2011\/09\/GSD-Ei-3-266x300.jpg\" alt=\"\" title=\"GSD Ei 3\" width=\"266\" height=\"300\" class=\"alignnone size-medium wp-image-59231\" srcset=\"http:\/\/museumek.eu\/wp-content\/uploads\/2011\/09\/GSD-Ei-3-266x300.jpg 266w, http:\/\/museumek.eu\/wp-content\/uploads\/2011\/09\/GSD-Ei-3-133x150.jpg 133w, http:\/\/museumek.eu\/wp-content\/uploads\/2011\/09\/GSD-Ei-3.jpg 480w\" sizes=\"(max-width: 266px) 100vw, 266px\" \/><\/a><\/p>\n<p><a href=\"http:\/\/museumek.eu\/?attachment_id=59232\" rel=\"attachment wp-att-59232\"><img loading=\"lazy\" src=\"http:\/\/museumek.eu\/wp-content\/uploads\/2011\/09\/GSD-Ei-4-267x300.jpg\" alt=\"\" title=\"GSD Ei 4\" width=\"267\" height=\"300\" class=\"alignnone size-medium wp-image-59232\" srcset=\"http:\/\/museumek.eu\/wp-content\/uploads\/2011\/09\/GSD-Ei-4-267x300.jpg 267w, http:\/\/museumek.eu\/wp-content\/uploads\/2011\/09\/GSD-Ei-4-133x150.jpg 133w, http:\/\/museumek.eu\/wp-content\/uploads\/2011\/09\/GSD-Ei-4.jpg 480w\" sizes=\"(max-width: 267px) 100vw, 267px\" \/><\/a><\/p>\n<p><a href=\"http:\/\/museumek.eu\/?attachment_id=59233\" rel=\"attachment wp-att-59233\"><img loading=\"lazy\" src=\"http:\/\/museumek.eu\/wp-content\/uploads\/2011\/09\/GSD-Ei-5-300x241.jpg\" alt=\"\" title=\"GSD Ei 5\" width=\"300\" height=\"241\" class=\"alignnone size-medium wp-image-59233\" srcset=\"http:\/\/museumek.eu\/wp-content\/uploads\/2011\/09\/GSD-Ei-5-300x241.jpg 300w, http:\/\/museumek.eu\/wp-content\/uploads\/2011\/09\/GSD-Ei-5-150x120.jpg 150w, http:\/\/museumek.eu\/wp-content\/uploads\/2011\/09\/GSD-Ei-5-372x300.jpg 372w, http:\/\/museumek.eu\/wp-content\/uploads\/2011\/09\/GSD-Ei-5.jpg 596w\" sizes=\"(max-width: 300px) 100vw, 300px\" \/><\/a><\/p>\n<p><a href=\"http:\/\/museumek.eu\/?attachment_id=59234\" rel=\"attachment wp-att-59234\"><img loading=\"lazy\" src=\"http:\/\/museumek.eu\/wp-content\/uploads\/2011\/09\/GSD-Ei-6-300x234.jpg\" alt=\"\" title=\"GSD Ei 6\" width=\"300\" height=\"234\" class=\"alignnone size-medium wp-image-59234\" srcset=\"http:\/\/museumek.eu\/wp-content\/uploads\/2011\/09\/GSD-Ei-6-300x234.jpg 300w, http:\/\/museumek.eu\/wp-content\/uploads\/2011\/09\/GSD-Ei-6-150x117.jpg 150w, http:\/\/museumek.eu\/wp-content\/uploads\/2011\/09\/GSD-Ei-6-383x300.jpg 383w, http:\/\/museumek.eu\/wp-content\/uploads\/2011\/09\/GSD-Ei-6.jpg 613w\" sizes=\"(max-width: 300px) 100vw, 300px\" \/><\/a><\/p>\n<p><a href=\"http:\/\/museumek.eu\/?attachment_id=59235\" rel=\"attachment wp-att-59235\"><img loading=\"lazy\" src=\"http:\/\/museumek.eu\/wp-content\/uploads\/2011\/09\/GSD-Ei-7-252x300.jpg\" alt=\"\" title=\"GSD Ei 7\" width=\"252\" height=\"300\" class=\"alignnone size-medium wp-image-59235\" srcset=\"http:\/\/museumek.eu\/wp-content\/uploads\/2011\/09\/GSD-Ei-7-252x300.jpg 252w, http:\/\/museumek.eu\/wp-content\/uploads\/2011\/09\/GSD-Ei-7-126x150.jpg 126w, http:\/\/museumek.eu\/wp-content\/uploads\/2011\/09\/GSD-Ei-7.jpg 480w\" sizes=\"(max-width: 252px) 100vw, 252px\" \/><\/a><\/p>\n<p><a href=\"http:\/\/museumek.eu\/?attachment_id=59236\" rel=\"attachment wp-att-59236\"><img loading=\"lazy\" src=\"http:\/\/museumek.eu\/wp-content\/uploads\/2011\/09\/GSD-Ei-8-300x206.jpg\" alt=\"\" title=\"GSD Ei 8\" width=\"300\" height=\"206\" class=\"alignnone size-medium wp-image-59236\" srcset=\"http:\/\/museumek.eu\/wp-content\/uploads\/2011\/09\/GSD-Ei-8-300x206.jpg 300w, http:\/\/museumek.eu\/wp-content\/uploads\/2011\/09\/GSD-Ei-8-150x103.jpg 150w, http:\/\/museumek.eu\/wp-content\/uploads\/2011\/09\/GSD-Ei-8-436x300.jpg 436w, http:\/\/museumek.eu\/wp-content\/uploads\/2011\/09\/GSD-Ei-8.jpg 640w\" sizes=\"(max-width: 300px) 100vw, 300px\" \/><\/a><\/p>\n<p><a href=\"http:\/\/museumek.eu\/?attachment_id=59237\" rel=\"attachment wp-att-59237\"><img loading=\"lazy\" src=\"http:\/\/museumek.eu\/wp-content\/uploads\/2011\/09\/GSD-Ei-9-300x298.jpg\" alt=\"\" title=\"GSD Ei 9\" width=\"300\" height=\"298\" class=\"alignnone size-medium wp-image-59237\" srcset=\"http:\/\/museumek.eu\/wp-content\/uploads\/2011\/09\/GSD-Ei-9-300x298.jpg 300w, http:\/\/museumek.eu\/wp-content\/uploads\/2011\/09\/GSD-Ei-9-150x150.jpg 150w, http:\/\/museumek.eu\/wp-content\/uploads\/2011\/09\/GSD-Ei-9-301x300.jpg 301w, http:\/\/museumek.eu\/wp-content\/uploads\/2011\/09\/GSD-Ei-9.jpg 483w\" sizes=\"(max-width: 300px) 100vw, 300px\" \/><\/a><\/p>\n<p><a href=\"http:\/\/museumek.eu\/?attachment_id=59238\" rel=\"attachment wp-att-59238\"><img loading=\"lazy\" src=\"http:\/\/museumek.eu\/wp-content\/uploads\/2011\/09\/GSD-Ei-10-277x300.jpg\" alt=\"\" title=\"GSD Ei 10\" width=\"277\" height=\"300\" class=\"alignnone size-medium wp-image-59238\" srcset=\"http:\/\/museumek.eu\/wp-content\/uploads\/2011\/09\/GSD-Ei-10-277x300.jpg 277w, http:\/\/museumek.eu\/wp-content\/uploads\/2011\/09\/GSD-Ei-10-138x150.jpg 138w, http:\/\/museumek.eu\/wp-content\/uploads\/2011\/09\/GSD-Ei-10.jpg 480w\" sizes=\"(max-width: 277px) 100vw, 277px\" \/><\/a><\/p>\n<p><a href=\"http:\/\/museumek.eu\/?attachment_id=59239\" rel=\"attachment wp-att-59239\"><img loading=\"lazy\" src=\"http:\/\/museumek.eu\/wp-content\/uploads\/2011\/09\/GSD-Ei-11-300x219.jpg\" alt=\"\" title=\"GSD Ei 11\" width=\"300\" height=\"219\" class=\"alignnone size-medium wp-image-59239\" srcset=\"http:\/\/museumek.eu\/wp-content\/uploads\/2011\/09\/GSD-Ei-11-300x219.jpg 300w, http:\/\/museumek.eu\/wp-content\/uploads\/2011\/09\/GSD-Ei-11-150x109.jpg 150w, http:\/\/museumek.eu\/wp-content\/uploads\/2011\/09\/GSD-Ei-11-409x300.jpg 409w, http:\/\/museumek.eu\/wp-content\/uploads\/2011\/09\/GSD-Ei-11.jpg 640w\" sizes=\"(max-width: 300px) 100vw, 300px\" \/><\/a><\/p>\n<p><a href=\"http:\/\/museumek.eu\/?attachment_id=59240\" rel=\"attachment wp-att-59240\"><img loading=\"lazy\" src=\"http:\/\/museumek.eu\/wp-content\/uploads\/2011\/09\/GSD-Ei-12-300x217.jpg\" alt=\"\" title=\"GSD Ei 12\" width=\"300\" height=\"217\" class=\"alignnone size-medium wp-image-59240\" srcset=\"http:\/\/museumek.eu\/wp-content\/uploads\/2011\/09\/GSD-Ei-12-300x217.jpg 300w, http:\/\/museumek.eu\/wp-content\/uploads\/2011\/09\/GSD-Ei-12-150x108.jpg 150w, http:\/\/museumek.eu\/wp-content\/uploads\/2011\/09\/GSD-Ei-12-412x300.jpg 412w, http:\/\/museumek.eu\/wp-content\/uploads\/2011\/09\/GSD-Ei-12.jpg 640w\" sizes=\"(max-width: 300px) 100vw, 300px\" \/><\/a><\/p>\n<p><a href=\"http:\/\/museumek.eu\/?attachment_id=59241\" rel=\"attachment wp-att-59241\"><img loading=\"lazy\" src=\"http:\/\/museumek.eu\/wp-content\/uploads\/2011\/09\/GSD-Ei-13-300x222.jpg\" alt=\"\" title=\"GSD Ei 13\" width=\"300\" height=\"222\" class=\"alignnone size-medium wp-image-59241\" srcset=\"http:\/\/museumek.eu\/wp-content\/uploads\/2011\/09\/GSD-Ei-13-300x222.jpg 300w, http:\/\/museumek.eu\/wp-content\/uploads\/2011\/09\/GSD-Ei-13-150x111.jpg 150w, http:\/\/museumek.eu\/wp-content\/uploads\/2011\/09\/GSD-Ei-13-405x300.jpg 405w, http:\/\/museumek.eu\/wp-content\/uploads\/2011\/09\/GSD-Ei-13.jpg 640w\" sizes=\"(max-width: 300px) 100vw, 300px\" \/><\/a><\/p>\n<p><a href=\"http:\/\/museumek.eu\/?attachment_id=59242\" rel=\"attachment wp-att-59242\"><img loading=\"lazy\" src=\"http:\/\/museumek.eu\/wp-content\/uploads\/2011\/09\/GSD-Ei-14-256x300.jpg\" alt=\"\" title=\"GSD Ei 14\" width=\"256\" height=\"300\" class=\"alignnone size-medium wp-image-59242\" srcset=\"http:\/\/museumek.eu\/wp-content\/uploads\/2011\/09\/GSD-Ei-14-256x300.jpg 256w, http:\/\/museumek.eu\/wp-content\/uploads\/2011\/09\/GSD-Ei-14-128x150.jpg 128w, http:\/\/museumek.eu\/wp-content\/uploads\/2011\/09\/GSD-Ei-14.jpg 480w\" sizes=\"(max-width: 256px) 100vw, 256px\" \/><\/a><\/p>\n","protected":false},"excerpt":{"rendered":"<p>Abteilung Ohne Zuordnung, Keramik 1860 \u2013 1960, Inventarnummer OZ\/53 Gro\u00dfes Porzellanei, um 1910, Werksnummer ohne, gemarkt Firmenmarke mit roter Apfel \u00e4hnlicher Umrahmung, darin GSD rot auf den nicht glasierten Boden Gemalt, nicht signiert, Handmalerei, H\u00f6he 12 cm, Breite 17 cm<\/p>\n","protected":false},"author":1,"featured_media":0,"parent":57005,"menu_order":53,"comment_status":"closed","ping_status":"open","template":"","meta":[],"_links":{"self":[{"href":"http:\/\/museumek.eu\/index.php?rest_route=\/wp\/v2\/pages\/59245"}],"collection":[{"href":"http:\/\/museumek.eu\/index.php?rest_route=\/wp\/v2\/pages"}],"about":[{"href":"http:\/\/museumek.eu\/index.php?rest_route=\/wp\/v2\/types\/page"}],"author":[{"embeddable":true,"href":"http:\/\/museumek.eu\/index.php?rest_route=\/wp\/v2\/users\/1"}],"replies":[{"embeddable":true,"href":"http:\/\/museumek.eu\/index.php?rest_route=%2Fwp%2Fv2%2Fcomments&post=59245"}],"version-history":[{"count":5,"href":"http:\/\/museumek.eu\/index.php?rest_route=\/wp\/v2\/pages\/59245\/revisions"}],"predecessor-version":[{"id":59250,"href":"http:\/\/museumek.eu\/index.php?rest_route=\/wp\/v2\/pages\/59245\/revisions\/59250"}],"up":[{"embeddable":true,"href":"http:\/\/museumek.eu\/index.php?rest_route=\/wp\/v2\/pages\/57005"}],"wp:attachment":[{"href":"http:\/\/museumek.eu\/index.php?rest_route=%2Fwp%2Fv2%2Fmedia&parent=59245"}],"curies":[{"name":"wp","href":"https:\/\/api.w.org\/{rel}","templated":true}]}}