{"id":6123,"date":"2011-10-08T20:16:53","date_gmt":"2011-10-08T18:16:53","guid":{"rendered":"http:\/\/museumek.eu\/?page_id=6123"},"modified":"2021-05-09T19:16:53","modified_gmt":"2021-05-09T17:16:53","slug":"kurzbiografie-und-inventar-zum-kunstler","status":"publish","type":"page","link":"http:\/\/museumek.eu\/?page_id=6123","title":{"rendered":"Kurzbiografie und Inventar zum K\u00fcnstler"},"content":{"rendered":"<p>Alfred Kusche wurde am 21.04.1884 in Karlsruhe geboren.<br \/>\nEr starb am 09.07.1984 ebenda. Nach einer Lehre als Silberschmied in Pforzheim besuchte er die Kunstgewerbeschule in Karlsruhe. Seit 1906 arbeitete er als Zeichenlehrer. Im Jahre 1909 erhielt er die Berufung zum Professor am Staatstechnikum in Karlsruhe. Seit 1924 war er freischaffend t\u00e4tig und schuf Entw\u00fcrfe und Modelle f\u00fcr Schmieder in Zell am Harmersbach, Wintergertner in Betschdorf, Weinschenk in Karlsruhe und vor allem f\u00fcr die Karlsruher Majolika.<\/p>\n<p><strong>Abteilung Deutschland, Keramik 1860 \u2013 1960, Inventarnummer D\/II\/2<\/strong><\/p>\n<p>Gro\u00dfherzogliche Majolika-Manufaktur und Nachf. Gro\u00dfherzogliche Majolika-Manufaktur Kunstkeramische Werkst\u00e4tten und Nachf. Gro\u00dfherzogliche Majolika-Manufaktur Karlsruhe Kunstkeramische Werkst\u00e4tten GmbH und Nachf. Gro\u00dfherzogliche Majolika-Manufaktur AG und Nachf. Staatliche Majolika-Manufaktur AG, Deutschland, Karlsruhe, 1910, Vase Bl\u00fcten und Ranken, K\u00fcnstler Alfred Kusche, Werks.-Nr. 2345, Exemplar Nr. ohne, gemarkt Firmenmarke Krone des Gro\u00dfherzogs, darunter das badische Wappenschild, darunter zwei miteinander verbundene M (f\u00fcr Majolika-Manufaktur), 2345, sowie Baden alles gepresst, K geritzt oder gepresst, AK (f\u00fcr Alfred Kusche) geritzt, signiert A K, Literatur: Monika Bachmayer und Peter Schmitt, Karlsruher Majolika 1901 bis 2001, Seite 100, Werksverzeichnis, dort 2345 aufgef\u00fchrt, dort mit Vase Bl\u00fcten und Ranken bezeichnet, dort Kusche zugeordnet, dort Jahresangabe 1910, die Anf\u00e4nge der Manufaktur gehen zur\u00fcck bis auf das Engagement von Hans Thoma um 1895, der dann auch die Firmenmarke entwarf und die Gr\u00fcndung des Ceramischen Atelier Kronberg im Taunus durch Wilhelm S\u00fc\u00df und Karl Vogel um 1900, welches 1901 nach Karlsruhe umzog und damit den Grundstein legte, f\u00fcr die Gro\u00dfherzogliche Manufaktur, deren Bau durch Herzog Friedrich I. 1901 bewilligt und vollzogen wurde, bereits Ende 1901 begann die Manufaktur mit der Produktion, Firmierung Gro\u00dfherzogliche Majolika-Manufaktur, Wilhelm S\u00fc\u00df wurde Direktor und C. F. Otto M\u00fcller in Karlsruhe, \u00fcbernahm den Vertrieb bis 1907 als Generalverteter, 1909 wurde die Manufaktur in einen Neubau auf den herzoglichen Grund im Hardtwald verlegt, zur gleichen Zeit wurden zum Namen der Manufaktur die beiden Worte: Kunstkeramische Werkst\u00e4tten hinzugef\u00fcgt, Firmierung nun Gro\u00dfherzogliche Majolika-Manufaktur Kunstkeramische Werkst\u00e4tten, 1912 wurde die Manufaktur ins Handelsregister eingetragen, am 01. Juli 1919 wurde die Manufaktur an den als Direktor der Manufaktur t\u00e4tigen August Fricke und die beiden Industriellen Hans Duensing und Max Bicheroux verpachtet, am 25. M\u00e4rz 1919 ging die Manufaktur in den Besitz des Badischen Staates \u00fcber, am 01. Januar 1921 wurde die Manufaktur GmbH, Firmierung Gro\u00dfherzogliche Majolika-Manufaktur Karlsruhe Kunstkeramische Werkst\u00e4tten GmbH, am 31. Mai 1922 wurde die Manufaktur AG, Firmierung Gro\u00dfherzogliche Majolika-Manufaktur AG, ungef\u00e4hr zur gleichen Zeit wurden Kunstateliers f\u00fcr Max Laeuger, Ludwig K\u00f6nig und Paul Speck eingerichtet, 1923 wurde eine Abteilung f\u00fcr kirchliche Kunst eingerichtet, 1927 \u00e4nderte sich die Firmierung in Staatliche Majolika-Manufaktur AG, die Manufaktur arbeitet in geringem Ausma\u00df noch heute, Vase au\u00dfen dunkelblauer Fonds, glasiert, mit Schlickermalerei, innen dunkelblau glasiert, H\u00f6he 18,3 cm, Breite 11 cm<\/p>\n<p><a href=\"http:\/\/museumek.eu\/wp-content\/uploads\/2011\/08\/Museum-Europ\u00e4ischer-Keramikkunst-Qualit\u00e4tsfotos-280.jpg\"><img loading=\"lazy\" src=\"http:\/\/museumek.eu\/wp-content\/uploads\/2011\/08\/Museum-Europ\u00e4ischer-Keramikkunst-Qualit\u00e4tsfotos-280-162x300.jpg\" alt=\"\" title=\"Museum Europ\u00e4ischer Keramikkunst Qualit\u00e4tsfotos 280\" width=\"162\" height=\"300\" class=\"alignnone size-medium wp-image-1831\" \/><\/a><\/p>\n<p><a href=\"http:\/\/museumek.eu\/wp-content\/uploads\/2011\/08\/Museum-Europ\u00e4ischer-Keramikkunst-359.jpg\"><img loading=\"lazy\" src=\"http:\/\/museumek.eu\/wp-content\/uploads\/2011\/08\/Museum-Europ\u00e4ischer-Keramikkunst-359-300x260.jpg\" alt=\"\" title=\"Museum Europ\u00e4ischer Keramikkunst 359\" width=\"300\" height=\"260\" class=\"alignnone size-medium wp-image-1832\" srcset=\"http:\/\/museumek.eu\/wp-content\/uploads\/2011\/08\/Museum-Europ\u00e4ischer-Keramikkunst-359-300x260.jpg 300w, http:\/\/museumek.eu\/wp-content\/uploads\/2011\/08\/Museum-Europ\u00e4ischer-Keramikkunst-359-345x300.jpg 345w, http:\/\/museumek.eu\/wp-content\/uploads\/2011\/08\/Museum-Europ\u00e4ischer-Keramikkunst-359.jpg 783w\" sizes=\"(max-width: 300px) 100vw, 300px\" \/><\/a><\/p>\n","protected":false},"excerpt":{"rendered":"<p>Alfred Kusche wurde am 21.04.1884 in Karlsruhe geboren. Er starb am 09.07.1984 ebenda. Nach einer Lehre als Silberschmied in Pforzheim besuchte er die Kunstgewerbeschule in Karlsruhe. Seit 1906 arbeitete er als Zeichenlehrer. Im Jahre 1909 erhielt er die Berufung zum &hellip; <a href=\"http:\/\/museumek.eu\/?page_id=6123\">Weiterlesen <span class=\"meta-nav\">&rarr;<\/span><\/a><\/p>\n","protected":false},"author":1,"featured_media":0,"parent":1542,"menu_order":0,"comment_status":"closed","ping_status":"closed","template":"","meta":[],"_links":{"self":[{"href":"http:\/\/museumek.eu\/index.php?rest_route=\/wp\/v2\/pages\/6123"}],"collection":[{"href":"http:\/\/museumek.eu\/index.php?rest_route=\/wp\/v2\/pages"}],"about":[{"href":"http:\/\/museumek.eu\/index.php?rest_route=\/wp\/v2\/types\/page"}],"author":[{"embeddable":true,"href":"http:\/\/museumek.eu\/index.php?rest_route=\/wp\/v2\/users\/1"}],"replies":[{"embeddable":true,"href":"http:\/\/museumek.eu\/index.php?rest_route=%2Fwp%2Fv2%2Fcomments&post=6123"}],"version-history":[{"count":10,"href":"http:\/\/museumek.eu\/index.php?rest_route=\/wp\/v2\/pages\/6123\/revisions"}],"predecessor-version":[{"id":56777,"href":"http:\/\/museumek.eu\/index.php?rest_route=\/wp\/v2\/pages\/6123\/revisions\/56777"}],"up":[{"embeddable":true,"href":"http:\/\/museumek.eu\/index.php?rest_route=\/wp\/v2\/pages\/1542"}],"wp:attachment":[{"href":"http:\/\/museumek.eu\/index.php?rest_route=%2Fwp%2Fv2%2Fmedia&parent=6123"}],"curies":[{"name":"wp","href":"https:\/\/api.w.org\/{rel}","templated":true}]}}