{"id":6182,"date":"2011-10-10T01:08:36","date_gmt":"2011-10-09T23:08:36","guid":{"rendered":"http:\/\/museumek.eu\/?page_id=6182"},"modified":"2013-04-26T15:06:53","modified_gmt":"2013-04-26T13:06:53","slug":"kurzbiografie-und-inventar-zum-kunstler","status":"publish","type":"page","link":"http:\/\/museumek.eu\/?page_id=6182","title":{"rendered":"Kurzbiografie und Inventar zum K\u00fcnstler"},"content":{"rendered":"<p>Jean-Baptiste Massier wurde 1850 in Vallauris geboren. Er starb 1916 ebenda.<br \/>\nDie T\u00f6pferdynastie Massier (die in der Literatur unterschiedlich beschr\u00edeben wird) gliedert sich nach Z\u00fchlsdorf wie folgt:<br \/>\nDer T\u00f6pfer Honore Massier hatte zwei S\u00f6hne, Jacques und J\u00e9rome. Jacques \u00fcbernimmt die Manufaktur von Honore. J\u00e9rome gr\u00fcndet eine eigene Manufaktur. Zu dieser Zeit bestehen zwei Manufakturen nebeneinander. Jacques \u00fcbergibt die Manufaktur an seine S\u00f6hne Cl\u00e9ment und Delphin. J\u00e9rome \u00fcbergibt seine Manufaktur an seinen Sohn Jean-Baptiste. Sp\u00e4ter (1915) erfolgte der Zusammenschlu\u00df der Manufakturen von Delphin und Jean-Baptiste. Soweit Z\u00fchlsdorf.<br \/>\nNicht gesichert ist, ob sich Cl\u00e9ment Massier selbst\u00e4ndig gemacht hat und Delphin dann die Manufaktur des Vaters allein f\u00fchrte. Evtl. bestanden wahrscheinlich zeitweise 3 Manufakturen Massier nebeneinander.<\/p>\n<p><strong>Abteilung Frankreich, Keramik 1860 \u2013 1960, Inventarnummer F\/V\/7<\/strong><\/p>\n<p>Jean Baptiste Massier, Frankreich, Vallauris, um 1900, Vase, K\u00fcnstler Jean Baptiste Massier, Werks.-Nr. ohne, Exemplar Nr. ohne, nicht gemarkt, signiert Jean Massier gemalt, Literatur: Dieter Z\u00fchlsdorf, Keramik-Marken-Lexikon, Nr. 1303,<br \/>\nH\u00f6he 26 cm, Breite 14 cm<\/p>\n<p><a href=\"http:\/\/museumek.eu\/wp-content\/uploads\/2011\/09\/Museum-Europ\u00e4ischer-Keramikkunst-977.jpg\"><img loading=\"lazy\" src=\"http:\/\/museumek.eu\/wp-content\/uploads\/2011\/09\/Museum-Europ\u00e4ischer-Keramikkunst-977-176x300.jpg\" alt=\"\" title=\"Museum Europ\u00e4ischer Keramikkunst 977\" width=\"176\" height=\"300\" class=\"alignnone size-medium wp-image-3205\" srcset=\"http:\/\/museumek.eu\/wp-content\/uploads\/2011\/09\/Museum-Europ\u00e4ischer-Keramikkunst-977-176x300.jpg 176w, http:\/\/museumek.eu\/wp-content\/uploads\/2011\/09\/Museum-Europ\u00e4ischer-Keramikkunst-977.jpg 471w\" sizes=\"(max-width: 176px) 100vw, 176px\" \/><\/a><\/p>\n<p><a href=\"http:\/\/museumek.eu\/wp-content\/uploads\/2011\/09\/Museum-Europ\u00e4ischer-Keramikkunst-978.jpg\"><img loading=\"lazy\" src=\"http:\/\/museumek.eu\/wp-content\/uploads\/2011\/09\/Museum-Europ\u00e4ischer-Keramikkunst-978-300x106.jpg\" alt=\"\" title=\"Museum Europ\u00e4ischer Keramikkunst 978\" width=\"300\" height=\"106\" class=\"alignnone size-medium wp-image-3206\" srcset=\"http:\/\/museumek.eu\/wp-content\/uploads\/2011\/09\/Museum-Europ\u00e4ischer-Keramikkunst-978-300x106.jpg 300w, http:\/\/museumek.eu\/wp-content\/uploads\/2011\/09\/Museum-Europ\u00e4ischer-Keramikkunst-978-500x177.jpg 500w, http:\/\/museumek.eu\/wp-content\/uploads\/2011\/09\/Museum-Europ\u00e4ischer-Keramikkunst-978.jpg 552w\" sizes=\"(max-width: 300px) 100vw, 300px\" \/><\/a><\/p>\n<p><strong>Abteilung Frankreich, Keramik 1860 \u2013 1960, Inventarnummer F\/V\/8<\/strong><\/p>\n<p>Jean Baptiste Massier, Frankreich, Vallauris, um 1900, Cachepot, K\u00fcnstler Jean Baptiste Massier, Werks.-Nr. ohne, Exemplar Nr. ohne, nicht gemarkt, signiert Jean Massier sowie Vallauris gemalt, Literatur: Dieter Z\u00fchlsdorf, Keramik-Marken-Lexikon, Nr. 1303, H\u00f6he 11,5 cm, Breite 9,5 cm<\/p>\n<p><a href=\"http:\/\/museumek.eu\/wp-content\/uploads\/2011\/09\/Museum-Europ\u00e4ischer-Keramikkunst-1001.jpg\"><img loading=\"lazy\" src=\"http:\/\/museumek.eu\/wp-content\/uploads\/2011\/09\/Museum-Europ\u00e4ischer-Keramikkunst-1001-248x300.jpg\" alt=\"\" title=\"Museum Europ\u00e4ischer Keramikkunst 1001\" width=\"248\" height=\"300\" class=\"alignnone size-medium wp-image-3274\" srcset=\"http:\/\/museumek.eu\/wp-content\/uploads\/2011\/09\/Museum-Europ\u00e4ischer-Keramikkunst-1001-248x300.jpg 248w, http:\/\/museumek.eu\/wp-content\/uploads\/2011\/09\/Museum-Europ\u00e4ischer-Keramikkunst-1001.jpg 567w\" sizes=\"(max-width: 248px) 100vw, 248px\" \/><\/a><\/p>\n<p><a href=\"http:\/\/museumek.eu\/wp-content\/uploads\/2011\/09\/Museum-Europ\u00e4ischer-Keramikkunst-1005.jpg\"><img loading=\"lazy\" src=\"http:\/\/museumek.eu\/wp-content\/uploads\/2011\/09\/Museum-Europ\u00e4ischer-Keramikkunst-1005-300x104.jpg\" alt=\"\" title=\"Museum Europ\u00e4ischer Keramikkunst 1005\" width=\"300\" height=\"104\" class=\"alignnone size-medium wp-image-3275\" srcset=\"http:\/\/museumek.eu\/wp-content\/uploads\/2011\/09\/Museum-Europ\u00e4ischer-Keramikkunst-1005-300x104.jpg 300w, http:\/\/museumek.eu\/wp-content\/uploads\/2011\/09\/Museum-Europ\u00e4ischer-Keramikkunst-1005.jpg 448w\" sizes=\"(max-width: 300px) 100vw, 300px\" \/><\/a><\/p>\n<p><a href=\"http:\/\/museumek.eu\/wp-content\/uploads\/2011\/09\/Firmenbeschreibung-Massier.jpg\"><img loading=\"lazy\" src=\"http:\/\/museumek.eu\/wp-content\/uploads\/2011\/09\/Firmenbeschreibung-Massier-230x300.jpg\" alt=\"\" title=\"Firmenbeschreibung Massier\" width=\"230\" height=\"300\" class=\"alignnone size-medium wp-image-3276\" srcset=\"http:\/\/museumek.eu\/wp-content\/uploads\/2011\/09\/Firmenbeschreibung-Massier-230x300.jpg 230w, http:\/\/museumek.eu\/wp-content\/uploads\/2011\/09\/Firmenbeschreibung-Massier.jpg 525w\" sizes=\"(max-width: 230px) 100vw, 230px\" \/><\/a><\/p>\n","protected":false},"excerpt":{"rendered":"<p>Jean-Baptiste Massier wurde 1850 in Vallauris geboren. Er starb 1916 ebenda. Die T\u00f6pferdynastie Massier (die in der Literatur unterschiedlich beschr\u00edeben wird) gliedert sich nach Z\u00fchlsdorf wie folgt: Der T\u00f6pfer Honore Massier hatte zwei S\u00f6hne, Jacques und J\u00e9rome. Jacques \u00fcbernimmt die &hellip; <a href=\"http:\/\/museumek.eu\/?page_id=6182\">Weiterlesen <span class=\"meta-nav\">&rarr;<\/span><\/a><\/p>\n","protected":false},"author":1,"featured_media":0,"parent":3209,"menu_order":0,"comment_status":"closed","ping_status":"closed","template":"","meta":[],"_links":{"self":[{"href":"http:\/\/museumek.eu\/index.php?rest_route=\/wp\/v2\/pages\/6182"}],"collection":[{"href":"http:\/\/museumek.eu\/index.php?rest_route=\/wp\/v2\/pages"}],"about":[{"href":"http:\/\/museumek.eu\/index.php?rest_route=\/wp\/v2\/types\/page"}],"author":[{"embeddable":true,"href":"http:\/\/museumek.eu\/index.php?rest_route=\/wp\/v2\/users\/1"}],"replies":[{"embeddable":true,"href":"http:\/\/museumek.eu\/index.php?rest_route=%2Fwp%2Fv2%2Fcomments&post=6182"}],"version-history":[{"count":7,"href":"http:\/\/museumek.eu\/index.php?rest_route=\/wp\/v2\/pages\/6182\/revisions"}],"predecessor-version":[{"id":20566,"href":"http:\/\/museumek.eu\/index.php?rest_route=\/wp\/v2\/pages\/6182\/revisions\/20566"}],"up":[{"embeddable":true,"href":"http:\/\/museumek.eu\/index.php?rest_route=\/wp\/v2\/pages\/3209"}],"wp:attachment":[{"href":"http:\/\/museumek.eu\/index.php?rest_route=%2Fwp%2Fv2%2Fmedia&parent=6182"}],"curies":[{"name":"wp","href":"https:\/\/api.w.org\/{rel}","templated":true}]}}