{"id":6219,"date":"2011-10-10T19:43:57","date_gmt":"2011-10-10T17:43:57","guid":{"rendered":"http:\/\/museumek.eu\/?page_id=6219"},"modified":"2011-10-10T19:44:23","modified_gmt":"2011-10-10T17:44:23","slug":"fii11","status":"publish","type":"page","link":"http:\/\/museumek.eu\/?page_id=6219","title":{"rendered":"F\/II\/11"},"content":{"rendered":"<p><strong>Abteilung Frankreich, Keramik 1860 \u2013 1960, Inventarnummer F\/II\/11<\/strong><\/p>\n<p>Manufaktur Keller &#038; Gu\u00e9rin, Frankreich, Lun\u00e9ville, um 1900, Jardiniere, K\u00fcnstler unbekannt, Werks.-Nr. 148, Exemplar Nr. ohne, gemarkt K &#038; G Lun\u00e9ville France brauner Farbstempel, P gepresst sowie ungedeuteter Pressstempel, Gold geh\u00f6ht, Literatur: Annabelle H\u00e9ry, La Faiencerie de Lun\u00e9ville 1786 \u2013 1923, Les Keller &#038; Gu\u00e9rin, Seite 138, Marke Type 18, um 1900 entwarfen die K\u00fcnstler der \u00c9cole de Nancy, Louis Majorelle, Ernest Bussi\u00e8re, Edmond Lachenal, Emile Gall\u00e9 Modelle f\u00fcr K &#038; G, wobei eine Zuordnung mangels Werksverzeichnis selten m\u00f6glich ist, H\u00f6he 12,5 cm, Breite 37 cm<\/p>\n<p><a href=\"http:\/\/museumek.eu\/wp-content\/uploads\/2011\/10\/Museum-Europ\u00e4ischer-Keramikkunst-1199.jpg\"><img loading=\"lazy\" src=\"http:\/\/museumek.eu\/wp-content\/uploads\/2011\/10\/Museum-Europ\u00e4ischer-Keramikkunst-1199-300x131.jpg\" alt=\"\" title=\"Museum Europ\u00e4ischer Keramikkunst 1199\" width=\"300\" height=\"131\" class=\"alignnone size-medium wp-image-6220\" srcset=\"http:\/\/museumek.eu\/wp-content\/uploads\/2011\/10\/Museum-Europ\u00e4ischer-Keramikkunst-1199-300x131.jpg 300w, http:\/\/museumek.eu\/wp-content\/uploads\/2011\/10\/Museum-Europ\u00e4ischer-Keramikkunst-1199-500x218.jpg 500w, http:\/\/museumek.eu\/wp-content\/uploads\/2011\/10\/Museum-Europ\u00e4ischer-Keramikkunst-1199.jpg 951w\" sizes=\"(max-width: 300px) 100vw, 300px\" \/><\/a><\/p>\n<p><a href=\"http:\/\/museumek.eu\/wp-content\/uploads\/2011\/10\/Museum-Europ\u00e4ischer-Keramikkunst-1200.jpg\"><img loading=\"lazy\" src=\"http:\/\/museumek.eu\/wp-content\/uploads\/2011\/10\/Museum-Europ\u00e4ischer-Keramikkunst-1200-300x260.jpg\" alt=\"\" title=\"Museum Europ\u00e4ischer Keramikkunst 1200\" width=\"300\" height=\"260\" class=\"alignnone size-medium wp-image-6221\" srcset=\"http:\/\/museumek.eu\/wp-content\/uploads\/2011\/10\/Museum-Europ\u00e4ischer-Keramikkunst-1200-300x260.jpg 300w, http:\/\/museumek.eu\/wp-content\/uploads\/2011\/10\/Museum-Europ\u00e4ischer-Keramikkunst-1200-345x300.jpg 345w, http:\/\/museumek.eu\/wp-content\/uploads\/2011\/10\/Museum-Europ\u00e4ischer-Keramikkunst-1200.jpg 522w\" sizes=\"(max-width: 300px) 100vw, 300px\" \/><\/a><\/p>\n<p><a href=\"http:\/\/museumek.eu\/wp-content\/uploads\/2011\/10\/Museum-Europ\u00e4ischer-Keramikkunst-1202.jpg\"><img loading=\"lazy\" src=\"http:\/\/museumek.eu\/wp-content\/uploads\/2011\/10\/Museum-Europ\u00e4ischer-Keramikkunst-1202-300x206.jpg\" alt=\"\" title=\"Museum Europ\u00e4ischer Keramikkunst 1202\" width=\"300\" height=\"206\" class=\"alignnone size-medium wp-image-6222\" srcset=\"http:\/\/museumek.eu\/wp-content\/uploads\/2011\/10\/Museum-Europ\u00e4ischer-Keramikkunst-1202-300x206.jpg 300w, http:\/\/museumek.eu\/wp-content\/uploads\/2011\/10\/Museum-Europ\u00e4ischer-Keramikkunst-1202.jpg 403w\" sizes=\"(max-width: 300px) 100vw, 300px\" \/><\/a><\/p>\n<p><a href=\"http:\/\/museumek.eu\/wp-content\/uploads\/2011\/10\/Museum-Europ\u00e4ischer-Keramikkunst-1204.jpg\"><img loading=\"lazy\" src=\"http:\/\/museumek.eu\/wp-content\/uploads\/2011\/10\/Museum-Europ\u00e4ischer-Keramikkunst-1204-300x154.jpg\" alt=\"\" title=\"Museum Europ\u00e4ischer Keramikkunst 1204\" width=\"300\" height=\"154\" class=\"alignnone size-medium wp-image-6223\" srcset=\"http:\/\/museumek.eu\/wp-content\/uploads\/2011\/10\/Museum-Europ\u00e4ischer-Keramikkunst-1204-300x154.jpg 300w, http:\/\/museumek.eu\/wp-content\/uploads\/2011\/10\/Museum-Europ\u00e4ischer-Keramikkunst-1204.jpg 467w\" sizes=\"(max-width: 300px) 100vw, 300px\" \/><\/a><\/p>\n","protected":false},"excerpt":{"rendered":"<p>Abteilung Frankreich, Keramik 1860 \u2013 1960, Inventarnummer F\/II\/11 Manufaktur Keller &#038; Gu\u00e9rin, Frankreich, Lun\u00e9ville, um 1900, Jardiniere, K\u00fcnstler unbekannt, Werks.-Nr. 148, Exemplar Nr. ohne, gemarkt K &#038; G Lun\u00e9ville France brauner Farbstempel, P gepresst sowie ungedeuteter Pressstempel, Gold geh\u00f6ht, Literatur: &hellip; <a href=\"http:\/\/museumek.eu\/?page_id=6219\">Weiterlesen <span class=\"meta-nav\">&rarr;<\/span><\/a><\/p>\n","protected":false},"author":1,"featured_media":0,"parent":6216,"menu_order":11,"comment_status":"closed","ping_status":"closed","template":"","meta":[],"_links":{"self":[{"href":"http:\/\/museumek.eu\/index.php?rest_route=\/wp\/v2\/pages\/6219"}],"collection":[{"href":"http:\/\/museumek.eu\/index.php?rest_route=\/wp\/v2\/pages"}],"about":[{"href":"http:\/\/museumek.eu\/index.php?rest_route=\/wp\/v2\/types\/page"}],"author":[{"embeddable":true,"href":"http:\/\/museumek.eu\/index.php?rest_route=\/wp\/v2\/users\/1"}],"replies":[{"embeddable":true,"href":"http:\/\/museumek.eu\/index.php?rest_route=%2Fwp%2Fv2%2Fcomments&post=6219"}],"version-history":[{"count":3,"href":"http:\/\/museumek.eu\/index.php?rest_route=\/wp\/v2\/pages\/6219\/revisions"}],"predecessor-version":[{"id":6226,"href":"http:\/\/museumek.eu\/index.php?rest_route=\/wp\/v2\/pages\/6219\/revisions\/6226"}],"up":[{"embeddable":true,"href":"http:\/\/museumek.eu\/index.php?rest_route=\/wp\/v2\/pages\/6216"}],"wp:attachment":[{"href":"http:\/\/museumek.eu\/index.php?rest_route=%2Fwp%2Fv2%2Fmedia&parent=6219"}],"curies":[{"name":"wp","href":"https:\/\/api.w.org\/{rel}","templated":true}]}}