{"id":6229,"date":"2011-10-11T14:25:33","date_gmt":"2011-10-11T12:25:33","guid":{"rendered":"http:\/\/museumek.eu\/?page_id=6229"},"modified":"2013-04-26T15:18:07","modified_gmt":"2013-04-26T13:18:07","slug":"kurzbiografie-und-inventar-zum-kunstler","status":"publish","type":"page","link":"http:\/\/museumek.eu\/?page_id=6229","title":{"rendered":"Kurzbiografie und Inventar zum K\u00fcnstler"},"content":{"rendered":"<p>Viktor Matula wurde am 16.06.1990 in Vichtenstein geboren. Er starb am 19.02.1969 wohl ebenda. Matula studierte an der Kunstgewerbeschule Wien unter Steinhof. Er war vor allen Dingen als Tierbildner t\u00e4tig. Matula schuf viele Entw\u00fcrfe f\u00fcr die Manufaktur Friedrich Goldscheider bei der er angestellt war.<br \/>\nEbenso entwickelte er verschiedene Glasurrezepte. <\/p>\n<p><strong>Abteilung Austria\/Ungarn\/B\u00f6hmen, Keramik 1860 \u2013 1960, Inventarnummer A\/I\/20<\/strong><\/p>\n<p>Friedrich Goldscheider, Austria, Wien, 1937, Figur Pferd, K\u00fcnstler Viktor Matula, Werks.-Nr. 8179\/Exemplar Nr. 9\/Modelleur Nr. ohne, gemarkt Goldscheider Wien, Made in Austria, Malermarke A, nicht signiert, Literatur: Robert E. Dechant\/Filipp Goldscheider, Firmengeschichte und Werkverzeichnis, Seite 486, dort noch ohne Foto,<br \/>\nH\u00f6he 16,5 cm, Breite 21 cm<\/p>\n<p><a href=\"http:\/\/museumek.eu\/wp-content\/uploads\/2011\/08\/Museum-Europ\u00e4ischer-Keramikkunst-Qualit\u00e4tsfotos-037.jpg\"><img loading=\"lazy\" src=\"http:\/\/museumek.eu\/wp-content\/uploads\/2011\/08\/Museum-Europ\u00e4ischer-Keramikkunst-Qualit\u00e4tsfotos-037-282x300.jpg\" alt=\"\" title=\"Museum Europ\u00e4ischer Keramikkunst Qualit\u00e4tsfotos 037\" width=\"282\" height=\"300\" class=\"alignnone size-medium wp-image-260\" srcset=\"http:\/\/museumek.eu\/wp-content\/uploads\/2011\/08\/Museum-Europ\u00e4ischer-Keramikkunst-Qualit\u00e4tsfotos-037-282x300.jpg 282w, http:\/\/museumek.eu\/wp-content\/uploads\/2011\/08\/Museum-Europ\u00e4ischer-Keramikkunst-Qualit\u00e4tsfotos-037.jpg 651w\" sizes=\"(max-width: 282px) 100vw, 282px\" \/><\/a><\/p>\n<p><a href=\"http:\/\/museumek.eu\/wp-content\/uploads\/2011\/08\/Museum-Europ\u00e4ischer-Keramikkunst-065.jpg\"><img loading=\"lazy\" src=\"http:\/\/museumek.eu\/wp-content\/uploads\/2011\/08\/Museum-Europ\u00e4ischer-Keramikkunst-065-195x300.jpg\" alt=\"\" title=\"Museum Europ\u00e4ischer Keramikkunst 065\" width=\"195\" height=\"300\" class=\"alignnone size-medium wp-image-261\" srcset=\"http:\/\/museumek.eu\/wp-content\/uploads\/2011\/08\/Museum-Europ\u00e4ischer-Keramikkunst-065-195x300.jpg 195w, http:\/\/museumek.eu\/wp-content\/uploads\/2011\/08\/Museum-Europ\u00e4ischer-Keramikkunst-065.jpg 628w\" sizes=\"(max-width: 195px) 100vw, 195px\" \/><\/a><\/p>\n<p><strong>Abteilung Austria\/Ungarn\/B\u00f6hmen, Keramik 1860 \u2013 1960, Inventarnummer A\/I\/39<\/strong><\/p>\n<p>Friedrich Goldscheider, Austria, Wien, 1937, Figur Reh auf Rechtecksockel, K\u00fcnstler Viktor Matula, Werks.-Nr. 7867\/Exemplar Nr. 97\/Modelleur Nr. 14, gemarkt Goldscheider Wien, Made in Austria, Hand-Decorated, Malermarke ohne, nicht signiert, Original Aufkleber Goldscheider Wien, Literatur: Robert E. Dechant\/Filipp Goldscheider, Firmengeschichte und Werkverzeichnis, Seite 475, dort noch ohne Farbfoto,<br \/>\nH\u00f6he 13 cm, Breite 13 cm<\/p>\n<p><a href=\"http:\/\/museumek.eu\/wp-content\/uploads\/2011\/08\/Museum-Europ\u00e4ischer-Keramikkunst-134.jpg\"><img loading=\"lazy\" src=\"http:\/\/museumek.eu\/wp-content\/uploads\/2011\/08\/Museum-Europ\u00e4ischer-Keramikkunst-134-300x273.jpg\" alt=\"\" title=\"Museum Europ\u00e4ischer Keramikkunst 134\" width=\"300\" height=\"273\" class=\"alignnone size-medium wp-image-433\" srcset=\"http:\/\/museumek.eu\/wp-content\/uploads\/2011\/08\/Museum-Europ\u00e4ischer-Keramikkunst-134-300x273.jpg 300w, http:\/\/museumek.eu\/wp-content\/uploads\/2011\/08\/Museum-Europ\u00e4ischer-Keramikkunst-134-328x300.jpg 328w, http:\/\/museumek.eu\/wp-content\/uploads\/2011\/08\/Museum-Europ\u00e4ischer-Keramikkunst-134.jpg 739w\" sizes=\"(max-width: 300px) 100vw, 300px\" \/><\/a><\/p>\n<p><a href=\"http:\/\/museumek.eu\/wp-content\/uploads\/2011\/08\/Museum-Europ\u00e4ischer-Keramikkunst-136.jpg\"><img loading=\"lazy\" src=\"http:\/\/museumek.eu\/wp-content\/uploads\/2011\/08\/Museum-Europ\u00e4ischer-Keramikkunst-136-300x171.jpg\" alt=\"\" title=\"Museum Europ\u00e4ischer Keramikkunst 136\" width=\"300\" height=\"171\" class=\"alignnone size-medium wp-image-435\" srcset=\"http:\/\/museumek.eu\/wp-content\/uploads\/2011\/08\/Museum-Europ\u00e4ischer-Keramikkunst-136-300x171.jpg 300w, http:\/\/museumek.eu\/wp-content\/uploads\/2011\/08\/Museum-Europ\u00e4ischer-Keramikkunst-136-500x286.jpg 500w, http:\/\/museumek.eu\/wp-content\/uploads\/2011\/08\/Museum-Europ\u00e4ischer-Keramikkunst-136.jpg 956w\" sizes=\"(max-width: 300px) 100vw, 300px\" \/><\/a><\/p>\n<p><a href=\"http:\/\/museumek.eu\/wp-content\/uploads\/2011\/08\/Museum-Europ\u00e4ischer-Keramikkunst-137.jpg\"><img loading=\"lazy\" src=\"http:\/\/museumek.eu\/wp-content\/uploads\/2011\/08\/Museum-Europ\u00e4ischer-Keramikkunst-137-300x175.jpg\" alt=\"\" title=\"Museum Europ\u00e4ischer Keramikkunst 137\" width=\"300\" height=\"175\" class=\"alignnone size-medium wp-image-436\" srcset=\"http:\/\/museumek.eu\/wp-content\/uploads\/2011\/08\/Museum-Europ\u00e4ischer-Keramikkunst-137-300x175.jpg 300w, http:\/\/museumek.eu\/wp-content\/uploads\/2011\/08\/Museum-Europ\u00e4ischer-Keramikkunst-137-500x292.jpg 500w, http:\/\/museumek.eu\/wp-content\/uploads\/2011\/08\/Museum-Europ\u00e4ischer-Keramikkunst-137.jpg 930w\" sizes=\"(max-width: 300px) 100vw, 300px\" \/><\/a><\/p>\n<p><a href=\"http:\/\/museumek.eu\/wp-content\/uploads\/2011\/08\/Museum-Europ\u00e4ischer-Keramikkunst-135.jpg\"><img loading=\"lazy\" src=\"http:\/\/museumek.eu\/wp-content\/uploads\/2011\/08\/Museum-Europ\u00e4ischer-Keramikkunst-135-300x248.jpg\" alt=\"\" title=\"Museum Europ\u00e4ischer Keramikkunst 135\" width=\"300\" height=\"248\" class=\"alignnone size-medium wp-image-437\" srcset=\"http:\/\/museumek.eu\/wp-content\/uploads\/2011\/08\/Museum-Europ\u00e4ischer-Keramikkunst-135-300x248.jpg 300w, http:\/\/museumek.eu\/wp-content\/uploads\/2011\/08\/Museum-Europ\u00e4ischer-Keramikkunst-135-362x300.jpg 362w, http:\/\/museumek.eu\/wp-content\/uploads\/2011\/08\/Museum-Europ\u00e4ischer-Keramikkunst-135.jpg 870w\" sizes=\"(max-width: 300px) 100vw, 300px\" \/><\/a><\/p>\n<p><strong>Abteilung Austria\/Ungarn\/B\u00f6hmen, Keramik 1860 \u2013 1960, Inventarnummer A\/I\/51<\/strong><\/p>\n<p>Friedrich Goldscheider, Austria, Wien, 1935, Figur Stehendes Reh auf flachem Rechtecksockel, K\u00fcnstler Viktor Matula, Werks.-Nr. 7110\/Exemplar Nr. 32\/Modelleur Nr. 15, gemarkt Goldscheider Wien, Made in Austria, Malermarke B, signiert Matula, Literatur: Robert E. Dechant\/Filipp Goldscheider, Firmengeschichte und Werkverzeichnis, Seite 449, dort noch ohne Foto, H\u00f6he 15,5 cm, Breite 15 cm<\/p>\n<p><a href=\"http:\/\/museumek.eu\/wp-content\/uploads\/2011\/08\/Museum-Europ\u00e4ischer-Keramikkunst-Qualit\u00e4tsfotos-092.jpg\"><img loading=\"lazy\" src=\"http:\/\/museumek.eu\/wp-content\/uploads\/2011\/08\/Museum-Europ\u00e4ischer-Keramikkunst-Qualit\u00e4tsfotos-092-292x300.jpg\" alt=\"\" title=\"Museum Europ\u00e4ischer Keramikkunst Qualit\u00e4tsfotos 092\" width=\"292\" height=\"300\" class=\"alignnone size-medium wp-image-542\" srcset=\"http:\/\/museumek.eu\/wp-content\/uploads\/2011\/08\/Museum-Europ\u00e4ischer-Keramikkunst-Qualit\u00e4tsfotos-092-292x300.jpg 292w, http:\/\/museumek.eu\/wp-content\/uploads\/2011\/08\/Museum-Europ\u00e4ischer-Keramikkunst-Qualit\u00e4tsfotos-092.jpg 684w\" sizes=\"(max-width: 292px) 100vw, 292px\" \/><\/a><\/p>\n<p><a href=\"http:\/\/museumek.eu\/wp-content\/uploads\/2011\/08\/Museum-Europ\u00e4ischer-Keramikkunst-371.jpg\"><img loading=\"lazy\" src=\"http:\/\/museumek.eu\/wp-content\/uploads\/2011\/08\/Museum-Europ\u00e4ischer-Keramikkunst-371-150x300.jpg\" alt=\"\" title=\"Museum Europ\u00e4ischer Keramikkunst 371\" width=\"150\" height=\"300\" class=\"alignnone size-medium wp-image-543\" \/><\/a><\/p>\n<p><strong>Abteilung Austria\/Ungarn\/B\u00f6hmen, Keramik 1860 \u2013 1960, Inventarnummer A\/I\/59<\/strong><\/p>\n<p>Friedrich Goldscheider, Austria, Wien, 1937, Figur Rehgruppe auf Ovalsockel, K\u00fcnstler Viktor Matula, Werks.-Nr. 7671\/Exemplar Nr. 7\/Modelleur Nr. 30, gemarkt Goldscheider Wien, Made in Austria, Malermarke ohne, nicht signiert, Literatur: Robert E. Dechant\/Filipp Goldscheider, Firmengeschichte und Werkverzeichnis, Seite 467, dort ohne Foto erfasst, H\u00f6he 29 cm, Breite 28 cm<\/p>\n<p><a href=\"http:\/\/museumek.eu\/wp-content\/uploads\/2011\/08\/Museum-Europ\u00e4ischer-Keramikkunst-Qualit\u00e4tsfotos-416.jpg\"><img loading=\"lazy\" src=\"http:\/\/museumek.eu\/wp-content\/uploads\/2011\/08\/Museum-Europ\u00e4ischer-Keramikkunst-Qualit\u00e4tsfotos-416-210x300.jpg\" alt=\"\" title=\"Museum Europ\u00e4ischer Keramikkunst Qualit\u00e4tsfotos 416\" width=\"210\" height=\"300\" class=\"alignnone size-medium wp-image-615\" srcset=\"http:\/\/museumek.eu\/wp-content\/uploads\/2011\/08\/Museum-Europ\u00e4ischer-Keramikkunst-Qualit\u00e4tsfotos-416-210x300.jpg 210w, http:\/\/museumek.eu\/wp-content\/uploads\/2011\/08\/Museum-Europ\u00e4ischer-Keramikkunst-Qualit\u00e4tsfotos-416.jpg 499w\" sizes=\"(max-width: 210px) 100vw, 210px\" \/><\/a><\/p>\n<p><a href=\"http:\/\/museumek.eu\/wp-content\/uploads\/2011\/08\/Museum-Europ\u00e4ischer-Keramikkunst-727.jpg\"><img loading=\"lazy\" src=\"http:\/\/museumek.eu\/wp-content\/uploads\/2011\/08\/Museum-Europ\u00e4ischer-Keramikkunst-727-300x205.jpg\" alt=\"\" title=\"Museum Europ\u00e4ischer Keramikkunst 727\" width=\"300\" height=\"205\" class=\"alignnone size-medium wp-image-617\" srcset=\"http:\/\/museumek.eu\/wp-content\/uploads\/2011\/08\/Museum-Europ\u00e4ischer-Keramikkunst-727-300x205.jpg 300w, http:\/\/museumek.eu\/wp-content\/uploads\/2011\/08\/Museum-Europ\u00e4ischer-Keramikkunst-727-438x300.jpg 438w, http:\/\/museumek.eu\/wp-content\/uploads\/2011\/08\/Museum-Europ\u00e4ischer-Keramikkunst-727.jpg 688w\" sizes=\"(max-width: 300px) 100vw, 300px\" \/><\/a><\/p>\n<p><a href=\"http:\/\/museumek.eu\/wp-content\/uploads\/2011\/08\/Museum-Europ\u00e4ischer-Keramikkunst-728.jpg\"><img loading=\"lazy\" src=\"http:\/\/museumek.eu\/wp-content\/uploads\/2011\/08\/Museum-Europ\u00e4ischer-Keramikkunst-728-300x172.jpg\" alt=\"\" title=\"Museum Europ\u00e4ischer Keramikkunst 728\" width=\"300\" height=\"172\" class=\"alignnone size-medium wp-image-618\" srcset=\"http:\/\/museumek.eu\/wp-content\/uploads\/2011\/08\/Museum-Europ\u00e4ischer-Keramikkunst-728-300x172.jpg 300w, http:\/\/museumek.eu\/wp-content\/uploads\/2011\/08\/Museum-Europ\u00e4ischer-Keramikkunst-728-500x286.jpg 500w, http:\/\/museumek.eu\/wp-content\/uploads\/2011\/08\/Museum-Europ\u00e4ischer-Keramikkunst-728.jpg 678w\" sizes=\"(max-width: 300px) 100vw, 300px\" \/><\/a><\/p>\n<p><strong>Abteilung Austria\/Ungarn\/B\u00f6hmen, Keramik 1860 \u2013 1960, Inventarnummer A\/I\/67<\/strong><\/p>\n<p>Friedrich Goldscheider, Austria, Wien, um 1930, Ascher vierpassig, mit Bl\u00fctendekor (evtl. Sternedekor), K\u00fcnstler Viktor Matula (attr.), Werks.-Nr. 1279 (attr.)\/Exemplar Nr. 8\/Modelleur Nr.ohne, gemarkt Goldscheider Wien Made in Austria sowie Hand-Decorated Farbstempel, 8 geritzt, 6 oder G gemalt, nicht signiert, Literatur: Robert E. Dechant\/Filipp Goldscheider, Firmengeschichte und Werkverzeichnis, Seite 529, dort noch nicht erfasst, daf\u00fcr ein runder Ascher mit gleichem Dekor und ebenfalls 2 Zigarettenablagen als Nr. 1279 M mit gleichen Abma\u00dfen erfasst, K\u00fcnstler dort Viktor Matula, H\u00f6he 4,4 cm, Durchmesser 18 cm<\/p>\n<p><a href=\"http:\/\/museumek.eu\/wp-content\/uploads\/2011\/10\/Museum-Europ\u00e4ischer-Keramikkunst-1243.jpg\"><img loading=\"lazy\" src=\"http:\/\/museumek.eu\/wp-content\/uploads\/2011\/10\/Museum-Europ\u00e4ischer-Keramikkunst-1243-300x192.jpg\" alt=\"\" title=\"Museum Europ\u00e4ischer Keramikkunst 1243\" width=\"300\" height=\"192\" class=\"alignnone size-medium wp-image-6442\" srcset=\"http:\/\/museumek.eu\/wp-content\/uploads\/2011\/10\/Museum-Europ\u00e4ischer-Keramikkunst-1243-300x192.jpg 300w, http:\/\/museumek.eu\/wp-content\/uploads\/2011\/10\/Museum-Europ\u00e4ischer-Keramikkunst-1243-466x300.jpg 466w, http:\/\/museumek.eu\/wp-content\/uploads\/2011\/10\/Museum-Europ\u00e4ischer-Keramikkunst-1243.jpg 925w\" sizes=\"(max-width: 300px) 100vw, 300px\" \/><\/a><\/p>\n<p><a href=\"http:\/\/museumek.eu\/wp-content\/uploads\/2011\/10\/Museum-Europ\u00e4ischer-Keramikkunst-1244.jpg\"><img loading=\"lazy\" src=\"http:\/\/museumek.eu\/wp-content\/uploads\/2011\/10\/Museum-Europ\u00e4ischer-Keramikkunst-1244-300x146.jpg\" alt=\"\" title=\"Museum Europ\u00e4ischer Keramikkunst 1244\" width=\"300\" height=\"146\" class=\"alignnone size-medium wp-image-6443\" srcset=\"http:\/\/museumek.eu\/wp-content\/uploads\/2011\/10\/Museum-Europ\u00e4ischer-Keramikkunst-1244-300x146.jpg 300w, http:\/\/museumek.eu\/wp-content\/uploads\/2011\/10\/Museum-Europ\u00e4ischer-Keramikkunst-1244-500x244.jpg 500w, http:\/\/museumek.eu\/wp-content\/uploads\/2011\/10\/Museum-Europ\u00e4ischer-Keramikkunst-1244.jpg 785w\" sizes=\"(max-width: 300px) 100vw, 300px\" \/><\/a><\/p>\n<p><strong>Abteilung Austria\/Ungarn\/B\u00f6hmen, Keramik 1860 \u2013 1960, Inventarnummer A\/I\/68<\/strong><\/p>\n<p>Friedrich Goldscheider, Austria, Wien, 1937\/38, Figur Pferd, K\u00fcnstler Viktor Matula, Werks.-Nr. 8279\/Exemplar Nr. 5\/Modelleur Nr.ohne, gemarkt Goldscheider Wien Made in Austria Farbstempel, 8279 sowie 5 geritzt, nicht signiert, Literatur: Robert E. Dechant\/Filipp Goldscheider, Firmengeschichte und Werkverzeichnis, Seite 490, dort noch nicht erfasst, daf\u00fcr eine Version 8279 F beschrieben, H\u00f6he 19 cm, Breite 14 cm<\/p>\n<p><a href=\"http:\/\/museumek.eu\/wp-content\/uploads\/2011\/10\/Museum-Europ\u00e4ischer-Keramikkunst-1277.jpg\"><img loading=\"lazy\" src=\"http:\/\/museumek.eu\/wp-content\/uploads\/2011\/10\/Museum-Europ\u00e4ischer-Keramikkunst-1277-149x300.jpg\" alt=\"\" title=\"Museum Europ\u00e4ischer Keramikkunst 1277\" width=\"149\" height=\"300\" class=\"alignnone size-medium wp-image-6488\" \/><\/a><\/p>\n<p><a href=\"http:\/\/museumek.eu\/wp-content\/uploads\/2011\/10\/Museum-Europ\u00e4ischer-Keramikkunst-12781.jpg\"><img loading=\"lazy\" src=\"http:\/\/museumek.eu\/wp-content\/uploads\/2011\/10\/Museum-Europ\u00e4ischer-Keramikkunst-12781-300x147.jpg\" alt=\"\" title=\"Museum Europ\u00e4ischer Keramikkunst 1278\" width=\"300\" height=\"147\" class=\"alignnone size-medium wp-image-6490\" srcset=\"http:\/\/museumek.eu\/wp-content\/uploads\/2011\/10\/Museum-Europ\u00e4ischer-Keramikkunst-12781-300x147.jpg 300w, http:\/\/museumek.eu\/wp-content\/uploads\/2011\/10\/Museum-Europ\u00e4ischer-Keramikkunst-12781-500x246.jpg 500w, http:\/\/museumek.eu\/wp-content\/uploads\/2011\/10\/Museum-Europ\u00e4ischer-Keramikkunst-12781.jpg 711w\" sizes=\"(max-width: 300px) 100vw, 300px\" \/><\/a><\/p>\n<p><strong>Abteilung Austria\/Ungarn\/B\u00f6hmen, Keramik 1860 \u2013 1960, Inventarnummer A\/I\/72<\/strong><\/p>\n<p>Friedrich Goldscheider, Austria, Wien, um 1940, Figur Zicklein, K\u00fcnstler Viktor Matula, Werks.-Nr. 8629\/Exemplar Nr. 14 \/Modelleur Nr. ohne, gemarkt Goldscheider Wien, Made in Austria, S (wohl f\u00fcr Produktion unter Schuster) gepresst, nicht signiert, Literatur: Robert E. Dechant\/Filipp Goldscheider, Firmengeschichte und Werkverzeichnis, Seite 503, dort als Variante 5519 F ohne Foto erfasst,<br \/>\nH\u00f6he 36 cm, Breite 21 cm<\/p>\n<p><a href=\"http:\/\/museumek.eu\/wp-content\/uploads\/2012\/05\/Museum-Europ\u00e4ischer-Keramikkunst-1838.jpg\"><img loading=\"lazy\" src=\"http:\/\/museumek.eu\/wp-content\/uploads\/2012\/05\/Museum-Europ\u00e4ischer-Keramikkunst-1838-176x300.jpg\" alt=\"\" title=\"Museum Europ\u00e4ischer Keramikkunst 1838\" width=\"176\" height=\"300\" class=\"alignnone size-medium wp-image-9214\" srcset=\"http:\/\/museumek.eu\/wp-content\/uploads\/2012\/05\/Museum-Europ\u00e4ischer-Keramikkunst-1838-176x300.jpg 176w, http:\/\/museumek.eu\/wp-content\/uploads\/2012\/05\/Museum-Europ\u00e4ischer-Keramikkunst-1838.jpg 531w\" sizes=\"(max-width: 176px) 100vw, 176px\" \/><\/a><\/p>\n<p><a href=\"http:\/\/museumek.eu\/wp-content\/uploads\/2012\/05\/Museum-Europ\u00e4ischer-Keramikkunst-1840.jpg\"><img loading=\"lazy\" src=\"http:\/\/museumek.eu\/wp-content\/uploads\/2012\/05\/Museum-Europ\u00e4ischer-Keramikkunst-1840-176x300.jpg\" alt=\"\" title=\"Museum Europ\u00e4ischer Keramikkunst 1840\" width=\"176\" height=\"300\" class=\"alignnone size-medium wp-image-9215\" srcset=\"http:\/\/museumek.eu\/wp-content\/uploads\/2012\/05\/Museum-Europ\u00e4ischer-Keramikkunst-1840-176x300.jpg 176w, http:\/\/museumek.eu\/wp-content\/uploads\/2012\/05\/Museum-Europ\u00e4ischer-Keramikkunst-1840.jpg 522w\" sizes=\"(max-width: 176px) 100vw, 176px\" \/><\/a><\/p>\n<p><strong>Abteilung Austria\/Ungarn\/B\u00f6hmen, Keramik 1860 \u2013 1960, Inventarnummer A\/I\/77<\/strong><\/p>\n<p>Friedrich Goldscheider, Austria, Wien, 1936, Figur Zwei Laufende Pferde auf Rechtecksockel, K\u00fcnstler Viktor Matula, Werks.-Nr. 7398\/Exemplar Nr. 191\/Modelleur Nr. 1, gemarkt Goldscheider Wien, Made in Austria, XVI gepresst, I oder H schwarz gemalt, silberner Originalaufkleber Goldscheider Vienna, Ausformung zur Entwurfszeit, nicht signiert, Literatur: Robert E. Dechant\/Filipp Goldscheider, Firmengeschichte und Werkverzeichnis, Seite 457, dort Nachkriegsausformung erfasst,<br \/>\nH\u00f6he 21,5 cm, Breite 24,5 cm<\/p>\n<p><a href=\"http:\/\/museumek.eu\/wp-content\/uploads\/2012\/05\/Museum-Europ\u00e4ischer-Keramikkunst-21471.jpg\"><img loading=\"lazy\" src=\"http:\/\/museumek.eu\/wp-content\/uploads\/2012\/05\/Museum-Europ\u00e4ischer-Keramikkunst-21471-300x255.jpg\" alt=\"\" title=\"Museum Europ\u00e4ischer Keramikkunst 2147\" width=\"300\" height=\"255\" class=\"alignnone size-medium wp-image-9953\" srcset=\"http:\/\/museumek.eu\/wp-content\/uploads\/2012\/05\/Museum-Europ\u00e4ischer-Keramikkunst-21471-300x255.jpg 300w, http:\/\/museumek.eu\/wp-content\/uploads\/2012\/05\/Museum-Europ\u00e4ischer-Keramikkunst-21471-352x300.jpg 352w, http:\/\/museumek.eu\/wp-content\/uploads\/2012\/05\/Museum-Europ\u00e4ischer-Keramikkunst-21471.jpg 842w\" sizes=\"(max-width: 300px) 100vw, 300px\" \/><\/a><\/p>\n<p><a href=\"http:\/\/museumek.eu\/wp-content\/uploads\/2012\/05\/Museum-Europ\u00e4ischer-Keramikkunst-2148.jpg\"><img loading=\"lazy\" src=\"http:\/\/museumek.eu\/wp-content\/uploads\/2012\/05\/Museum-Europ\u00e4ischer-Keramikkunst-2148.jpg\" alt=\"\" title=\"Museum Europ\u00e4ischer Keramikkunst 2148\" width=\"227\" height=\"161\" class=\"alignnone size-full wp-image-9954\" \/><\/a><\/p>\n<p><a href=\"http:\/\/museumek.eu\/wp-content\/uploads\/2012\/05\/Museum-Europ\u00e4ischer-Keramikkunst-2149.jpg\"><img loading=\"lazy\" src=\"http:\/\/museumek.eu\/wp-content\/uploads\/2012\/05\/Museum-Europ\u00e4ischer-Keramikkunst-2149-300x135.jpg\" alt=\"\" title=\"Museum Europ\u00e4ischer Keramikkunst 2149\" width=\"300\" height=\"135\" class=\"alignnone size-medium wp-image-9955\" srcset=\"http:\/\/museumek.eu\/wp-content\/uploads\/2012\/05\/Museum-Europ\u00e4ischer-Keramikkunst-2149-300x135.jpg 300w, http:\/\/museumek.eu\/wp-content\/uploads\/2012\/05\/Museum-Europ\u00e4ischer-Keramikkunst-2149-500x225.jpg 500w, http:\/\/museumek.eu\/wp-content\/uploads\/2012\/05\/Museum-Europ\u00e4ischer-Keramikkunst-2149.jpg 846w\" sizes=\"(max-width: 300px) 100vw, 300px\" \/><\/a><\/p>\n<p><a href=\"http:\/\/museumek.eu\/wp-content\/uploads\/2012\/05\/Museum-Europ\u00e4ischer-Keramikkunst-2150.jpg\"><img loading=\"lazy\" src=\"http:\/\/museumek.eu\/wp-content\/uploads\/2012\/05\/Museum-Europ\u00e4ischer-Keramikkunst-2150-300x139.jpg\" alt=\"\" title=\"Museum Europ\u00e4ischer Keramikkunst 2150\" width=\"300\" height=\"139\" class=\"alignnone size-medium wp-image-9956\" srcset=\"http:\/\/museumek.eu\/wp-content\/uploads\/2012\/05\/Museum-Europ\u00e4ischer-Keramikkunst-2150-300x139.jpg 300w, http:\/\/museumek.eu\/wp-content\/uploads\/2012\/05\/Museum-Europ\u00e4ischer-Keramikkunst-2150-500x232.jpg 500w, http:\/\/museumek.eu\/wp-content\/uploads\/2012\/05\/Museum-Europ\u00e4ischer-Keramikkunst-2150.jpg 898w\" sizes=\"(max-width: 300px) 100vw, 300px\" \/><\/a><\/p>\n<p>Abteilung Austria\/Ungarn\/B\u00f6hmen, Keramik 1860 \u2013 1960, Inventarnummer A\/I\/97<\/p>\n<p>Friedrich Goldscheider, Austria, Wien, ca. 1936, Wandrelief mit Eichh\u00f6rnchen, K\u00fcnstler Viktor Matula, Werks.-Nr. 7555\/Exemplar Nr. 20\/Modelleur Nr. ohne, gemarkt Firmenmarke mit Goldscheider Wien schwarzer Stempel unter Glasur, M. T. schwarz unter Glasur gemalt, 7555 sowie 20 geritzt, nicht signiert , Literatur: Robert E. Dechant\/Filipp Goldscheider, Firmengeschichte und Werkverzeichnis, Seite 463, dort unter Werks.-Nr. 7555 M mit Farbfoto erfasst, H\u00f6he 13,8 cm, Breite 12 cm<\/p>\n<p><a href=\"http:\/\/museumek.eu\/wp-content\/uploads\/2012\/11\/Museum-Europ\u00e4ischer-Keramikkunst-3569.jpg\"><img loading=\"lazy\" src=\"http:\/\/museumek.eu\/wp-content\/uploads\/2012\/11\/Museum-Europ\u00e4ischer-Keramikkunst-3569-277x300.jpg\" alt=\"\" title=\"Museum Europ\u00e4ischer Keramikkunst 3569\" width=\"277\" height=\"300\" class=\"alignnone size-medium wp-image-16923\" srcset=\"http:\/\/museumek.eu\/wp-content\/uploads\/2012\/11\/Museum-Europ\u00e4ischer-Keramikkunst-3569-277x300.jpg 277w, http:\/\/museumek.eu\/wp-content\/uploads\/2012\/11\/Museum-Europ\u00e4ischer-Keramikkunst-3569.jpg 633w\" sizes=\"(max-width: 277px) 100vw, 277px\" \/><\/a><\/p>\n<p><a href=\"http:\/\/museumek.eu\/wp-content\/uploads\/2012\/11\/Museum-Europ\u00e4ischer-Keramikkunst-35701.jpg\"><img loading=\"lazy\" src=\"http:\/\/museumek.eu\/wp-content\/uploads\/2012\/11\/Museum-Europ\u00e4ischer-Keramikkunst-35701-300x178.jpg\" alt=\"\" title=\"Museum Europ\u00e4ischer Keramikkunst 3570\" width=\"300\" height=\"178\" class=\"alignnone size-medium wp-image-16925\" srcset=\"http:\/\/museumek.eu\/wp-content\/uploads\/2012\/11\/Museum-Europ\u00e4ischer-Keramikkunst-35701-300x178.jpg 300w, http:\/\/museumek.eu\/wp-content\/uploads\/2012\/11\/Museum-Europ\u00e4ischer-Keramikkunst-35701.jpg 350w\" sizes=\"(max-width: 300px) 100vw, 300px\" \/><\/a><\/p>\n<p><a href=\"http:\/\/museumek.eu\/wp-content\/uploads\/2012\/11\/Museum-Europ\u00e4ischer-Keramikkunst-3571.jpg\"><img loading=\"lazy\" src=\"http:\/\/museumek.eu\/wp-content\/uploads\/2012\/11\/Museum-Europ\u00e4ischer-Keramikkunst-3571.jpg\" alt=\"\" title=\"Museum Europ\u00e4ischer Keramikkunst 3571\" width=\"200\" height=\"185\" class=\"alignnone size-full wp-image-16926\" \/><\/a><\/p>\n<p><a href=\"http:\/\/museumek.eu\/wp-content\/uploads\/2012\/11\/Museum-Europ\u00e4ischer-Keramikkunst-3572.jpg\"><img loading=\"lazy\" src=\"http:\/\/museumek.eu\/wp-content\/uploads\/2012\/11\/Museum-Europ\u00e4ischer-Keramikkunst-3572-246x300.jpg\" alt=\"\" title=\"Museum Europ\u00e4ischer Keramikkunst 3572\" width=\"246\" height=\"300\" class=\"alignnone size-medium wp-image-16927\" srcset=\"http:\/\/museumek.eu\/wp-content\/uploads\/2012\/11\/Museum-Europ\u00e4ischer-Keramikkunst-3572-246x300.jpg 246w, http:\/\/museumek.eu\/wp-content\/uploads\/2012\/11\/Museum-Europ\u00e4ischer-Keramikkunst-3572.jpg 314w\" sizes=\"(max-width: 246px) 100vw, 246px\" \/><\/a><\/p>\n","protected":false},"excerpt":{"rendered":"<p>Viktor Matula wurde am 16.06.1990 in Vichtenstein geboren. Er starb am 19.02.1969 wohl ebenda. Matula studierte an der Kunstgewerbeschule Wien unter Steinhof. Er war vor allen Dingen als Tierbildner t\u00e4tig. Matula schuf viele Entw\u00fcrfe f\u00fcr die Manufaktur Friedrich Goldscheider bei &hellip; <a href=\"http:\/\/museumek.eu\/?page_id=6229\">Weiterlesen <span class=\"meta-nav\">&rarr;<\/span><\/a><\/p>\n","protected":false},"author":1,"featured_media":0,"parent":1579,"menu_order":0,"comment_status":"closed","ping_status":"closed","template":"","meta":[],"_links":{"self":[{"href":"http:\/\/museumek.eu\/index.php?rest_route=\/wp\/v2\/pages\/6229"}],"collection":[{"href":"http:\/\/museumek.eu\/index.php?rest_route=\/wp\/v2\/pages"}],"about":[{"href":"http:\/\/museumek.eu\/index.php?rest_route=\/wp\/v2\/types\/page"}],"author":[{"embeddable":true,"href":"http:\/\/museumek.eu\/index.php?rest_route=\/wp\/v2\/users\/1"}],"replies":[{"embeddable":true,"href":"http:\/\/museumek.eu\/index.php?rest_route=%2Fwp%2Fv2%2Fcomments&post=6229"}],"version-history":[{"count":16,"href":"http:\/\/museumek.eu\/index.php?rest_route=\/wp\/v2\/pages\/6229\/revisions"}],"predecessor-version":[{"id":20570,"href":"http:\/\/museumek.eu\/index.php?rest_route=\/wp\/v2\/pages\/6229\/revisions\/20570"}],"up":[{"embeddable":true,"href":"http:\/\/museumek.eu\/index.php?rest_route=\/wp\/v2\/pages\/1579"}],"wp:attachment":[{"href":"http:\/\/museumek.eu\/index.php?rest_route=%2Fwp%2Fv2%2Fmedia&parent=6229"}],"curies":[{"name":"wp","href":"https:\/\/api.w.org\/{rel}","templated":true}]}}