{"id":6244,"date":"2011-10-11T21:04:11","date_gmt":"2011-10-11T19:04:11","guid":{"rendered":"http:\/\/museumek.eu\/?page_id=6244"},"modified":"2012-09-02T13:10:45","modified_gmt":"2012-09-02T11:10:45","slug":"dxxiv1","status":"publish","type":"page","link":"http:\/\/museumek.eu\/?page_id=6244","title":{"rendered":"D\/XXIV\/1"},"content":{"rendered":"<p><strong>Abteilung Deutschland, Keramik 1860 \u2013 1960, Inventarnummer D\/XXIV\/1<\/strong><\/p>\n<p>Manufaktur Johannes Fischedick oder dessen Sohn Josef Fischedick, Deutschland, Bottrop, um 1960, Figur musizierender Bursche, K\u00fcnstler Johannes oder Josef Fischedick, Werks.-Nr. ohne, Exemplar-Nr. ohne, gemarkt Ritzzeichen f\u00fcr Fischedick, nicht signiert, gro\u00dfe Ausf\u00fchrung, H\u00f6he 23,5 cm, Breite 26 cm<\/p>\n<p><a href=\"http:\/\/museumek.eu\/wp-content\/uploads\/2011\/08\/Museum-Europ\u00e4ischer-Keramikkunst-Qualit\u00e4tsfotos-412.jpg\"><img loading=\"lazy\" src=\"http:\/\/museumek.eu\/wp-content\/uploads\/2011\/08\/Museum-Europ\u00e4ischer-Keramikkunst-Qualit\u00e4tsfotos-412-260x300.jpg\" alt=\"\" title=\"Museum Europ\u00e4ischer Keramikkunst Qualit\u00e4tsfotos 412\" width=\"260\" height=\"300\" class=\"alignnone size-medium wp-image-3002\" srcset=\"http:\/\/museumek.eu\/wp-content\/uploads\/2011\/08\/Museum-Europ\u00e4ischer-Keramikkunst-Qualit\u00e4tsfotos-412-260x300.jpg 260w, http:\/\/museumek.eu\/wp-content\/uploads\/2011\/08\/Museum-Europ\u00e4ischer-Keramikkunst-Qualit\u00e4tsfotos-412.jpg 574w\" sizes=\"(max-width: 260px) 100vw, 260px\" \/><\/a><\/p>\n<p><a href=\"http:\/\/museumek.eu\/wp-content\/uploads\/2011\/08\/Museum-Europ\u00e4ischer-Keramikkunst-685.jpg\"><img loading=\"lazy\" src=\"http:\/\/museumek.eu\/wp-content\/uploads\/2011\/08\/Museum-Europ\u00e4ischer-Keramikkunst-685-300x155.jpg\" alt=\"\" title=\"Museum Europ\u00e4ischer Keramikkunst 685\" width=\"300\" height=\"155\" class=\"alignnone size-medium wp-image-3003\" srcset=\"http:\/\/museumek.eu\/wp-content\/uploads\/2011\/08\/Museum-Europ\u00e4ischer-Keramikkunst-685-300x155.jpg 300w, http:\/\/museumek.eu\/wp-content\/uploads\/2011\/08\/Museum-Europ\u00e4ischer-Keramikkunst-685-500x258.jpg 500w, http:\/\/museumek.eu\/wp-content\/uploads\/2011\/08\/Museum-Europ\u00e4ischer-Keramikkunst-685.jpg 587w\" sizes=\"(max-width: 300px) 100vw, 300px\" \/><\/a><\/p>\n<p><a href=\"http:\/\/museumek.eu\/wp-content\/uploads\/2011\/10\/Museum-Europ\u00e4ischer-Keramikkunst-1206.jpg\"><img loading=\"lazy\" src=\"http:\/\/museumek.eu\/wp-content\/uploads\/2011\/10\/Museum-Europ\u00e4ischer-Keramikkunst-1206-289x300.jpg\" alt=\"\" title=\"Museum Europ\u00e4ischer Keramikkunst 1206\" width=\"289\" height=\"300\" class=\"alignnone size-medium wp-image-6347\" srcset=\"http:\/\/museumek.eu\/wp-content\/uploads\/2011\/10\/Museum-Europ\u00e4ischer-Keramikkunst-1206-289x300.jpg 289w, http:\/\/museumek.eu\/wp-content\/uploads\/2011\/10\/Museum-Europ\u00e4ischer-Keramikkunst-1206.jpg 639w\" sizes=\"(max-width: 289px) 100vw, 289px\" \/><\/a><\/p>\n","protected":false},"excerpt":{"rendered":"<p>Abteilung Deutschland, Keramik 1860 \u2013 1960, Inventarnummer D\/XXIV\/1 Manufaktur Johannes Fischedick oder dessen Sohn Josef Fischedick, Deutschland, Bottrop, um 1960, Figur musizierender Bursche, K\u00fcnstler Johannes oder Josef Fischedick, Werks.-Nr. ohne, Exemplar-Nr. ohne, gemarkt Ritzzeichen f\u00fcr Fischedick, nicht signiert, gro\u00dfe Ausf\u00fchrung, &hellip; <a href=\"http:\/\/museumek.eu\/?page_id=6244\">Weiterlesen <span class=\"meta-nav\">&rarr;<\/span><\/a><\/p>\n","protected":false},"author":1,"featured_media":0,"parent":6241,"menu_order":1,"comment_status":"closed","ping_status":"closed","template":"","meta":[],"_links":{"self":[{"href":"http:\/\/museumek.eu\/index.php?rest_route=\/wp\/v2\/pages\/6244"}],"collection":[{"href":"http:\/\/museumek.eu\/index.php?rest_route=\/wp\/v2\/pages"}],"about":[{"href":"http:\/\/museumek.eu\/index.php?rest_route=\/wp\/v2\/types\/page"}],"author":[{"embeddable":true,"href":"http:\/\/museumek.eu\/index.php?rest_route=\/wp\/v2\/users\/1"}],"replies":[{"embeddable":true,"href":"http:\/\/museumek.eu\/index.php?rest_route=%2Fwp%2Fv2%2Fcomments&post=6244"}],"version-history":[{"count":8,"href":"http:\/\/museumek.eu\/index.php?rest_route=\/wp\/v2\/pages\/6244\/revisions"}],"predecessor-version":[{"id":13121,"href":"http:\/\/museumek.eu\/index.php?rest_route=\/wp\/v2\/pages\/6244\/revisions\/13121"}],"up":[{"embeddable":true,"href":"http:\/\/museumek.eu\/index.php?rest_route=\/wp\/v2\/pages\/6241"}],"wp:attachment":[{"href":"http:\/\/museumek.eu\/index.php?rest_route=%2Fwp%2Fv2%2Fmedia&parent=6244"}],"curies":[{"name":"wp","href":"https:\/\/api.w.org\/{rel}","templated":true}]}}