{"id":6262,"date":"2011-10-11T21:35:08","date_gmt":"2011-10-11T19:35:08","guid":{"rendered":"http:\/\/museumek.eu\/?page_id=6262"},"modified":"2012-09-02T15:08:36","modified_gmt":"2012-09-02T13:08:36","slug":"fotos-und-beschreibung","status":"publish","type":"page","link":"http:\/\/museumek.eu\/?page_id=6262","title":{"rendered":"Fotos und Beschreibung"},"content":{"rendered":"<p><strong>Abteilung Deutschland, Keramik 1860 \u2013 1960, Inventarnummer D\/XXIV\/1<\/strong><\/p>\n<p>Manufaktur Johannes Fischedick oder dessen Sohn Josef Fischedick, Deutschland, Bottrop, um 1960, Figur musizierender Bursche, K\u00fcnstler Johannes oder Josef Fischedick, Werks.-Nr. ohne, Exemplar-Nr. ohne, gemarkt Ritzzeichen f\u00fcr Fischedick, nicht signiert, gro\u00dfe Ausf\u00fchrung, H\u00f6he 23,5 cm, Breite 26 cm<\/p>\n<p><a href=\"http:\/\/museumek.eu\/wp-content\/uploads\/2011\/08\/Museum-Europ\u00e4ischer-Keramikkunst-Qualit\u00e4tsfotos-412.jpg\"><img loading=\"lazy\" src=\"http:\/\/museumek.eu\/wp-content\/uploads\/2011\/08\/Museum-Europ\u00e4ischer-Keramikkunst-Qualit\u00e4tsfotos-412-260x300.jpg\" alt=\"\" title=\"Museum Europ\u00e4ischer Keramikkunst Qualit\u00e4tsfotos 412\" width=\"260\" height=\"300\" class=\"alignnone size-medium wp-image-3002\" srcset=\"http:\/\/museumek.eu\/wp-content\/uploads\/2011\/08\/Museum-Europ\u00e4ischer-Keramikkunst-Qualit\u00e4tsfotos-412-260x300.jpg 260w, http:\/\/museumek.eu\/wp-content\/uploads\/2011\/08\/Museum-Europ\u00e4ischer-Keramikkunst-Qualit\u00e4tsfotos-412.jpg 574w\" sizes=\"(max-width: 260px) 100vw, 260px\" \/><\/a><\/p>\n<p><a href=\"http:\/\/museumek.eu\/wp-content\/uploads\/2011\/08\/Museum-Europ\u00e4ischer-Keramikkunst-685.jpg\"><img loading=\"lazy\" src=\"http:\/\/museumek.eu\/wp-content\/uploads\/2011\/08\/Museum-Europ\u00e4ischer-Keramikkunst-685-300x155.jpg\" alt=\"\" title=\"Museum Europ\u00e4ischer Keramikkunst 685\" width=\"300\" height=\"155\" class=\"alignnone size-medium wp-image-3003\" srcset=\"http:\/\/museumek.eu\/wp-content\/uploads\/2011\/08\/Museum-Europ\u00e4ischer-Keramikkunst-685-300x155.jpg 300w, http:\/\/museumek.eu\/wp-content\/uploads\/2011\/08\/Museum-Europ\u00e4ischer-Keramikkunst-685-500x258.jpg 500w, http:\/\/museumek.eu\/wp-content\/uploads\/2011\/08\/Museum-Europ\u00e4ischer-Keramikkunst-685.jpg 587w\" sizes=\"(max-width: 300px) 100vw, 300px\" \/><\/a><\/p>\n<p><strong>Abteilung Deutschland, Keramik 1860 \u2013 1960, Inventarnummer D\/XXIV\/2<\/strong><\/p>\n<p>Manufaktur Johannes Fischedick oder dessen Sohn Josef Fischedick, Deutschland, Bottrop, um 1960, Figur musizierender Bursche, K\u00fcnstler Johannes oder Josef Fischedick, Werks.-Nr. ohne, Exemplar-Nr. ohne, gemarkt Ritzzeichen f\u00fcr Fischedick,<br \/>\nnicht signiert, H\u00f6he 10 cm, Breite 9 cm<\/p>\n<p><a href=\"http:\/\/museumek.eu\/wp-content\/uploads\/2011\/10\/Museum-Europ\u00e4ischer-Keramikkunst-1209.jpg\"><img loading=\"lazy\" src=\"http:\/\/museumek.eu\/wp-content\/uploads\/2011\/10\/Museum-Europ\u00e4ischer-Keramikkunst-1209.jpg\" alt=\"\" title=\"Museum Europ\u00e4ischer Keramikkunst 1209\" width=\"235\" height=\"273\" class=\"alignnone size-full wp-image-6349\" \/><\/a><\/p>\n<p><a href=\"http:\/\/museumek.eu\/wp-content\/uploads\/2011\/10\/Museum-Europ\u00e4ischer-Keramikkunst-1212.jpg\"><img loading=\"lazy\" src=\"http:\/\/museumek.eu\/wp-content\/uploads\/2011\/10\/Museum-Europ\u00e4ischer-Keramikkunst-1212-196x300.jpg\" alt=\"\" title=\"Museum Europ\u00e4ischer Keramikkunst 1212\" width=\"196\" height=\"300\" class=\"alignnone size-medium wp-image-6350\" srcset=\"http:\/\/museumek.eu\/wp-content\/uploads\/2011\/10\/Museum-Europ\u00e4ischer-Keramikkunst-1212-196x300.jpg 196w, http:\/\/museumek.eu\/wp-content\/uploads\/2011\/10\/Museum-Europ\u00e4ischer-Keramikkunst-1212.jpg 301w\" sizes=\"(max-width: 196px) 100vw, 196px\" \/><\/a><\/p>\n<p><a href=\"http:\/\/museumek.eu\/wp-content\/uploads\/2011\/10\/Museum-Europ\u00e4ischer-Keramikkunst-12061.jpg\"><img loading=\"lazy\" src=\"http:\/\/museumek.eu\/wp-content\/uploads\/2011\/10\/Museum-Europ\u00e4ischer-Keramikkunst-12061-289x300.jpg\" alt=\"\" title=\"Museum Europ\u00e4ischer Keramikkunst 1206\" width=\"289\" height=\"300\" class=\"alignnone size-medium wp-image-6351\" srcset=\"http:\/\/museumek.eu\/wp-content\/uploads\/2011\/10\/Museum-Europ\u00e4ischer-Keramikkunst-12061-289x300.jpg 289w, http:\/\/museumek.eu\/wp-content\/uploads\/2011\/10\/Museum-Europ\u00e4ischer-Keramikkunst-12061.jpg 639w\" sizes=\"(max-width: 289px) 100vw, 289px\" \/><\/a><\/p>\n<p><strong>Abteilung Deutschland, Keramik 1860 \u2013 1960, Inventarnummer D\/XXIV\/3<\/strong><\/p>\n<p>Manufaktur Johannes Fischedick oder dessen Sohn Josef Fischedick, Deutschland, Bottrop, um 1960, Figur musizierender Bursche, K\u00fcnstler Johannes oder Josef Fischedick, Werks.-Nr. ohne, Exemplar-Nr. ohne, nicht gemarkt, nicht signiert,<br \/>\nH\u00f6he 9 cm, Breite 11 cm<\/p>\n<p><a href=\"http:\/\/museumek.eu\/wp-content\/uploads\/2011\/10\/Museum-Europ\u00e4ischer-Keramikkunst-1208.jpg\"><img loading=\"lazy\" src=\"http:\/\/museumek.eu\/wp-content\/uploads\/2011\/10\/Museum-Europ\u00e4ischer-Keramikkunst-1208-253x300.jpg\" alt=\"\" title=\"Museum Europ\u00e4ischer Keramikkunst 1208\" width=\"253\" height=\"300\" class=\"alignnone size-medium wp-image-6354\" srcset=\"http:\/\/museumek.eu\/wp-content\/uploads\/2011\/10\/Museum-Europ\u00e4ischer-Keramikkunst-1208-253x300.jpg 253w, http:\/\/museumek.eu\/wp-content\/uploads\/2011\/10\/Museum-Europ\u00e4ischer-Keramikkunst-1208.jpg 494w\" sizes=\"(max-width: 253px) 100vw, 253px\" \/><\/a><\/p>\n","protected":false},"excerpt":{"rendered":"<p>Abteilung Deutschland, Keramik 1860 \u2013 1960, Inventarnummer D\/XXIV\/1 Manufaktur Johannes Fischedick oder dessen Sohn Josef Fischedick, Deutschland, Bottrop, um 1960, Figur musizierender Bursche, K\u00fcnstler Johannes oder Josef Fischedick, Werks.-Nr. ohne, Exemplar-Nr. ohne, gemarkt Ritzzeichen f\u00fcr Fischedick, nicht signiert, gro\u00dfe Ausf\u00fchrung, &hellip; <a href=\"http:\/\/museumek.eu\/?page_id=6262\">Weiterlesen <span class=\"meta-nav\">&rarr;<\/span><\/a><\/p>\n","protected":false},"author":1,"featured_media":0,"parent":6259,"menu_order":0,"comment_status":"closed","ping_status":"closed","template":"","meta":[],"_links":{"self":[{"href":"http:\/\/museumek.eu\/index.php?rest_route=\/wp\/v2\/pages\/6262"}],"collection":[{"href":"http:\/\/museumek.eu\/index.php?rest_route=\/wp\/v2\/pages"}],"about":[{"href":"http:\/\/museumek.eu\/index.php?rest_route=\/wp\/v2\/types\/page"}],"author":[{"embeddable":true,"href":"http:\/\/museumek.eu\/index.php?rest_route=\/wp\/v2\/users\/1"}],"replies":[{"embeddable":true,"href":"http:\/\/museumek.eu\/index.php?rest_route=%2Fwp%2Fv2%2Fcomments&post=6262"}],"version-history":[{"count":6,"href":"http:\/\/museumek.eu\/index.php?rest_route=\/wp\/v2\/pages\/6262\/revisions"}],"predecessor-version":[{"id":13263,"href":"http:\/\/museumek.eu\/index.php?rest_route=\/wp\/v2\/pages\/6262\/revisions\/13263"}],"up":[{"embeddable":true,"href":"http:\/\/museumek.eu\/index.php?rest_route=\/wp\/v2\/pages\/6259"}],"wp:attachment":[{"href":"http:\/\/museumek.eu\/index.php?rest_route=%2Fwp%2Fv2%2Fmedia&parent=6262"}],"curies":[{"name":"wp","href":"https:\/\/api.w.org\/{rel}","templated":true}]}}