{"id":6283,"date":"2011-10-11T22:14:05","date_gmt":"2011-10-11T20:14:05","guid":{"rendered":"http:\/\/museumek.eu\/?page_id=6283"},"modified":"2012-09-02T13:11:08","modified_gmt":"2012-09-02T11:11:08","slug":"dxxiv2","status":"publish","type":"page","link":"http:\/\/museumek.eu\/?page_id=6283","title":{"rendered":"D\/XXIV\/2"},"content":{"rendered":"<p><strong>Abteilung Deutschland, Keramik 1860 \u2013 1960, Inventarnummer D\/XXIV\/2<\/strong><\/p>\n<p>Manufaktur Johannes Fischedick oder dessen Sohn Josef Fischedick, Deutschland, Bottrop, um 1960, Figur musizierender Bursche, K\u00fcnstler Johannes oder Josef Fischedick, Werks.-Nr. ohne, Exemplar-Nr. ohne, gemarkt Ritzzeichen f\u00fcr Fischedick,<br \/>\nnicht signiert, H\u00f6he 10 cm, Breite 9 cm<\/p>\n<p><a href=\"http:\/\/museumek.eu\/wp-content\/uploads\/2011\/10\/Museum-Europ\u00e4ischer-Keramikkunst-1209.jpg\"><img loading=\"lazy\" src=\"http:\/\/museumek.eu\/wp-content\/uploads\/2011\/10\/Museum-Europ\u00e4ischer-Keramikkunst-1209.jpg\" alt=\"\" title=\"Museum Europ\u00e4ischer Keramikkunst 1209\" width=\"235\" height=\"273\" class=\"alignnone size-full wp-image-6349\" \/><\/a><\/p>\n<p><a href=\"http:\/\/museumek.eu\/wp-content\/uploads\/2011\/10\/Museum-Europ\u00e4ischer-Keramikkunst-1212.jpg\"><img loading=\"lazy\" src=\"http:\/\/museumek.eu\/wp-content\/uploads\/2011\/10\/Museum-Europ\u00e4ischer-Keramikkunst-1212-196x300.jpg\" alt=\"\" title=\"Museum Europ\u00e4ischer Keramikkunst 1212\" width=\"196\" height=\"300\" class=\"alignnone size-medium wp-image-6350\" srcset=\"http:\/\/museumek.eu\/wp-content\/uploads\/2011\/10\/Museum-Europ\u00e4ischer-Keramikkunst-1212-196x300.jpg 196w, http:\/\/museumek.eu\/wp-content\/uploads\/2011\/10\/Museum-Europ\u00e4ischer-Keramikkunst-1212.jpg 301w\" sizes=\"(max-width: 196px) 100vw, 196px\" \/><\/a><\/p>\n<p><a href=\"http:\/\/museumek.eu\/wp-content\/uploads\/2011\/10\/Museum-Europ\u00e4ischer-Keramikkunst-12061.jpg\"><img loading=\"lazy\" src=\"http:\/\/museumek.eu\/wp-content\/uploads\/2011\/10\/Museum-Europ\u00e4ischer-Keramikkunst-12061-289x300.jpg\" alt=\"\" title=\"Museum Europ\u00e4ischer Keramikkunst 1206\" width=\"289\" height=\"300\" class=\"alignnone size-medium wp-image-6351\" srcset=\"http:\/\/museumek.eu\/wp-content\/uploads\/2011\/10\/Museum-Europ\u00e4ischer-Keramikkunst-12061-289x300.jpg 289w, http:\/\/museumek.eu\/wp-content\/uploads\/2011\/10\/Museum-Europ\u00e4ischer-Keramikkunst-12061.jpg 639w\" sizes=\"(max-width: 289px) 100vw, 289px\" \/><\/a><\/p>\n","protected":false},"excerpt":{"rendered":"<p>Abteilung Deutschland, Keramik 1860 \u2013 1960, Inventarnummer D\/XXIV\/2 Manufaktur Johannes Fischedick oder dessen Sohn Josef Fischedick, Deutschland, Bottrop, um 1960, Figur musizierender Bursche, K\u00fcnstler Johannes oder Josef Fischedick, Werks.-Nr. ohne, Exemplar-Nr. ohne, gemarkt Ritzzeichen f\u00fcr Fischedick, nicht signiert, H\u00f6he 10 &hellip; <a href=\"http:\/\/museumek.eu\/?page_id=6283\">Weiterlesen <span class=\"meta-nav\">&rarr;<\/span><\/a><\/p>\n","protected":false},"author":1,"featured_media":0,"parent":6241,"menu_order":2,"comment_status":"closed","ping_status":"closed","template":"","meta":[],"_links":{"self":[{"href":"http:\/\/museumek.eu\/index.php?rest_route=\/wp\/v2\/pages\/6283"}],"collection":[{"href":"http:\/\/museumek.eu\/index.php?rest_route=\/wp\/v2\/pages"}],"about":[{"href":"http:\/\/museumek.eu\/index.php?rest_route=\/wp\/v2\/types\/page"}],"author":[{"embeddable":true,"href":"http:\/\/museumek.eu\/index.php?rest_route=\/wp\/v2\/users\/1"}],"replies":[{"embeddable":true,"href":"http:\/\/museumek.eu\/index.php?rest_route=%2Fwp%2Fv2%2Fcomments&post=6283"}],"version-history":[{"count":6,"href":"http:\/\/museumek.eu\/index.php?rest_route=\/wp\/v2\/pages\/6283\/revisions"}],"predecessor-version":[{"id":13122,"href":"http:\/\/museumek.eu\/index.php?rest_route=\/wp\/v2\/pages\/6283\/revisions\/13122"}],"up":[{"embeddable":true,"href":"http:\/\/museumek.eu\/index.php?rest_route=\/wp\/v2\/pages\/6241"}],"wp:attachment":[{"href":"http:\/\/museumek.eu\/index.php?rest_route=%2Fwp%2Fv2%2Fmedia&parent=6283"}],"curies":[{"name":"wp","href":"https:\/\/api.w.org\/{rel}","templated":true}]}}