{"id":6308,"date":"2011-10-11T23:51:49","date_gmt":"2011-10-11T21:51:49","guid":{"rendered":"http:\/\/museumek.eu\/?page_id=6308"},"modified":"2011-10-12T14:16:00","modified_gmt":"2011-10-12T12:16:00","slug":"fotos-und-beschreibung","status":"publish","type":"page","link":"http:\/\/museumek.eu\/?page_id=6308","title":{"rendered":"Fotos und Beschreibung"},"content":{"rendered":"<p><strong>Abteilung Austria\/Ungarn\/B\u00f6hmen, Keramik 1860 \u2013 1960, Inventarnummer A\/IXXX\/1<\/strong><\/p>\n<p>Manufaktur Keramische Aktiengesellschaft in Bechyne n. L., B\u00f6hmen\/Tschechien, Bechin\/Bechyne, um 1940, Figur Kanute auf Wellensockel, K\u00fcnstler Josef Vanca, Werks.-Nr. 834, Exemplar Nr. ohne, gemarkt Stempel K S Bechyne, T sowie 834 gepresst,<br \/>\nsigniert Vanca, der Stempel K S Bechyne kann auch als Keramische Schule Bechyne gedeutet werden, ab 1884 gab es eine k. u. k. Fachschule f\u00fcr T\u00f6pferei in Bechin, ob diese in der Zeit um 1940, weit nach der Gr\u00fcndung der Tschechischen Republik, unter neuem Namen als Keramische Schule Bechyne wieder\/noch aktiv war ist ungekl\u00e4rt, im Internet konnte keine Produktion von Kunstkeramik f\u00fcr die Keramische Aktiengesellschaft in Bechyne sondern nur Gebrauchs-u. Industriekeramik recherchiert werden,<br \/>\nH\u00f6he 22 cm, Breite 50 cm<\/p>\n<p><a href=\"http:\/\/museumek.eu\/wp-content\/uploads\/2011\/10\/Museum-Europ\u00e4ischer-Keramikkunst-1225.jpg\"><img loading=\"lazy\" src=\"http:\/\/museumek.eu\/wp-content\/uploads\/2011\/10\/Museum-Europ\u00e4ischer-Keramikkunst-1225-300x156.jpg\" alt=\"\" title=\"Museum Europ\u00e4ischer Keramikkunst 1225\" width=\"300\" height=\"156\" class=\"alignnone size-medium wp-image-6338\" srcset=\"http:\/\/museumek.eu\/wp-content\/uploads\/2011\/10\/Museum-Europ\u00e4ischer-Keramikkunst-1225-300x156.jpg 300w, http:\/\/museumek.eu\/wp-content\/uploads\/2011\/10\/Museum-Europ\u00e4ischer-Keramikkunst-1225-500x260.jpg 500w, http:\/\/museumek.eu\/wp-content\/uploads\/2011\/10\/Museum-Europ\u00e4ischer-Keramikkunst-1225.jpg 912w\" sizes=\"(max-width: 300px) 100vw, 300px\" \/><\/a><\/p>\n<p><a href=\"http:\/\/museumek.eu\/wp-content\/uploads\/2011\/10\/Museum-Europ\u00e4ischer-Keramikkunst-1219.jpg\"><img loading=\"lazy\" src=\"http:\/\/museumek.eu\/wp-content\/uploads\/2011\/10\/Museum-Europ\u00e4ischer-Keramikkunst-1219-300x101.jpg\" alt=\"\" title=\"Museum Europ\u00e4ischer Keramikkunst 1219\" width=\"300\" height=\"101\" class=\"alignnone size-medium wp-image-6339\" srcset=\"http:\/\/museumek.eu\/wp-content\/uploads\/2011\/10\/Museum-Europ\u00e4ischer-Keramikkunst-1219-300x101.jpg 300w, http:\/\/museumek.eu\/wp-content\/uploads\/2011\/10\/Museum-Europ\u00e4ischer-Keramikkunst-1219-500x169.jpg 500w, http:\/\/museumek.eu\/wp-content\/uploads\/2011\/10\/Museum-Europ\u00e4ischer-Keramikkunst-1219.jpg 739w\" sizes=\"(max-width: 300px) 100vw, 300px\" \/><\/a><\/p>\n<p><a href=\"http:\/\/museumek.eu\/wp-content\/uploads\/2011\/10\/Museum-Europ\u00e4ischer-Keramikkunst-1218.jpg\"><img loading=\"lazy\" src=\"http:\/\/museumek.eu\/wp-content\/uploads\/2011\/10\/Museum-Europ\u00e4ischer-Keramikkunst-1218-300x123.jpg\" alt=\"\" title=\"Museum Europ\u00e4ischer Keramikkunst 1218\" width=\"300\" height=\"123\" class=\"alignnone size-medium wp-image-6340\" srcset=\"http:\/\/museumek.eu\/wp-content\/uploads\/2011\/10\/Museum-Europ\u00e4ischer-Keramikkunst-1218-300x123.jpg 300w, http:\/\/museumek.eu\/wp-content\/uploads\/2011\/10\/Museum-Europ\u00e4ischer-Keramikkunst-1218.jpg 474w\" sizes=\"(max-width: 300px) 100vw, 300px\" \/><\/a><\/p>\n","protected":false},"excerpt":{"rendered":"<p>Abteilung Austria\/Ungarn\/B\u00f6hmen, Keramik 1860 \u2013 1960, Inventarnummer A\/IXXX\/1 Manufaktur Keramische Aktiengesellschaft in Bechyne n. L., B\u00f6hmen\/Tschechien, Bechin\/Bechyne, um 1940, Figur Kanute auf Wellensockel, K\u00fcnstler Josef Vanca, Werks.-Nr. 834, Exemplar Nr. ohne, gemarkt Stempel K S Bechyne, T sowie 834 gepresst, &hellip; <a href=\"http:\/\/museumek.eu\/?page_id=6308\">Weiterlesen <span class=\"meta-nav\">&rarr;<\/span><\/a><\/p>\n","protected":false},"author":1,"featured_media":0,"parent":6305,"menu_order":0,"comment_status":"closed","ping_status":"closed","template":"","meta":[],"_links":{"self":[{"href":"http:\/\/museumek.eu\/index.php?rest_route=\/wp\/v2\/pages\/6308"}],"collection":[{"href":"http:\/\/museumek.eu\/index.php?rest_route=\/wp\/v2\/pages"}],"about":[{"href":"http:\/\/museumek.eu\/index.php?rest_route=\/wp\/v2\/types\/page"}],"author":[{"embeddable":true,"href":"http:\/\/museumek.eu\/index.php?rest_route=\/wp\/v2\/users\/1"}],"replies":[{"embeddable":true,"href":"http:\/\/museumek.eu\/index.php?rest_route=%2Fwp%2Fv2%2Fcomments&post=6308"}],"version-history":[{"count":3,"href":"http:\/\/museumek.eu\/index.php?rest_route=\/wp\/v2\/pages\/6308\/revisions"}],"predecessor-version":[{"id":6343,"href":"http:\/\/museumek.eu\/index.php?rest_route=\/wp\/v2\/pages\/6308\/revisions\/6343"}],"up":[{"embeddable":true,"href":"http:\/\/museumek.eu\/index.php?rest_route=\/wp\/v2\/pages\/6305"}],"wp:attachment":[{"href":"http:\/\/museumek.eu\/index.php?rest_route=%2Fwp%2Fv2%2Fmedia&parent=6308"}],"curies":[{"name":"wp","href":"https:\/\/api.w.org\/{rel}","templated":true}]}}