{"id":6416,"date":"2011-10-13T21:09:29","date_gmt":"2011-10-13T19:09:29","guid":{"rendered":"http:\/\/museumek.eu\/?page_id=6416"},"modified":"2015-07-31T16:25:49","modified_gmt":"2015-07-31T14:25:49","slug":"axxv1","status":"publish","type":"page","link":"http:\/\/museumek.eu\/?page_id=6416","title":{"rendered":"D\/XXV\/1"},"content":{"rendered":"<p><strong>Abteilung Deutschland, Keramik 1860 \u2013 1960, Inventarnummer D\/XXV\/1<\/strong><\/p>\n<p>Reps &#038; Trinte Kunstanstalt, Vereinigte Werkst\u00e4tten von Gebr\u00fcder Schultz, Berlin, Joh. Val. Vanni, Frankfurt a. M., A. Trinte, Neustadt Magdeburg, Carl Koch, Magdeburg, Deutschland, Magdeburg, um 1920, Figur zwei L\u00f6winnen auf Sockel, K\u00fcnstler Etha Richter (attr.), Werks.-Nr. 2958, Exemplar-Nr. 8 (?), gemarkt Firmenmarke mit R. &#038; T. Mgdbg (f\u00fcr Reps &#038; Trinte Magdeburg) darunter quer stehender Knabe (?) darunter Gesetzl. Gesch\u00fctzt, 2958, 8 sowie 35 gepresst, nicht signiert, die Kunstanstalt wurde vom Kaufmann Carl Reps und Bildhauer A. Trinte in Neustadt Magdeburg gegr\u00fcndet, das Gr\u00fcndungsjahr kann 1889 sein, wenn ja dann Umzug 1896 in neu errichtete Geb\u00e4ude in der Morgenstra\u00dfe 5 in Neustadt Magdeburg, wenn kein Umzug, dann erfolgte die Gr\u00fcndung erst 1896, die o. g. Firmierung wurde von einem Briefbogen der Fabrik aus dem Jahre 1899 \u00fcbernommen, nicht gesichert ist eine Inhaber\u00e4nderung, ab 1910 Carl Reps als Alleineigent\u00fcmer, nicht gesichert ist eine Firmierungs\u00e4nderung, 1922 in Magdeburger Kunstwerkst\u00e4tten Reps &#038; Trinte, nicht gesichert ist eine Inhaber\u00e4nderung, 1928 Philipp Hamburger und Hans F. Thomas als Inhaber, nicht gesichert ist, ob die Firmenmarke von der Gr\u00fcndung bis zur Schlie\u00dfung unver\u00e4ndert verwendet worden ist, nicht gesichert ist der Zeitpunkt der Fabrikschlie\u00dfung, gesichert ist, dass K\u00fcnstler wie Paul Aichele, die Br\u00fcder Fritz und Hans von Heider, Etha Richter und Bl\u00e4sche Entw\u00fcrfe lieferten, Zuordnung K\u00fcnstler: laut Internet Recherche wurde eine \u00e4hnlich gro\u00dfe, von R &#038; T mit der Werks.-Nr. 2960 hergestellte L\u00f6winnen Skulptur auf Sockel, signiert mit Richter, in einem D\u00fcsseldorfer Auktionshaus versteigert, dort Etha Richter zugeordnet, au\u00dferdem spricht die N\u00e4he der beiden Werks.Nr. f\u00fcr Richter, H\u00f6he 31 cm, Breite 45,5 cm<\/p>\n<p><a href=\"http:\/\/museumek.eu\/?attachment_id=42857\" rel=\"attachment wp-att-42857\"><img loading=\"lazy\" src=\"http:\/\/museumek.eu\/wp-content\/uploads\/2015\/07\/4305-300x205.jpg\" alt=\"\" title=\"4305\" width=\"300\" height=\"205\" class=\"alignnone size-medium wp-image-42857\" srcset=\"http:\/\/museumek.eu\/wp-content\/uploads\/2015\/07\/4305-300x205.jpg 300w, http:\/\/museumek.eu\/wp-content\/uploads\/2015\/07\/4305-150x102.jpg 150w, http:\/\/museumek.eu\/wp-content\/uploads\/2015\/07\/4305-437x300.jpg 437w, http:\/\/museumek.eu\/wp-content\/uploads\/2015\/07\/4305.jpg 800w\" sizes=\"(max-width: 300px) 100vw, 300px\" \/><\/a><\/p>\n<p><a href=\"http:\/\/museumek.eu\/?attachment_id=42858\" rel=\"attachment wp-att-42858\"><img loading=\"lazy\" src=\"http:\/\/museumek.eu\/wp-content\/uploads\/2015\/07\/4307-188x300.jpg\" alt=\"\" title=\"4307\" width=\"188\" height=\"300\" class=\"alignnone size-medium wp-image-42858\" srcset=\"http:\/\/museumek.eu\/wp-content\/uploads\/2015\/07\/4307-188x300.jpg 188w, http:\/\/museumek.eu\/wp-content\/uploads\/2015\/07\/4307-94x150.jpg 94w, http:\/\/museumek.eu\/wp-content\/uploads\/2015\/07\/4307.jpg 502w\" sizes=\"(max-width: 188px) 100vw, 188px\" \/><\/a><\/p>\n<p><a href=\"http:\/\/museumek.eu\/?attachment_id=42859\" rel=\"attachment wp-att-42859\"><img loading=\"lazy\" src=\"http:\/\/museumek.eu\/wp-content\/uploads\/2015\/07\/4308-300x231.jpg\" alt=\"\" title=\"4308\" width=\"300\" height=\"231\" class=\"alignnone size-medium wp-image-42859\" srcset=\"http:\/\/museumek.eu\/wp-content\/uploads\/2015\/07\/4308-300x231.jpg 300w, http:\/\/museumek.eu\/wp-content\/uploads\/2015\/07\/4308-150x115.jpg 150w, http:\/\/museumek.eu\/wp-content\/uploads\/2015\/07\/4308-389x300.jpg 389w, http:\/\/museumek.eu\/wp-content\/uploads\/2015\/07\/4308.jpg 778w\" sizes=\"(max-width: 300px) 100vw, 300px\" \/><\/a><\/p>\n<p><a href=\"http:\/\/museumek.eu\/?attachment_id=42860\" rel=\"attachment wp-att-42860\"><img loading=\"lazy\" src=\"http:\/\/museumek.eu\/wp-content\/uploads\/2015\/07\/4309-157x300.jpg\" alt=\"\" title=\"4309\" width=\"157\" height=\"300\" class=\"alignnone size-medium wp-image-42860\" srcset=\"http:\/\/museumek.eu\/wp-content\/uploads\/2015\/07\/4309-157x300.jpg 157w, http:\/\/museumek.eu\/wp-content\/uploads\/2015\/07\/4309-78x150.jpg 78w, http:\/\/museumek.eu\/wp-content\/uploads\/2015\/07\/4309.jpg 419w\" sizes=\"(max-width: 157px) 100vw, 157px\" \/><\/a><\/p>\n<p><a href=\"http:\/\/museumek.eu\/?attachment_id=42862\" rel=\"attachment wp-att-42862\"><img loading=\"lazy\" src=\"http:\/\/museumek.eu\/wp-content\/uploads\/2015\/07\/4306-300x225.jpg\" alt=\"\" title=\"4306\" width=\"300\" height=\"225\" class=\"alignnone size-medium wp-image-42862\" srcset=\"http:\/\/museumek.eu\/wp-content\/uploads\/2015\/07\/4306-300x225.jpg 300w, http:\/\/museumek.eu\/wp-content\/uploads\/2015\/07\/4306-150x112.jpg 150w, http:\/\/museumek.eu\/wp-content\/uploads\/2015\/07\/4306-400x300.jpg 400w, http:\/\/museumek.eu\/wp-content\/uploads\/2015\/07\/4306.jpg 800w\" sizes=\"(max-width: 300px) 100vw, 300px\" \/><\/a><\/p>\n<p><a href=\"http:\/\/museumek.eu\/?attachment_id=42863\" rel=\"attachment wp-att-42863\"><img loading=\"lazy\" src=\"http:\/\/museumek.eu\/wp-content\/uploads\/2015\/07\/4310-300x169.jpg\" alt=\"\" title=\"4310\" width=\"300\" height=\"169\" class=\"alignnone size-medium wp-image-42863\" srcset=\"http:\/\/museumek.eu\/wp-content\/uploads\/2015\/07\/4310-300x169.jpg 300w, http:\/\/museumek.eu\/wp-content\/uploads\/2015\/07\/4310-150x84.jpg 150w, http:\/\/museumek.eu\/wp-content\/uploads\/2015\/07\/4310-500x282.jpg 500w, http:\/\/museumek.eu\/wp-content\/uploads\/2015\/07\/4310.jpg 800w\" sizes=\"(max-width: 300px) 100vw, 300px\" \/><\/a><\/p>\n<p><a href=\"http:\/\/museumek.eu\/?attachment_id=42867\" rel=\"attachment wp-att-42867\"><img loading=\"lazy\" src=\"http:\/\/museumek.eu\/wp-content\/uploads\/2015\/07\/43111-184x300.jpg\" alt=\"\" title=\"4311\" width=\"184\" height=\"300\" class=\"alignnone size-medium wp-image-42867\" srcset=\"http:\/\/museumek.eu\/wp-content\/uploads\/2015\/07\/43111-184x300.jpg 184w, http:\/\/museumek.eu\/wp-content\/uploads\/2015\/07\/43111-92x150.jpg 92w, http:\/\/museumek.eu\/wp-content\/uploads\/2015\/07\/43111.jpg 491w\" sizes=\"(max-width: 184px) 100vw, 184px\" \/><\/a><\/p>\n<p><a href=\"http:\/\/museumek.eu\/?attachment_id=42868\" rel=\"attachment wp-att-42868\"><img loading=\"lazy\" src=\"http:\/\/museumek.eu\/wp-content\/uploads\/2015\/07\/4312-300x207.jpg\" alt=\"\" title=\"4312\" width=\"300\" height=\"207\" class=\"alignnone size-medium wp-image-42868\" srcset=\"http:\/\/museumek.eu\/wp-content\/uploads\/2015\/07\/4312-300x207.jpg 300w, http:\/\/museumek.eu\/wp-content\/uploads\/2015\/07\/4312-150x103.jpg 150w, http:\/\/museumek.eu\/wp-content\/uploads\/2015\/07\/4312-433x300.jpg 433w, http:\/\/museumek.eu\/wp-content\/uploads\/2015\/07\/4312.jpg 800w\" sizes=\"(max-width: 300px) 100vw, 300px\" \/><\/a><\/p>\n","protected":false},"excerpt":{"rendered":"<p>Abteilung Deutschland, Keramik 1860 \u2013 1960, Inventarnummer D\/XXV\/1 Reps &#038; Trinte Kunstanstalt, Vereinigte Werkst\u00e4tten von Gebr\u00fcder Schultz, Berlin, Joh. Val. Vanni, Frankfurt a. M., A. Trinte, Neustadt Magdeburg, Carl Koch, Magdeburg, Deutschland, Magdeburg, um 1920, Figur zwei L\u00f6winnen auf Sockel, &hellip; <a href=\"http:\/\/museumek.eu\/?page_id=6416\">Weiterlesen <span class=\"meta-nav\">&rarr;<\/span><\/a><\/p>\n","protected":false},"author":1,"featured_media":0,"parent":6413,"menu_order":1,"comment_status":"closed","ping_status":"closed","template":"","meta":[],"_links":{"self":[{"href":"http:\/\/museumek.eu\/index.php?rest_route=\/wp\/v2\/pages\/6416"}],"collection":[{"href":"http:\/\/museumek.eu\/index.php?rest_route=\/wp\/v2\/pages"}],"about":[{"href":"http:\/\/museumek.eu\/index.php?rest_route=\/wp\/v2\/types\/page"}],"author":[{"embeddable":true,"href":"http:\/\/museumek.eu\/index.php?rest_route=\/wp\/v2\/users\/1"}],"replies":[{"embeddable":true,"href":"http:\/\/museumek.eu\/index.php?rest_route=%2Fwp%2Fv2%2Fcomments&post=6416"}],"version-history":[{"count":10,"href":"http:\/\/museumek.eu\/index.php?rest_route=\/wp\/v2\/pages\/6416\/revisions"}],"predecessor-version":[{"id":43072,"href":"http:\/\/museumek.eu\/index.php?rest_route=\/wp\/v2\/pages\/6416\/revisions\/43072"}],"up":[{"embeddable":true,"href":"http:\/\/museumek.eu\/index.php?rest_route=\/wp\/v2\/pages\/6413"}],"wp:attachment":[{"href":"http:\/\/museumek.eu\/index.php?rest_route=%2Fwp%2Fv2%2Fmedia&parent=6416"}],"curies":[{"name":"wp","href":"https:\/\/api.w.org\/{rel}","templated":true}]}}