{"id":6531,"date":"2011-10-20T23:39:35","date_gmt":"2011-10-20T21:39:35","guid":{"rendered":"http:\/\/museumek.eu\/?page_id=6531"},"modified":"2013-05-04T21:42:18","modified_gmt":"2013-05-04T19:42:18","slug":"fotos-und-beschreibung","status":"publish","type":"page","link":"http:\/\/museumek.eu\/?page_id=6531","title":{"rendered":"Fotos und Beschreibung"},"content":{"rendered":"<p><strong>Abteilung Austria\/Ungarn\/B\u00f6hmen, Keramik 1860 \u2013 1960, Inventarnummer A\/XXX\/1<\/strong><\/p>\n<p>Julius Dressler Porzellan-, Siderolith- und Majolikafabrik, B\u00f6hmen\/Austria, Biela\/Bela, um 1900, Majolikateller mit Jagdszene, K\u00fcnstler unbekannt, Werks.-Nr. 5175 (?), Exemplar Nr. ohne, gemarkt Firmenmarke Turmmarke mit JDB (f\u00fcr Julius Dressler Biela) aufgelegt, 5175, unbekanntes Zeichen sowie b gepresst, 573 sowie 38 braun gemalt, nicht signiert, Literatur: Waltraud Neuwirth, Bl\u00fchender Jugendstil, Band II, Seite 235 ff., Beschreibung der Fabrik sowie Seite 238, Marke Nr. 1 identisch, weitere Literatur: Otto Pelka, Keramik der Neuzeit, Markentafel I, Marke im Markenkasten 7 andere Variante der Turmmarke ebenfalls mit JDB sowie Seite 218, Namensverzeichnis, dort gelistet als Dre\u00dfler, Julius M 7, weitere Literatur: Volker M\u00f6lle Riessner, Amphora, Die Porzellan- und Keramikmanufaktur in Nord-B\u00f6hmen, Seite 180, Beschreibung der Dressler\u2018schen Fabrik sowie Seite 195, Marke Nr. 21 identisch, Julius Dressler gr\u00fcndete die Fabrik 1883\/1884, Firmierung ab 1887 Julius Dressler Porzellan-, Siderolith- und Majolikafabrik, ab 1906 Julius Dressler Fayence-, Majolika- u. Porzellanfabrik, ab 1910 ist Hulda Dressler (Witwe) die Inhaberin, ab 1920 wurde die Fabrik der OEPIAG, dann der EPIAG angegliedert, anscheinend wurde die Fabrik zum Ende des WK II geschlossen, sp\u00e4testens 1922 gab es eine \u00c4nderung der Firmierung in Julius Dressler Majolikafabrik (so eingetragen im keramischen Adressbuch), Jagdszene Hand gemalt, Durchmesser 35 cm<\/p>\n<p><a href=\"http:\/\/museumek.eu\/wp-content\/uploads\/2011\/10\/Museum-Europ\u00e4ischer-Keramikkunst-1264.jpg\"><img loading=\"lazy\" src=\"http:\/\/museumek.eu\/wp-content\/uploads\/2011\/10\/Museum-Europ\u00e4ischer-Keramikkunst-1264-300x278.jpg\" alt=\"\" title=\"Museum Europ\u00e4ischer Keramikkunst 1264\" width=\"300\" height=\"278\" class=\"alignnone size-medium wp-image-6522\" srcset=\"http:\/\/museumek.eu\/wp-content\/uploads\/2011\/10\/Museum-Europ\u00e4ischer-Keramikkunst-1264-300x278.jpg 300w, http:\/\/museumek.eu\/wp-content\/uploads\/2011\/10\/Museum-Europ\u00e4ischer-Keramikkunst-1264-323x300.jpg 323w, http:\/\/museumek.eu\/wp-content\/uploads\/2011\/10\/Museum-Europ\u00e4ischer-Keramikkunst-1264.jpg 791w\" sizes=\"(max-width: 300px) 100vw, 300px\" \/><\/a><\/p>\n<p><a href=\"http:\/\/museumek.eu\/wp-content\/uploads\/2011\/10\/Museum-Europ\u00e4ischer-Keramikkunst-1266.jpg\"><img loading=\"lazy\" src=\"http:\/\/museumek.eu\/wp-content\/uploads\/2011\/10\/Museum-Europ\u00e4ischer-Keramikkunst-1266-300x252.jpg\" alt=\"\" title=\"Museum Europ\u00e4ischer Keramikkunst 1266\" width=\"300\" height=\"252\" class=\"alignnone size-medium wp-image-6523\" srcset=\"http:\/\/museumek.eu\/wp-content\/uploads\/2011\/10\/Museum-Europ\u00e4ischer-Keramikkunst-1266-300x252.jpg 300w, http:\/\/museumek.eu\/wp-content\/uploads\/2011\/10\/Museum-Europ\u00e4ischer-Keramikkunst-1266-356x300.jpg 356w, http:\/\/museumek.eu\/wp-content\/uploads\/2011\/10\/Museum-Europ\u00e4ischer-Keramikkunst-1266.jpg 689w\" sizes=\"(max-width: 300px) 100vw, 300px\" \/><\/a><\/p>\n<p><a href=\"http:\/\/museumek.eu\/wp-content\/uploads\/2011\/10\/Museum-Europ\u00e4ischer-Keramikkunst-1268.jpg\"><img loading=\"lazy\" src=\"http:\/\/museumek.eu\/wp-content\/uploads\/2011\/10\/Museum-Europ\u00e4ischer-Keramikkunst-1268-106x300.jpg\" alt=\"\" title=\"Museum Europ\u00e4ischer Keramikkunst 1268\" width=\"106\" height=\"300\" class=\"alignnone size-medium wp-image-6524\" srcset=\"http:\/\/museumek.eu\/wp-content\/uploads\/2011\/10\/Museum-Europ\u00e4ischer-Keramikkunst-1268-106x300.jpg 106w, http:\/\/museumek.eu\/wp-content\/uploads\/2011\/10\/Museum-Europ\u00e4ischer-Keramikkunst-1268.jpg 335w\" sizes=\"(max-width: 106px) 100vw, 106px\" \/><\/a><\/p>\n<p><strong>Abteilung Austria\/Ungarn\/B\u00f6hmen, Keramik 1860 \u2013 1960, Inventarnummer A\/XXX\/2<\/strong><\/p>\n<p>Julius Dressler, Majolikafabrik, B\u00f6hmen\/Austria, Biela\/Bela, um 1922, Vase, K\u00fcnstler unbekannt, Werks.-Nr. 8403, Exemplar Nr. ohne, gemarkt Firmenmarke Oval mit JDB (f\u00fcr Julius Dressler Biela) wohl Schriftzug Dressler und Schriftzug Epiag (oder OEPIAG) schwarzer Stempel unter Glasur, 8403 gepresst, 487 braun gemalt, nicht signiert, Literatur: Waltraud Neuwirth, Bl\u00fchender Jugendstil, Band II, Seite 235 ff., Beschreibung der Fabrik, weitere Literatur: Volker M\u00f6lle Riessner, Amphora, Die Porzellan- und Keramikmanufaktur in Nord-B\u00f6hmen, Seite 180, Beschreibung der Dressler\u2018schen Fabrik, die Firmenmarke des MEK Exemplars ist in keiner Literatur verzeichnet, deshalb wird die Marke mit den eigentlich nicht lesbaren Schriftz\u00fcgen wie folgt gedeutet: 1918 Gr\u00fcndung der OEPIAG, Erste \u00d6sterreichische Porzellan-Industrie-AG, Sitz Karlsbad, einige Keramikfabriken schlossen sich zur F\u00f6rderung des Absatzes zur diesem Konsortium zusammen, am 01.07.1920 erfolgte die Umbennung von OEPIAG in EPIAG, Sitz bleibt Karlsbad, Erste (b\u00f6hmische) Porzellan-Industrie-AG, Julius Dressler trat dem Konsortium bei, da die Produkte der dem Konsortium angeh\u00f6renden Keramikfabriken unter anderem mit EPIAG gemarkt worden sind, l\u00e4\u00dft sich so die Dressler Marke wie oben beschrieben deuten, sp\u00e4testens 1922 gab es eine \u00c4nderung der Firmierung in Julius Dressler Majolikafabrik (so eingetragen im keramischen Adressbuch) vormals Julius Dressler, Porzellan-, Siderolith- und Majolikafabrik,<br \/>\nH\u00f6he 19,2 cm, Breite 14,5 cm<\/p>\n<p><a href=\"http:\/\/museumek.eu\/wp-content\/uploads\/2012\/05\/Museum-Europ\u00e4ischer-Keramikkunst-21001.jpg\"><img loading=\"lazy\" src=\"http:\/\/museumek.eu\/wp-content\/uploads\/2012\/05\/Museum-Europ\u00e4ischer-Keramikkunst-21001-189x300.jpg\" alt=\"\" title=\"Museum Europ\u00e4ischer Keramikkunst 2100\" width=\"189\" height=\"300\" class=\"alignnone size-medium wp-image-9758\" srcset=\"http:\/\/museumek.eu\/wp-content\/uploads\/2012\/05\/Museum-Europ\u00e4ischer-Keramikkunst-21001-189x300.jpg 189w, http:\/\/museumek.eu\/wp-content\/uploads\/2012\/05\/Museum-Europ\u00e4ischer-Keramikkunst-21001.jpg 605w\" sizes=\"(max-width: 189px) 100vw, 189px\" \/><\/a><\/p>\n<p><a href=\"http:\/\/museumek.eu\/wp-content\/uploads\/2012\/05\/Museum-Europ\u00e4ischer-Keramikkunst-2101.jpg\"><img loading=\"lazy\" src=\"http:\/\/museumek.eu\/wp-content\/uploads\/2012\/05\/Museum-Europ\u00e4ischer-Keramikkunst-2101-300x285.jpg\" alt=\"\" title=\"Museum Europ\u00e4ischer Keramikkunst 2101\" width=\"300\" height=\"285\" class=\"alignnone size-medium wp-image-9759\" srcset=\"http:\/\/museumek.eu\/wp-content\/uploads\/2012\/05\/Museum-Europ\u00e4ischer-Keramikkunst-2101-300x285.jpg 300w, http:\/\/museumek.eu\/wp-content\/uploads\/2012\/05\/Museum-Europ\u00e4ischer-Keramikkunst-2101-315x300.jpg 315w, http:\/\/museumek.eu\/wp-content\/uploads\/2012\/05\/Museum-Europ\u00e4ischer-Keramikkunst-2101.jpg 625w\" sizes=\"(max-width: 300px) 100vw, 300px\" \/><\/a><\/p>\n<p><a href=\"http:\/\/museumek.eu\/wp-content\/uploads\/2012\/05\/Museum-Europ\u00e4ischer-Keramikkunst-2102.jpg\"><img loading=\"lazy\" src=\"http:\/\/museumek.eu\/wp-content\/uploads\/2012\/05\/Museum-Europ\u00e4ischer-Keramikkunst-2102-300x287.jpg\" alt=\"\" title=\"Museum Europ\u00e4ischer Keramikkunst 2102\" width=\"300\" height=\"287\" class=\"alignnone size-medium wp-image-9760\" srcset=\"http:\/\/museumek.eu\/wp-content\/uploads\/2012\/05\/Museum-Europ\u00e4ischer-Keramikkunst-2102-300x287.jpg 300w, http:\/\/museumek.eu\/wp-content\/uploads\/2012\/05\/Museum-Europ\u00e4ischer-Keramikkunst-2102-313x300.jpg 313w, http:\/\/museumek.eu\/wp-content\/uploads\/2012\/05\/Museum-Europ\u00e4ischer-Keramikkunst-2102.jpg 651w\" sizes=\"(max-width: 300px) 100vw, 300px\" \/><\/a><\/p>\n<p><strong>Abteilung Austria\/Ungarn\/B\u00f6hmen, Keramik 1860 \u2013 1960, Inventarnummer A\/XXX\/3<\/strong><\/p>\n<p>Julius Dressler, Porzellan-, Siderolith- und Majolikafabrik, B\u00f6hmen\/Austria, Biela\/Bela, um 1900, Majolikateller, K\u00fcnstler unbekannt, Werks.-Nr. 5126, Exemplar Nr. ohne, gemarkt Firmenmarke Turmmarke mit JDB (f\u00fcr Julius Dressler Biela) aufgelegt , 5126, p sowie unbekanntes Zeichen gepresst, 8 braun gemalt, nicht signiert, Literatur: Waltraud Neuwirth, Bl\u00fchender Jugendstil, Band II, Seite 235 ff., Beschreibung der Fabrik sowie Seite 238, Marke Nr. 1 identisch, weitere Literatur: Otto Pelka, Keramik der Neuzeit, Markentafel I, Marke im Markenkasten 7 andere Variante der Turmmarke ebenfalls mit JDB sowie Seite 218, Namensverzeichnis, dort gelistet als Dre\u00dfler, Julius M 7, weitere Literatur: Volker M\u00f6lle Riessner, Amphora, Die Porzellan- und Keramikmanufaktur in Nord-B\u00f6hmen, Seite 180, Beschreibung der Dressler\u2018schen Fabrik sowie Seite 195, Marke Nr. 21 identisch, Julius Dressler gr\u00fcndete die Fabrik 1883\/1884, Firmierung ab 1887 Julius Dressler Porzellan-, Siderolith- und Majolikafabrik, ab 1906 Julius Dressler Fayence-, Majolika- u. Porzellanfabrik, ab 1910 ist Hulda Dressler (Witwe) die Inhaberin, ab 1920 wurde die Fabrik der OEPIAG, dann der EPIAG angegliedert, anscheinend wurde die Fabrik zum Ende des WK II geschlossen, sp\u00e4testens 1922 gab es eine \u00c4nderung der Firmierung in Julius Dressler Majolikafabrik (so eingetragen im keramischen Adressbuch), Durchmesser 34,3 cm<\/p>\n<p><a href=\"http:\/\/museumek.eu\/wp-content\/uploads\/2012\/06\/Museum-Europ\u00e4ischer-Keramikkunst-2329.jpg\"><img loading=\"lazy\" src=\"http:\/\/museumek.eu\/wp-content\/uploads\/2012\/06\/Museum-Europ\u00e4ischer-Keramikkunst-2329-300x284.jpg\" alt=\"\" title=\"Museum Europ\u00e4ischer Keramikkunst 2329\" width=\"300\" height=\"284\" class=\"alignnone size-medium wp-image-10482\" srcset=\"http:\/\/museumek.eu\/wp-content\/uploads\/2012\/06\/Museum-Europ\u00e4ischer-Keramikkunst-2329-300x284.jpg 300w, http:\/\/museumek.eu\/wp-content\/uploads\/2012\/06\/Museum-Europ\u00e4ischer-Keramikkunst-2329.jpg 773w\" sizes=\"(max-width: 300px) 100vw, 300px\" \/><\/a><\/p>\n<p><a href=\"http:\/\/museumek.eu\/wp-content\/uploads\/2012\/06\/Museum-Europ\u00e4ischer-Keramikkunst-2331.jpg\"><img loading=\"lazy\" src=\"http:\/\/museumek.eu\/wp-content\/uploads\/2012\/06\/Museum-Europ\u00e4ischer-Keramikkunst-2331-205x300.jpg\" alt=\"\" title=\"Museum Europ\u00e4ischer Keramikkunst 2331\" width=\"205\" height=\"300\" class=\"alignnone size-medium wp-image-10483\" srcset=\"http:\/\/museumek.eu\/wp-content\/uploads\/2012\/06\/Museum-Europ\u00e4ischer-Keramikkunst-2331-205x300.jpg 205w, http:\/\/museumek.eu\/wp-content\/uploads\/2012\/06\/Museum-Europ\u00e4ischer-Keramikkunst-2331.jpg 352w\" sizes=\"(max-width: 205px) 100vw, 205px\" \/><\/a><\/p>\n<p><a href=\"http:\/\/museumek.eu\/wp-content\/uploads\/2012\/06\/Museum-Europ\u00e4ischer-Keramikkunst-2332.jpg\"><img loading=\"lazy\" src=\"http:\/\/museumek.eu\/wp-content\/uploads\/2012\/06\/Museum-Europ\u00e4ischer-Keramikkunst-2332.jpg\" alt=\"\" title=\"Museum Europ\u00e4ischer Keramikkunst 2332\" width=\"196\" height=\"176\" class=\"alignnone size-full wp-image-10484\" \/><\/a><\/p>\n<p><strong>Abteilung Austria\/Ungarn\/B\u00f6hmen, Keramik 1860 \u2013 1960, Inventarnummer A\/XXX\/4<\/strong><\/p>\n<p>Julius Dressler, Porzellan-, Siderolith- und Majolikafabrik, B\u00f6hmen\/Austria, Biela\/Bela, um 1900, Jugendstilvase, K\u00fcnstler unbekannt, Werks.-Nr. 1096, Exemplar Nr. ohne, gemarkt Firmenmarke Sternenkreis mit D bekr\u00f6ntem L\u00f6wen sowie B (DB f\u00fcr Dressler Biela) schwarzer Stempel unter Glasur, 1095, Austria sowie unbekanntes Zeichen gepresst, 596 \u00fcber Strich sowie 229 (?) unter Strich mit braunem Farbstift auf Glasur gemalt, nicht signiert, Literatur: Waltraud Neuwirth, Bl\u00fchender Jugendstil, Band II, Seite 235 ff., Beschreibung der Fabrik sowie Seite 238, Marke Nr. 3 identisch, weitere Literatur: Otto Pelka, Keramik der Neuzeit, Markentafel I, Marke im Markenkasten 7 identisch sowie Seite 218, Namensverzeichnis, dort gelistet als Dre\u00dfler, Julius M 7 (f\u00fcr Markenkasten 7), weitere Literatur: Jana Kybalov\u00e1, Keramikmarken aus aller Welt, Marke Nr. 1692 identisch, weitere Literatur: Volker M\u00f6lle Riessner, Amphora, Die Porzellan- und Keramikmanufaktur in Nord-B\u00f6hmen, Seite 180, Beschreibung der Dressler\u2018schen Fabrik, Julius Dressler gr\u00fcndete die Fabrik 1883\/1884, Firmierung ab 1887 Julius Dressler Porzellan-, Siderolith- und Majolikafabrik, ab 1906 Julius Dressler Fayence-, Majolika- u. Porzellanfabrik, ab 1910 ist Hulda Dressler (Witwe) die Inhaberin, ab 1920 wurde die Fabrik der OEPIAG, dann der EPIAG angegliedert, anscheinend wurde die Fabrik zum Ende des WK II geschlossen, sp\u00e4testens 1922 gab es eine \u00c4nderung der Firmierung in Julius Dressler Majolikafabrik (so eingetragen im keramischen Adressbuch), teilweise Gold geh\u00f6ht, H\u00f6he 31,6 cm, Breite 12 cm<\/p>\n<p><a href=\"http:\/\/museumek.eu\/wp-content\/uploads\/2013\/04\/5033.jpg\"><img loading=\"lazy\" src=\"http:\/\/museumek.eu\/wp-content\/uploads\/2013\/04\/5033-174x300.jpg\" alt=\"\" title=\"5033\" width=\"174\" height=\"300\" class=\"alignnone size-medium wp-image-21186\" srcset=\"http:\/\/museumek.eu\/wp-content\/uploads\/2013\/04\/5033-174x300.jpg 174w, http:\/\/museumek.eu\/wp-content\/uploads\/2013\/04\/5033.jpg 423w\" sizes=\"(max-width: 174px) 100vw, 174px\" \/><\/a><\/p>\n<p><a href=\"http:\/\/museumek.eu\/wp-content\/uploads\/2013\/04\/5034.jpg\"><img loading=\"lazy\" src=\"http:\/\/museumek.eu\/wp-content\/uploads\/2013\/04\/5034-123x300.jpg\" alt=\"\" title=\"5034\" width=\"123\" height=\"300\" class=\"alignnone size-medium wp-image-21187\" srcset=\"http:\/\/museumek.eu\/wp-content\/uploads\/2013\/04\/5034-123x300.jpg 123w, http:\/\/museumek.eu\/wp-content\/uploads\/2013\/04\/5034.jpg 263w\" sizes=\"(max-width: 123px) 100vw, 123px\" \/><\/a><\/p>\n<p><a href=\"http:\/\/museumek.eu\/wp-content\/uploads\/2013\/04\/5035.jpg\"><img loading=\"lazy\" src=\"http:\/\/museumek.eu\/wp-content\/uploads\/2013\/04\/5035-300x179.jpg\" alt=\"\" title=\"5035\" width=\"300\" height=\"179\" class=\"alignnone size-medium wp-image-21188\" srcset=\"http:\/\/museumek.eu\/wp-content\/uploads\/2013\/04\/5035-300x179.jpg 300w, http:\/\/museumek.eu\/wp-content\/uploads\/2013\/04\/5035-500x300.jpg 500w, http:\/\/museumek.eu\/wp-content\/uploads\/2013\/04\/5035.jpg 800w\" sizes=\"(max-width: 300px) 100vw, 300px\" \/><\/a><\/p>\n<p><a href=\"http:\/\/museumek.eu\/wp-content\/uploads\/2013\/04\/5036.jpg\"><img loading=\"lazy\" src=\"http:\/\/museumek.eu\/wp-content\/uploads\/2013\/04\/5036-292x300.jpg\" alt=\"\" title=\"5036\" width=\"292\" height=\"300\" class=\"alignnone size-medium wp-image-21189\" srcset=\"http:\/\/museumek.eu\/wp-content\/uploads\/2013\/04\/5036-292x300.jpg 292w, http:\/\/museumek.eu\/wp-content\/uploads\/2013\/04\/5036.jpg 476w\" sizes=\"(max-width: 292px) 100vw, 292px\" \/><\/a><\/p>\n<p><a href=\"http:\/\/museumek.eu\/wp-content\/uploads\/2013\/04\/5037.jpg\"><img loading=\"lazy\" src=\"http:\/\/museumek.eu\/wp-content\/uploads\/2013\/04\/5037-300x257.jpg\" alt=\"\" title=\"5037\" width=\"300\" height=\"257\" class=\"alignnone size-medium wp-image-21190\" srcset=\"http:\/\/museumek.eu\/wp-content\/uploads\/2013\/04\/5037-300x257.jpg 300w, http:\/\/museumek.eu\/wp-content\/uploads\/2013\/04\/5037-349x300.jpg 349w, http:\/\/museumek.eu\/wp-content\/uploads\/2013\/04\/5037.jpg 403w\" sizes=\"(max-width: 300px) 100vw, 300px\" \/><\/a><\/p>\n","protected":false},"excerpt":{"rendered":"<p>Abteilung Austria\/Ungarn\/B\u00f6hmen, Keramik 1860 \u2013 1960, Inventarnummer A\/XXX\/1 Julius Dressler Porzellan-, Siderolith- und Majolikafabrik, B\u00f6hmen\/Austria, Biela\/Bela, um 1900, Majolikateller mit Jagdszene, K\u00fcnstler unbekannt, Werks.-Nr. 5175 (?), Exemplar Nr. ohne, gemarkt Firmenmarke Turmmarke mit JDB (f\u00fcr Julius Dressler Biela) aufgelegt, 5175, &hellip; <a href=\"http:\/\/museumek.eu\/?page_id=6531\">Weiterlesen <span class=\"meta-nav\">&rarr;<\/span><\/a><\/p>\n","protected":false},"author":1,"featured_media":0,"parent":6527,"menu_order":0,"comment_status":"closed","ping_status":"closed","template":"","meta":[],"_links":{"self":[{"href":"http:\/\/museumek.eu\/index.php?rest_route=\/wp\/v2\/pages\/6531"}],"collection":[{"href":"http:\/\/museumek.eu\/index.php?rest_route=\/wp\/v2\/pages"}],"about":[{"href":"http:\/\/museumek.eu\/index.php?rest_route=\/wp\/v2\/types\/page"}],"author":[{"embeddable":true,"href":"http:\/\/museumek.eu\/index.php?rest_route=\/wp\/v2\/users\/1"}],"replies":[{"embeddable":true,"href":"http:\/\/museumek.eu\/index.php?rest_route=%2Fwp%2Fv2%2Fcomments&post=6531"}],"version-history":[{"count":11,"href":"http:\/\/museumek.eu\/index.php?rest_route=\/wp\/v2\/pages\/6531\/revisions"}],"predecessor-version":[{"id":59472,"href":"http:\/\/museumek.eu\/index.php?rest_route=\/wp\/v2\/pages\/6531\/revisions\/59472"}],"up":[{"embeddable":true,"href":"http:\/\/museumek.eu\/index.php?rest_route=\/wp\/v2\/pages\/6527"}],"wp:attachment":[{"href":"http:\/\/museumek.eu\/index.php?rest_route=%2Fwp%2Fv2%2Fmedia&parent=6531"}],"curies":[{"name":"wp","href":"https:\/\/api.w.org\/{rel}","templated":true}]}}