{"id":6569,"date":"2011-10-21T01:25:04","date_gmt":"2011-10-20T23:25:04","guid":{"rendered":"http:\/\/museumek.eu\/?page_id=6569"},"modified":"2013-04-20T01:00:04","modified_gmt":"2013-04-19T23:00:04","slug":"dviii7","status":"publish","type":"page","link":"http:\/\/museumek.eu\/?page_id=6569","title":{"rendered":"D\/VIII\/7"},"content":{"rendered":"<p><strong>Abteilung Deutschland, Keramik 1860 \u2013 1960, Inventarnummer D\/VIII\/7<\/strong><\/p>\n<p>Manufaktur Villeroy &#038; Boch, Deutschland, Mettlach, 1893, Bildteller, K\u00fcnstler unbekannt, Werks.-Nr. ohne, Exemplar Nr. ohne, gemarkt Firmenmarke mit Merkur, Villeroy &#038; Boch sowie Mettlach gr\u00fcner Stempel unter Glasur (rechts drei stehende gebliebene Zacken), ovaler Farbstempel der Auftrag gebenden Firma Rudolph K\u00f6nig &#038; Co. Berlin.C. Jerusalemerstrasse 27 dunkelgr\u00fcner Stempel unter Glasur, Literatur: Gary Kirsner, The Mettlach Book, Seite 18, Abbildung des Merkurstempels in der Verwendung von 1874 \u2013 ca. 1909, Seite 23, Erl\u00e4uterung des Datierungssystems, Zitat: \u201eWenn das 10-Zackensystem benutzt wird und es die gesamte L\u00e4nge des Halbkreises ausf\u00fcllt, dann sind die Jahre 1891 \u2013 1899 jeweils mit den Punkten 1 bis 9, von der rechten Seite beginnend, dargestellt. Die Jahre 1901 bis 1909 beginnen mit 1 bis 9 Punkten, meist von der linken Seite (gelegentlich jedoch, zweideutiger Weise von rechts). Die Jahre 1890 und 1900 haben beide das vollst\u00e4ndige Bild von 10 Punkten und sind daher nicht zu unterscheiden. Im Jahre 1910 gab es keine Merkurmarke\u201c. (Zu diesem Datierungssystem steht folgende Literatur im Widerspruch: J. G. Th. Graesse und E. Jaennicke, F\u00fchrer f\u00fcr Sammler von Porzellan und Fayence, Steinzeug, Steingut usw., Seite 129, Marken Nr. 17 und 18, Zitat: \u201e1881 \u2013 1886 wurden zur Feststellung der Jahrg\u00e4nge Zacken entfernt, und zwar von links nach rechts. Beispiel 1884: 4 Zacken links blieben stehen, die anderen 8 wurden abgeschnitten. Von 1893 \u2013 1904 wurde umgekehrt verfahren\u201c) sowie Seite 273, dort als Formnummer 1044 und Dekornummer 737 A abgebildet, 1. Teller eines Military Tellersets von 737 A bis 737 M, PUG (print under glaze), das MEK Exemplar ist ohne Nummernbezeichnung, evtl. wurde diese wegen weggelassen, da der Teller wohl eine eigenst\u00e4ndige Bestellung der Firma K\u00f6nig war, weitere Literatur: Jana Kybalov\u00e1, Keramik-Marken aus aller Welt, Marke Nr. 1668 identisch, das MEK schlie\u00dft sich in seiner Datierung, dem zeitlich j\u00fcngeren Datierungszitat der Literatur \u201eThe Mettlach Book\u201c an,<br \/>\nDurchmesser 22 cm<\/p>\n<p><a href=\"http:\/\/museumek.eu\/wp-content\/uploads\/2011\/10\/Museum-Europ\u00e4ischer-Keramikkunst-1279.jpg\"><img loading=\"lazy\" src=\"http:\/\/museumek.eu\/wp-content\/uploads\/2011\/10\/Museum-Europ\u00e4ischer-Keramikkunst-1279-300x295.jpg\" alt=\"\" title=\"Museum Europ\u00e4ischer Keramikkunst 1279\" width=\"300\" height=\"295\" class=\"alignnone size-medium wp-image-6570\" srcset=\"http:\/\/museumek.eu\/wp-content\/uploads\/2011\/10\/Museum-Europ\u00e4ischer-Keramikkunst-1279-300x295.jpg 300w, http:\/\/museumek.eu\/wp-content\/uploads\/2011\/10\/Museum-Europ\u00e4ischer-Keramikkunst-1279-304x300.jpg 304w, http:\/\/museumek.eu\/wp-content\/uploads\/2011\/10\/Museum-Europ\u00e4ischer-Keramikkunst-1279.jpg 753w\" sizes=\"(max-width: 300px) 100vw, 300px\" \/><\/a><\/p>\n<p><a href=\"http:\/\/museumek.eu\/wp-content\/uploads\/2011\/10\/Museum-Europ\u00e4ischer-Keramikkunst-1283.jpg\"><img loading=\"lazy\" src=\"http:\/\/museumek.eu\/wp-content\/uploads\/2011\/10\/Museum-Europ\u00e4ischer-Keramikkunst-1283-300x235.jpg\" alt=\"\" title=\"Museum Europ\u00e4ischer Keramikkunst 1283\" width=\"300\" height=\"235\" class=\"alignnone size-medium wp-image-6571\" srcset=\"http:\/\/museumek.eu\/wp-content\/uploads\/2011\/10\/Museum-Europ\u00e4ischer-Keramikkunst-1283-300x235.jpg 300w, http:\/\/museumek.eu\/wp-content\/uploads\/2011\/10\/Museum-Europ\u00e4ischer-Keramikkunst-1283-381x300.jpg 381w, http:\/\/museumek.eu\/wp-content\/uploads\/2011\/10\/Museum-Europ\u00e4ischer-Keramikkunst-1283.jpg 634w\" sizes=\"(max-width: 300px) 100vw, 300px\" \/><\/a><\/p>\n","protected":false},"excerpt":{"rendered":"<p>Abteilung Deutschland, Keramik 1860 \u2013 1960, Inventarnummer D\/VIII\/7 Manufaktur Villeroy &#038; Boch, Deutschland, Mettlach, 1893, Bildteller, K\u00fcnstler unbekannt, Werks.-Nr. ohne, Exemplar Nr. ohne, gemarkt Firmenmarke mit Merkur, Villeroy &#038; Boch sowie Mettlach gr\u00fcner Stempel unter Glasur (rechts drei stehende gebliebene &hellip; <a href=\"http:\/\/museumek.eu\/?page_id=6569\">Weiterlesen <span class=\"meta-nav\">&rarr;<\/span><\/a><\/p>\n","protected":false},"author":1,"featured_media":0,"parent":1986,"menu_order":7,"comment_status":"closed","ping_status":"closed","template":"","meta":[],"_links":{"self":[{"href":"http:\/\/museumek.eu\/index.php?rest_route=\/wp\/v2\/pages\/6569"}],"collection":[{"href":"http:\/\/museumek.eu\/index.php?rest_route=\/wp\/v2\/pages"}],"about":[{"href":"http:\/\/museumek.eu\/index.php?rest_route=\/wp\/v2\/types\/page"}],"author":[{"embeddable":true,"href":"http:\/\/museumek.eu\/index.php?rest_route=\/wp\/v2\/users\/1"}],"replies":[{"embeddable":true,"href":"http:\/\/museumek.eu\/index.php?rest_route=%2Fwp%2Fv2%2Fcomments&post=6569"}],"version-history":[{"count":7,"href":"http:\/\/museumek.eu\/index.php?rest_route=\/wp\/v2\/pages\/6569\/revisions"}],"predecessor-version":[{"id":20018,"href":"http:\/\/museumek.eu\/index.php?rest_route=\/wp\/v2\/pages\/6569\/revisions\/20018"}],"up":[{"embeddable":true,"href":"http:\/\/museumek.eu\/index.php?rest_route=\/wp\/v2\/pages\/1986"}],"wp:attachment":[{"href":"http:\/\/museumek.eu\/index.php?rest_route=%2Fwp%2Fv2%2Fmedia&parent=6569"}],"curies":[{"name":"wp","href":"https:\/\/api.w.org\/{rel}","templated":true}]}}