{"id":658,"date":"2011-08-07T21:49:33","date_gmt":"2011-08-07T19:49:33","guid":{"rendered":"http:\/\/museumek.eu\/?page_id=658"},"modified":"2011-08-24T16:21:00","modified_gmt":"2011-08-24T14:21:00","slug":"aii6","status":"publish","type":"page","link":"http:\/\/museumek.eu\/?page_id=658","title":{"rendered":"A\/II\/6"},"content":{"rendered":"<p><strong>Abteilung Austria\/Ungarn\/B\u00f6hmen, Keramik 1860 \u2013 1960, Inventarnummer A\/II\/6<\/strong><\/p>\n<p>Manufaktur Walter Bosse, Austria, Kufstein, 1924 &#8211; 1936, Wandh\u00e4ngevase mit Edelweiss und Enzian, K\u00fcnstler Walter Bosse, Werks.-Nr. 1276, Exemplar Nr. ohne, nicht gemarkt, nicht signiert, Literatur: Cherica Schreyer-Hartmann, Hans-Hagen und Johanna Hottenroth, Walter Bosse, Leben Kunst und Handwerk 1904 \u2013 1979, Anhang Markenverzeichnis Marke 3, typische Bosse Stempelung mit H\u00f6hen versetzten Zahlen sowie \u00e4hnliche Vasen im Buch, H\u00f6he 11 cm, Breite 18 cm<\/p>\n<p><a href=\"http:\/\/museumek.eu\/wp-content\/uploads\/2011\/08\/Museum-Europ\u00e4ischer-Keramikkunst-Qualit\u00e4tsfotos-112.jpg\"><img loading=\"lazy\" src=\"http:\/\/museumek.eu\/wp-content\/uploads\/2011\/08\/Museum-Europ\u00e4ischer-Keramikkunst-Qualit\u00e4tsfotos-112-300x217.jpg\" alt=\"\" title=\"Museum Europ\u00e4ischer Keramikkunst Qualit\u00e4tsfotos 112\" width=\"300\" height=\"217\" class=\"alignnone size-medium wp-image-659\" srcset=\"http:\/\/museumek.eu\/wp-content\/uploads\/2011\/08\/Museum-Europ\u00e4ischer-Keramikkunst-Qualit\u00e4tsfotos-112-300x217.jpg 300w, http:\/\/museumek.eu\/wp-content\/uploads\/2011\/08\/Museum-Europ\u00e4ischer-Keramikkunst-Qualit\u00e4tsfotos-112-413x300.jpg 413w, http:\/\/museumek.eu\/wp-content\/uploads\/2011\/08\/Museum-Europ\u00e4ischer-Keramikkunst-Qualit\u00e4tsfotos-112.jpg 781w\" sizes=\"(max-width: 300px) 100vw, 300px\" \/><\/a><\/p>\n<p><a href=\"http:\/\/museumek.eu\/wp-content\/uploads\/2011\/08\/Museum-Europ\u00e4ischer-Keramikkunst-204.jpg\"><img loading=\"lazy\" src=\"http:\/\/museumek.eu\/wp-content\/uploads\/2011\/08\/Museum-Europ\u00e4ischer-Keramikkunst-204-300x283.jpg\" alt=\"\" title=\"Museum Europ\u00e4ischer Keramikkunst 204\" width=\"300\" height=\"283\" class=\"alignnone size-medium wp-image-660\" srcset=\"http:\/\/museumek.eu\/wp-content\/uploads\/2011\/08\/Museum-Europ\u00e4ischer-Keramikkunst-204-300x283.jpg 300w, http:\/\/museumek.eu\/wp-content\/uploads\/2011\/08\/Museum-Europ\u00e4ischer-Keramikkunst-204-317x300.jpg 317w, http:\/\/museumek.eu\/wp-content\/uploads\/2011\/08\/Museum-Europ\u00e4ischer-Keramikkunst-204.jpg 527w\" sizes=\"(max-width: 300px) 100vw, 300px\" \/><\/a><\/p>\n","protected":false},"excerpt":{"rendered":"<p>Abteilung Austria\/Ungarn\/B\u00f6hmen, Keramik 1860 \u2013 1960, Inventarnummer A\/II\/6 Manufaktur Walter Bosse, Austria, Kufstein, 1924 &#8211; 1936, Wandh\u00e4ngevase mit Edelweiss und Enzian, K\u00fcnstler Walter Bosse, Werks.-Nr. 1276, Exemplar Nr. ohne, nicht gemarkt, nicht signiert, Literatur: Cherica Schreyer-Hartmann, Hans-Hagen und Johanna Hottenroth, &hellip; <a href=\"http:\/\/museumek.eu\/?page_id=658\">Weiterlesen <span class=\"meta-nav\">&rarr;<\/span><\/a><\/p>\n","protected":false},"author":1,"featured_media":0,"parent":628,"menu_order":6,"comment_status":"open","ping_status":"open","template":"","meta":[],"_links":{"self":[{"href":"http:\/\/museumek.eu\/index.php?rest_route=\/wp\/v2\/pages\/658"}],"collection":[{"href":"http:\/\/museumek.eu\/index.php?rest_route=\/wp\/v2\/pages"}],"about":[{"href":"http:\/\/museumek.eu\/index.php?rest_route=\/wp\/v2\/types\/page"}],"author":[{"embeddable":true,"href":"http:\/\/museumek.eu\/index.php?rest_route=\/wp\/v2\/users\/1"}],"replies":[{"embeddable":true,"href":"http:\/\/museumek.eu\/index.php?rest_route=%2Fwp%2Fv2%2Fcomments&post=658"}],"version-history":[{"count":2,"href":"http:\/\/museumek.eu\/index.php?rest_route=\/wp\/v2\/pages\/658\/revisions"}],"predecessor-version":[{"id":2587,"href":"http:\/\/museumek.eu\/index.php?rest_route=\/wp\/v2\/pages\/658\/revisions\/2587"}],"up":[{"embeddable":true,"href":"http:\/\/museumek.eu\/index.php?rest_route=\/wp\/v2\/pages\/628"}],"wp:attachment":[{"href":"http:\/\/museumek.eu\/index.php?rest_route=%2Fwp%2Fv2%2Fmedia&parent=658"}],"curies":[{"name":"wp","href":"https:\/\/api.w.org\/{rel}","templated":true}]}}