{"id":6686,"date":"2011-10-22T12:44:55","date_gmt":"2011-10-22T10:44:55","guid":{"rendered":"http:\/\/museumek.eu\/?page_id=6686"},"modified":"2011-10-22T12:44:55","modified_gmt":"2011-10-22T10:44:55","slug":"fxv1","status":"publish","type":"page","link":"http:\/\/museumek.eu\/?page_id=6686","title":{"rendered":"F\/XV\/1"},"content":{"rendered":"<p><strong>Abteilung Frankreich, Keramik 1860 \u2013 1960, Inventarnummer F\/XV\/1<\/strong><\/p>\n<p>Manufaktur in Limoges, Frankreich, Limoges, Vase, um 1900, K\u00fcnstler unbekannt, Werksnummer 6429, Exemplar Nr. ohne, gemarkt 6429 gepresst, Schriftzug Limoges ganz schwer erkennbar, da dick \u00fcberglasiert, nicht signiert, reichlich Gold geh\u00f6ht,<br \/>\nAusf\u00fchrung in Hartporzellan, H\u00f6he 17 cm, Breite 10 cm<\/p>\n<p><a href=\"http:\/\/museumek.eu\/wp-content\/uploads\/2011\/10\/Museum-Europ\u00e4ischer-Keramikkunst-1314.jpg\"><img loading=\"lazy\" src=\"http:\/\/museumek.eu\/wp-content\/uploads\/2011\/10\/Museum-Europ\u00e4ischer-Keramikkunst-1314-163x300.jpg\" alt=\"\" title=\"Museum Europ\u00e4ischer Keramikkunst 1314\" width=\"163\" height=\"300\" class=\"alignnone size-medium wp-image-6687\" srcset=\"http:\/\/museumek.eu\/wp-content\/uploads\/2011\/10\/Museum-Europ\u00e4ischer-Keramikkunst-1314-163x300.jpg 163w, http:\/\/museumek.eu\/wp-content\/uploads\/2011\/10\/Museum-Europ\u00e4ischer-Keramikkunst-1314.jpg 518w\" sizes=\"(max-width: 163px) 100vw, 163px\" \/><\/a><\/p>\n<p><a href=\"http:\/\/museumek.eu\/wp-content\/uploads\/2011\/10\/Museum-Europ\u00e4ischer-Keramikkunst-1312.jpg\"><img loading=\"lazy\" src=\"http:\/\/museumek.eu\/wp-content\/uploads\/2011\/10\/Museum-Europ\u00e4ischer-Keramikkunst-1312-300x125.jpg\" alt=\"\" title=\"Museum Europ\u00e4ischer Keramikkunst 1312\" width=\"300\" height=\"125\" class=\"alignnone size-medium wp-image-6688\" srcset=\"http:\/\/museumek.eu\/wp-content\/uploads\/2011\/10\/Museum-Europ\u00e4ischer-Keramikkunst-1312-300x125.jpg 300w, http:\/\/museumek.eu\/wp-content\/uploads\/2011\/10\/Museum-Europ\u00e4ischer-Keramikkunst-1312.jpg 399w\" sizes=\"(max-width: 300px) 100vw, 300px\" \/><\/a><\/p>\n","protected":false},"excerpt":{"rendered":"<p>Abteilung Frankreich, Keramik 1860 \u2013 1960, Inventarnummer F\/XV\/1 Manufaktur in Limoges, Frankreich, Limoges, Vase, um 1900, K\u00fcnstler unbekannt, Werksnummer 6429, Exemplar Nr. ohne, gemarkt 6429 gepresst, Schriftzug Limoges ganz schwer erkennbar, da dick \u00fcberglasiert, nicht signiert, reichlich Gold geh\u00f6ht, Ausf\u00fchrung &hellip; <a href=\"http:\/\/museumek.eu\/?page_id=6686\">Weiterlesen <span class=\"meta-nav\">&rarr;<\/span><\/a><\/p>\n","protected":false},"author":1,"featured_media":0,"parent":6683,"menu_order":1,"comment_status":"closed","ping_status":"closed","template":"","meta":[],"_links":{"self":[{"href":"http:\/\/museumek.eu\/index.php?rest_route=\/wp\/v2\/pages\/6686"}],"collection":[{"href":"http:\/\/museumek.eu\/index.php?rest_route=\/wp\/v2\/pages"}],"about":[{"href":"http:\/\/museumek.eu\/index.php?rest_route=\/wp\/v2\/types\/page"}],"author":[{"embeddable":true,"href":"http:\/\/museumek.eu\/index.php?rest_route=\/wp\/v2\/users\/1"}],"replies":[{"embeddable":true,"href":"http:\/\/museumek.eu\/index.php?rest_route=%2Fwp%2Fv2%2Fcomments&post=6686"}],"version-history":[{"count":2,"href":"http:\/\/museumek.eu\/index.php?rest_route=\/wp\/v2\/pages\/6686\/revisions"}],"predecessor-version":[{"id":6690,"href":"http:\/\/museumek.eu\/index.php?rest_route=\/wp\/v2\/pages\/6686\/revisions\/6690"}],"up":[{"embeddable":true,"href":"http:\/\/museumek.eu\/index.php?rest_route=\/wp\/v2\/pages\/6683"}],"wp:attachment":[{"href":"http:\/\/museumek.eu\/index.php?rest_route=%2Fwp%2Fv2%2Fmedia&parent=6686"}],"curies":[{"name":"wp","href":"https:\/\/api.w.org\/{rel}","templated":true}]}}