{"id":6711,"date":"2011-10-27T01:13:56","date_gmt":"2011-10-26T23:13:56","guid":{"rendered":"http:\/\/museumek.eu\/?page_id=6711"},"modified":"2012-07-24T00:23:09","modified_gmt":"2012-07-23T22:23:09","slug":"axxxi1","status":"publish","type":"page","link":"http:\/\/museumek.eu\/?page_id=6711","title":{"rendered":"A\/XXXI\/1"},"content":{"rendered":"<p><strong>Abteilung Austria\/Ungarn\/B\u00f6hmen, Keramik 1860 \u2013 1960, Inventarnummer A\/XXXI\/1<\/strong><\/p>\n<p>Manufaktur Hugo Franz Kirsch, Austria, Wien, um 1907, Figur Rokokodame mit F\u00e4cher, K\u00fcnstler Hugo Franz Kirsch, Werks.-Nr. 101, Exemplar Nr. ohne, gemarkt H. Kirsch Wiener Porzellan blauer Rundstempel, nicht signiert, Literatur: Waltraud Neuwirth, Wiener Keramik nach 1900, Hugo F. Kirsch, dort ohne Foto erw\u00e4hnt, nicht erfasst, Seite 52, Marke 161 identisch, gleiche Literatur: Seite 160, dito Figur in Gipsausf\u00fchrung, sowie zugeh\u00f6riges Verzeichnis der Arbeitsformen von Hugo F. Kirsch, Seite 11, Eintrag Nr. 101, St\u00fcckzahl 3, Bezeichnung: Rococofigur mit F\u00e4cher, Bildhauer Kirsch, Ausf\u00fchrung in Porzellan, vermutlich ist das MEK Exemplar inzwischen die einzige nachweisbare Figur, da nur 3 St\u00fcck gefertigt worden sind, generell sind die Porzellanfiguren von Kirsch sehr selten und entsprechend gesucht, siehe beispielhaft auch Auktionshaus Quittenbaum, 68. Auktion, Teil II, Jugendstil, Art D\u00e9co, vom 23.10.2007, Lot 1125, eine etwas gr\u00f6\u00dfere Porzellanfigur von Kirsch, H\u00f6he 20 cm, Breite 14 cm<\/p>\n<p><a href=\"http:\/\/museumek.eu\/wp-content\/uploads\/2011\/10\/Museum-Europ\u00e4ischer-Keramikkunst-2639.jpg\"><img loading=\"lazy\" src=\"http:\/\/museumek.eu\/wp-content\/uploads\/2011\/10\/Museum-Europ\u00e4ischer-Keramikkunst-2639-177x300.jpg\" alt=\"\" title=\"Museum Europ\u00e4ischer Keramikkunst 2639\" width=\"177\" height=\"300\" class=\"alignnone size-medium wp-image-12044\" srcset=\"http:\/\/museumek.eu\/wp-content\/uploads\/2011\/10\/Museum-Europ\u00e4ischer-Keramikkunst-2639-177x300.jpg 177w, http:\/\/museumek.eu\/wp-content\/uploads\/2011\/10\/Museum-Europ\u00e4ischer-Keramikkunst-2639.jpg 570w\" sizes=\"(max-width: 177px) 100vw, 177px\" \/><\/a><\/p>\n<p><a href=\"http:\/\/museumek.eu\/wp-content\/uploads\/2011\/10\/Museum-Europ\u00e4ischer-Keramikkunst-2641.jpg\"><img loading=\"lazy\" src=\"http:\/\/museumek.eu\/wp-content\/uploads\/2011\/10\/Museum-Europ\u00e4ischer-Keramikkunst-2641-167x300.jpg\" alt=\"\" title=\"Museum Europ\u00e4ischer Keramikkunst 2641\" width=\"167\" height=\"300\" class=\"alignnone size-medium wp-image-12045\" srcset=\"http:\/\/museumek.eu\/wp-content\/uploads\/2011\/10\/Museum-Europ\u00e4ischer-Keramikkunst-2641-167x300.jpg 167w, http:\/\/museumek.eu\/wp-content\/uploads\/2011\/10\/Museum-Europ\u00e4ischer-Keramikkunst-2641.jpg 567w\" sizes=\"(max-width: 167px) 100vw, 167px\" \/><\/a><\/p>\n<p><a href=\"http:\/\/museumek.eu\/wp-content\/uploads\/2011\/10\/Museum-Europ\u00e4ischer-Keramikkunst-2643.jpg\"><img loading=\"lazy\" src=\"http:\/\/museumek.eu\/wp-content\/uploads\/2011\/10\/Museum-Europ\u00e4ischer-Keramikkunst-2643-166x300.jpg\" alt=\"\" title=\"Museum Europ\u00e4ischer Keramikkunst 2643\" width=\"166\" height=\"300\" class=\"alignnone size-medium wp-image-12046\" srcset=\"http:\/\/museumek.eu\/wp-content\/uploads\/2011\/10\/Museum-Europ\u00e4ischer-Keramikkunst-2643-166x300.jpg 166w, http:\/\/museumek.eu\/wp-content\/uploads\/2011\/10\/Museum-Europ\u00e4ischer-Keramikkunst-2643.jpg 544w\" sizes=\"(max-width: 166px) 100vw, 166px\" \/><\/a><\/p>\n<p><a href=\"http:\/\/museumek.eu\/wp-content\/uploads\/2011\/10\/Museum-Europ\u00e4ischer-Keramikkunst-2642.jpg\"><img loading=\"lazy\" src=\"http:\/\/museumek.eu\/wp-content\/uploads\/2011\/10\/Museum-Europ\u00e4ischer-Keramikkunst-2642-182x300.jpg\" alt=\"\" title=\"Museum Europ\u00e4ischer Keramikkunst 2642\" width=\"182\" height=\"300\" class=\"alignnone size-medium wp-image-12047\" srcset=\"http:\/\/museumek.eu\/wp-content\/uploads\/2011\/10\/Museum-Europ\u00e4ischer-Keramikkunst-2642-182x300.jpg 182w, http:\/\/museumek.eu\/wp-content\/uploads\/2011\/10\/Museum-Europ\u00e4ischer-Keramikkunst-2642.jpg 600w\" sizes=\"(max-width: 182px) 100vw, 182px\" \/><\/a><\/p>\n<p><a href=\"http:\/\/museumek.eu\/wp-content\/uploads\/2011\/10\/Museum-Europ\u00e4ischer-Keramikkunst-1318.jpg\"><img loading=\"lazy\" src=\"http:\/\/museumek.eu\/wp-content\/uploads\/2011\/10\/Museum-Europ\u00e4ischer-Keramikkunst-1318-300x298.jpg\" alt=\"\" title=\"Museum Europ\u00e4ischer Keramikkunst 1318\" width=\"300\" height=\"298\" class=\"alignnone size-medium wp-image-6714\" srcset=\"http:\/\/museumek.eu\/wp-content\/uploads\/2011\/10\/Museum-Europ\u00e4ischer-Keramikkunst-1318-300x298.jpg 300w, http:\/\/museumek.eu\/wp-content\/uploads\/2011\/10\/Museum-Europ\u00e4ischer-Keramikkunst-1318-150x150.jpg 150w, http:\/\/museumek.eu\/wp-content\/uploads\/2011\/10\/Museum-Europ\u00e4ischer-Keramikkunst-1318-301x300.jpg 301w, http:\/\/museumek.eu\/wp-content\/uploads\/2011\/10\/Museum-Europ\u00e4ischer-Keramikkunst-1318.jpg 365w\" sizes=\"(max-width: 300px) 100vw, 300px\" \/><\/a><\/p>\n<p><a href=\"http:\/\/museumek.eu\/wp-content\/uploads\/2011\/10\/Museum-Europ\u00e4ischer-Keramikkunst-2645.jpg\"><img loading=\"lazy\" src=\"http:\/\/museumek.eu\/wp-content\/uploads\/2011\/10\/Museum-Europ\u00e4ischer-Keramikkunst-2645-154x300.jpg\" alt=\"\" title=\"Museum Europ\u00e4ischer Keramikkunst 2645\" width=\"154\" height=\"300\" class=\"alignnone size-medium wp-image-12048\" \/><\/a><\/p>\n","protected":false},"excerpt":{"rendered":"<p>Abteilung Austria\/Ungarn\/B\u00f6hmen, Keramik 1860 \u2013 1960, Inventarnummer A\/XXXI\/1 Manufaktur Hugo Franz Kirsch, Austria, Wien, um 1907, Figur Rokokodame mit F\u00e4cher, K\u00fcnstler Hugo Franz Kirsch, Werks.-Nr. 101, Exemplar Nr. ohne, gemarkt H. Kirsch Wiener Porzellan blauer Rundstempel, nicht signiert, Literatur: Waltraud &hellip; <a href=\"http:\/\/museumek.eu\/?page_id=6711\">Weiterlesen <span class=\"meta-nav\">&rarr;<\/span><\/a><\/p>\n","protected":false},"author":1,"featured_media":0,"parent":6708,"menu_order":1,"comment_status":"closed","ping_status":"closed","template":"","meta":[],"_links":{"self":[{"href":"http:\/\/museumek.eu\/index.php?rest_route=\/wp\/v2\/pages\/6711"}],"collection":[{"href":"http:\/\/museumek.eu\/index.php?rest_route=\/wp\/v2\/pages"}],"about":[{"href":"http:\/\/museumek.eu\/index.php?rest_route=\/wp\/v2\/types\/page"}],"author":[{"embeddable":true,"href":"http:\/\/museumek.eu\/index.php?rest_route=\/wp\/v2\/users\/1"}],"replies":[{"embeddable":true,"href":"http:\/\/museumek.eu\/index.php?rest_route=%2Fwp%2Fv2%2Fcomments&post=6711"}],"version-history":[{"count":4,"href":"http:\/\/museumek.eu\/index.php?rest_route=\/wp\/v2\/pages\/6711\/revisions"}],"predecessor-version":[{"id":12050,"href":"http:\/\/museumek.eu\/index.php?rest_route=\/wp\/v2\/pages\/6711\/revisions\/12050"}],"up":[{"embeddable":true,"href":"http:\/\/museumek.eu\/index.php?rest_route=\/wp\/v2\/pages\/6708"}],"wp:attachment":[{"href":"http:\/\/museumek.eu\/index.php?rest_route=%2Fwp%2Fv2%2Fmedia&parent=6711"}],"curies":[{"name":"wp","href":"https:\/\/api.w.org\/{rel}","templated":true}]}}