{"id":6728,"date":"2011-10-27T01:44:18","date_gmt":"2011-10-26T23:44:18","guid":{"rendered":"http:\/\/museumek.eu\/?page_id=6728"},"modified":"2013-04-25T23:35:26","modified_gmt":"2013-04-25T21:35:26","slug":"kurzbiografie-und-inventar-zum-kunstler","status":"publish","type":"page","link":"http:\/\/museumek.eu\/?page_id=6728","title":{"rendered":"Kurzbiografie und Inventar zum K\u00fcnstler"},"content":{"rendered":"<p>Hugo Franz Kirsch wurde am 15.07.1873 in Haindorf\/B\u00f6hmen geboren. Er starb am 24.05.1961 in Wien. Kirsch erhielt seine erste Ausbildung in der von seinem Vater geleiteten Porzellanfabrik R. Persch in Mildeneichen. Er studierte an der k.k. Fachschule f\u00fcr Tonindustrie in Teplitz. Weiterhin studierte er wohl an der M\u00fcnchner Kunstgewerbeschule und schlie\u00dflich an der Wiener Kunstgewerbeschule unter Linke, Barwig, Breitner und Myrbach. Unter Breitner absolvierte er sein Bildhauerstudium und unter Linke seinen keramischen Kurs mit dem Ergebnis, dass er eigene Glasurstudien unternahm. Kirsch unternham Bildungsreisen nach Italien, Deutschland und die Schweiz. 1906 gr\u00fcndete er sein eigenes Atelier. Kirsch war ein vielseitiger Bildhauer und arbeite in Porzellan, Keramik, Holz, Stein, Gips, Bronze und Elfenbein. Er lieferte auch Modelle f\u00fcr die Wiener Werkst\u00e4tte. Sp\u00e4ter arbeitete Kirsch als Lehrer. Anl\u00e4\u00dflich seiner Pensionierung wurde ihm der Titel Regierungsrat verliehen. Er erhielt diverse Auszeichnungen und seine Modelle wurden schon damals von bedeutenden Museen in Wien, Prag, Berlin, Dresden und Leipzig erworben.<\/p>\n<p><strong>Abteilung Austria\/Ungarn\/B\u00f6hmen, Keramik 1860 \u2013 1960, Inventarnummer A\/XXXI\/1<\/strong><\/p>\n<p>Hugo Franz Kirsch, Austria, Wien, um 1907, Figur Rokokodame mit F\u00e4cher, K\u00fcnstler Hugo Franz Kirsch, Werks.-Nr. 101, Exemplar Nr. ohne, gemarkt H. Kirsch Wiener Porzellan blauer Rundstempel, nicht signiert, Literatur: Waltraud Neuwirth, Wiener Keramik nach 1900, Hugo F. Kirsch, dort ohne Foto erw\u00e4hnt, nicht erfasst, Seite 52, Marke 161 identisch, gleiche Literatur: Seite 160, dito Figur in Gipsausf\u00fchrung, sowie zugeh\u00f6riges Verzeichnis der Arbeitsformen von Hugo F. Kirsch, Seite 11, Eintrag Nr. 101, St\u00fcckzahl 3, Bezeichnung: Rococofigur mit F\u00e4cher, Bildhauer Kirsch, Ausf\u00fchrung in Porzellan, vermutlich ist das MEK Exemplar inzwischen die einzige nachweisbare Figur, da nur 3 St\u00fcck gefertigt worden sind, generell sind die Porzellanfiguren von Kirsch sehr selten und entsprechend gesucht, siehe beispielhaft auch Auktionshaus Quittenbaum, 68. Auktion, Teil II, Jugendstil, Art D\u00e9co, vom 23.10.2007, Lot 1125, eine etwas gr\u00f6\u00dfere Porzellanfigur von Kirsch, H\u00f6he 20 cm, Breite 14 cm<\/p>\n<p><a href=\"http:\/\/museumek.eu\/wp-content\/uploads\/2011\/10\/Museum-Europ\u00e4ischer-Keramikkunst-2639.jpg\"><img loading=\"lazy\" src=\"http:\/\/museumek.eu\/wp-content\/uploads\/2011\/10\/Museum-Europ\u00e4ischer-Keramikkunst-2639-177x300.jpg\" alt=\"\" title=\"Museum Europ\u00e4ischer Keramikkunst 2639\" width=\"177\" height=\"300\" class=\"alignnone size-medium wp-image-12044\" srcset=\"http:\/\/museumek.eu\/wp-content\/uploads\/2011\/10\/Museum-Europ\u00e4ischer-Keramikkunst-2639-177x300.jpg 177w, http:\/\/museumek.eu\/wp-content\/uploads\/2011\/10\/Museum-Europ\u00e4ischer-Keramikkunst-2639.jpg 570w\" sizes=\"(max-width: 177px) 100vw, 177px\" \/><\/a><\/p>\n<p><a href=\"http:\/\/museumek.eu\/wp-content\/uploads\/2011\/10\/Museum-Europ\u00e4ischer-Keramikkunst-2641.jpg\"><img loading=\"lazy\" src=\"http:\/\/museumek.eu\/wp-content\/uploads\/2011\/10\/Museum-Europ\u00e4ischer-Keramikkunst-2641-167x300.jpg\" alt=\"\" title=\"Museum Europ\u00e4ischer Keramikkunst 2641\" width=\"167\" height=\"300\" class=\"alignnone size-medium wp-image-12045\" srcset=\"http:\/\/museumek.eu\/wp-content\/uploads\/2011\/10\/Museum-Europ\u00e4ischer-Keramikkunst-2641-167x300.jpg 167w, http:\/\/museumek.eu\/wp-content\/uploads\/2011\/10\/Museum-Europ\u00e4ischer-Keramikkunst-2641.jpg 567w\" sizes=\"(max-width: 167px) 100vw, 167px\" \/><\/a><\/p>\n<p><a href=\"http:\/\/museumek.eu\/wp-content\/uploads\/2011\/10\/Museum-Europ\u00e4ischer-Keramikkunst-2643.jpg\"><img loading=\"lazy\" src=\"http:\/\/museumek.eu\/wp-content\/uploads\/2011\/10\/Museum-Europ\u00e4ischer-Keramikkunst-2643-166x300.jpg\" alt=\"\" title=\"Museum Europ\u00e4ischer Keramikkunst 2643\" width=\"166\" height=\"300\" class=\"alignnone size-medium wp-image-12046\" srcset=\"http:\/\/museumek.eu\/wp-content\/uploads\/2011\/10\/Museum-Europ\u00e4ischer-Keramikkunst-2643-166x300.jpg 166w, http:\/\/museumek.eu\/wp-content\/uploads\/2011\/10\/Museum-Europ\u00e4ischer-Keramikkunst-2643.jpg 544w\" sizes=\"(max-width: 166px) 100vw, 166px\" \/><\/a><\/p>\n<p><a href=\"http:\/\/museumek.eu\/wp-content\/uploads\/2011\/10\/Museum-Europ\u00e4ischer-Keramikkunst-2642.jpg\"><img loading=\"lazy\" src=\"http:\/\/museumek.eu\/wp-content\/uploads\/2011\/10\/Museum-Europ\u00e4ischer-Keramikkunst-2642-182x300.jpg\" alt=\"\" title=\"Museum Europ\u00e4ischer Keramikkunst 2642\" width=\"182\" height=\"300\" class=\"alignnone size-medium wp-image-12047\" srcset=\"http:\/\/museumek.eu\/wp-content\/uploads\/2011\/10\/Museum-Europ\u00e4ischer-Keramikkunst-2642-182x300.jpg 182w, http:\/\/museumek.eu\/wp-content\/uploads\/2011\/10\/Museum-Europ\u00e4ischer-Keramikkunst-2642.jpg 600w\" sizes=\"(max-width: 182px) 100vw, 182px\" \/><\/a><\/p>\n<p><a href=\"http:\/\/museumek.eu\/wp-content\/uploads\/2011\/10\/Museum-Europ\u00e4ischer-Keramikkunst-1318.jpg\"><img loading=\"lazy\" src=\"http:\/\/museumek.eu\/wp-content\/uploads\/2011\/10\/Museum-Europ\u00e4ischer-Keramikkunst-1318-300x298.jpg\" alt=\"\" title=\"Museum Europ\u00e4ischer Keramikkunst 1318\" width=\"300\" height=\"298\" class=\"alignnone size-medium wp-image-6714\" srcset=\"http:\/\/museumek.eu\/wp-content\/uploads\/2011\/10\/Museum-Europ\u00e4ischer-Keramikkunst-1318-300x298.jpg 300w, http:\/\/museumek.eu\/wp-content\/uploads\/2011\/10\/Museum-Europ\u00e4ischer-Keramikkunst-1318-150x150.jpg 150w, http:\/\/museumek.eu\/wp-content\/uploads\/2011\/10\/Museum-Europ\u00e4ischer-Keramikkunst-1318-301x300.jpg 301w, http:\/\/museumek.eu\/wp-content\/uploads\/2011\/10\/Museum-Europ\u00e4ischer-Keramikkunst-1318.jpg 365w\" sizes=\"(max-width: 300px) 100vw, 300px\" \/><\/a><\/p>\n<p><a href=\"http:\/\/museumek.eu\/wp-content\/uploads\/2011\/10\/Museum-Europ\u00e4ischer-Keramikkunst-2645.jpg\"><img loading=\"lazy\" src=\"http:\/\/museumek.eu\/wp-content\/uploads\/2011\/10\/Museum-Europ\u00e4ischer-Keramikkunst-2645-154x300.jpg\" alt=\"\" title=\"Museum Europ\u00e4ischer Keramikkunst 2645\" width=\"154\" height=\"300\" class=\"alignnone size-medium wp-image-12048\" \/><\/a><\/p>\n","protected":false},"excerpt":{"rendered":"<p>Hugo Franz Kirsch wurde am 15.07.1873 in Haindorf\/B\u00f6hmen geboren. Er starb am 24.05.1961 in Wien. Kirsch erhielt seine erste Ausbildung in der von seinem Vater geleiteten Porzellanfabrik R. Persch in Mildeneichen. Er studierte an der k.k. Fachschule f\u00fcr Tonindustrie in &hellip; <a href=\"http:\/\/museumek.eu\/?page_id=6728\">Weiterlesen <span class=\"meta-nav\">&rarr;<\/span><\/a><\/p>\n","protected":false},"author":1,"featured_media":0,"parent":6725,"menu_order":0,"comment_status":"closed","ping_status":"closed","template":"","meta":[],"_links":{"self":[{"href":"http:\/\/museumek.eu\/index.php?rest_route=\/wp\/v2\/pages\/6728"}],"collection":[{"href":"http:\/\/museumek.eu\/index.php?rest_route=\/wp\/v2\/pages"}],"about":[{"href":"http:\/\/museumek.eu\/index.php?rest_route=\/wp\/v2\/types\/page"}],"author":[{"embeddable":true,"href":"http:\/\/museumek.eu\/index.php?rest_route=\/wp\/v2\/users\/1"}],"replies":[{"embeddable":true,"href":"http:\/\/museumek.eu\/index.php?rest_route=%2Fwp%2Fv2%2Fcomments&post=6728"}],"version-history":[{"count":5,"href":"http:\/\/museumek.eu\/index.php?rest_route=\/wp\/v2\/pages\/6728\/revisions"}],"predecessor-version":[{"id":20519,"href":"http:\/\/museumek.eu\/index.php?rest_route=\/wp\/v2\/pages\/6728\/revisions\/20519"}],"up":[{"embeddable":true,"href":"http:\/\/museumek.eu\/index.php?rest_route=\/wp\/v2\/pages\/6725"}],"wp:attachment":[{"href":"http:\/\/museumek.eu\/index.php?rest_route=%2Fwp%2Fv2%2Fmedia&parent=6728"}],"curies":[{"name":"wp","href":"https:\/\/api.w.org\/{rel}","templated":true}]}}