{"id":6886,"date":"2011-11-08T21:15:15","date_gmt":"2011-11-08T20:15:15","guid":{"rendered":"http:\/\/museumek.eu\/?page_id=6886"},"modified":"2012-09-02T15:10:03","modified_gmt":"2012-09-02T13:10:03","slug":"fotos-und-beschreibung","status":"publish","type":"page","link":"http:\/\/museumek.eu\/?page_id=6886","title":{"rendered":"Fotos und Beschreibung"},"content":{"rendered":"<p><strong>Abteilung Deutschland, Keramik 1860 \u2013 1960, Inventarnummer D\/XXVII\/1<\/strong><\/p>\n<p>Manufaktur Herzynia-Manufaktur Fritz Kochend\u00f6rfer, Deutschland, Osterode, um 1900, Wandplatte Beethoven, K\u00fcnstler Paul Ludwig Kowalczewski, Werksnummer 865, Exemplar-Nr. 2, weitere Nummer 87, gemarkt Fritz Kochend\u00f6rfer, 865, 2 sowie 87 gepresst, P. L. Kowalczewski geritzt, signiert P. L. Kowalczewski, teilweise bronziert, Literatur: Dieter Z\u00fchlsdorf, Keramik-Marken-Lexikon, Nr. 963, H\u00f6he 51 cm, Breite 35 cm<\/p>\n<p><a href=\"http:\/\/museumek.eu\/wp-content\/uploads\/2011\/11\/Museum-Europ\u00e4ischer-Keramikkunst-1348.jpg\"><img loading=\"lazy\" src=\"http:\/\/museumek.eu\/wp-content\/uploads\/2011\/11\/Museum-Europ\u00e4ischer-Keramikkunst-1348-249x300.jpg\" alt=\"\" title=\"Museum Europ\u00e4ischer Keramikkunst 1348\" width=\"249\" height=\"300\" class=\"alignnone size-medium wp-image-6877\" srcset=\"http:\/\/museumek.eu\/wp-content\/uploads\/2011\/11\/Museum-Europ\u00e4ischer-Keramikkunst-1348-249x300.jpg 249w, http:\/\/museumek.eu\/wp-content\/uploads\/2011\/11\/Museum-Europ\u00e4ischer-Keramikkunst-1348.jpg 768w\" sizes=\"(max-width: 249px) 100vw, 249px\" \/><\/a><\/p>\n<p><a href=\"http:\/\/museumek.eu\/wp-content\/uploads\/2011\/11\/Museum-Europ\u00e4ischer-Keramikkunst-1350.jpg\"><img loading=\"lazy\" src=\"http:\/\/museumek.eu\/wp-content\/uploads\/2011\/11\/Museum-Europ\u00e4ischer-Keramikkunst-1350-300x128.jpg\" alt=\"\" title=\"Museum Europ\u00e4ischer Keramikkunst 1350\" width=\"300\" height=\"128\" class=\"alignnone size-medium wp-image-6878\" srcset=\"http:\/\/museumek.eu\/wp-content\/uploads\/2011\/11\/Museum-Europ\u00e4ischer-Keramikkunst-1350-300x128.jpg 300w, http:\/\/museumek.eu\/wp-content\/uploads\/2011\/11\/Museum-Europ\u00e4ischer-Keramikkunst-1350-500x213.jpg 500w, http:\/\/museumek.eu\/wp-content\/uploads\/2011\/11\/Museum-Europ\u00e4ischer-Keramikkunst-1350.jpg 724w\" sizes=\"(max-width: 300px) 100vw, 300px\" \/><\/a><\/p>\n<p><a href=\"http:\/\/museumek.eu\/wp-content\/uploads\/2011\/11\/Museum-Europ\u00e4ischer-Keramikkunst-1351.jpg\"><img loading=\"lazy\" src=\"http:\/\/museumek.eu\/wp-content\/uploads\/2011\/11\/Museum-Europ\u00e4ischer-Keramikkunst-1351-300x105.jpg\" alt=\"\" title=\"Museum Europ\u00e4ischer Keramikkunst 1351\" width=\"300\" height=\"105\" class=\"alignnone size-medium wp-image-6879\" srcset=\"http:\/\/museumek.eu\/wp-content\/uploads\/2011\/11\/Museum-Europ\u00e4ischer-Keramikkunst-1351-300x105.jpg 300w, http:\/\/museumek.eu\/wp-content\/uploads\/2011\/11\/Museum-Europ\u00e4ischer-Keramikkunst-1351.jpg 828w, http:\/\/museumek.eu\/wp-content\/uploads\/2011\/11\/Museum-Europ\u00e4ischer-Keramikkunst-1351-500x176.jpg 500w\" sizes=\"(max-width: 300px) 100vw, 300px\" \/><\/a><\/p>\n","protected":false},"excerpt":{"rendered":"<p>Abteilung Deutschland, Keramik 1860 \u2013 1960, Inventarnummer D\/XXVII\/1 Manufaktur Herzynia-Manufaktur Fritz Kochend\u00f6rfer, Deutschland, Osterode, um 1900, Wandplatte Beethoven, K\u00fcnstler Paul Ludwig Kowalczewski, Werksnummer 865, Exemplar-Nr. 2, weitere Nummer 87, gemarkt Fritz Kochend\u00f6rfer, 865, 2 sowie 87 gepresst, P. L. Kowalczewski &hellip; <a href=\"http:\/\/museumek.eu\/?page_id=6886\">Weiterlesen <span class=\"meta-nav\">&rarr;<\/span><\/a><\/p>\n","protected":false},"author":1,"featured_media":0,"parent":6883,"menu_order":0,"comment_status":"closed","ping_status":"closed","template":"","meta":[],"_links":{"self":[{"href":"http:\/\/museumek.eu\/index.php?rest_route=\/wp\/v2\/pages\/6886"}],"collection":[{"href":"http:\/\/museumek.eu\/index.php?rest_route=\/wp\/v2\/pages"}],"about":[{"href":"http:\/\/museumek.eu\/index.php?rest_route=\/wp\/v2\/types\/page"}],"author":[{"embeddable":true,"href":"http:\/\/museumek.eu\/index.php?rest_route=\/wp\/v2\/users\/1"}],"replies":[{"embeddable":true,"href":"http:\/\/museumek.eu\/index.php?rest_route=%2Fwp%2Fv2%2Fcomments&post=6886"}],"version-history":[{"count":3,"href":"http:\/\/museumek.eu\/index.php?rest_route=\/wp\/v2\/pages\/6886\/revisions"}],"predecessor-version":[{"id":13266,"href":"http:\/\/museumek.eu\/index.php?rest_route=\/wp\/v2\/pages\/6886\/revisions\/13266"}],"up":[{"embeddable":true,"href":"http:\/\/museumek.eu\/index.php?rest_route=\/wp\/v2\/pages\/6883"}],"wp:attachment":[{"href":"http:\/\/museumek.eu\/index.php?rest_route=%2Fwp%2Fv2%2Fmedia&parent=6886"}],"curies":[{"name":"wp","href":"https:\/\/api.w.org\/{rel}","templated":true}]}}