{"id":6894,"date":"2011-11-08T21:31:22","date_gmt":"2011-11-08T20:31:22","guid":{"rendered":"http:\/\/museumek.eu\/?page_id=6894"},"modified":"2013-04-25T23:41:55","modified_gmt":"2013-04-25T21:41:55","slug":"kurzbiographie-und-inventar-zum-kunstler","status":"publish","type":"page","link":"http:\/\/museumek.eu\/?page_id=6894","title":{"rendered":"Kurzbiographie und Inventar zum K\u00fcnstler"},"content":{"rendered":"<p>Paul Ludwig Kowalczewski wurde 1865 in Mieltschin (polnisch Mielzyn) geboren. Er starb 1910 in Berlin. Kowalczewski war ein hervorragender Bildhauer seiner Zeit. Er arbeitet mit vielen bedeutenden Gie\u00dfereien zusammen, und arbeitet vor allen Dingen in vollplastischer Bronzedarstellung. F\u00fcr das Atelier von Fritz Kochend\u00f6rfer schuf er verschiedene vollplastische Modelle. Weitere Wandplatten konnten nicht recherchiert werden, auch keine Bronzewandplatten, somit ist die zum MEK Inventar geh\u00f6rende Wandplatte ein \u00e4u\u00dferst seltenes Exemplar. Weitere Lebensdaten konnten nicht recherchiert werden.<\/p>\n<p><strong>Abteilung Deutschland, Keramik 1860 \u2013 1960, Inventarnummer D\/XXVII\/1<\/strong><\/p>\n<p>Herzynia-Manufaktur Fritz Kochend\u00f6rfer, Deutschland, Osterode, um 1900, Wandplatte Beethoven, K\u00fcnstler Paul Ludwig Kowalczewski, Werksnummer 865, Exemplar-Nr. 2, weitere Nummer 87, gemarkt Fritz Kochend\u00f6rfer, 865, 2 sowie 87 gepresst, P. L. Kowalczewski geritzt, signiert P. L. Kowalczewski, teilweise bronziert, Literatur: Dieter Z\u00fchlsdorf, Keramik-Marken-Lexikon, Nr. 963, H\u00f6he 51 cm, Breite 35 cm<\/p>\n<p><a href=\"http:\/\/museumek.eu\/wp-content\/uploads\/2011\/11\/Museum-Europ\u00e4ischer-Keramikkunst-1348.jpg\"><img loading=\"lazy\" src=\"http:\/\/museumek.eu\/wp-content\/uploads\/2011\/11\/Museum-Europ\u00e4ischer-Keramikkunst-1348-249x300.jpg\" alt=\"\" title=\"Museum Europ\u00e4ischer Keramikkunst 1348\" width=\"249\" height=\"300\" class=\"alignnone size-medium wp-image-6877\" srcset=\"http:\/\/museumek.eu\/wp-content\/uploads\/2011\/11\/Museum-Europ\u00e4ischer-Keramikkunst-1348-249x300.jpg 249w, http:\/\/museumek.eu\/wp-content\/uploads\/2011\/11\/Museum-Europ\u00e4ischer-Keramikkunst-1348.jpg 768w\" sizes=\"(max-width: 249px) 100vw, 249px\" \/><\/a><\/p>\n<p><a href=\"http:\/\/museumek.eu\/wp-content\/uploads\/2011\/11\/Museum-Europ\u00e4ischer-Keramikkunst-1350.jpg\"><img loading=\"lazy\" src=\"http:\/\/museumek.eu\/wp-content\/uploads\/2011\/11\/Museum-Europ\u00e4ischer-Keramikkunst-1350-300x128.jpg\" alt=\"\" title=\"Museum Europ\u00e4ischer Keramikkunst 1350\" width=\"300\" height=\"128\" class=\"alignnone size-medium wp-image-6878\" srcset=\"http:\/\/museumek.eu\/wp-content\/uploads\/2011\/11\/Museum-Europ\u00e4ischer-Keramikkunst-1350-300x128.jpg 300w, http:\/\/museumek.eu\/wp-content\/uploads\/2011\/11\/Museum-Europ\u00e4ischer-Keramikkunst-1350-500x213.jpg 500w, http:\/\/museumek.eu\/wp-content\/uploads\/2011\/11\/Museum-Europ\u00e4ischer-Keramikkunst-1350.jpg 724w\" sizes=\"(max-width: 300px) 100vw, 300px\" \/><\/a><\/p>\n<p><a href=\"http:\/\/museumek.eu\/wp-content\/uploads\/2011\/11\/Museum-Europ\u00e4ischer-Keramikkunst-1351.jpg\"><img loading=\"lazy\" src=\"http:\/\/museumek.eu\/wp-content\/uploads\/2011\/11\/Museum-Europ\u00e4ischer-Keramikkunst-1351-300x105.jpg\" alt=\"\" title=\"Museum Europ\u00e4ischer Keramikkunst 1351\" width=\"300\" height=\"105\" class=\"alignnone size-medium wp-image-6879\" srcset=\"http:\/\/museumek.eu\/wp-content\/uploads\/2011\/11\/Museum-Europ\u00e4ischer-Keramikkunst-1351-300x105.jpg 300w, http:\/\/museumek.eu\/wp-content\/uploads\/2011\/11\/Museum-Europ\u00e4ischer-Keramikkunst-1351.jpg 828w, http:\/\/museumek.eu\/wp-content\/uploads\/2011\/11\/Museum-Europ\u00e4ischer-Keramikkunst-1351-500x176.jpg 500w\" sizes=\"(max-width: 300px) 100vw, 300px\" \/><\/a><\/p>\n","protected":false},"excerpt":{"rendered":"<p>Paul Ludwig Kowalczewski wurde 1865 in Mieltschin (polnisch Mielzyn) geboren. Er starb 1910 in Berlin. Kowalczewski war ein hervorragender Bildhauer seiner Zeit. Er arbeitet mit vielen bedeutenden Gie\u00dfereien zusammen, und arbeitet vor allen Dingen in vollplastischer Bronzedarstellung. F\u00fcr das Atelier &hellip; <a href=\"http:\/\/museumek.eu\/?page_id=6894\">Weiterlesen <span class=\"meta-nav\">&rarr;<\/span><\/a><\/p>\n","protected":false},"author":1,"featured_media":0,"parent":6891,"menu_order":0,"comment_status":"closed","ping_status":"closed","template":"","meta":[],"_links":{"self":[{"href":"http:\/\/museumek.eu\/index.php?rest_route=\/wp\/v2\/pages\/6894"}],"collection":[{"href":"http:\/\/museumek.eu\/index.php?rest_route=\/wp\/v2\/pages"}],"about":[{"href":"http:\/\/museumek.eu\/index.php?rest_route=\/wp\/v2\/types\/page"}],"author":[{"embeddable":true,"href":"http:\/\/museumek.eu\/index.php?rest_route=\/wp\/v2\/users\/1"}],"replies":[{"embeddable":true,"href":"http:\/\/museumek.eu\/index.php?rest_route=%2Fwp%2Fv2%2Fcomments&post=6894"}],"version-history":[{"count":4,"href":"http:\/\/museumek.eu\/index.php?rest_route=\/wp\/v2\/pages\/6894\/revisions"}],"predecessor-version":[{"id":20526,"href":"http:\/\/museumek.eu\/index.php?rest_route=\/wp\/v2\/pages\/6894\/revisions\/20526"}],"up":[{"embeddable":true,"href":"http:\/\/museumek.eu\/index.php?rest_route=\/wp\/v2\/pages\/6891"}],"wp:attachment":[{"href":"http:\/\/museumek.eu\/index.php?rest_route=%2Fwp%2Fv2%2Fmedia&parent=6894"}],"curies":[{"name":"wp","href":"https:\/\/api.w.org\/{rel}","templated":true}]}}