{"id":6906,"date":"2011-11-08T23:07:12","date_gmt":"2011-11-08T22:07:12","guid":{"rendered":"http:\/\/museumek.eu\/?page_id=6906"},"modified":"2013-04-09T23:53:13","modified_gmt":"2013-04-09T21:53:13","slug":"iii1","status":"publish","type":"page","link":"http:\/\/museumek.eu\/?page_id=6906","title":{"rendered":"I\/II\/1"},"content":{"rendered":"<p><strong>Abteilung Italien, Keramik 1860 \u2013 1960, Inventarnummer I\/II\/1<\/strong><\/p>\n<p>Manufaktur Societ\u00e0 Ceramica Richard-Ginori, Italien, Mailand, um 1920, gro\u00dfe Vase, K\u00fcnstler unbekannt, Werks.-Nr. 1633 (?), Exemplar Nr. ohne, Decor Nr. 450 E (?), gemarkt Firmenmarke mit Richard, Ginori und stilisierter Krone, M1633, 450 E sowie E alles mit Gold auf Glasur gemalt, nicht signiert, Literatur: J. G. Th. Graesse und E. Jaenicke, F\u00fchrer f\u00fcr Sammler von Porzellan und Fayence, Steinzeug, Steingut usw., Seite 630, Marke Nr. 16 identisch, weitere Literatur: Dieter Z\u00fchlsdorf, Keramikmarken-Lexikon, Nr. 252, Beschreibung der Manufaktur und Abbildung der identischen Marke f\u00fcr die Zeit Anfang 20. Jhd., 1896 kaufte die Societ\u00e0 Ceramica Richard die Manifattura Ginori auf und firmierte dann als Societ\u00e0 Ceramica Richard-Ginori, siehe auch MEK I\/III\/1, Teller der Manifattura Ginori, H\u00f6he 37 cm, Breite 23 cm<\/p>\n<p><a href=\"http:\/\/museumek.eu\/wp-content\/uploads\/2011\/11\/Museum-Europ\u00e4ischer-Keramikkunst-13541.jpg\"><img loading=\"lazy\" src=\"http:\/\/museumek.eu\/wp-content\/uploads\/2011\/11\/Museum-Europ\u00e4ischer-Keramikkunst-13541-186x300.jpg\" alt=\"\" title=\"Museum Europ\u00e4ischer Keramikkunst 1354\" width=\"186\" height=\"300\" class=\"alignnone size-medium wp-image-6908\" srcset=\"http:\/\/museumek.eu\/wp-content\/uploads\/2011\/11\/Museum-Europ\u00e4ischer-Keramikkunst-13541-186x300.jpg 186w, http:\/\/museumek.eu\/wp-content\/uploads\/2011\/11\/Museum-Europ\u00e4ischer-Keramikkunst-13541.jpg 598w\" sizes=\"(max-width: 186px) 100vw, 186px\" \/><\/a><\/p>\n<p><a href=\"http:\/\/museumek.eu\/wp-content\/uploads\/2011\/11\/Museum-Europ\u00e4ischer-Keramikkunst-13571.jpg\"><img loading=\"lazy\" src=\"http:\/\/museumek.eu\/wp-content\/uploads\/2011\/11\/Museum-Europ\u00e4ischer-Keramikkunst-13571-247x300.jpg\" alt=\"\" title=\"Museum Europ\u00e4ischer Keramikkunst 1357\" width=\"247\" height=\"300\" class=\"alignnone size-medium wp-image-6910\" srcset=\"http:\/\/museumek.eu\/wp-content\/uploads\/2011\/11\/Museum-Europ\u00e4ischer-Keramikkunst-13571-247x300.jpg 247w, http:\/\/museumek.eu\/wp-content\/uploads\/2011\/11\/Museum-Europ\u00e4ischer-Keramikkunst-13571.jpg 375w\" sizes=\"(max-width: 247px) 100vw, 247px\" \/><\/a><\/p>\n","protected":false},"excerpt":{"rendered":"<p>Abteilung Italien, Keramik 1860 \u2013 1960, Inventarnummer I\/II\/1 Manufaktur Societ\u00e0 Ceramica Richard-Ginori, Italien, Mailand, um 1920, gro\u00dfe Vase, K\u00fcnstler unbekannt, Werks.-Nr. 1633 (?), Exemplar Nr. ohne, Decor Nr. 450 E (?), gemarkt Firmenmarke mit Richard, Ginori und stilisierter Krone, M1633, &hellip; <a href=\"http:\/\/museumek.eu\/?page_id=6906\">Weiterlesen <span class=\"meta-nav\">&rarr;<\/span><\/a><\/p>\n","protected":false},"author":1,"featured_media":0,"parent":6903,"menu_order":1,"comment_status":"closed","ping_status":"closed","template":"","meta":[],"_links":{"self":[{"href":"http:\/\/museumek.eu\/index.php?rest_route=\/wp\/v2\/pages\/6906"}],"collection":[{"href":"http:\/\/museumek.eu\/index.php?rest_route=\/wp\/v2\/pages"}],"about":[{"href":"http:\/\/museumek.eu\/index.php?rest_route=\/wp\/v2\/types\/page"}],"author":[{"embeddable":true,"href":"http:\/\/museumek.eu\/index.php?rest_route=\/wp\/v2\/users\/1"}],"replies":[{"embeddable":true,"href":"http:\/\/museumek.eu\/index.php?rest_route=%2Fwp%2Fv2%2Fcomments&post=6906"}],"version-history":[{"count":3,"href":"http:\/\/museumek.eu\/index.php?rest_route=\/wp\/v2\/pages\/6906\/revisions"}],"predecessor-version":[{"id":19545,"href":"http:\/\/museumek.eu\/index.php?rest_route=\/wp\/v2\/pages\/6906\/revisions\/19545"}],"up":[{"embeddable":true,"href":"http:\/\/museumek.eu\/index.php?rest_route=\/wp\/v2\/pages\/6903"}],"wp:attachment":[{"href":"http:\/\/museumek.eu\/index.php?rest_route=%2Fwp%2Fv2%2Fmedia&parent=6906"}],"curies":[{"name":"wp","href":"https:\/\/api.w.org\/{rel}","templated":true}]}}