{"id":694,"date":"2011-08-08T23:27:33","date_gmt":"2011-08-08T21:27:33","guid":{"rendered":"http:\/\/museumek.eu\/?page_id=694"},"modified":"2012-10-12T22:47:56","modified_gmt":"2012-10-12T20:47:56","slug":"aiv1","status":"publish","type":"page","link":"http:\/\/museumek.eu\/?page_id=694","title":{"rendered":"A\/IV\/1"},"content":{"rendered":"<p><strong>Abteilung Austria\/Ungarn\/B\u00f6hmen, Keramik 1860 \u2013 1960, Inventarnummer A\/IV\/1<\/strong><\/p>\n<p>Manufaktur Wiener Kunstkeramik und Porzellanmanufaktur Keramos, Austria, Wien, Ausformung 1950\u2019 Jahre, Figur M\u00e4dchen \u201eAlt Wien\u201c, K\u00fcnstler Rudolf Podany,<br \/>\nWerks.-Nr. 988, Exemplar Nr. ohne, gemarkt Keramos Wien Made in Austria sowie Modell Podany schwarze Stempel, nicht signiert, Literatur: Uta M. Matschiner, Wiener Kunstkeramik und Porzellanmanufaktur Keramos mit Werksverzeichnis, Seite 404, Nr. 988, identische Figur, Entwurf Rudolf Podany, in anderer Farbgebung und Gr\u00f6\u00dfe abgebildet, H\u00f6he 18,5 cm, Breite 16 cm<\/p>\n<p><a href=\"http:\/\/museumek.eu\/wp-content\/uploads\/2011\/08\/Museum-Europ\u00e4ischer-Keramikkunst-Qualit\u00e4tsfotos-118.jpg\"><img loading=\"lazy\" src=\"http:\/\/museumek.eu\/wp-content\/uploads\/2011\/08\/Museum-Europ\u00e4ischer-Keramikkunst-Qualit\u00e4tsfotos-118-187x300.jpg\" alt=\"\" title=\"Museum Europ\u00e4ischer Keramikkunst Qualit\u00e4tsfotos 118\" width=\"187\" height=\"300\" class=\"alignnone size-medium wp-image-695\" srcset=\"http:\/\/museumek.eu\/wp-content\/uploads\/2011\/08\/Museum-Europ\u00e4ischer-Keramikkunst-Qualit\u00e4tsfotos-118-187x300.jpg 187w, http:\/\/museumek.eu\/wp-content\/uploads\/2011\/08\/Museum-Europ\u00e4ischer-Keramikkunst-Qualit\u00e4tsfotos-118.jpg 602w\" sizes=\"(max-width: 187px) 100vw, 187px\" \/><\/a><\/p>\n<p><a href=\"http:\/\/museumek.eu\/wp-content\/uploads\/2011\/08\/Museum-Europ\u00e4ischer-Keramikkunst-215.jpg\"><img loading=\"lazy\" src=\"http:\/\/museumek.eu\/wp-content\/uploads\/2011\/08\/Museum-Europ\u00e4ischer-Keramikkunst-215-287x300.jpg\" alt=\"\" title=\"Museum Europ\u00e4ischer Keramikkunst 215\" width=\"287\" height=\"300\" class=\"alignnone size-medium wp-image-696\" srcset=\"http:\/\/museumek.eu\/wp-content\/uploads\/2011\/08\/Museum-Europ\u00e4ischer-Keramikkunst-215-287x300.jpg 287w, http:\/\/museumek.eu\/wp-content\/uploads\/2011\/08\/Museum-Europ\u00e4ischer-Keramikkunst-215.jpg 634w\" sizes=\"(max-width: 287px) 100vw, 287px\" \/><\/a><\/p>\n","protected":false},"excerpt":{"rendered":"<p>Abteilung Austria\/Ungarn\/B\u00f6hmen, Keramik 1860 \u2013 1960, Inventarnummer A\/IV\/1 Manufaktur Wiener Kunstkeramik und Porzellanmanufaktur Keramos, Austria, Wien, Ausformung 1950\u2019 Jahre, Figur M\u00e4dchen \u201eAlt Wien\u201c, K\u00fcnstler Rudolf Podany, Werks.-Nr. 988, Exemplar Nr. ohne, gemarkt Keramos Wien Made in Austria sowie Modell Podany &hellip; <a href=\"http:\/\/museumek.eu\/?page_id=694\">Weiterlesen <span class=\"meta-nav\">&rarr;<\/span><\/a><\/p>\n","protected":false},"author":1,"featured_media":0,"parent":691,"menu_order":1,"comment_status":"closed","ping_status":"closed","template":"","meta":[],"_links":{"self":[{"href":"http:\/\/museumek.eu\/index.php?rest_route=\/wp\/v2\/pages\/694"}],"collection":[{"href":"http:\/\/museumek.eu\/index.php?rest_route=\/wp\/v2\/pages"}],"about":[{"href":"http:\/\/museumek.eu\/index.php?rest_route=\/wp\/v2\/types\/page"}],"author":[{"embeddable":true,"href":"http:\/\/museumek.eu\/index.php?rest_route=\/wp\/v2\/users\/1"}],"replies":[{"embeddable":true,"href":"http:\/\/museumek.eu\/index.php?rest_route=%2Fwp%2Fv2%2Fcomments&post=694"}],"version-history":[{"count":8,"href":"http:\/\/museumek.eu\/index.php?rest_route=\/wp\/v2\/pages\/694\/revisions"}],"predecessor-version":[{"id":15069,"href":"http:\/\/museumek.eu\/index.php?rest_route=\/wp\/v2\/pages\/694\/revisions\/15069"}],"up":[{"embeddable":true,"href":"http:\/\/museumek.eu\/index.php?rest_route=\/wp\/v2\/pages\/691"}],"wp:attachment":[{"href":"http:\/\/museumek.eu\/index.php?rest_route=%2Fwp%2Fv2%2Fmedia&parent=694"}],"curies":[{"name":"wp","href":"https:\/\/api.w.org\/{rel}","templated":true}]}}