{"id":6944,"date":"2011-11-09T14:14:44","date_gmt":"2011-11-09T13:14:44","guid":{"rendered":"http:\/\/museumek.eu\/?page_id=6944"},"modified":"2011-11-09T14:14:44","modified_gmt":"2011-11-09T13:14:44","slug":"fotos-und-beschreibung","status":"publish","type":"page","link":"http:\/\/museumek.eu\/?page_id=6944","title":{"rendered":"Fotos und Beschreibung"},"content":{"rendered":"<p><strong>Abteilung England, Keramik 1860 \u2013 1960, Inventarnummer E\/IV\/1<\/strong><\/p>\n<p>Manufaktur Goldscheider Pottery Ltd., England, Stoke-on-Trent, um 1955, Figur Rehgruppe, K\u00fcnstler unbekannt, Werks.-Nr. nicht lesbar, Exemplar Nr. ohne, gemarkt M (f\u00fcr Marcell) Goldscheider Staffordshire gr\u00fcner Farbstempel, unleserliche Pressnummer, h oder 4 gemalt, nicht signiert, Literatur: Robert E. Dechant\/Filipp Goldscheider, Firmengeschichte und Werkverzeichnis, Seite 269 Firmennachweis,<br \/>\nSeite 608 Markennachweis, H\u00f6he 11 cm, Breite 15,5 cm<\/p>\n<p><a href=\"http:\/\/museumek.eu\/wp-content\/uploads\/2011\/11\/Museum-Europ\u00e4ischer-Keramikkunst-13581.jpg\"><img loading=\"lazy\" src=\"http:\/\/museumek.eu\/wp-content\/uploads\/2011\/11\/Museum-Europ\u00e4ischer-Keramikkunst-13581-270x300.jpg\" alt=\"\" title=\"Museum Europ\u00e4ischer Keramikkunst 1358\" width=\"270\" height=\"300\" class=\"alignnone size-medium wp-image-6935\" srcset=\"http:\/\/museumek.eu\/wp-content\/uploads\/2011\/11\/Museum-Europ\u00e4ischer-Keramikkunst-13581-270x300.jpg 270w, http:\/\/museumek.eu\/wp-content\/uploads\/2011\/11\/Museum-Europ\u00e4ischer-Keramikkunst-13581.jpg 611w\" sizes=\"(max-width: 270px) 100vw, 270px\" \/><\/a><\/p>\n<p><a href=\"http:\/\/museumek.eu\/wp-content\/uploads\/2011\/11\/Museum-Europ\u00e4ischer-Keramikkunst-1362.jpg\"><img loading=\"lazy\" src=\"http:\/\/museumek.eu\/wp-content\/uploads\/2011\/11\/Museum-Europ\u00e4ischer-Keramikkunst-1362-300x289.jpg\" alt=\"\" title=\"Museum Europ\u00e4ischer Keramikkunst 1362\" width=\"300\" height=\"289\" class=\"alignnone size-medium wp-image-6936\" srcset=\"http:\/\/museumek.eu\/wp-content\/uploads\/2011\/11\/Museum-Europ\u00e4ischer-Keramikkunst-1362-300x289.jpg 300w, http:\/\/museumek.eu\/wp-content\/uploads\/2011\/11\/Museum-Europ\u00e4ischer-Keramikkunst-1362-311x300.jpg 311w, http:\/\/museumek.eu\/wp-content\/uploads\/2011\/11\/Museum-Europ\u00e4ischer-Keramikkunst-1362.jpg 440w\" sizes=\"(max-width: 300px) 100vw, 300px\" \/><\/a><\/p>\n<p><a href=\"http:\/\/museumek.eu\/wp-content\/uploads\/2011\/11\/Museum-Europ\u00e4ischer-Keramikkunst-1363.jpg\"><img loading=\"lazy\" src=\"http:\/\/museumek.eu\/wp-content\/uploads\/2011\/11\/Museum-Europ\u00e4ischer-Keramikkunst-1363-300x166.jpg\" alt=\"\" title=\"Museum Europ\u00e4ischer Keramikkunst 1363\" width=\"300\" height=\"166\" class=\"alignnone size-medium wp-image-6937\" srcset=\"http:\/\/museumek.eu\/wp-content\/uploads\/2011\/11\/Museum-Europ\u00e4ischer-Keramikkunst-1363-300x166.jpg 300w, http:\/\/museumek.eu\/wp-content\/uploads\/2011\/11\/Museum-Europ\u00e4ischer-Keramikkunst-1363.jpg 381w\" sizes=\"(max-width: 300px) 100vw, 300px\" \/><\/a><\/p>\n","protected":false},"excerpt":{"rendered":"<p>Abteilung England, Keramik 1860 \u2013 1960, Inventarnummer E\/IV\/1 Manufaktur Goldscheider Pottery Ltd., England, Stoke-on-Trent, um 1955, Figur Rehgruppe, K\u00fcnstler unbekannt, Werks.-Nr. nicht lesbar, Exemplar Nr. ohne, gemarkt M (f\u00fcr Marcell) Goldscheider Staffordshire gr\u00fcner Farbstempel, unleserliche Pressnummer, h oder 4 gemalt, &hellip; <a href=\"http:\/\/museumek.eu\/?page_id=6944\">Weiterlesen <span class=\"meta-nav\">&rarr;<\/span><\/a><\/p>\n","protected":false},"author":1,"featured_media":0,"parent":6941,"menu_order":0,"comment_status":"closed","ping_status":"closed","template":"","meta":[],"_links":{"self":[{"href":"http:\/\/museumek.eu\/index.php?rest_route=\/wp\/v2\/pages\/6944"}],"collection":[{"href":"http:\/\/museumek.eu\/index.php?rest_route=\/wp\/v2\/pages"}],"about":[{"href":"http:\/\/museumek.eu\/index.php?rest_route=\/wp\/v2\/types\/page"}],"author":[{"embeddable":true,"href":"http:\/\/museumek.eu\/index.php?rest_route=\/wp\/v2\/users\/1"}],"replies":[{"embeddable":true,"href":"http:\/\/museumek.eu\/index.php?rest_route=%2Fwp%2Fv2%2Fcomments&post=6944"}],"version-history":[{"count":2,"href":"http:\/\/museumek.eu\/index.php?rest_route=\/wp\/v2\/pages\/6944\/revisions"}],"predecessor-version":[{"id":6946,"href":"http:\/\/museumek.eu\/index.php?rest_route=\/wp\/v2\/pages\/6944\/revisions\/6946"}],"up":[{"embeddable":true,"href":"http:\/\/museumek.eu\/index.php?rest_route=\/wp\/v2\/pages\/6941"}],"wp:attachment":[{"href":"http:\/\/museumek.eu\/index.php?rest_route=%2Fwp%2Fv2%2Fmedia&parent=6944"}],"curies":[{"name":"wp","href":"https:\/\/api.w.org\/{rel}","templated":true}]}}