{"id":699,"date":"2011-08-08T23:32:07","date_gmt":"2011-08-08T21:32:07","guid":{"rendered":"http:\/\/museumek.eu\/?page_id=699"},"modified":"2012-10-12T22:49:33","modified_gmt":"2012-10-12T20:49:33","slug":"aiv2","status":"publish","type":"page","link":"http:\/\/museumek.eu\/?page_id=699","title":{"rendered":"A\/IV\/2"},"content":{"rendered":"<p><strong>Abteilung Austria\/Ungarn\/B\u00f6hmen, Keramik 1860 \u2013 1960, Inventarnummer A\/IV\/2<\/strong><\/p>\n<p>Manufaktur Wiener Kunstkeramik und Porzellanmanufaktur Keramos, Austria, Wien, Ausformung 1950\u2019 Jahre, Figur T\u00e4nzerin, K\u00fcnstler Stephan Dakon, Werks.-Nr. 2930, Exemplar Nr. ohne, gemarkt Keramos Wien Made in Austria schwarzer Stempel, 2930 gepresst, nicht signiert, Literatur: Uta M. Matschiner, Wiener Kunstkeramik und Porzellanmanufaktur Keramos mit Werksverzeichnis, Seite 619, identische T\u00e4nzerin, Entwurf Stephan Dakon, in anderer Farbgebung und Gr\u00f6\u00dfe abgebildet,<br \/>\nH\u00f6he 23,5 cm, Breite 22 cm<\/p>\n<p><a href=\"http:\/\/museumek.eu\/wp-content\/uploads\/2011\/08\/Museum-Europ\u00e4ischer-Keramikkunst-Qualit\u00e4tsfotos-119.jpg\"><img loading=\"lazy\" src=\"http:\/\/museumek.eu\/wp-content\/uploads\/2011\/08\/Museum-Europ\u00e4ischer-Keramikkunst-Qualit\u00e4tsfotos-119-152x300.jpg\" alt=\"\" title=\"Museum Europ\u00e4ischer Keramikkunst Qualit\u00e4tsfotos 119\" width=\"152\" height=\"300\" class=\"alignnone size-medium wp-image-700\" srcset=\"http:\/\/museumek.eu\/wp-content\/uploads\/2011\/08\/Museum-Europ\u00e4ischer-Keramikkunst-Qualit\u00e4tsfotos-119-152x300.jpg 152w, http:\/\/museumek.eu\/wp-content\/uploads\/2011\/08\/Museum-Europ\u00e4ischer-Keramikkunst-Qualit\u00e4tsfotos-119.jpg 466w\" sizes=\"(max-width: 152px) 100vw, 152px\" \/><\/a><\/p>\n<p><a href=\"http:\/\/museumek.eu\/wp-content\/uploads\/2011\/08\/Museum-Europ\u00e4ischer-Keramikkunst-217.jpg\"><img loading=\"lazy\" src=\"http:\/\/museumek.eu\/wp-content\/uploads\/2011\/08\/Museum-Europ\u00e4ischer-Keramikkunst-217-198x300.jpg\" alt=\"\" title=\"Museum Europ\u00e4ischer Keramikkunst 217\" width=\"198\" height=\"300\" class=\"alignnone size-medium wp-image-701\" srcset=\"http:\/\/museumek.eu\/wp-content\/uploads\/2011\/08\/Museum-Europ\u00e4ischer-Keramikkunst-217-198x300.jpg 198w, http:\/\/museumek.eu\/wp-content\/uploads\/2011\/08\/Museum-Europ\u00e4ischer-Keramikkunst-217.jpg 420w\" sizes=\"(max-width: 198px) 100vw, 198px\" \/><\/a><\/p>\n","protected":false},"excerpt":{"rendered":"<p>Abteilung Austria\/Ungarn\/B\u00f6hmen, Keramik 1860 \u2013 1960, Inventarnummer A\/IV\/2 Manufaktur Wiener Kunstkeramik und Porzellanmanufaktur Keramos, Austria, Wien, Ausformung 1950\u2019 Jahre, Figur T\u00e4nzerin, K\u00fcnstler Stephan Dakon, Werks.-Nr. 2930, Exemplar Nr. ohne, gemarkt Keramos Wien Made in Austria schwarzer Stempel, 2930 gepresst, nicht &hellip; <a href=\"http:\/\/museumek.eu\/?page_id=699\">Weiterlesen <span class=\"meta-nav\">&rarr;<\/span><\/a><\/p>\n","protected":false},"author":1,"featured_media":0,"parent":691,"menu_order":2,"comment_status":"open","ping_status":"open","template":"","meta":[],"_links":{"self":[{"href":"http:\/\/museumek.eu\/index.php?rest_route=\/wp\/v2\/pages\/699"}],"collection":[{"href":"http:\/\/museumek.eu\/index.php?rest_route=\/wp\/v2\/pages"}],"about":[{"href":"http:\/\/museumek.eu\/index.php?rest_route=\/wp\/v2\/types\/page"}],"author":[{"embeddable":true,"href":"http:\/\/museumek.eu\/index.php?rest_route=\/wp\/v2\/users\/1"}],"replies":[{"embeddable":true,"href":"http:\/\/museumek.eu\/index.php?rest_route=%2Fwp%2Fv2%2Fcomments&post=699"}],"version-history":[{"count":7,"href":"http:\/\/museumek.eu\/index.php?rest_route=\/wp\/v2\/pages\/699\/revisions"}],"predecessor-version":[{"id":15071,"href":"http:\/\/museumek.eu\/index.php?rest_route=\/wp\/v2\/pages\/699\/revisions\/15071"}],"up":[{"embeddable":true,"href":"http:\/\/museumek.eu\/index.php?rest_route=\/wp\/v2\/pages\/691"}],"wp:attachment":[{"href":"http:\/\/museumek.eu\/index.php?rest_route=%2Fwp%2Fv2%2Fmedia&parent=699"}],"curies":[{"name":"wp","href":"https:\/\/api.w.org\/{rel}","templated":true}]}}