{"id":7067,"date":"2011-12-03T19:23:28","date_gmt":"2011-12-03T18:23:28","guid":{"rendered":"http:\/\/museumek.eu\/?page_id=7067"},"modified":"2015-07-31T16:26:35","modified_gmt":"2015-07-31T14:26:35","slug":"dxxv2","status":"publish","type":"page","link":"http:\/\/museumek.eu\/?page_id=7067","title":{"rendered":"D\/XXV\/2"},"content":{"rendered":"<p><strong>Abteilung Deutschland, Keramik 1860 \u2013 1960, Inventarnummer D\/XXV\/2<\/strong><\/p>\n<p>Reps &#038; Trinte Kunstanstalt, Vereinigte Werkst\u00e4tten von Gebr\u00fcder Schultz, Berlin, Joh. Val. Vanni, Frankfurt a. M., A. Trinte, Neustadt Magdeburg, Carl Koch, Magdeburg, Deutschland, Magdeburg, um 1900, M\u00e4dchenb\u00fcste L\u2019Hiver (Der Winter), K\u00fcnstler Bl\u00e4sche, Werks.-Nr. 997, Exemplar-Nr. 6 (?), gemarkt Firmenmarke mit R. &#038; T. Mgdbg (f\u00fcr Reps &#038; Trinte Magdeburg) darunter stehender Knabe (?) darunter Gesetzl. Gesch\u00fctzt, 997, 6 sowie 32 gepresst, KI. (?) gelb gemalt, Bl\u00e4sche geritzt, signiert Bl\u00e4sche, die Kunstanstalt wurde vom Kaufmann Carl Reps und Bildhauer A. Trinte in Neustadt Magdeburg gegr\u00fcndet, das Gr\u00fcndungsjahr kann 1889 sein, wenn ja dann Umzug 1896 in neu errichtete Geb\u00e4ude in der Morgenstra\u00dfe 5 in Neustadt Magdeburg, wenn kein Umzug, dann erfolgte die Gr\u00fcndung erst 1896, die o. g. Firmierung wurde von einem Briefbogen der Fabrik aus dem Jahre 1899 \u00fcbernommen, nicht gesichert ist eine Inhaber\u00e4nderung, ab 1910 Carl Reps als Alleineigent\u00fcmer, nicht gesichert ist eine Firmierungs\u00e4nderung, 1922 in Magdeburger Kunstwerkst\u00e4tten Reps &#038; Trinte, nicht gesichert ist eine Inhaber\u00e4nderung, 1928 Philipp Hamburger und Hans F. Thomas als Inhaber, nicht gesichert ist, ob die Firmenmarke von der Gr\u00fcndung bis zur Schlie\u00dfung unver\u00e4ndert verwendet worden ist, nicht gesichert ist der Zeitpunkt der Fabrikschlie\u00dfung, gesichert ist, dass K\u00fcnstler wie Paul Aichele, die Br\u00fcder Fritz und Hans von Heider, Etha Richter und Bl\u00e4sche Entw\u00fcrfe lieferten, warum der Knabe hier statt quer zwischen den anderen Stempeln stehend, gerade zu den Stempeln steht, konnte nicht recherchiert werden, wohl nur ein Fehler und keine andere Stempelvariante, wohl die 4. B\u00fcste einer Gruppe 4 Jahreszeiten, Kristallglasaugen, H\u00f6he 40 cm, Breite 24 cm<\/p>\n<p><a href=\"http:\/\/museumek.eu\/?attachment_id=42871\" rel=\"attachment wp-att-42871\"><img loading=\"lazy\" src=\"http:\/\/museumek.eu\/wp-content\/uploads\/2015\/07\/4313-155x300.jpg\" alt=\"\" title=\"4313\" width=\"155\" height=\"300\" class=\"alignnone size-medium wp-image-42871\" srcset=\"http:\/\/museumek.eu\/wp-content\/uploads\/2015\/07\/4313-155x300.jpg 155w, http:\/\/museumek.eu\/wp-content\/uploads\/2015\/07\/4313-77x150.jpg 77w, http:\/\/museumek.eu\/wp-content\/uploads\/2015\/07\/4313.jpg 414w\" sizes=\"(max-width: 155px) 100vw, 155px\" \/><\/a><\/p>\n<p><a href=\"http:\/\/museumek.eu\/wp-content\/uploads\/2011\/12\/Museum-Europ\u00e4ischer-Keramikkunst-1403.jpg\"><img loading=\"lazy\" src=\"http:\/\/museumek.eu\/wp-content\/uploads\/2011\/12\/Museum-Europ\u00e4ischer-Keramikkunst-1403-169x300.jpg\" alt=\"\" title=\"Museum Europ\u00e4ischer Keramikkunst 1403\" width=\"169\" height=\"300\" class=\"alignnone size-medium wp-image-7068\" srcset=\"http:\/\/museumek.eu\/wp-content\/uploads\/2011\/12\/Museum-Europ\u00e4ischer-Keramikkunst-1403-169x300.jpg 169w, http:\/\/museumek.eu\/wp-content\/uploads\/2011\/12\/Museum-Europ\u00e4ischer-Keramikkunst-1403.jpg 522w\" sizes=\"(max-width: 169px) 100vw, 169px\" \/><\/a><\/p>\n<p><a href=\"http:\/\/museumek.eu\/?attachment_id=42872\" rel=\"attachment wp-att-42872\"><img loading=\"lazy\" src=\"http:\/\/museumek.eu\/wp-content\/uploads\/2015\/07\/4316-137x300.jpg\" alt=\"\" title=\"4316\" width=\"137\" height=\"300\" class=\"alignnone size-medium wp-image-42872\" srcset=\"http:\/\/museumek.eu\/wp-content\/uploads\/2015\/07\/4316-137x300.jpg 137w, http:\/\/museumek.eu\/wp-content\/uploads\/2015\/07\/4316-68x150.jpg 68w, http:\/\/museumek.eu\/wp-content\/uploads\/2015\/07\/4316.jpg 367w\" sizes=\"(max-width: 137px) 100vw, 137px\" \/><\/a><\/p>\n<p><a href=\"http:\/\/museumek.eu\/?attachment_id=42873\" rel=\"attachment wp-att-42873\"><img loading=\"lazy\" src=\"http:\/\/museumek.eu\/wp-content\/uploads\/2015\/07\/4317-175x300.jpg\" alt=\"\" title=\"4317\" width=\"175\" height=\"300\" class=\"alignnone size-medium wp-image-42873\" srcset=\"http:\/\/museumek.eu\/wp-content\/uploads\/2015\/07\/4317-175x300.jpg 175w, http:\/\/museumek.eu\/wp-content\/uploads\/2015\/07\/4317-87x150.jpg 87w, http:\/\/museumek.eu\/wp-content\/uploads\/2015\/07\/4317.jpg 467w\" sizes=\"(max-width: 175px) 100vw, 175px\" \/><\/a><\/p>\n<p><a href=\"http:\/\/museumek.eu\/?attachment_id=42874\" rel=\"attachment wp-att-42874\"><img loading=\"lazy\" src=\"http:\/\/museumek.eu\/wp-content\/uploads\/2015\/07\/4318-135x300.jpg\" alt=\"\" title=\"4318\" width=\"135\" height=\"300\" class=\"alignnone size-medium wp-image-42874\" srcset=\"http:\/\/museumek.eu\/wp-content\/uploads\/2015\/07\/4318-135x300.jpg 135w, http:\/\/museumek.eu\/wp-content\/uploads\/2015\/07\/4318-67x150.jpg 67w, http:\/\/museumek.eu\/wp-content\/uploads\/2015\/07\/4318.jpg 361w\" sizes=\"(max-width: 135px) 100vw, 135px\" \/><\/a><\/p>\n<p><a href=\"http:\/\/museumek.eu\/?attachment_id=42875\" rel=\"attachment wp-att-42875\"><img loading=\"lazy\" src=\"http:\/\/museumek.eu\/wp-content\/uploads\/2015\/07\/4321-182x300.jpg\" alt=\"\" title=\"4321\" width=\"182\" height=\"300\" class=\"alignnone size-medium wp-image-42875\" srcset=\"http:\/\/museumek.eu\/wp-content\/uploads\/2015\/07\/4321-182x300.jpg 182w, http:\/\/museumek.eu\/wp-content\/uploads\/2015\/07\/4321-91x150.jpg 91w, http:\/\/museumek.eu\/wp-content\/uploads\/2015\/07\/4321.jpg 487w\" sizes=\"(max-width: 182px) 100vw, 182px\" \/><\/a><\/p>\n<p><a href=\"http:\/\/museumek.eu\/?attachment_id=42876\" rel=\"attachment wp-att-42876\"><img loading=\"lazy\" src=\"http:\/\/museumek.eu\/wp-content\/uploads\/2015\/07\/4314-225x300.jpg\" alt=\"\" title=\"4314\" width=\"225\" height=\"300\" class=\"alignnone size-medium wp-image-42876\" srcset=\"http:\/\/museumek.eu\/wp-content\/uploads\/2015\/07\/4314-225x300.jpg 225w, http:\/\/museumek.eu\/wp-content\/uploads\/2015\/07\/4314-112x150.jpg 112w, http:\/\/museumek.eu\/wp-content\/uploads\/2015\/07\/4314.jpg 600w\" sizes=\"(max-width: 225px) 100vw, 225px\" \/><\/a><\/p>\n<p><a href=\"http:\/\/museumek.eu\/?attachment_id=42877\" rel=\"attachment wp-att-42877\"><img loading=\"lazy\" src=\"http:\/\/museumek.eu\/wp-content\/uploads\/2015\/07\/4315-300x287.jpg\" alt=\"\" title=\"4315\" width=\"300\" height=\"287\" class=\"alignnone size-medium wp-image-42877\" srcset=\"http:\/\/museumek.eu\/wp-content\/uploads\/2015\/07\/4315-300x287.jpg 300w, http:\/\/museumek.eu\/wp-content\/uploads\/2015\/07\/4315-150x143.jpg 150w, http:\/\/museumek.eu\/wp-content\/uploads\/2015\/07\/4315-313x300.jpg 313w, http:\/\/museumek.eu\/wp-content\/uploads\/2015\/07\/4315.jpg 626w\" sizes=\"(max-width: 300px) 100vw, 300px\" \/><\/a><\/p>\n<p><a href=\"http:\/\/museumek.eu\/?attachment_id=42878\" rel=\"attachment wp-att-42878\"><img loading=\"lazy\" src=\"http:\/\/museumek.eu\/wp-content\/uploads\/2015\/07\/4319-300x237.jpg\" alt=\"\" title=\"4319\" width=\"300\" height=\"237\" class=\"alignnone size-medium wp-image-42878\" srcset=\"http:\/\/museumek.eu\/wp-content\/uploads\/2015\/07\/4319-300x237.jpg 300w, http:\/\/museumek.eu\/wp-content\/uploads\/2015\/07\/4319-150x118.jpg 150w, http:\/\/museumek.eu\/wp-content\/uploads\/2015\/07\/4319-378x300.jpg 378w, http:\/\/museumek.eu\/wp-content\/uploads\/2015\/07\/4319.jpg 757w\" sizes=\"(max-width: 300px) 100vw, 300px\" \/><\/a><\/p>\n<p><a href=\"http:\/\/museumek.eu\/?attachment_id=42879\" rel=\"attachment wp-att-42879\"><img loading=\"lazy\" src=\"http:\/\/museumek.eu\/wp-content\/uploads\/2015\/07\/4320-300x237.jpg\" alt=\"\" title=\"4320\" width=\"300\" height=\"237\" class=\"alignnone size-medium wp-image-42879\" srcset=\"http:\/\/museumek.eu\/wp-content\/uploads\/2015\/07\/4320-300x237.jpg 300w, http:\/\/museumek.eu\/wp-content\/uploads\/2015\/07\/4320-150x118.jpg 150w, http:\/\/museumek.eu\/wp-content\/uploads\/2015\/07\/4320-379x300.jpg 379w, http:\/\/museumek.eu\/wp-content\/uploads\/2015\/07\/4320.jpg 758w\" sizes=\"(max-width: 300px) 100vw, 300px\" \/><\/a><\/p>\n<p><a href=\"http:\/\/museumek.eu\/?attachment_id=42883\" rel=\"attachment wp-att-42883\"><img loading=\"lazy\" src=\"http:\/\/museumek.eu\/wp-content\/uploads\/2015\/07\/43221-283x300.jpg\" alt=\"\" title=\"4322\" width=\"283\" height=\"300\" class=\"alignnone size-medium wp-image-42883\" srcset=\"http:\/\/museumek.eu\/wp-content\/uploads\/2015\/07\/43221-283x300.jpg 283w, http:\/\/museumek.eu\/wp-content\/uploads\/2015\/07\/43221-141x150.jpg 141w, http:\/\/museumek.eu\/wp-content\/uploads\/2015\/07\/43221.jpg 600w\" sizes=\"(max-width: 283px) 100vw, 283px\" \/><\/a><\/p>\n","protected":false},"excerpt":{"rendered":"<p>Abteilung Deutschland, Keramik 1860 \u2013 1960, Inventarnummer D\/XXV\/2 Reps &#038; Trinte Kunstanstalt, Vereinigte Werkst\u00e4tten von Gebr\u00fcder Schultz, Berlin, Joh. Val. Vanni, Frankfurt a. M., A. Trinte, Neustadt Magdeburg, Carl Koch, Magdeburg, Deutschland, Magdeburg, um 1900, M\u00e4dchenb\u00fcste L\u2019Hiver (Der Winter), K\u00fcnstler &hellip; <a href=\"http:\/\/museumek.eu\/?page_id=7067\">Weiterlesen <span class=\"meta-nav\">&rarr;<\/span><\/a><\/p>\n","protected":false},"author":1,"featured_media":0,"parent":6413,"menu_order":2,"comment_status":"closed","ping_status":"closed","template":"","meta":[],"_links":{"self":[{"href":"http:\/\/museumek.eu\/index.php?rest_route=\/wp\/v2\/pages\/7067"}],"collection":[{"href":"http:\/\/museumek.eu\/index.php?rest_route=\/wp\/v2\/pages"}],"about":[{"href":"http:\/\/museumek.eu\/index.php?rest_route=\/wp\/v2\/types\/page"}],"author":[{"embeddable":true,"href":"http:\/\/museumek.eu\/index.php?rest_route=\/wp\/v2\/users\/1"}],"replies":[{"embeddable":true,"href":"http:\/\/museumek.eu\/index.php?rest_route=%2Fwp%2Fv2%2Fcomments&post=7067"}],"version-history":[{"count":6,"href":"http:\/\/museumek.eu\/index.php?rest_route=\/wp\/v2\/pages\/7067\/revisions"}],"predecessor-version":[{"id":43074,"href":"http:\/\/museumek.eu\/index.php?rest_route=\/wp\/v2\/pages\/7067\/revisions\/43074"}],"up":[{"embeddable":true,"href":"http:\/\/museumek.eu\/index.php?rest_route=\/wp\/v2\/pages\/6413"}],"wp:attachment":[{"href":"http:\/\/museumek.eu\/index.php?rest_route=%2Fwp%2Fv2%2Fmedia&parent=7067"}],"curies":[{"name":"wp","href":"https:\/\/api.w.org\/{rel}","templated":true}]}}