{"id":7106,"date":"2011-12-06T14:05:24","date_gmt":"2011-12-06T13:05:24","guid":{"rendered":"http:\/\/museumek.eu\/?page_id=7106"},"modified":"2014-10-14T13:56:35","modified_gmt":"2014-10-14T11:56:35","slug":"manufaktur-kunsttopferei-johann-wanzenried","status":"publish","type":"page","link":"http:\/\/museumek.eu\/?page_id=7106","title":{"rendered":"Fabrique C\u00e9ramique J. Wanzenried, Ing\u00e9nieur \u00e0 Thoune und Nachfolger Fabrique C\u00e9ramique J. Wanzenried, Ing\u00e9nieur \u00e0 Thoune, Inh. Marie Luise Wanzenried Wwe. und Nachfolger Kunstt\u00f6pferei Emil Lengacher und Nachfolger Kunstt\u00f6pferei Emil Loder &#038; Adolf Schweizer und Nachfolger Kunstt\u00f6pferei Adolf Schweizer"},"content":{"rendered":"","protected":false},"excerpt":{"rendered":"","protected":false},"author":1,"featured_media":0,"parent":7103,"menu_order":1,"comment_status":"closed","ping_status":"closed","template":"","meta":[],"_links":{"self":[{"href":"http:\/\/museumek.eu\/index.php?rest_route=\/wp\/v2\/pages\/7106"}],"collection":[{"href":"http:\/\/museumek.eu\/index.php?rest_route=\/wp\/v2\/pages"}],"about":[{"href":"http:\/\/museumek.eu\/index.php?rest_route=\/wp\/v2\/types\/page"}],"author":[{"embeddable":true,"href":"http:\/\/museumek.eu\/index.php?rest_route=\/wp\/v2\/users\/1"}],"replies":[{"embeddable":true,"href":"http:\/\/museumek.eu\/index.php?rest_route=%2Fwp%2Fv2%2Fcomments&post=7106"}],"version-history":[{"count":7,"href":"http:\/\/museumek.eu\/index.php?rest_route=\/wp\/v2\/pages\/7106\/revisions"}],"predecessor-version":[{"id":33599,"href":"http:\/\/museumek.eu\/index.php?rest_route=\/wp\/v2\/pages\/7106\/revisions\/33599"}],"up":[{"embeddable":true,"href":"http:\/\/museumek.eu\/index.php?rest_route=\/wp\/v2\/pages\/7103"}],"wp:attachment":[{"href":"http:\/\/museumek.eu\/index.php?rest_route=%2Fwp%2Fv2%2Fmedia&parent=7106"}],"curies":[{"name":"wp","href":"https:\/\/api.w.org\/{rel}","templated":true}]}}