{"id":7113,"date":"2011-12-06T14:09:39","date_gmt":"2011-12-06T13:09:39","guid":{"rendered":"http:\/\/museumek.eu\/?page_id=7113"},"modified":"2014-10-14T13:58:37","modified_gmt":"2014-10-14T11:58:37","slug":"chi1","status":"publish","type":"page","link":"http:\/\/museumek.eu\/?page_id=7113","title":{"rendered":"CH\/I\/2"},"content":{"rendered":"<p><strong>Abteilung Schweiz, Keramik 1860 \u2013 1960, Inventarnummer CH\/I\/2<\/strong><\/p>\n<p>Fabrique C\u00e9ramique J. Wanzenried, Ing\u00e9nieur \u00e0 Thoune und Nachfolger Fabrique C\u00e9ramique J. Wanzenried, Ing\u00e9nieur \u00e0 Thoune, Inh. Marie Luise Wanzenried Wwe. und Nachfolger Kunstt\u00f6pferei Emil Lengacher und Nachfolger Kunstt\u00f6pferei Emil Loder &#038; Adolf Schweizer und Nachfolger Kunstt\u00f6pferei Adolf Schweizer, Schweiz, Kanton Bern, Thun\/Steffisburg, um 1920, Vase, K\u00fcnstler unbekannt, Werks.-Nr. 58\/549, Exemplar Nr. ohne, gemarkt Firmenmarke mit LS (f\u00fcr Loder und Schweizer) ligiert, Steffisburg sowie 58\/549 geritzt, nicht signiert, Johann Wanzenried \u00fcbernahm 1872 die Glasurwerkstatt seines Vaters in Thoune\/Steffisburg und baute diese zu einer keramischen Fabrik aus, deren offizielles Gr\u00fcndungsjahr wohl 1876 war, ab ca. 1882 gab Johann die Leitung der Fabrik aus gesundheitlichen Gr\u00fcnden an seine Ehefrau Marie Luise ab, 1895 verstarb Johann Wanzenried und seine Witwe f\u00fchrte die Fabrik allein weiter, zwischen 1912 und 1915 scheint die Fabrik im Besitz von Emil Lengacher gewesen zu sein, ab 1918 \u00fcbernehmen Emil Loder und Adolf Schweizer die Fabrik, Firmierung Kunstt\u00f6pferei Loder &#038; Schweizer, Marke ligiertes LS, ab 1923 ist Adolf Schweizer Alleineigent\u00fcmer, Firmierung Kunstt\u00f6pferei Adolf Schweizer, Marke ligiertes AS und \u00e4hnliche Ritzungen, Emil Loders gr\u00fcndet 1924 seine eigene T\u00f6pferwerkstatt in Malters\/Luzern, Adolf Schweizer produzierte wohl bis Anfang der 1960\u2018 Jahre, siehe auch Auktionshaus von Zezschwitz, Auktion vom 03.11.2006, Lot 670, leicht besch\u00e4digte etwas gr\u00f6\u00dfere Vase aus der gleichen Zeit, die franz\u00f6sische Fabrikbezeichnung wurde von einer Werbeanzeige des Jahres 1888 \u00fcbernommen, H\u00f6he 9,5 cm, Breite 9,5 cm<\/p>\n<p><a href=\"http:\/\/museumek.eu\/wp-content\/uploads\/2011\/12\/Museum-Europ\u00e4ischer-Keramikkunst-1415.jpg\"><img loading=\"lazy\" src=\"http:\/\/museumek.eu\/wp-content\/uploads\/2011\/12\/Museum-Europ\u00e4ischer-Keramikkunst-1415-260x300.jpg\" alt=\"\" title=\"Museum Europ\u00e4ischer Keramikkunst 1415\" width=\"260\" height=\"300\" class=\"alignnone size-medium wp-image-7114\" srcset=\"http:\/\/museumek.eu\/wp-content\/uploads\/2011\/12\/Museum-Europ\u00e4ischer-Keramikkunst-1415-260x300.jpg 260w, http:\/\/museumek.eu\/wp-content\/uploads\/2011\/12\/Museum-Europ\u00e4ischer-Keramikkunst-1415.jpg 553w\" sizes=\"(max-width: 260px) 100vw, 260px\" \/><\/a><\/p>\n<p><a href=\"http:\/\/museumek.eu\/wp-content\/uploads\/2011\/12\/Museum-Europ\u00e4ischer-Keramikkunst-1414.jpg\"><img loading=\"lazy\" src=\"http:\/\/museumek.eu\/wp-content\/uploads\/2011\/12\/Museum-Europ\u00e4ischer-Keramikkunst-1414-233x300.jpg\" alt=\"\" title=\"Museum Europ\u00e4ischer Keramikkunst 1414\" width=\"233\" height=\"300\" class=\"alignnone size-medium wp-image-7115\" srcset=\"http:\/\/museumek.eu\/wp-content\/uploads\/2011\/12\/Museum-Europ\u00e4ischer-Keramikkunst-1414-233x300.jpg 233w, http:\/\/museumek.eu\/wp-content\/uploads\/2011\/12\/Museum-Europ\u00e4ischer-Keramikkunst-1414.jpg 533w\" sizes=\"(max-width: 233px) 100vw, 233px\" \/><\/a><\/p>\n","protected":false},"excerpt":{"rendered":"<p>Abteilung Schweiz, Keramik 1860 \u2013 1960, Inventarnummer CH\/I\/2 Fabrique C\u00e9ramique J. Wanzenried, Ing\u00e9nieur \u00e0 Thoune und Nachfolger Fabrique C\u00e9ramique J. Wanzenried, Ing\u00e9nieur \u00e0 Thoune, Inh. Marie Luise Wanzenried Wwe. und Nachfolger Kunstt\u00f6pferei Emil Lengacher und Nachfolger Kunstt\u00f6pferei Emil Loder &#038; &hellip; <a href=\"http:\/\/museumek.eu\/?page_id=7113\">Weiterlesen <span class=\"meta-nav\">&rarr;<\/span><\/a><\/p>\n","protected":false},"author":1,"featured_media":0,"parent":7110,"menu_order":2,"comment_status":"closed","ping_status":"closed","template":"","meta":[],"_links":{"self":[{"href":"http:\/\/museumek.eu\/index.php?rest_route=\/wp\/v2\/pages\/7113"}],"collection":[{"href":"http:\/\/museumek.eu\/index.php?rest_route=\/wp\/v2\/pages"}],"about":[{"href":"http:\/\/museumek.eu\/index.php?rest_route=\/wp\/v2\/types\/page"}],"author":[{"embeddable":true,"href":"http:\/\/museumek.eu\/index.php?rest_route=\/wp\/v2\/users\/1"}],"replies":[{"embeddable":true,"href":"http:\/\/museumek.eu\/index.php?rest_route=%2Fwp%2Fv2%2Fcomments&post=7113"}],"version-history":[{"count":6,"href":"http:\/\/museumek.eu\/index.php?rest_route=\/wp\/v2\/pages\/7113\/revisions"}],"predecessor-version":[{"id":33602,"href":"http:\/\/museumek.eu\/index.php?rest_route=\/wp\/v2\/pages\/7113\/revisions\/33602"}],"up":[{"embeddable":true,"href":"http:\/\/museumek.eu\/index.php?rest_route=\/wp\/v2\/pages\/7110"}],"wp:attachment":[{"href":"http:\/\/museumek.eu\/index.php?rest_route=%2Fwp%2Fv2%2Fmedia&parent=7113"}],"curies":[{"name":"wp","href":"https:\/\/api.w.org\/{rel}","templated":true}]}}