{"id":7147,"date":"2011-12-16T17:11:29","date_gmt":"2011-12-16T16:11:29","guid":{"rendered":"http:\/\/museumek.eu\/?page_id=7147"},"modified":"2012-09-02T13:16:12","modified_gmt":"2012-09-02T11:16:12","slug":"dixxx1","status":"publish","type":"page","link":"http:\/\/museumek.eu\/?page_id=7147","title":{"rendered":"D\/IXXX\/1"},"content":{"rendered":"<p><strong>Abteilung Deutschland, Keramik 1860 \u2013 1960, Inventarnummer D\/IXXX\/1<\/strong><\/p>\n<p>Manufaktur M\u00fcnchner Werkst\u00e4tten f\u00fcr keramische Kunst, Deutschland, M\u00fcnchen, um 1920, Krug, K\u00fcnstler unbekannt, Werks.-Nr. ohne, Exemplar-Nr. ohne, gemarkt Firmenpressstempel, nicht signiert, H\u00f6he 21 cm, Breite 16 cm<\/p>\n<p><a href=\"http:\/\/museumek.eu\/wp-content\/uploads\/2011\/12\/Museum-Europ\u00e4ischer-Keramikkunst-1423.jpg\"><img loading=\"lazy\" src=\"http:\/\/museumek.eu\/wp-content\/uploads\/2011\/12\/Museum-Europ\u00e4ischer-Keramikkunst-1423-219x300.jpg\" alt=\"\" title=\"Museum Europ\u00e4ischer Keramikkunst 1423\" width=\"219\" height=\"300\" class=\"alignnone size-medium wp-image-7148\" srcset=\"http:\/\/museumek.eu\/wp-content\/uploads\/2011\/12\/Museum-Europ\u00e4ischer-Keramikkunst-1423-219x300.jpg 219w, http:\/\/museumek.eu\/wp-content\/uploads\/2011\/12\/Museum-Europ\u00e4ischer-Keramikkunst-1423.jpg 651w\" sizes=\"(max-width: 219px) 100vw, 219px\" \/><\/a><\/p>\n<p><a href=\"http:\/\/museumek.eu\/wp-content\/uploads\/2011\/12\/Museum-Europ\u00e4ischer-Keramikkunst-1420.jpg\"><img loading=\"lazy\" src=\"http:\/\/museumek.eu\/wp-content\/uploads\/2011\/12\/Museum-Europ\u00e4ischer-Keramikkunst-1420-199x300.jpg\" alt=\"\" title=\"Museum Europ\u00e4ischer Keramikkunst 1420\" width=\"199\" height=\"300\" class=\"alignnone size-medium wp-image-7149\" srcset=\"http:\/\/museumek.eu\/wp-content\/uploads\/2011\/12\/Museum-Europ\u00e4ischer-Keramikkunst-1420-199x300.jpg 199w, http:\/\/museumek.eu\/wp-content\/uploads\/2011\/12\/Museum-Europ\u00e4ischer-Keramikkunst-1420.jpg 565w\" sizes=\"(max-width: 199px) 100vw, 199px\" \/><\/a><\/p>\n<p><a href=\"http:\/\/museumek.eu\/wp-content\/uploads\/2011\/12\/Museum-Europ\u00e4ischer-Keramikkunst-1424.jpg\"><img loading=\"lazy\" src=\"http:\/\/museumek.eu\/wp-content\/uploads\/2011\/12\/Museum-Europ\u00e4ischer-Keramikkunst-1424-205x300.jpg\" alt=\"\" title=\"Museum Europ\u00e4ischer Keramikkunst 1424\" width=\"205\" height=\"300\" class=\"alignnone size-medium wp-image-7150\" srcset=\"http:\/\/museumek.eu\/wp-content\/uploads\/2011\/12\/Museum-Europ\u00e4ischer-Keramikkunst-1424-205x300.jpg 205w, http:\/\/museumek.eu\/wp-content\/uploads\/2011\/12\/Museum-Europ\u00e4ischer-Keramikkunst-1424.jpg 470w\" sizes=\"(max-width: 205px) 100vw, 205px\" \/><\/a><\/p>\n","protected":false},"excerpt":{"rendered":"<p>Abteilung Deutschland, Keramik 1860 \u2013 1960, Inventarnummer D\/IXXX\/1 Manufaktur M\u00fcnchner Werkst\u00e4tten f\u00fcr keramische Kunst, Deutschland, M\u00fcnchen, um 1920, Krug, K\u00fcnstler unbekannt, Werks.-Nr. ohne, Exemplar-Nr. ohne, gemarkt Firmenpressstempel, nicht signiert, H\u00f6he 21 cm, Breite 16 cm<\/p>\n","protected":false},"author":1,"featured_media":0,"parent":7144,"menu_order":1,"comment_status":"closed","ping_status":"closed","template":"","meta":[],"_links":{"self":[{"href":"http:\/\/museumek.eu\/index.php?rest_route=\/wp\/v2\/pages\/7147"}],"collection":[{"href":"http:\/\/museumek.eu\/index.php?rest_route=\/wp\/v2\/pages"}],"about":[{"href":"http:\/\/museumek.eu\/index.php?rest_route=\/wp\/v2\/types\/page"}],"author":[{"embeddable":true,"href":"http:\/\/museumek.eu\/index.php?rest_route=\/wp\/v2\/users\/1"}],"replies":[{"embeddable":true,"href":"http:\/\/museumek.eu\/index.php?rest_route=%2Fwp%2Fv2%2Fcomments&post=7147"}],"version-history":[{"count":3,"href":"http:\/\/museumek.eu\/index.php?rest_route=\/wp\/v2\/pages\/7147\/revisions"}],"predecessor-version":[{"id":13134,"href":"http:\/\/museumek.eu\/index.php?rest_route=\/wp\/v2\/pages\/7147\/revisions\/13134"}],"up":[{"embeddable":true,"href":"http:\/\/museumek.eu\/index.php?rest_route=\/wp\/v2\/pages\/7144"}],"wp:attachment":[{"href":"http:\/\/museumek.eu\/index.php?rest_route=%2Fwp%2Fv2%2Fmedia&parent=7147"}],"curies":[{"name":"wp","href":"https:\/\/api.w.org\/{rel}","templated":true}]}}