{"id":7153,"date":"2011-12-16T17:18:20","date_gmt":"2011-12-16T16:18:20","guid":{"rendered":"http:\/\/museumek.eu\/?page_id=7153"},"modified":"2021-06-17T20:55:41","modified_gmt":"2021-06-17T18:55:41","slug":"munchner-werkstatten-fur-keramische-kunst-inv-nr-dixxx1","status":"publish","type":"page","link":"http:\/\/museumek.eu\/?page_id=7153","title":{"rendered":"M\u00fcnchner Werkst\u00e4tten f\u00fcr keramische Kunst &#8211; Inv.Nr. D\/IXXX\/1"},"content":{"rendered":"","protected":false},"excerpt":{"rendered":"","protected":false},"author":1,"featured_media":0,"parent":2767,"menu_order":235,"comment_status":"closed","ping_status":"closed","template":"","meta":[],"_links":{"self":[{"href":"http:\/\/museumek.eu\/index.php?rest_route=\/wp\/v2\/pages\/7153"}],"collection":[{"href":"http:\/\/museumek.eu\/index.php?rest_route=\/wp\/v2\/pages"}],"about":[{"href":"http:\/\/museumek.eu\/index.php?rest_route=\/wp\/v2\/types\/page"}],"author":[{"embeddable":true,"href":"http:\/\/museumek.eu\/index.php?rest_route=\/wp\/v2\/users\/1"}],"replies":[{"embeddable":true,"href":"http:\/\/museumek.eu\/index.php?rest_route=%2Fwp%2Fv2%2Fcomments&post=7153"}],"version-history":[{"count":31,"href":"http:\/\/museumek.eu\/index.php?rest_route=\/wp\/v2\/pages\/7153\/revisions"}],"predecessor-version":[{"id":57874,"href":"http:\/\/museumek.eu\/index.php?rest_route=\/wp\/v2\/pages\/7153\/revisions\/57874"}],"up":[{"embeddable":true,"href":"http:\/\/museumek.eu\/index.php?rest_route=\/wp\/v2\/pages\/2767"}],"wp:attachment":[{"href":"http:\/\/museumek.eu\/index.php?rest_route=%2Fwp%2Fv2%2Fmedia&parent=7153"}],"curies":[{"name":"wp","href":"https:\/\/api.w.org\/{rel}","templated":true}]}}