{"id":7218,"date":"2011-12-20T23:05:22","date_gmt":"2011-12-20T22:05:22","guid":{"rendered":"http:\/\/museumek.eu\/?page_id=7218"},"modified":"2013-06-04T18:46:12","modified_gmt":"2013-06-04T16:46:12","slug":"di5","status":"publish","type":"page","link":"http:\/\/museumek.eu\/?page_id=7218","title":{"rendered":"D\/I\/5"},"content":{"rendered":"<p><strong>Abteilung Deutschland, Keramik 1860 \u2013 1960, Inventarnummer D\/I\/5<\/strong><\/p>\n<p>Porzellan-, Steingut,- Majolika- und Terrakottafabrik Hugo Lonitz &#038; Co. und Nachf. Neuhaldenslebener Majolika- und Terrakottafabrik Waldemar Stahlknecht, Deutschland, Neuhaldensleben, um 1888, Prunkschale mit Putti auf vierf\u00fcssigem Sockel, K\u00fcnstler unbekannt, Werks.-Nr. 1427, Exemplar Nr. ohne, gemarkt Firmenmarke zwei gegenst\u00e4ndige Fische in einem Oval sowie 1427 gepresst, rot gemalte ungedeutete Zeichen, nicht signiert, Literatur: Gustav Wei\u00df, Ullstein Porzellanbuch, Seite 287, Marke Nr. 2 identisch, weitere Literatur: Heinrich Pudor, Dokumente zum Jugendstil, Modernes Kunstgewerbe 1902 -1908, Seite 243, Fabrikbeschreibung, siehe auch Auktionshaus Heritage Auctions, USA, Texas, Auktionsnummer 69041 vom Mai\/2010, siehe auch Prunkschale mit Engeln Auktionshaus Christie\u2019s, Auktionsnummer 8559 vom 02.09.1999, Hugo Lonitz stand 1893 oder 1895 auch mit Reinhold Hanke in H\u00f6hr in Kontakt, siehe Foto mit Brief 1868 Gr\u00fcndung der keramischen Werkstatt Hugo Lonitz in Neuhaldensleben evtl. mit stillen Teilhabern (Marke H. Lonitz in einem Rechteck), ab 1886 Firmierung als Porzellan-, Steingut,- Majolika- und Terrakottafabrik Hugo Lonitz &#038; Co. bis 1904 (ab 1875 Marke zwei gegenst\u00e4ndige Fische in einem Kreis oder einem Oval) gepresst, 1904 \u00dcbergang auf Neuhaldenslebener Majolika- und Terrakottafabrik Waldemar Stahlknecht (Marke Stahlknecht in einem Kreis),<br \/>\nH\u00f6he 21 cm, Breite 33 cm<\/p>\n<p><a href=\"http:\/\/museumek.eu\/wp-content\/uploads\/2011\/12\/Museum-Europ\u00e4ischer-Keramikkunst-1447.jpg\"><img loading=\"lazy\" src=\"http:\/\/museumek.eu\/wp-content\/uploads\/2011\/12\/Museum-Europ\u00e4ischer-Keramikkunst-1447-300x294.jpg\" alt=\"\" title=\"Museum Europ\u00e4ischer Keramikkunst 1447\" width=\"300\" height=\"294\" class=\"alignnone size-medium wp-image-7219\" srcset=\"http:\/\/museumek.eu\/wp-content\/uploads\/2011\/12\/Museum-Europ\u00e4ischer-Keramikkunst-1447-300x294.jpg 300w, http:\/\/museumek.eu\/wp-content\/uploads\/2011\/12\/Museum-Europ\u00e4ischer-Keramikkunst-1447-305x300.jpg 305w, http:\/\/museumek.eu\/wp-content\/uploads\/2011\/12\/Museum-Europ\u00e4ischer-Keramikkunst-1447.jpg 751w\" sizes=\"(max-width: 300px) 100vw, 300px\" \/><\/a><\/p>\n<p><a href=\"http:\/\/museumek.eu\/wp-content\/uploads\/2011\/12\/Museum-Europ\u00e4ischer-Keramikkunst-1449.jpg\"><img loading=\"lazy\" src=\"http:\/\/museumek.eu\/wp-content\/uploads\/2011\/12\/Museum-Europ\u00e4ischer-Keramikkunst-1449-197x300.jpg\" alt=\"\" title=\"Museum Europ\u00e4ischer Keramikkunst 1449\" width=\"197\" height=\"300\" class=\"alignnone size-medium wp-image-7220\" srcset=\"http:\/\/museumek.eu\/wp-content\/uploads\/2011\/12\/Museum-Europ\u00e4ischer-Keramikkunst-1449-197x300.jpg 197w, http:\/\/museumek.eu\/wp-content\/uploads\/2011\/12\/Museum-Europ\u00e4ischer-Keramikkunst-1449.jpg 575w\" sizes=\"(max-width: 197px) 100vw, 197px\" \/><\/a><\/p>\n<p><a href=\"http:\/\/museumek.eu\/wp-content\/uploads\/2011\/12\/Museum-Europ\u00e4ischer-Keramikkunst-1448.jpg\"><img loading=\"lazy\" src=\"http:\/\/museumek.eu\/wp-content\/uploads\/2011\/12\/Museum-Europ\u00e4ischer-Keramikkunst-1448-199x300.jpg\" alt=\"\" title=\"Museum Europ\u00e4ischer Keramikkunst 1448\" width=\"199\" height=\"300\" class=\"alignnone size-medium wp-image-7221\" srcset=\"http:\/\/museumek.eu\/wp-content\/uploads\/2011\/12\/Museum-Europ\u00e4ischer-Keramikkunst-1448-199x300.jpg 199w, http:\/\/museumek.eu\/wp-content\/uploads\/2011\/12\/Museum-Europ\u00e4ischer-Keramikkunst-1448.jpg 311w\" sizes=\"(max-width: 199px) 100vw, 199px\" \/><\/a><\/p>\n<p><a href=\"http:\/\/museumek.eu\/wp-content\/uploads\/2011\/12\/Lonitz1.jpg\"><img loading=\"lazy\" src=\"http:\/\/museumek.eu\/wp-content\/uploads\/2011\/12\/Lonitz1-202x300.jpg\" alt=\"\" title=\"Lonitz\" width=\"202\" height=\"300\" class=\"alignnone size-medium wp-image-7224\" srcset=\"http:\/\/museumek.eu\/wp-content\/uploads\/2011\/12\/Lonitz1-202x300.jpg 202w, http:\/\/museumek.eu\/wp-content\/uploads\/2011\/12\/Lonitz1.jpg 501w\" sizes=\"(max-width: 202px) 100vw, 202px\" \/><\/a><\/p>\n<p><a href=\"http:\/\/museumek.eu\/wp-content\/uploads\/2011\/12\/Hugo-Lonitz-Schale-bei-Christies.jpg\"><img loading=\"lazy\" src=\"http:\/\/museumek.eu\/wp-content\/uploads\/2011\/12\/Hugo-Lonitz-Schale-bei-Christies-300x194.jpg\" alt=\"\" title=\"Hugo Lonitz Schale bei Christies\" width=\"300\" height=\"194\" class=\"alignnone size-medium wp-image-7222\" srcset=\"http:\/\/museumek.eu\/wp-content\/uploads\/2011\/12\/Hugo-Lonitz-Schale-bei-Christies-300x194.jpg 300w, http:\/\/museumek.eu\/wp-content\/uploads\/2011\/12\/Hugo-Lonitz-Schale-bei-Christies-1024x662.jpg 1024w, http:\/\/museumek.eu\/wp-content\/uploads\/2011\/12\/Hugo-Lonitz-Schale-bei-Christies-463x300.jpg 463w, http:\/\/museumek.eu\/wp-content\/uploads\/2011\/12\/Hugo-Lonitz-Schale-bei-Christies.jpg 1154w\" sizes=\"(max-width: 300px) 100vw, 300px\" \/><\/a><\/p>\n<p><a href=\"http:\/\/museumek.eu\/?attachment_id=23270\" rel=\"attachment wp-att-23270\"><img loading=\"lazy\" src=\"http:\/\/museumek.eu\/wp-content\/uploads\/2011\/12\/Brief-Hugo-Lonitz-an-Reinhold-Hanke-300x283.jpg\" alt=\"\" title=\"Brief Hugo Lonitz an Reinhold Hanke\" width=\"300\" height=\"283\" class=\"alignnone size-medium wp-image-23270\" srcset=\"http:\/\/museumek.eu\/wp-content\/uploads\/2011\/12\/Brief-Hugo-Lonitz-an-Reinhold-Hanke-300x283.jpg 300w, http:\/\/museumek.eu\/wp-content\/uploads\/2011\/12\/Brief-Hugo-Lonitz-an-Reinhold-Hanke-150x141.jpg 150w, http:\/\/museumek.eu\/wp-content\/uploads\/2011\/12\/Brief-Hugo-Lonitz-an-Reinhold-Hanke-317x300.jpg 317w, http:\/\/museumek.eu\/wp-content\/uploads\/2011\/12\/Brief-Hugo-Lonitz-an-Reinhold-Hanke.jpg 894w\" sizes=\"(max-width: 300px) 100vw, 300px\" \/><\/a><\/p>\n","protected":false},"excerpt":{"rendered":"<p>Abteilung Deutschland, Keramik 1860 \u2013 1960, Inventarnummer D\/I\/5 Porzellan-, Steingut,- Majolika- und Terrakottafabrik Hugo Lonitz &#038; Co. und Nachf. Neuhaldenslebener Majolika- und Terrakottafabrik Waldemar Stahlknecht, Deutschland, Neuhaldensleben, um 1888, Prunkschale mit Putti auf vierf\u00fcssigem Sockel, K\u00fcnstler unbekannt, Werks.-Nr. 1427, Exemplar &hellip; <a href=\"http:\/\/museumek.eu\/?page_id=7218\">Weiterlesen <span class=\"meta-nav\">&rarr;<\/span><\/a><\/p>\n","protected":false},"author":1,"featured_media":0,"parent":1786,"menu_order":5,"comment_status":"closed","ping_status":"closed","template":"","meta":[],"_links":{"self":[{"href":"http:\/\/museumek.eu\/index.php?rest_route=\/wp\/v2\/pages\/7218"}],"collection":[{"href":"http:\/\/museumek.eu\/index.php?rest_route=\/wp\/v2\/pages"}],"about":[{"href":"http:\/\/museumek.eu\/index.php?rest_route=\/wp\/v2\/types\/page"}],"author":[{"embeddable":true,"href":"http:\/\/museumek.eu\/index.php?rest_route=\/wp\/v2\/users\/1"}],"replies":[{"embeddable":true,"href":"http:\/\/museumek.eu\/index.php?rest_route=%2Fwp%2Fv2%2Fcomments&post=7218"}],"version-history":[{"count":18,"href":"http:\/\/museumek.eu\/index.php?rest_route=\/wp\/v2\/pages\/7218\/revisions"}],"predecessor-version":[{"id":23272,"href":"http:\/\/museumek.eu\/index.php?rest_route=\/wp\/v2\/pages\/7218\/revisions\/23272"}],"up":[{"embeddable":true,"href":"http:\/\/museumek.eu\/index.php?rest_route=\/wp\/v2\/pages\/1786"}],"wp:attachment":[{"href":"http:\/\/museumek.eu\/index.php?rest_route=%2Fwp%2Fv2%2Fmedia&parent=7218"}],"curies":[{"name":"wp","href":"https:\/\/api.w.org\/{rel}","templated":true}]}}