{"id":7240,"date":"2011-12-21T00:40:22","date_gmt":"2011-12-20T23:40:22","guid":{"rendered":"http:\/\/museumek.eu\/?page_id=7240"},"modified":"2011-12-21T00:40:22","modified_gmt":"2011-12-20T23:40:22","slug":"esi1","status":"publish","type":"page","link":"http:\/\/museumek.eu\/?page_id=7240","title":{"rendered":"Es\/I\/1"},"content":{"rendered":"<p><strong>Abteilung Spanien, Keramik 1860 \u2013 1960, Inventarnummer Es\/I\/1<\/strong><\/p>\n<p>Manufaktur El Leon, Spanien, Onda, um 1880, Fliese, K\u00fcnstler unbekannt, Werks.-Nr. ohne, Exemplar Nr. ohne, gemarkt El Leon, Onda sowie L\u00f6we mit Schild mit gegossen, nicht signiert, H\u00f6he 21,1 cm, Breite 21,1 cm<\/p>\n<p><a href=\"http:\/\/museumek.eu\/wp-content\/uploads\/2011\/12\/Museum-Europ\u00e4ischer-Keramikkunst-1434.jpg\"><img loading=\"lazy\" src=\"http:\/\/museumek.eu\/wp-content\/uploads\/2011\/12\/Museum-Europ\u00e4ischer-Keramikkunst-1434-286x300.jpg\" alt=\"\" title=\"Museum Europ\u00e4ischer Keramikkunst 1434\" width=\"286\" height=\"300\" class=\"alignnone size-medium wp-image-7241\" srcset=\"http:\/\/museumek.eu\/wp-content\/uploads\/2011\/12\/Museum-Europ\u00e4ischer-Keramikkunst-1434-286x300.jpg 286w, http:\/\/museumek.eu\/wp-content\/uploads\/2011\/12\/Museum-Europ\u00e4ischer-Keramikkunst-1434.jpg 768w\" sizes=\"(max-width: 286px) 100vw, 286px\" \/><\/a><\/p>\n<p><a href=\"http:\/\/museumek.eu\/wp-content\/uploads\/2011\/12\/Museum-Europ\u00e4ischer-Keramikkunst-1435.jpg\"><img loading=\"lazy\" src=\"http:\/\/museumek.eu\/wp-content\/uploads\/2011\/12\/Museum-Europ\u00e4ischer-Keramikkunst-1435-300x290.jpg\" alt=\"\" title=\"Museum Europ\u00e4ischer Keramikkunst 1435\" width=\"300\" height=\"290\" class=\"alignnone size-medium wp-image-7242\" srcset=\"http:\/\/museumek.eu\/wp-content\/uploads\/2011\/12\/Museum-Europ\u00e4ischer-Keramikkunst-1435-300x290.jpg 300w, http:\/\/museumek.eu\/wp-content\/uploads\/2011\/12\/Museum-Europ\u00e4ischer-Keramikkunst-1435-309x300.jpg 309w, http:\/\/museumek.eu\/wp-content\/uploads\/2011\/12\/Museum-Europ\u00e4ischer-Keramikkunst-1435.jpg 753w\" sizes=\"(max-width: 300px) 100vw, 300px\" \/><\/a><\/p>\n","protected":false},"excerpt":{"rendered":"<p>Abteilung Spanien, Keramik 1860 \u2013 1960, Inventarnummer Es\/I\/1 Manufaktur El Leon, Spanien, Onda, um 1880, Fliese, K\u00fcnstler unbekannt, Werks.-Nr. ohne, Exemplar Nr. ohne, gemarkt El Leon, Onda sowie L\u00f6we mit Schild mit gegossen, nicht signiert, H\u00f6he 21,1 cm, Breite 21,1 &hellip; <a href=\"http:\/\/museumek.eu\/?page_id=7240\">Weiterlesen <span class=\"meta-nav\">&rarr;<\/span><\/a><\/p>\n","protected":false},"author":1,"featured_media":0,"parent":7237,"menu_order":1,"comment_status":"closed","ping_status":"closed","template":"","meta":[],"_links":{"self":[{"href":"http:\/\/museumek.eu\/index.php?rest_route=\/wp\/v2\/pages\/7240"}],"collection":[{"href":"http:\/\/museumek.eu\/index.php?rest_route=\/wp\/v2\/pages"}],"about":[{"href":"http:\/\/museumek.eu\/index.php?rest_route=\/wp\/v2\/types\/page"}],"author":[{"embeddable":true,"href":"http:\/\/museumek.eu\/index.php?rest_route=\/wp\/v2\/users\/1"}],"replies":[{"embeddable":true,"href":"http:\/\/museumek.eu\/index.php?rest_route=%2Fwp%2Fv2%2Fcomments&post=7240"}],"version-history":[{"count":2,"href":"http:\/\/museumek.eu\/index.php?rest_route=\/wp\/v2\/pages\/7240\/revisions"}],"predecessor-version":[{"id":7244,"href":"http:\/\/museumek.eu\/index.php?rest_route=\/wp\/v2\/pages\/7240\/revisions\/7244"}],"up":[{"embeddable":true,"href":"http:\/\/museumek.eu\/index.php?rest_route=\/wp\/v2\/pages\/7237"}],"wp:attachment":[{"href":"http:\/\/museumek.eu\/index.php?rest_route=%2Fwp%2Fv2%2Fmedia&parent=7240"}],"curies":[{"name":"wp","href":"https:\/\/api.w.org\/{rel}","templated":true}]}}