{"id":7330,"date":"2011-12-29T13:33:18","date_gmt":"2011-12-29T12:33:18","guid":{"rendered":"http:\/\/museumek.eu\/?page_id=7330"},"modified":"2011-12-29T13:33:18","modified_gmt":"2011-12-29T12:33:18","slug":"fii14","status":"publish","type":"page","link":"http:\/\/museumek.eu\/?page_id=7330","title":{"rendered":"F\/II\/14"},"content":{"rendered":"<p><strong>Abteilung Frankreich, Keramik 1860 \u2013 1960, Inventarnummer F\/II\/14<\/strong><\/p>\n<p>Manufaktur Keller &#038; Gu\u00e9rin, Frankreich, Lun\u00e9ville, vor 1900, Teller Chasse (Jagd), K\u00fcnstler unbekannt, Werks.-Nr. ohne, Exemplar Nr. ohne, gemarkt K G Lun\u00e9ville, Chasse im dunkelblauen Unterglasur Jagdhornstempel, ungedeutete Presszeichen, Literatur: Annabelle H\u00e9ry, La Faiencerie de Lun\u00e9ville 1786 \u2013 1923, Les Keller &#038; Gu\u00e9rin, dieser spezielle Stempel dort nicht verzeichnet, Durchmesser 22,5 cm<\/p>\n<p><a href=\"http:\/\/museumek.eu\/wp-content\/uploads\/2011\/12\/Museum-Europ\u00e4ischer-Keramikkunst-1460.jpg\"><img loading=\"lazy\" src=\"http:\/\/museumek.eu\/wp-content\/uploads\/2011\/12\/Museum-Europ\u00e4ischer-Keramikkunst-1460-289x300.jpg\" alt=\"\" title=\"Museum Europ\u00e4ischer Keramikkunst 1460\" width=\"289\" height=\"300\" class=\"alignnone size-medium wp-image-7331\" srcset=\"http:\/\/museumek.eu\/wp-content\/uploads\/2011\/12\/Museum-Europ\u00e4ischer-Keramikkunst-1460-289x300.jpg 289w, http:\/\/museumek.eu\/wp-content\/uploads\/2011\/12\/Museum-Europ\u00e4ischer-Keramikkunst-1460.jpg 688w\" sizes=\"(max-width: 289px) 100vw, 289px\" \/><\/a><\/p>\n<p><a href=\"http:\/\/museumek.eu\/wp-content\/uploads\/2011\/12\/Museum-Europ\u00e4ischer-Keramikkunst-1461.jpg\"><img loading=\"lazy\" src=\"http:\/\/museumek.eu\/wp-content\/uploads\/2011\/12\/Museum-Europ\u00e4ischer-Keramikkunst-1461-300x213.jpg\" alt=\"\" title=\"Museum Europ\u00e4ischer Keramikkunst 1461\" width=\"300\" height=\"213\" class=\"alignnone size-medium wp-image-7332\" srcset=\"http:\/\/museumek.eu\/wp-content\/uploads\/2011\/12\/Museum-Europ\u00e4ischer-Keramikkunst-1461-300x213.jpg 300w, http:\/\/museumek.eu\/wp-content\/uploads\/2011\/12\/Museum-Europ\u00e4ischer-Keramikkunst-1461-421x300.jpg 421w, http:\/\/museumek.eu\/wp-content\/uploads\/2011\/12\/Museum-Europ\u00e4ischer-Keramikkunst-1461.jpg 487w\" sizes=\"(max-width: 300px) 100vw, 300px\" \/><\/a><\/p>\n<p><a href=\"http:\/\/museumek.eu\/wp-content\/uploads\/2011\/12\/Museum-Europ\u00e4ischer-Keramikkunst-1462.jpg\"><img loading=\"lazy\" src=\"http:\/\/museumek.eu\/wp-content\/uploads\/2011\/12\/Museum-Europ\u00e4ischer-Keramikkunst-1462.jpg\" alt=\"\" title=\"Museum Europ\u00e4ischer Keramikkunst 1462\" width=\"222\" height=\"264\" class=\"alignnone size-full wp-image-7333\" \/><\/a><\/p>\n","protected":false},"excerpt":{"rendered":"<p>Abteilung Frankreich, Keramik 1860 \u2013 1960, Inventarnummer F\/II\/14 Manufaktur Keller &#038; Gu\u00e9rin, Frankreich, Lun\u00e9ville, vor 1900, Teller Chasse (Jagd), K\u00fcnstler unbekannt, Werks.-Nr. ohne, Exemplar Nr. ohne, gemarkt K G Lun\u00e9ville, Chasse im dunkelblauen Unterglasur Jagdhornstempel, ungedeutete Presszeichen, Literatur: Annabelle H\u00e9ry, &hellip; <a href=\"http:\/\/museumek.eu\/?page_id=7330\">Weiterlesen <span class=\"meta-nav\">&rarr;<\/span><\/a><\/p>\n","protected":false},"author":1,"featured_media":0,"parent":6216,"menu_order":14,"comment_status":"closed","ping_status":"closed","template":"","meta":[],"_links":{"self":[{"href":"http:\/\/museumek.eu\/index.php?rest_route=\/wp\/v2\/pages\/7330"}],"collection":[{"href":"http:\/\/museumek.eu\/index.php?rest_route=\/wp\/v2\/pages"}],"about":[{"href":"http:\/\/museumek.eu\/index.php?rest_route=\/wp\/v2\/types\/page"}],"author":[{"embeddable":true,"href":"http:\/\/museumek.eu\/index.php?rest_route=\/wp\/v2\/users\/1"}],"replies":[{"embeddable":true,"href":"http:\/\/museumek.eu\/index.php?rest_route=%2Fwp%2Fv2%2Fcomments&post=7330"}],"version-history":[{"count":2,"href":"http:\/\/museumek.eu\/index.php?rest_route=\/wp\/v2\/pages\/7330\/revisions"}],"predecessor-version":[{"id":7335,"href":"http:\/\/museumek.eu\/index.php?rest_route=\/wp\/v2\/pages\/7330\/revisions\/7335"}],"up":[{"embeddable":true,"href":"http:\/\/museumek.eu\/index.php?rest_route=\/wp\/v2\/pages\/6216"}],"wp:attachment":[{"href":"http:\/\/museumek.eu\/index.php?rest_route=%2Fwp%2Fv2%2Fmedia&parent=7330"}],"curies":[{"name":"wp","href":"https:\/\/api.w.org\/{rel}","templated":true}]}}