{"id":7358,"date":"2011-12-30T16:59:48","date_gmt":"2011-12-30T15:59:48","guid":{"rendered":"http:\/\/museumek.eu\/?page_id=7358"},"modified":"2012-10-12T19:23:59","modified_gmt":"2012-10-12T17:23:59","slug":"fotos-und-beschreibung","status":"publish","type":"page","link":"http:\/\/museumek.eu\/?page_id=7358","title":{"rendered":"Fotos und Beschreibung"},"content":{"rendered":"<p><strong>Abteilung Russland, Keramik 1860 \u2013 1960, Inventarnummer Ru\/II\/1<\/strong><\/p>\n<p>Manufaktur Kaiserliche Porzellanmanufaktur (KPM), ab 1917 Staatliche Porzellanmanufaktur (SPM), ab 1925 Lomonosov Porzellanmanufaktur, Russland, Sankt Petersburg\/Petrograd, 1906 und 1920, Teller Revolutionskeramik (Agitationsporzellan), K\u00fcnstler Alexandra Vasilievna Shchekotikhina-Pototskaya , Werks.-Nr. ohne, Exemplar Nr. ohne, gemarkt gr\u00fcnes KPM Monogramm f\u00fcr Zar Nikolaus II. sowie 1906, SPM Zeichen mit Hammer, Sichel, Zahnrad sowie Jahreszahl 1920, po ris. (nach Entwurf, nach Zeichnung von) A. Shchekotikhina schwarz gemalt, signiert A. Shchekotikhina, Literatur: Nina Lobanov-Rostovsky, Revolutionskeramik, Sowjetisches Porzellan 1917 &#8211; 1927, Seite 145 ff., K\u00fcnstlerbiographien und Markenverzeichnis, weitere Literatur: Emanuel Poche, Porzellanmarken aus aller Welt, Marke 1791 und Marke 1801 identisch, reichliche Goldbemalung, der Teller ist eine Kopie, die als Museumsinventar Ru\/II\/1 Nachweis- und Belegzwecken dient, da dieser Teller nicht bei Lobanov-Rostovsky verzeichnet ist und das Original wohl verschollen ist, in letzter Zeit werden Originalteller, soweit noch gehandelt, von russischen Milliard\u00e4ren zu hohen f\u00fcnfstelligen Summen aufgekauft,<br \/>\nDurchmesser 26,5 cm<\/p>\n<p><a href=\"http:\/\/museumek.eu\/wp-content\/uploads\/2011\/12\/Museum-Europ\u00e4ischer-Keramikkunst-1477.jpg\"><img loading=\"lazy\" src=\"http:\/\/museumek.eu\/wp-content\/uploads\/2011\/12\/Museum-Europ\u00e4ischer-Keramikkunst-1477-290x300.jpg\" alt=\"\" title=\"Museum Europ\u00e4ischer Keramikkunst 1477\" width=\"290\" height=\"300\" class=\"alignnone size-medium wp-image-7349\" srcset=\"http:\/\/museumek.eu\/wp-content\/uploads\/2011\/12\/Museum-Europ\u00e4ischer-Keramikkunst-1477-290x300.jpg 290w, http:\/\/museumek.eu\/wp-content\/uploads\/2011\/12\/Museum-Europ\u00e4ischer-Keramikkunst-1477.jpg 696w\" sizes=\"(max-width: 290px) 100vw, 290px\" \/><\/a><\/p>\n<p><a href=\"http:\/\/museumek.eu\/wp-content\/uploads\/2011\/12\/Museum-Europ\u00e4ischer-Keramikkunst-1473.jpg\"><img loading=\"lazy\" src=\"http:\/\/museumek.eu\/wp-content\/uploads\/2011\/12\/Museum-Europ\u00e4ischer-Keramikkunst-1473-217x300.jpg\" alt=\"\" title=\"Museum Europ\u00e4ischer Keramikkunst 1473\" width=\"217\" height=\"300\" class=\"alignnone size-medium wp-image-7350\" srcset=\"http:\/\/museumek.eu\/wp-content\/uploads\/2011\/12\/Museum-Europ\u00e4ischer-Keramikkunst-1473-217x300.jpg 217w, http:\/\/museumek.eu\/wp-content\/uploads\/2011\/12\/Museum-Europ\u00e4ischer-Keramikkunst-1473.jpg 555w\" sizes=\"(max-width: 217px) 100vw, 217px\" \/><\/a><\/p>\n<p><a href=\"http:\/\/museumek.eu\/wp-content\/uploads\/2011\/12\/Museum-Europ\u00e4ischer-Keramikkunst-1467.jpg\"><img loading=\"lazy\" src=\"http:\/\/museumek.eu\/wp-content\/uploads\/2011\/12\/Museum-Europ\u00e4ischer-Keramikkunst-1467-300x275.jpg\" alt=\"\" title=\"Museum Europ\u00e4ischer Keramikkunst 1467\" width=\"300\" height=\"275\" class=\"alignnone size-medium wp-image-7351\" srcset=\"http:\/\/museumek.eu\/wp-content\/uploads\/2011\/12\/Museum-Europ\u00e4ischer-Keramikkunst-1467-300x275.jpg 300w, http:\/\/museumek.eu\/wp-content\/uploads\/2011\/12\/Museum-Europ\u00e4ischer-Keramikkunst-1467-326x300.jpg 326w, http:\/\/museumek.eu\/wp-content\/uploads\/2011\/12\/Museum-Europ\u00e4ischer-Keramikkunst-1467.jpg 418w\" sizes=\"(max-width: 300px) 100vw, 300px\" \/><\/a><\/p>\n<p><strong>Abteilung Russland, Keramik 1860 \u2013 1960, Inventarnummer Ru\/II\/2<\/strong><\/p>\n<p>Manufaktur Lomonosov Porzellanmanufaktur (ab 1925, vormals Kaiserliche Porzellanmanufaktur (KPM) bis 1917 und Staatliche Porzellanmanufaktur (SPM) von 1917 bis 1924), Russland, Sankt Petersburg\/Petrograd, um 1935, Figur Katze, K\u00fcnstler unbekannt, Werks.-Nr. ohne, Exemplar Nr. ohne, gemarkt unbekanntes Zeichen gepresst, Firmenmarke, B\/C sowie u6-00 schwarz gestempelt, nicht signiert,<br \/>\nH\u00f6he 15 cm, Breite 13 cm<\/p>\n<p><a href=\"http:\/\/museumek.eu\/wp-content\/uploads\/2012\/10\/Museum-Europ\u00e4ischer-Keramikkunst-24521.jpg\"><img loading=\"lazy\" src=\"http:\/\/museumek.eu\/wp-content\/uploads\/2012\/10\/Museum-Europ\u00e4ischer-Keramikkunst-24521-221x300.jpg\" alt=\"\" title=\"Museum Europ\u00e4ischer Keramikkunst 2452\" width=\"221\" height=\"300\" class=\"alignnone size-medium wp-image-15032\" srcset=\"http:\/\/museumek.eu\/wp-content\/uploads\/2012\/10\/Museum-Europ\u00e4ischer-Keramikkunst-24521-221x300.jpg 221w, http:\/\/museumek.eu\/wp-content\/uploads\/2012\/10\/Museum-Europ\u00e4ischer-Keramikkunst-24521.jpg 633w\" sizes=\"(max-width: 221px) 100vw, 221px\" \/><\/a><\/p>\n<p><a href=\"http:\/\/museumek.eu\/wp-content\/uploads\/2012\/10\/Museum-Europ\u00e4ischer-Keramikkunst-2454.jpg\"><img loading=\"lazy\" src=\"http:\/\/museumek.eu\/wp-content\/uploads\/2012\/10\/Museum-Europ\u00e4ischer-Keramikkunst-2454-195x300.jpg\" alt=\"\" title=\"Museum Europ\u00e4ischer Keramikkunst 2454\" width=\"195\" height=\"300\" class=\"alignnone size-medium wp-image-15033\" srcset=\"http:\/\/museumek.eu\/wp-content\/uploads\/2012\/10\/Museum-Europ\u00e4ischer-Keramikkunst-2454-195x300.jpg 195w, http:\/\/museumek.eu\/wp-content\/uploads\/2012\/10\/Museum-Europ\u00e4ischer-Keramikkunst-2454.jpg 598w\" sizes=\"(max-width: 195px) 100vw, 195px\" \/><\/a><\/p>\n<p><a href=\"http:\/\/museumek.eu\/wp-content\/uploads\/2012\/10\/Museum-Europ\u00e4ischer-Keramikkunst-2453.jpg\"><img loading=\"lazy\" src=\"http:\/\/museumek.eu\/wp-content\/uploads\/2012\/10\/Museum-Europ\u00e4ischer-Keramikkunst-2453-237x300.jpg\" alt=\"\" title=\"Museum Europ\u00e4ischer Keramikkunst 2453\" width=\"237\" height=\"300\" class=\"alignnone size-medium wp-image-15034\" srcset=\"http:\/\/museumek.eu\/wp-content\/uploads\/2012\/10\/Museum-Europ\u00e4ischer-Keramikkunst-2453-237x300.jpg 237w, http:\/\/museumek.eu\/wp-content\/uploads\/2012\/10\/Museum-Europ\u00e4ischer-Keramikkunst-2453.jpg 430w\" sizes=\"(max-width: 237px) 100vw, 237px\" \/><\/a><\/p>\n","protected":false},"excerpt":{"rendered":"<p>Abteilung Russland, Keramik 1860 \u2013 1960, Inventarnummer Ru\/II\/1 Manufaktur Kaiserliche Porzellanmanufaktur (KPM), ab 1917 Staatliche Porzellanmanufaktur (SPM), ab 1925 Lomonosov Porzellanmanufaktur, Russland, Sankt Petersburg\/Petrograd, 1906 und 1920, Teller Revolutionskeramik (Agitationsporzellan), K\u00fcnstler Alexandra Vasilievna Shchekotikhina-Pototskaya , Werks.-Nr. ohne, Exemplar Nr. ohne, &hellip; <a href=\"http:\/\/museumek.eu\/?page_id=7358\">Weiterlesen <span class=\"meta-nav\">&rarr;<\/span><\/a><\/p>\n","protected":false},"author":1,"featured_media":0,"parent":7355,"menu_order":1,"comment_status":"closed","ping_status":"closed","template":"","meta":[],"_links":{"self":[{"href":"http:\/\/museumek.eu\/index.php?rest_route=\/wp\/v2\/pages\/7358"}],"collection":[{"href":"http:\/\/museumek.eu\/index.php?rest_route=\/wp\/v2\/pages"}],"about":[{"href":"http:\/\/museumek.eu\/index.php?rest_route=\/wp\/v2\/types\/page"}],"author":[{"embeddable":true,"href":"http:\/\/museumek.eu\/index.php?rest_route=\/wp\/v2\/users\/1"}],"replies":[{"embeddable":true,"href":"http:\/\/museumek.eu\/index.php?rest_route=%2Fwp%2Fv2%2Fcomments&post=7358"}],"version-history":[{"count":6,"href":"http:\/\/museumek.eu\/index.php?rest_route=\/wp\/v2\/pages\/7358\/revisions"}],"predecessor-version":[{"id":15039,"href":"http:\/\/museumek.eu\/index.php?rest_route=\/wp\/v2\/pages\/7358\/revisions\/15039"}],"up":[{"embeddable":true,"href":"http:\/\/museumek.eu\/index.php?rest_route=\/wp\/v2\/pages\/7355"}],"wp:attachment":[{"href":"http:\/\/museumek.eu\/index.php?rest_route=%2Fwp%2Fv2%2Fmedia&parent=7358"}],"curies":[{"name":"wp","href":"https:\/\/api.w.org\/{rel}","templated":true}]}}