{"id":7402,"date":"2012-01-02T14:03:03","date_gmt":"2012-01-02T13:03:03","guid":{"rendered":"http:\/\/museumek.eu\/?page_id=7402"},"modified":"2012-09-02T15:15:58","modified_gmt":"2012-09-02T13:15:58","slug":"fotos-und-beschreibung","status":"publish","type":"page","link":"http:\/\/museumek.eu\/?page_id=7402","title":{"rendered":"Fotos und Beschreibung"},"content":{"rendered":"<p><strong>Abteilung Deutschland, Keramik 1860 \u2013 1960, Inventarnummer D\/XXXI\/1<\/strong><\/p>\n<p>Manufaktur Fayence &#038; Majolikafabrik Johann von Schwarz, Deutschland, N\u00fcrnberg, 1897, Jardiniere, K\u00fcnstler Carl Sigmund Luber, Werks.-Nr. 293, Exemplar-Nr. ohne, gemarkt N\u00fcrnberg J.v.S. schwarze Pinselmarke, 293 geritzt sowie CLS (f\u00fcr Carl Sigmund Luber) geritzt (schwer erkennbar), signiert CLS, Literatur: Wolfgang K\u00f6nig, Rudolf Weichselbaum, Carl Sigmund Luber, Leben und Werk als Entwerfer der Jugendstilkeramik von Johann von Schwarz, 1896 \u2013 1906, Seite 15 abgebildete Pinselmarke identisch, Seite 240 Werksverzeichnis Sprechsaal: Werksnummer 293 dort noch nicht erfasst, Werksnummern von 277 bis 294 Musterschutz Datum 27.08.1897,<br \/>\nH\u00f6he 9,5 cm, Breite 18,5 cm<\/p>\n<p><a href=\"http:\/\/museumek.eu\/wp-content\/uploads\/2012\/01\/Museum-Europ\u00e4ischer-Keramikkunst-1481.jpg\"><img loading=\"lazy\" src=\"http:\/\/museumek.eu\/wp-content\/uploads\/2012\/01\/Museum-Europ\u00e4ischer-Keramikkunst-1481-300x188.jpg\" alt=\"\" title=\"Museum Europ\u00e4ischer Keramikkunst 1481\" width=\"300\" height=\"188\" class=\"alignnone size-medium wp-image-7392\" srcset=\"http:\/\/museumek.eu\/wp-content\/uploads\/2012\/01\/Museum-Europ\u00e4ischer-Keramikkunst-1481-300x188.jpg 300w, http:\/\/museumek.eu\/wp-content\/uploads\/2012\/01\/Museum-Europ\u00e4ischer-Keramikkunst-1481-477x300.jpg 477w, http:\/\/museumek.eu\/wp-content\/uploads\/2012\/01\/Museum-Europ\u00e4ischer-Keramikkunst-1481.jpg 823w\" sizes=\"(max-width: 300px) 100vw, 300px\" \/><\/a><\/p>\n<p><a href=\"http:\/\/museumek.eu\/wp-content\/uploads\/2012\/01\/Museum-Europ\u00e4ischer-Keramikkunst-1482.jpg\"><img loading=\"lazy\" src=\"http:\/\/museumek.eu\/wp-content\/uploads\/2012\/01\/Museum-Europ\u00e4ischer-Keramikkunst-1482-300x190.jpg\" alt=\"\" title=\"Museum Europ\u00e4ischer Keramikkunst 1482\" width=\"300\" height=\"190\" class=\"alignnone size-medium wp-image-7393\" srcset=\"http:\/\/museumek.eu\/wp-content\/uploads\/2012\/01\/Museum-Europ\u00e4ischer-Keramikkunst-1482-300x190.jpg 300w, http:\/\/museumek.eu\/wp-content\/uploads\/2012\/01\/Museum-Europ\u00e4ischer-Keramikkunst-1482-472x300.jpg 472w, http:\/\/museumek.eu\/wp-content\/uploads\/2012\/01\/Museum-Europ\u00e4ischer-Keramikkunst-1482.jpg 741w\" sizes=\"(max-width: 300px) 100vw, 300px\" \/><\/a><\/p>\n<p><a href=\"http:\/\/museumek.eu\/wp-content\/uploads\/2012\/01\/Museum-Europ\u00e4ischer-Keramikkunst-14831.jpg\"><img loading=\"lazy\" src=\"http:\/\/museumek.eu\/wp-content\/uploads\/2012\/01\/Museum-Europ\u00e4ischer-Keramikkunst-14831-300x252.jpg\" alt=\"\" title=\"Museum Europ\u00e4ischer Keramikkunst 1483\" width=\"300\" height=\"252\" class=\"alignnone size-medium wp-image-7395\" srcset=\"http:\/\/museumek.eu\/wp-content\/uploads\/2012\/01\/Museum-Europ\u00e4ischer-Keramikkunst-14831-300x252.jpg 300w, http:\/\/museumek.eu\/wp-content\/uploads\/2012\/01\/Museum-Europ\u00e4ischer-Keramikkunst-14831.jpg 669w\" sizes=\"(max-width: 300px) 100vw, 300px\" \/><\/a><\/p>\n<p><strong>Abteilung Deutschland, Keramik 1860 \u2013 1960, Inventarnummer D\/XXXI\/2<\/strong><\/p>\n<p>Manufaktur Fayence &#038; Majolikafabrik Johann von Schwarz, Deutschland, N\u00fcrnberg, um 1897, Schale mit Holl\u00e4nderp\u00e4rchen, K\u00fcnstler Carl Sigmund Luber, Werks.-Nr. 684, Exemplar-Nr. ohne, nicht gemarkt aber M gemalt, nicht signiert ( gemalte Signatur nur schwach erkennbar,nicht lesbar), Literatur: Wolfgang K\u00f6nig, Rudolf Weichselbaum, Carl Sigmund Luber, Leben und Werk als Entwerfer der Jugendstilkeramik von Johann von Schwarz, 1896 \u2013 1906, Seite 133, Abb. 5.19 identisch, dort mit Werksnummer 684 bezeichnet, im unvollst\u00e4ndigen Werksverzeichnis nicht aufgef\u00fchrt, siehe auch Auktionshaus Quittenbaum, 92. Auktion, 26.10.2010, Los Nr. 660, gleiche Schale in rot, nur mit anderem Motiv, von Quittenbaum wohl mangels o. g. Literatur (ist restlos vergriffen) zugeschrieben, statt best\u00e4tigt, die Schale ist in o. g. Literatur auf Seite 132, Abb. 5.9, bezeichnet mit Werksnummer 738, in gr\u00fcner Ausf\u00fchrung<br \/>\nabgebildet, H\u00f6he 9,5 cm, Breite 17,5 cm<\/p>\n<p><a href=\"http:\/\/museumek.eu\/wp-content\/uploads\/2012\/01\/Museum-Europ\u00e4ischer-Keramikkunst-15902.jpg\"><img loading=\"lazy\" src=\"http:\/\/museumek.eu\/wp-content\/uploads\/2012\/01\/Museum-Europ\u00e4ischer-Keramikkunst-15902-300x184.jpg\" alt=\"\" title=\"Museum Europ\u00e4ischer Keramikkunst 1590\" width=\"300\" height=\"184\" class=\"alignnone size-medium wp-image-8187\" srcset=\"http:\/\/museumek.eu\/wp-content\/uploads\/2012\/01\/Museum-Europ\u00e4ischer-Keramikkunst-15902-300x184.jpg 300w, http:\/\/museumek.eu\/wp-content\/uploads\/2012\/01\/Museum-Europ\u00e4ischer-Keramikkunst-15902-486x300.jpg 486w, http:\/\/museumek.eu\/wp-content\/uploads\/2012\/01\/Museum-Europ\u00e4ischer-Keramikkunst-15902.jpg 746w\" sizes=\"(max-width: 300px) 100vw, 300px\" \/><\/a><\/p>\n<p><a href=\"http:\/\/museumek.eu\/wp-content\/uploads\/2012\/01\/Museum-Europ\u00e4ischer-Keramikkunst-1592.jpg\"><img loading=\"lazy\" src=\"http:\/\/museumek.eu\/wp-content\/uploads\/2012\/01\/Museum-Europ\u00e4ischer-Keramikkunst-1592-300x180.jpg\" alt=\"\" title=\"Museum Europ\u00e4ischer Keramikkunst 1592\" width=\"300\" height=\"180\" class=\"alignnone size-medium wp-image-8188\" srcset=\"http:\/\/museumek.eu\/wp-content\/uploads\/2012\/01\/Museum-Europ\u00e4ischer-Keramikkunst-1592-300x180.jpg 300w, http:\/\/museumek.eu\/wp-content\/uploads\/2012\/01\/Museum-Europ\u00e4ischer-Keramikkunst-1592.jpg 494w\" sizes=\"(max-width: 300px) 100vw, 300px\" \/><\/a><\/p>\n<p><a href=\"http:\/\/museumek.eu\/wp-content\/uploads\/2012\/01\/Von-Schwarz-Bild.jpg\"><img loading=\"lazy\" src=\"http:\/\/museumek.eu\/wp-content\/uploads\/2012\/01\/Von-Schwarz-Bild-300x100.jpg\" alt=\"\" title=\"Von Schwarz Bild\" width=\"300\" height=\"100\" class=\"alignnone size-medium wp-image-8198\" srcset=\"http:\/\/museumek.eu\/wp-content\/uploads\/2012\/01\/Von-Schwarz-Bild-300x100.jpg 300w, http:\/\/museumek.eu\/wp-content\/uploads\/2012\/01\/Von-Schwarz-Bild-500x166.jpg 500w, http:\/\/museumek.eu\/wp-content\/uploads\/2012\/01\/Von-Schwarz-Bild.jpg 894w\" sizes=\"(max-width: 300px) 100vw, 300px\" \/><\/a><\/p>\n","protected":false},"excerpt":{"rendered":"<p>Abteilung Deutschland, Keramik 1860 \u2013 1960, Inventarnummer D\/XXXI\/1 Manufaktur Fayence &#038; Majolikafabrik Johann von Schwarz, Deutschland, N\u00fcrnberg, 1897, Jardiniere, K\u00fcnstler Carl Sigmund Luber, Werks.-Nr. 293, Exemplar-Nr. ohne, gemarkt N\u00fcrnberg J.v.S. schwarze Pinselmarke, 293 geritzt sowie CLS (f\u00fcr Carl Sigmund Luber) &hellip; <a href=\"http:\/\/museumek.eu\/?page_id=7402\">Weiterlesen <span class=\"meta-nav\">&rarr;<\/span><\/a><\/p>\n","protected":false},"author":1,"featured_media":0,"parent":7399,"menu_order":1,"comment_status":"closed","ping_status":"closed","template":"","meta":[],"_links":{"self":[{"href":"http:\/\/museumek.eu\/index.php?rest_route=\/wp\/v2\/pages\/7402"}],"collection":[{"href":"http:\/\/museumek.eu\/index.php?rest_route=\/wp\/v2\/pages"}],"about":[{"href":"http:\/\/museumek.eu\/index.php?rest_route=\/wp\/v2\/types\/page"}],"author":[{"embeddable":true,"href":"http:\/\/museumek.eu\/index.php?rest_route=\/wp\/v2\/users\/1"}],"replies":[{"embeddable":true,"href":"http:\/\/museumek.eu\/index.php?rest_route=%2Fwp%2Fv2%2Fcomments&post=7402"}],"version-history":[{"count":5,"href":"http:\/\/museumek.eu\/index.php?rest_route=\/wp\/v2\/pages\/7402\/revisions"}],"predecessor-version":[{"id":13275,"href":"http:\/\/museumek.eu\/index.php?rest_route=\/wp\/v2\/pages\/7402\/revisions\/13275"}],"up":[{"embeddable":true,"href":"http:\/\/museumek.eu\/index.php?rest_route=\/wp\/v2\/pages\/7399"}],"wp:attachment":[{"href":"http:\/\/museumek.eu\/index.php?rest_route=%2Fwp%2Fv2%2Fmedia&parent=7402"}],"curies":[{"name":"wp","href":"https:\/\/api.w.org\/{rel}","templated":true}]}}