{"id":7408,"date":"2012-01-02T14:06:59","date_gmt":"2012-01-02T13:06:59","guid":{"rendered":"http:\/\/museumek.eu\/?page_id=7408"},"modified":"2013-04-26T00:10:42","modified_gmt":"2013-04-25T22:10:42","slug":"kurzbiografie-und-inventar-zum-kunstler","status":"publish","type":"page","link":"http:\/\/museumek.eu\/?page_id=7408","title":{"rendered":"Kurzbiografie und Inventar zum K\u00fcnstler"},"content":{"rendered":"<p>Carl Sigmund Luber wurde am 01.03.1868 in M\u00fcnchen geboren. Er starb am 30.06.1934 ebenda. Nachdem Besuch der Volks- und der Realschule machte Luber eine Lehre als Bildhauer. Danach folgten seine Wanderjahre, die ihn nach Ulm, Blaubeuren, St. Gallen und Sarajewo f\u00fchrten. Danach besuchte er die M\u00fcnchner Kunstgewerbeschule und die M\u00fcnchner Kunstakademie unter Prof. Eberle. Er heiratete 1895. 1897 zog das Paar nach N\u00fcrnberg, wo sie bis 1908 wohnten. Er arbeitete als ein herausragender K\u00fcnstler f\u00fcr die Fayence &#038; Majolikafabrik Johann von Schwarz. Weiterhin arbeitete er noch f\u00fcr die Pr\u00e4geanstalt Lauer und f\u00fcr die Spielwarenfabrik Bing.<br \/>\n1908 zog Luber mit seiner Familie nach M\u00fcnchen und nahm eine Stelle bei der Handwerkskammer Oberbayern an, um dort eine kunstgewerbliche Abteilung einzurichten. Diese Stelle bekleidete er bis zu seiner Pensionierung 1933.<br \/>\nSein bildhauerisches und k\u00fcnstlerische Schaffen in der Zeit des Jugendstils, insbesondere seine Arbeiten f\u00fcr die Fayence &#038; Majolikafabrik Johann von Schwarz wurden zu seiner Zeit und auch in sp\u00e4teren Jahrzehnten nicht gew\u00fcrdigt. Erst heute wissen wir von seinem k\u00fcnstlerischen Talent und seine Arbeiten werden heute im Kunsthandel gew\u00fcrdigt und entsprechend teuer gehandelt.<\/p>\n<p><strong>Abteilung Deutschland, Keramik 1860 \u2013 1960, Inventarnummer D\/XXXI\/1<\/strong><\/p>\n<p>Fayence &#038; Majolikafabrik Johann von Schwarz, Deutschland, N\u00fcrnberg, 1897, Jardiniere, K\u00fcnstler Carl Sigmund Luber, Werks.-Nr. 293, Exemplar-Nr. ohne, gemarkt N\u00fcrnberg J.v.S. schwarze Pinselmarke, 293 geritzt sowie CLS (f\u00fcr Carl Sigmund Luber) geritzt (schwer erkennbar), signiert CLS, Literatur: Wolfgang K\u00f6nig, Rudolf Weichselbaum, Carl Sigmund Luber, Leben und Werk als Entwerfer der Jugendstilkeramik von Johann von Schwarz, 1896 \u2013 1906, Seite 15 abgebildete Pinselmarke identisch, Seite 240 Werksverzeichnis Sprechsaal: Werksnummer 293 dort noch nicht erfasst, Werksnummern von 277 bis 294 Musterschutz Datum 27.08.1897, H\u00f6he 9,5 cm, Breite 18,5 cm<\/p>\n<p><a href=\"http:\/\/museumek.eu\/wp-content\/uploads\/2012\/01\/Museum-Europ\u00e4ischer-Keramikkunst-1481.jpg\"><img loading=\"lazy\" src=\"http:\/\/museumek.eu\/wp-content\/uploads\/2012\/01\/Museum-Europ\u00e4ischer-Keramikkunst-1481-300x188.jpg\" alt=\"\" title=\"Museum Europ\u00e4ischer Keramikkunst 1481\" width=\"300\" height=\"188\" class=\"alignnone size-medium wp-image-7392\" srcset=\"http:\/\/museumek.eu\/wp-content\/uploads\/2012\/01\/Museum-Europ\u00e4ischer-Keramikkunst-1481-300x188.jpg 300w, http:\/\/museumek.eu\/wp-content\/uploads\/2012\/01\/Museum-Europ\u00e4ischer-Keramikkunst-1481-477x300.jpg 477w, http:\/\/museumek.eu\/wp-content\/uploads\/2012\/01\/Museum-Europ\u00e4ischer-Keramikkunst-1481.jpg 823w\" sizes=\"(max-width: 300px) 100vw, 300px\" \/><\/a><\/p>\n<p><a href=\"http:\/\/museumek.eu\/wp-content\/uploads\/2012\/01\/Museum-Europ\u00e4ischer-Keramikkunst-1482.jpg\"><img loading=\"lazy\" src=\"http:\/\/museumek.eu\/wp-content\/uploads\/2012\/01\/Museum-Europ\u00e4ischer-Keramikkunst-1482-300x190.jpg\" alt=\"\" title=\"Museum Europ\u00e4ischer Keramikkunst 1482\" width=\"300\" height=\"190\" class=\"alignnone size-medium wp-image-7393\" srcset=\"http:\/\/museumek.eu\/wp-content\/uploads\/2012\/01\/Museum-Europ\u00e4ischer-Keramikkunst-1482-300x190.jpg 300w, http:\/\/museumek.eu\/wp-content\/uploads\/2012\/01\/Museum-Europ\u00e4ischer-Keramikkunst-1482-472x300.jpg 472w, http:\/\/museumek.eu\/wp-content\/uploads\/2012\/01\/Museum-Europ\u00e4ischer-Keramikkunst-1482.jpg 741w\" sizes=\"(max-width: 300px) 100vw, 300px\" \/><\/a><\/p>\n<p><a href=\"http:\/\/museumek.eu\/wp-content\/uploads\/2012\/01\/Museum-Europ\u00e4ischer-Keramikkunst-14831.jpg\"><img loading=\"lazy\" src=\"http:\/\/museumek.eu\/wp-content\/uploads\/2012\/01\/Museum-Europ\u00e4ischer-Keramikkunst-14831-300x252.jpg\" alt=\"\" title=\"Museum Europ\u00e4ischer Keramikkunst 1483\" width=\"300\" height=\"252\" class=\"alignnone size-medium wp-image-7395\" srcset=\"http:\/\/museumek.eu\/wp-content\/uploads\/2012\/01\/Museum-Europ\u00e4ischer-Keramikkunst-14831-300x252.jpg 300w, http:\/\/museumek.eu\/wp-content\/uploads\/2012\/01\/Museum-Europ\u00e4ischer-Keramikkunst-14831.jpg 669w\" sizes=\"(max-width: 300px) 100vw, 300px\" \/><\/a><\/p>\n<p><strong>Abteilung Deutschland, Keramik 1860 \u2013 1960, Inventarnummer D\/XXXI\/2<\/strong><\/p>\n<p>Fayence &#038; Majolikafabrik Johann von Schwarz, Deutschland, N\u00fcrnberg, um 1897, Schale mit Holl\u00e4nderp\u00e4rchen, K\u00fcnstler Carl Sigmund Luber, Werks.-Nr. 684, Exemplar-Nr. ohne, nicht gemarkt aber M gemalt, nicht signiert ( gemalte Signatur nur schwach erkennbar,nicht lesbar), Literatur: Wolfgang K\u00f6nig, Rudolf Weichselbaum, Carl Sigmund Luber, Leben und Werk als Entwerfer der Jugendstilkeramik von Johann von Schwarz, 1896 \u2013 1906, Seite 133, Abb. 5.19 identisch, dort mit Werksnummer 684 bezeichnet, im unvollst\u00e4ndigen Werksverzeichnis nicht aufgef\u00fchrt, siehe auch Auktionshaus Quittenbaum, 92. Auktion, 26.10.2010, Los Nr. 660, gleiche Schale in rot, nur mit anderem Motiv, von Quittenbaum wohl mangels o. g. Literatur (ist restlos vergriffen) zugeschrieben, statt best\u00e4tigt, die Schale ist in o. g. Literatur auf Seite 132, Abb. 5.9, bezeichnet mit Werksnummer 738, in gr\u00fcner Ausf\u00fchrung<br \/>\nabgebildet, H\u00f6he 9,5 cm, Breite 17,5 cm<\/p>\n<p><a href=\"http:\/\/museumek.eu\/wp-content\/uploads\/2012\/01\/Museum-Europ\u00e4ischer-Keramikkunst-15902.jpg\"><img loading=\"lazy\" src=\"http:\/\/museumek.eu\/wp-content\/uploads\/2012\/01\/Museum-Europ\u00e4ischer-Keramikkunst-15902-300x184.jpg\" alt=\"\" title=\"Museum Europ\u00e4ischer Keramikkunst 1590\" width=\"300\" height=\"184\" class=\"alignnone size-medium wp-image-8187\" srcset=\"http:\/\/museumek.eu\/wp-content\/uploads\/2012\/01\/Museum-Europ\u00e4ischer-Keramikkunst-15902-300x184.jpg 300w, http:\/\/museumek.eu\/wp-content\/uploads\/2012\/01\/Museum-Europ\u00e4ischer-Keramikkunst-15902-486x300.jpg 486w, http:\/\/museumek.eu\/wp-content\/uploads\/2012\/01\/Museum-Europ\u00e4ischer-Keramikkunst-15902.jpg 746w\" sizes=\"(max-width: 300px) 100vw, 300px\" \/><\/a><\/p>\n<p><a href=\"http:\/\/museumek.eu\/wp-content\/uploads\/2012\/01\/Museum-Europ\u00e4ischer-Keramikkunst-1592.jpg\"><img loading=\"lazy\" src=\"http:\/\/museumek.eu\/wp-content\/uploads\/2012\/01\/Museum-Europ\u00e4ischer-Keramikkunst-1592-300x180.jpg\" alt=\"\" title=\"Museum Europ\u00e4ischer Keramikkunst 1592\" width=\"300\" height=\"180\" class=\"alignnone size-medium wp-image-8188\" srcset=\"http:\/\/museumek.eu\/wp-content\/uploads\/2012\/01\/Museum-Europ\u00e4ischer-Keramikkunst-1592-300x180.jpg 300w, http:\/\/museumek.eu\/wp-content\/uploads\/2012\/01\/Museum-Europ\u00e4ischer-Keramikkunst-1592.jpg 494w\" sizes=\"(max-width: 300px) 100vw, 300px\" \/><\/a><\/p>\n<p><a href=\"http:\/\/museumek.eu\/wp-content\/uploads\/2012\/01\/Von-Schwarz-Bild.jpg\"><img loading=\"lazy\" src=\"http:\/\/museumek.eu\/wp-content\/uploads\/2012\/01\/Von-Schwarz-Bild-300x100.jpg\" alt=\"\" title=\"Von Schwarz Bild\" width=\"300\" height=\"100\" class=\"alignnone size-medium wp-image-8198\" srcset=\"http:\/\/museumek.eu\/wp-content\/uploads\/2012\/01\/Von-Schwarz-Bild-300x100.jpg 300w, http:\/\/museumek.eu\/wp-content\/uploads\/2012\/01\/Von-Schwarz-Bild-500x166.jpg 500w, http:\/\/museumek.eu\/wp-content\/uploads\/2012\/01\/Von-Schwarz-Bild.jpg 894w\" sizes=\"(max-width: 300px) 100vw, 300px\" \/><\/a><\/p>\n","protected":false},"excerpt":{"rendered":"<p>Carl Sigmund Luber wurde am 01.03.1868 in M\u00fcnchen geboren. Er starb am 30.06.1934 ebenda. Nachdem Besuch der Volks- und der Realschule machte Luber eine Lehre als Bildhauer. Danach folgten seine Wanderjahre, die ihn nach Ulm, Blaubeuren, St. Gallen und Sarajewo &hellip; <a href=\"http:\/\/museumek.eu\/?page_id=7408\">Weiterlesen <span class=\"meta-nav\">&rarr;<\/span><\/a><\/p>\n","protected":false},"author":1,"featured_media":0,"parent":7405,"menu_order":1,"comment_status":"closed","ping_status":"closed","template":"","meta":[],"_links":{"self":[{"href":"http:\/\/museumek.eu\/index.php?rest_route=\/wp\/v2\/pages\/7408"}],"collection":[{"href":"http:\/\/museumek.eu\/index.php?rest_route=\/wp\/v2\/pages"}],"about":[{"href":"http:\/\/museumek.eu\/index.php?rest_route=\/wp\/v2\/types\/page"}],"author":[{"embeddable":true,"href":"http:\/\/museumek.eu\/index.php?rest_route=\/wp\/v2\/users\/1"}],"replies":[{"embeddable":true,"href":"http:\/\/museumek.eu\/index.php?rest_route=%2Fwp%2Fv2%2Fcomments&post=7408"}],"version-history":[{"count":13,"href":"http:\/\/museumek.eu\/index.php?rest_route=\/wp\/v2\/pages\/7408\/revisions"}],"predecessor-version":[{"id":20557,"href":"http:\/\/museumek.eu\/index.php?rest_route=\/wp\/v2\/pages\/7408\/revisions\/20557"}],"up":[{"embeddable":true,"href":"http:\/\/museumek.eu\/index.php?rest_route=\/wp\/v2\/pages\/7405"}],"wp:attachment":[{"href":"http:\/\/museumek.eu\/index.php?rest_route=%2Fwp%2Fv2%2Fmedia&parent=7408"}],"curies":[{"name":"wp","href":"https:\/\/api.w.org\/{rel}","templated":true}]}}