{"id":7512,"date":"2012-01-10T23:14:41","date_gmt":"2012-01-10T22:14:41","guid":{"rendered":"http:\/\/museumek.eu\/?page_id=7512"},"modified":"2012-01-10T23:15:15","modified_gmt":"2012-01-10T22:15:15","slug":"fv13","status":"publish","type":"page","link":"http:\/\/museumek.eu\/?page_id=7512","title":{"rendered":"F\/V\/13"},"content":{"rendered":"<p><strong>Abteilung Frankreich, Keramik 1860 \u2013 1960, Inventarnummer F\/V\/13<\/strong><\/p>\n<p>Manufaktur Massier, Frankreich, Vallauris, um 1890, Vase, K\u00fcnstler J\u00e9rome Massier, Werks.-Nr. ohne, Exemplar Nr. ohne, gemarkt J\u00e9rome Massier, Vallauris sowie France gepresst, nicht signiert, die Vase ist Teil eines Dreier Ensemble, bestehend aus zwei Vasen und einer Jardiniere, siehe MEK F\/V\/14 und MEK F\/V\/15, etwas l\u00fcstrierende Verlaufsglasur, Literatur: Dieter Z\u00fchlsdorf, Keramik-Marken-Lexikon, Nr. 1303,<br \/>\nH 46,5 cm, B 19 cm<\/p>\n<p><a href=\"http:\/\/museumek.eu\/wp-content\/uploads\/2012\/01\/Museum-Europ\u00e4ischer-Keramikkunst-1503.jpg\"><img loading=\"lazy\" src=\"http:\/\/museumek.eu\/wp-content\/uploads\/2012\/01\/Museum-Europ\u00e4ischer-Keramikkunst-1503-117x300.jpg\" alt=\"\" title=\"Museum Europ\u00e4ischer Keramikkunst 1503\" width=\"117\" height=\"300\" class=\"alignnone size-medium wp-image-7513\" \/><\/a><\/p>\n<p><a href=\"http:\/\/museumek.eu\/wp-content\/uploads\/2012\/01\/Museum-Europ\u00e4ischer-Keramikkunst-1507.jpg\"><img loading=\"lazy\" src=\"http:\/\/museumek.eu\/wp-content\/uploads\/2012\/01\/Museum-Europ\u00e4ischer-Keramikkunst-1507-300x171.jpg\" alt=\"\" title=\"Museum Europ\u00e4ischer Keramikkunst 1507\" width=\"300\" height=\"171\" class=\"alignnone size-medium wp-image-7514\" srcset=\"http:\/\/museumek.eu\/wp-content\/uploads\/2012\/01\/Museum-Europ\u00e4ischer-Keramikkunst-1507-300x171.jpg 300w, http:\/\/museumek.eu\/wp-content\/uploads\/2012\/01\/Museum-Europ\u00e4ischer-Keramikkunst-1507-500x286.jpg 500w, http:\/\/museumek.eu\/wp-content\/uploads\/2012\/01\/Museum-Europ\u00e4ischer-Keramikkunst-1507.jpg 527w\" sizes=\"(max-width: 300px) 100vw, 300px\" \/><\/a><\/p>\n<p><a href=\"http:\/\/museumek.eu\/wp-content\/uploads\/2012\/01\/Museum-Europ\u00e4ischer-Keramikkunst-1500.jpg\"><img loading=\"lazy\" src=\"http:\/\/museumek.eu\/wp-content\/uploads\/2012\/01\/Museum-Europ\u00e4ischer-Keramikkunst-1500-300x169.jpg\" alt=\"\" title=\"Museum Europ\u00e4ischer Keramikkunst 1500\" width=\"300\" height=\"169\" class=\"alignnone size-medium wp-image-7515\" srcset=\"http:\/\/museumek.eu\/wp-content\/uploads\/2012\/01\/Museum-Europ\u00e4ischer-Keramikkunst-1500-300x169.jpg 300w, http:\/\/museumek.eu\/wp-content\/uploads\/2012\/01\/Museum-Europ\u00e4ischer-Keramikkunst-1500-500x283.jpg 500w, http:\/\/museumek.eu\/wp-content\/uploads\/2012\/01\/Museum-Europ\u00e4ischer-Keramikkunst-1500.jpg 934w\" sizes=\"(max-width: 300px) 100vw, 300px\" \/><\/a><\/p>\n","protected":false},"excerpt":{"rendered":"<p>Abteilung Frankreich, Keramik 1860 \u2013 1960, Inventarnummer F\/V\/13 Manufaktur Massier, Frankreich, Vallauris, um 1890, Vase, K\u00fcnstler J\u00e9rome Massier, Werks.-Nr. ohne, Exemplar Nr. ohne, gemarkt J\u00e9rome Massier, Vallauris sowie France gepresst, nicht signiert, die Vase ist Teil eines Dreier Ensemble, bestehend &hellip; <a href=\"http:\/\/museumek.eu\/?page_id=7512\">Weiterlesen <span class=\"meta-nav\">&rarr;<\/span><\/a><\/p>\n","protected":false},"author":1,"featured_media":0,"parent":3292,"menu_order":13,"comment_status":"closed","ping_status":"closed","template":"","meta":[],"_links":{"self":[{"href":"http:\/\/museumek.eu\/index.php?rest_route=\/wp\/v2\/pages\/7512"}],"collection":[{"href":"http:\/\/museumek.eu\/index.php?rest_route=\/wp\/v2\/pages"}],"about":[{"href":"http:\/\/museumek.eu\/index.php?rest_route=\/wp\/v2\/types\/page"}],"author":[{"embeddable":true,"href":"http:\/\/museumek.eu\/index.php?rest_route=\/wp\/v2\/users\/1"}],"replies":[{"embeddable":true,"href":"http:\/\/museumek.eu\/index.php?rest_route=%2Fwp%2Fv2%2Fcomments&post=7512"}],"version-history":[{"count":3,"href":"http:\/\/museumek.eu\/index.php?rest_route=\/wp\/v2\/pages\/7512\/revisions"}],"predecessor-version":[{"id":7518,"href":"http:\/\/museumek.eu\/index.php?rest_route=\/wp\/v2\/pages\/7512\/revisions\/7518"}],"up":[{"embeddable":true,"href":"http:\/\/museumek.eu\/index.php?rest_route=\/wp\/v2\/pages\/3292"}],"wp:attachment":[{"href":"http:\/\/museumek.eu\/index.php?rest_route=%2Fwp%2Fv2%2Fmedia&parent=7512"}],"curies":[{"name":"wp","href":"https:\/\/api.w.org\/{rel}","templated":true}]}}