{"id":7550,"date":"2012-01-10T23:51:38","date_gmt":"2012-01-10T22:51:38","guid":{"rendered":"http:\/\/museumek.eu\/?page_id=7550"},"modified":"2012-01-10T23:51:38","modified_gmt":"2012-01-10T22:51:38","slug":"fv15","status":"publish","type":"page","link":"http:\/\/museumek.eu\/?page_id=7550","title":{"rendered":"F\/V\/15"},"content":{"rendered":"<p><strong>Abteilung Frankreich, Keramik 1860 \u2013 1960, Inventarnummer F\/V\/15<\/strong><\/p>\n<p>Manufaktur Massier, Frankreich, Vallauris, um 1890, Vase, K\u00fcnstler J\u00e9rome Massier, Werks.-Nr. ohne, Exemplar Nr. ohne, gemarkt J\u00e9rome Massier, Vallauris sowie France gepresst, nicht signiert, die Vase ist Teil eines Dreier Ensemble, bestehend aus zwei Vasen und einer Jardiniere, siehe MEK F\/V\/13 und MEK F\/V\/14, etwas l\u00fcstrierende Verlaufsglasur, Literatur: Dieter Z\u00fchlsdorf, Keramik-Marken-Lexikon, Nr. 1303,<br \/>\nH 46,5 cm, B 19 cm<\/p>\n<p><a href=\"http:\/\/museumek.eu\/wp-content\/uploads\/2012\/01\/Museum-Europ\u00e4ischer-Keramikkunst-1511.jpg\"><img loading=\"lazy\" src=\"http:\/\/museumek.eu\/wp-content\/uploads\/2012\/01\/Museum-Europ\u00e4ischer-Keramikkunst-1511-121x300.jpg\" alt=\"\" title=\"Museum Europ\u00e4ischer Keramikkunst 1511\" width=\"121\" height=\"300\" class=\"alignnone size-medium wp-image-7551\" \/><\/a><\/p>\n<p><a href=\"http:\/\/museumek.eu\/wp-content\/uploads\/2012\/01\/Museum-Europ\u00e4ischer-Keramikkunst-1512.jpg\"><img loading=\"lazy\" src=\"http:\/\/museumek.eu\/wp-content\/uploads\/2012\/01\/Museum-Europ\u00e4ischer-Keramikkunst-1512-300x157.jpg\" alt=\"\" title=\"Museum Europ\u00e4ischer Keramikkunst 1512\" width=\"300\" height=\"157\" class=\"alignnone size-medium wp-image-7552\" srcset=\"http:\/\/museumek.eu\/wp-content\/uploads\/2012\/01\/Museum-Europ\u00e4ischer-Keramikkunst-1512-300x157.jpg 300w, http:\/\/museumek.eu\/wp-content\/uploads\/2012\/01\/Museum-Europ\u00e4ischer-Keramikkunst-1512-500x263.jpg 500w, http:\/\/museumek.eu\/wp-content\/uploads\/2012\/01\/Museum-Europ\u00e4ischer-Keramikkunst-1512.jpg 536w\" sizes=\"(max-width: 300px) 100vw, 300px\" \/><\/a><\/p>\n<p><a href=\"http:\/\/museumek.eu\/wp-content\/uploads\/2012\/01\/Museum-Europ\u00e4ischer-Keramikkunst-15002.jpg\"><img loading=\"lazy\" src=\"http:\/\/museumek.eu\/wp-content\/uploads\/2012\/01\/Museum-Europ\u00e4ischer-Keramikkunst-15002-300x169.jpg\" alt=\"\" title=\"Museum Europ\u00e4ischer Keramikkunst 1500\" width=\"300\" height=\"169\" class=\"alignnone size-medium wp-image-7553\" srcset=\"http:\/\/museumek.eu\/wp-content\/uploads\/2012\/01\/Museum-Europ\u00e4ischer-Keramikkunst-15002-300x169.jpg 300w, http:\/\/museumek.eu\/wp-content\/uploads\/2012\/01\/Museum-Europ\u00e4ischer-Keramikkunst-15002-500x283.jpg 500w, http:\/\/museumek.eu\/wp-content\/uploads\/2012\/01\/Museum-Europ\u00e4ischer-Keramikkunst-15002.jpg 934w\" sizes=\"(max-width: 300px) 100vw, 300px\" \/><\/a><\/p>\n","protected":false},"excerpt":{"rendered":"<p>Abteilung Frankreich, Keramik 1860 \u2013 1960, Inventarnummer F\/V\/15 Manufaktur Massier, Frankreich, Vallauris, um 1890, Vase, K\u00fcnstler J\u00e9rome Massier, Werks.-Nr. ohne, Exemplar Nr. ohne, gemarkt J\u00e9rome Massier, Vallauris sowie France gepresst, nicht signiert, die Vase ist Teil eines Dreier Ensemble, bestehend &hellip; <a href=\"http:\/\/museumek.eu\/?page_id=7550\">Weiterlesen <span class=\"meta-nav\">&rarr;<\/span><\/a><\/p>\n","protected":false},"author":1,"featured_media":0,"parent":3292,"menu_order":15,"comment_status":"closed","ping_status":"closed","template":"","meta":[],"_links":{"self":[{"href":"http:\/\/museumek.eu\/index.php?rest_route=\/wp\/v2\/pages\/7550"}],"collection":[{"href":"http:\/\/museumek.eu\/index.php?rest_route=\/wp\/v2\/pages"}],"about":[{"href":"http:\/\/museumek.eu\/index.php?rest_route=\/wp\/v2\/types\/page"}],"author":[{"embeddable":true,"href":"http:\/\/museumek.eu\/index.php?rest_route=\/wp\/v2\/users\/1"}],"replies":[{"embeddable":true,"href":"http:\/\/museumek.eu\/index.php?rest_route=%2Fwp%2Fv2%2Fcomments&post=7550"}],"version-history":[{"count":2,"href":"http:\/\/museumek.eu\/index.php?rest_route=\/wp\/v2\/pages\/7550\/revisions"}],"predecessor-version":[{"id":7555,"href":"http:\/\/museumek.eu\/index.php?rest_route=\/wp\/v2\/pages\/7550\/revisions\/7555"}],"up":[{"embeddable":true,"href":"http:\/\/museumek.eu\/index.php?rest_route=\/wp\/v2\/pages\/3292"}],"wp:attachment":[{"href":"http:\/\/museumek.eu\/index.php?rest_route=%2Fwp%2Fv2%2Fmedia&parent=7550"}],"curies":[{"name":"wp","href":"https:\/\/api.w.org\/{rel}","templated":true}]}}