{"id":767,"date":"2011-08-09T00:43:46","date_gmt":"2011-08-08T22:43:46","guid":{"rendered":"http:\/\/museumek.eu\/?page_id=767"},"modified":"2012-11-12T23:45:09","modified_gmt":"2012-11-12T22:45:09","slug":"av1","status":"publish","type":"page","link":"http:\/\/museumek.eu\/?page_id=767","title":{"rendered":"A\/V\/1"},"content":{"rendered":"<p><strong>Abteilung Austria\/Ungarn\/B\u00f6hmen, Keramik 1860 \u2013 1960, Inventarnummer A\/V\/1<\/strong><\/p>\n<p>Manufaktur Kunstkeramische Fabrik A. F\u00f6rster und Kunstkeramische Fabrik A. F\u00f6rster &#038; Co., Austria, Wien, 1906\/1907, Figur Mozart, K\u00fcnstler Ferdinand Doblinger, Werks.-Nr. 9157, Exemplar Nr. ohne, gemarkt Fabrikmarke Biene im Kreis brauner Stempel, F\u00f6rster\/Wien braun gemalt, 9157 gepresst, nicht signiert, Literatur: Waltraud Neuwirth, Wiener Keramik, Seite 129, Nachweis, dass die Figur von Ferdinand Dobliger entworfen worden ist, Seite 145, Manufakturbeschreibung, sowie Seite 471, Marke Nr. 109 identisch, Ausf\u00fchrung als Biskuitporzellan, die Kunstkeramische Fabrik A. F\u00f6rster wurde 1899 gegr\u00fcndet, Inhaber Alexander F\u00f6rster, sie wurde 1905 in Kunstkeramische Fabrik A. F\u00f6rster &#038; Co. umbenannt, Inhaber Alexander F\u00f6rster und Rudolf Schaller, 1908 wurde die Firma liquidiert und von der Wiener Kunstkeramische Werkst\u00e4tte Busch und Ludescher, WKKW (beide vorher Mitarbeiter bei F\u00f6rster, die 1908 die WKKW gr\u00fcndeten), \u00fcbernommen, H\u00f6he 31 cm, Breite 11 cm<\/p>\n<p><a href=\"http:\/\/museumek.eu\/wp-content\/uploads\/2011\/08\/Museum-Europ\u00e4ischer-Keramikkunst-Qualit\u00e4tsfotos-139.jpg\"><img loading=\"lazy\" src=\"http:\/\/museumek.eu\/wp-content\/uploads\/2011\/08\/Museum-Europ\u00e4ischer-Keramikkunst-Qualit\u00e4tsfotos-139-105x300.jpg\" alt=\"\" title=\"Museum Europ\u00e4ischer Keramikkunst Qualit\u00e4tsfotos 139\" width=\"105\" height=\"300\" class=\"alignnone size-medium wp-image-768\" srcset=\"http:\/\/museumek.eu\/wp-content\/uploads\/2011\/08\/Museum-Europ\u00e4ischer-Keramikkunst-Qualit\u00e4tsfotos-139-105x300.jpg 105w, http:\/\/museumek.eu\/wp-content\/uploads\/2011\/08\/Museum-Europ\u00e4ischer-Keramikkunst-Qualit\u00e4tsfotos-139.jpg 340w\" sizes=\"(max-width: 105px) 100vw, 105px\" \/><\/a><\/p>\n<p><a href=\"http:\/\/museumek.eu\/wp-content\/uploads\/2011\/08\/Museum-Europ\u00e4ischer-Keramikkunst-248.jpg\"><img loading=\"lazy\" src=\"http:\/\/museumek.eu\/wp-content\/uploads\/2011\/08\/Museum-Europ\u00e4ischer-Keramikkunst-248-300x187.jpg\" alt=\"\" title=\"Museum Europ\u00e4ischer Keramikkunst 248\" width=\"300\" height=\"187\" class=\"alignnone size-medium wp-image-769\" srcset=\"http:\/\/museumek.eu\/wp-content\/uploads\/2011\/08\/Museum-Europ\u00e4ischer-Keramikkunst-248-300x187.jpg 300w, http:\/\/museumek.eu\/wp-content\/uploads\/2011\/08\/Museum-Europ\u00e4ischer-Keramikkunst-248-480x300.jpg 480w, http:\/\/museumek.eu\/wp-content\/uploads\/2011\/08\/Museum-Europ\u00e4ischer-Keramikkunst-248.jpg 872w\" sizes=\"(max-width: 300px) 100vw, 300px\" \/><\/a><\/p>\n","protected":false},"excerpt":{"rendered":"<p>Abteilung Austria\/Ungarn\/B\u00f6hmen, Keramik 1860 \u2013 1960, Inventarnummer A\/V\/1 Manufaktur Kunstkeramische Fabrik A. F\u00f6rster und Kunstkeramische Fabrik A. F\u00f6rster &#038; Co., Austria, Wien, 1906\/1907, Figur Mozart, K\u00fcnstler Ferdinand Doblinger, Werks.-Nr. 9157, Exemplar Nr. ohne, gemarkt Fabrikmarke Biene im Kreis brauner Stempel, &hellip; <a href=\"http:\/\/museumek.eu\/?page_id=767\">Weiterlesen <span class=\"meta-nav\">&rarr;<\/span><\/a><\/p>\n","protected":false},"author":1,"featured_media":0,"parent":764,"menu_order":1,"comment_status":"closed","ping_status":"closed","template":"","meta":[],"_links":{"self":[{"href":"http:\/\/museumek.eu\/index.php?rest_route=\/wp\/v2\/pages\/767"}],"collection":[{"href":"http:\/\/museumek.eu\/index.php?rest_route=\/wp\/v2\/pages"}],"about":[{"href":"http:\/\/museumek.eu\/index.php?rest_route=\/wp\/v2\/types\/page"}],"author":[{"embeddable":true,"href":"http:\/\/museumek.eu\/index.php?rest_route=\/wp\/v2\/users\/1"}],"replies":[{"embeddable":true,"href":"http:\/\/museumek.eu\/index.php?rest_route=%2Fwp%2Fv2%2Fcomments&post=767"}],"version-history":[{"count":8,"href":"http:\/\/museumek.eu\/index.php?rest_route=\/wp\/v2\/pages\/767\/revisions"}],"predecessor-version":[{"id":16623,"href":"http:\/\/museumek.eu\/index.php?rest_route=\/wp\/v2\/pages\/767\/revisions\/16623"}],"up":[{"embeddable":true,"href":"http:\/\/museumek.eu\/index.php?rest_route=\/wp\/v2\/pages\/764"}],"wp:attachment":[{"href":"http:\/\/museumek.eu\/index.php?rest_route=%2Fwp%2Fv2%2Fmedia&parent=767"}],"curies":[{"name":"wp","href":"https:\/\/api.w.org\/{rel}","templated":true}]}}