{"id":786,"date":"2011-08-09T00:56:26","date_gmt":"2011-08-08T22:56:26","guid":{"rendered":"http:\/\/museumek.eu\/?page_id=786"},"modified":"2011-09-16T00:10:14","modified_gmt":"2011-09-15T22:10:14","slug":"avi1","status":"publish","type":"page","link":"http:\/\/museumek.eu\/?page_id=786","title":{"rendered":"A\/VI\/1"},"content":{"rendered":"<p><strong>Abteilung Austria\/Ungarn\/B\u00f6hmen, Keramik 1860 \u2013 1960, Inventarnummer A\/VI\/1<\/strong><\/p>\n<p>Manufaktur Gmundner keramischen Werkst\u00e4tten-Schleiss, Austria, Gmunden, ab 1928, Vase floral bemalt, roter Keramikscherben, K\u00fcnstler unbekannt, Werks.-Nr. ohne, Exemplar Nr. ohne, gemarkt Werkst\u00e4ttenmarke Fischmarke S G, signiert I H oder I M, Literatur: Elisabeth Frottier, Michael Powolny, Keramik und Glas aus Wien 1900 bis 1950, Seite 158, dort Werkst\u00e4ttenmarke und Beschreibung, H\u00f6he 16 cm, Breite 14 cm<\/p>\n<p><a href=\"http:\/\/museumek.eu\/wp-content\/uploads\/2011\/08\/Museum-Europ\u00e4ischer-Keramikkunst-Qualit\u00e4tsfotos-142.jpg\"><img loading=\"lazy\" src=\"http:\/\/museumek.eu\/wp-content\/uploads\/2011\/08\/Museum-Europ\u00e4ischer-Keramikkunst-Qualit\u00e4tsfotos-142-191x300.jpg\" alt=\"\" title=\"Museum Europ\u00e4ischer Keramikkunst Qualit\u00e4tsfotos 142\" width=\"191\" height=\"300\" class=\"alignnone size-medium wp-image-787\" srcset=\"http:\/\/museumek.eu\/wp-content\/uploads\/2011\/08\/Museum-Europ\u00e4ischer-Keramikkunst-Qualit\u00e4tsfotos-142-191x300.jpg 191w, http:\/\/museumek.eu\/wp-content\/uploads\/2011\/08\/Museum-Europ\u00e4ischer-Keramikkunst-Qualit\u00e4tsfotos-142.jpg 598w\" sizes=\"(max-width: 191px) 100vw, 191px\" \/><\/a><\/p>\n<p><a href=\"http:\/\/museumek.eu\/wp-content\/uploads\/2011\/08\/Museum-Europ\u00e4ischer-Keramikkunst-781.jpg\"><img loading=\"lazy\" src=\"http:\/\/museumek.eu\/wp-content\/uploads\/2011\/08\/Museum-Europ\u00e4ischer-Keramikkunst-781-300x288.jpg\" alt=\"\" title=\"Museum Europ\u00e4ischer Keramikkunst 781\" width=\"300\" height=\"288\" class=\"alignnone size-medium wp-image-815\" srcset=\"http:\/\/museumek.eu\/wp-content\/uploads\/2011\/08\/Museum-Europ\u00e4ischer-Keramikkunst-781-300x288.jpg 300w, http:\/\/museumek.eu\/wp-content\/uploads\/2011\/08\/Museum-Europ\u00e4ischer-Keramikkunst-781-311x300.jpg 311w, http:\/\/museumek.eu\/wp-content\/uploads\/2011\/08\/Museum-Europ\u00e4ischer-Keramikkunst-781.jpg 529w\" sizes=\"(max-width: 300px) 100vw, 300px\" \/><\/a><\/p>\n","protected":false},"excerpt":{"rendered":"<p>Abteilung Austria\/Ungarn\/B\u00f6hmen, Keramik 1860 \u2013 1960, Inventarnummer A\/VI\/1 Manufaktur Gmundner keramischen Werkst\u00e4tten-Schleiss, Austria, Gmunden, ab 1928, Vase floral bemalt, roter Keramikscherben, K\u00fcnstler unbekannt, Werks.-Nr. ohne, Exemplar Nr. ohne, gemarkt Werkst\u00e4ttenmarke Fischmarke S G, signiert I H oder I M, Literatur: &hellip; <a href=\"http:\/\/museumek.eu\/?page_id=786\">Weiterlesen <span class=\"meta-nav\">&rarr;<\/span><\/a><\/p>\n","protected":false},"author":1,"featured_media":0,"parent":783,"menu_order":1,"comment_status":"open","ping_status":"open","template":"","meta":[],"_links":{"self":[{"href":"http:\/\/museumek.eu\/index.php?rest_route=\/wp\/v2\/pages\/786"}],"collection":[{"href":"http:\/\/museumek.eu\/index.php?rest_route=\/wp\/v2\/pages"}],"about":[{"href":"http:\/\/museumek.eu\/index.php?rest_route=\/wp\/v2\/types\/page"}],"author":[{"embeddable":true,"href":"http:\/\/museumek.eu\/index.php?rest_route=\/wp\/v2\/users\/1"}],"replies":[{"embeddable":true,"href":"http:\/\/museumek.eu\/index.php?rest_route=%2Fwp%2Fv2%2Fcomments&post=786"}],"version-history":[{"count":6,"href":"http:\/\/museumek.eu\/index.php?rest_route=\/wp\/v2\/pages\/786\/revisions"}],"predecessor-version":[{"id":3539,"href":"http:\/\/museumek.eu\/index.php?rest_route=\/wp\/v2\/pages\/786\/revisions\/3539"}],"up":[{"embeddable":true,"href":"http:\/\/museumek.eu\/index.php?rest_route=\/wp\/v2\/pages\/783"}],"wp:attachment":[{"href":"http:\/\/museumek.eu\/index.php?rest_route=%2Fwp%2Fv2%2Fmedia&parent=786"}],"curies":[{"name":"wp","href":"https:\/\/api.w.org\/{rel}","templated":true}]}}