{"id":7955,"date":"2012-01-16T19:50:59","date_gmt":"2012-01-16T18:50:59","guid":{"rendered":"http:\/\/museumek.eu\/?page_id=7955"},"modified":"2012-01-16T19:50:59","modified_gmt":"2012-01-16T18:50:59","slug":"axi5","status":"publish","type":"page","link":"http:\/\/museumek.eu\/?page_id=7955","title":{"rendered":"A\/XI\/5"},"content":{"rendered":"<p><strong>Abteilung Austria\/Ungarn\/B\u00f6hmen, Keramik 1860 \u2013 1960, Inventarnummer A\/XI\/5<\/strong><\/p>\n<p>Manufaktur Wienerberger Ziegelfabriks- und Baugesellschaft, Austria, Wien, um 1920, Figur B\u00e4rengruppe, K\u00fcnstler Franz Barwig (attr.), Werks-Nr. 1042, Exemplar Nr. 8, gemarkt Wienerberger, 1042 sowie Made in Austria im Viereckstempel gepresst, nicht signiert, Literatur: Waltraud Neuwirth, Wiener Keramik, Seite 486, Marke 291 Wienerberger Ziegelfabriks- und Baugesellschaft, Seite 102 dort eine B\u00e4rengruppe beschrieben, Seite 103 Abb. eines B\u00e4ren auf identischem Halbrundsockel, H\u00f6he 19 cm, Breite 10,5 cm<\/p>\n<p><a href=\"http:\/\/museumek.eu\/wp-content\/uploads\/2012\/01\/Museum-Europ\u00e4ischer-Keramikkunst-15511.jpg\"><img loading=\"lazy\" src=\"http:\/\/museumek.eu\/wp-content\/uploads\/2012\/01\/Museum-Europ\u00e4ischer-Keramikkunst-15511-161x300.jpg\" alt=\"\" title=\"Museum Europ\u00e4ischer Keramikkunst 1551\" width=\"161\" height=\"300\" class=\"alignnone size-medium wp-image-7956\" srcset=\"http:\/\/museumek.eu\/wp-content\/uploads\/2012\/01\/Museum-Europ\u00e4ischer-Keramikkunst-15511-161x300.jpg 161w, http:\/\/museumek.eu\/wp-content\/uploads\/2012\/01\/Museum-Europ\u00e4ischer-Keramikkunst-15511.jpg 509w\" sizes=\"(max-width: 161px) 100vw, 161px\" \/><\/a><\/p>\n<p><a href=\"http:\/\/museumek.eu\/wp-content\/uploads\/2012\/01\/Museum-Europ\u00e4ischer-Keramikkunst-1552.jpg\"><img loading=\"lazy\" src=\"http:\/\/museumek.eu\/wp-content\/uploads\/2012\/01\/Museum-Europ\u00e4ischer-Keramikkunst-1552-300x272.jpg\" alt=\"\" title=\"Museum Europ\u00e4ischer Keramikkunst 1552\" width=\"300\" height=\"272\" class=\"alignnone size-medium wp-image-7957\" srcset=\"http:\/\/museumek.eu\/wp-content\/uploads\/2012\/01\/Museum-Europ\u00e4ischer-Keramikkunst-1552-300x272.jpg 300w, http:\/\/museumek.eu\/wp-content\/uploads\/2012\/01\/Museum-Europ\u00e4ischer-Keramikkunst-1552-330x300.jpg 330w, http:\/\/museumek.eu\/wp-content\/uploads\/2012\/01\/Museum-Europ\u00e4ischer-Keramikkunst-1552.jpg 675w\" sizes=\"(max-width: 300px) 100vw, 300px\" \/><\/a><\/p>\n<p><a href=\"http:\/\/museumek.eu\/wp-content\/uploads\/2012\/01\/Museum-Europ\u00e4ischer-Keramikkunst-1553.jpg\"><img loading=\"lazy\" src=\"http:\/\/museumek.eu\/wp-content\/uploads\/2012\/01\/Museum-Europ\u00e4ischer-Keramikkunst-1553-284x300.jpg\" alt=\"\" title=\"Museum Europ\u00e4ischer Keramikkunst 1553\" width=\"284\" height=\"300\" class=\"alignnone size-medium wp-image-7958\" srcset=\"http:\/\/museumek.eu\/wp-content\/uploads\/2012\/01\/Museum-Europ\u00e4ischer-Keramikkunst-1553-284x300.jpg 284w, http:\/\/museumek.eu\/wp-content\/uploads\/2012\/01\/Museum-Europ\u00e4ischer-Keramikkunst-1553.jpg 587w\" sizes=\"(max-width: 284px) 100vw, 284px\" \/><\/a><\/p>\n","protected":false},"excerpt":{"rendered":"<p>Abteilung Austria\/Ungarn\/B\u00f6hmen, Keramik 1860 \u2013 1960, Inventarnummer A\/XI\/5 Manufaktur Wienerberger Ziegelfabriks- und Baugesellschaft, Austria, Wien, um 1920, Figur B\u00e4rengruppe, K\u00fcnstler Franz Barwig (attr.), Werks-Nr. 1042, Exemplar Nr. 8, gemarkt Wienerberger, 1042 sowie Made in Austria im Viereckstempel gepresst, nicht signiert, &hellip; <a href=\"http:\/\/museumek.eu\/?page_id=7955\">Weiterlesen <span class=\"meta-nav\">&rarr;<\/span><\/a><\/p>\n","protected":false},"author":1,"featured_media":0,"parent":967,"menu_order":5,"comment_status":"closed","ping_status":"closed","template":"","meta":[],"_links":{"self":[{"href":"http:\/\/museumek.eu\/index.php?rest_route=\/wp\/v2\/pages\/7955"}],"collection":[{"href":"http:\/\/museumek.eu\/index.php?rest_route=\/wp\/v2\/pages"}],"about":[{"href":"http:\/\/museumek.eu\/index.php?rest_route=\/wp\/v2\/types\/page"}],"author":[{"embeddable":true,"href":"http:\/\/museumek.eu\/index.php?rest_route=\/wp\/v2\/users\/1"}],"replies":[{"embeddable":true,"href":"http:\/\/museumek.eu\/index.php?rest_route=%2Fwp%2Fv2%2Fcomments&post=7955"}],"version-history":[{"count":2,"href":"http:\/\/museumek.eu\/index.php?rest_route=\/wp\/v2\/pages\/7955\/revisions"}],"predecessor-version":[{"id":7960,"href":"http:\/\/museumek.eu\/index.php?rest_route=\/wp\/v2\/pages\/7955\/revisions\/7960"}],"up":[{"embeddable":true,"href":"http:\/\/museumek.eu\/index.php?rest_route=\/wp\/v2\/pages\/967"}],"wp:attachment":[{"href":"http:\/\/museumek.eu\/index.php?rest_route=%2Fwp%2Fv2%2Fmedia&parent=7955"}],"curies":[{"name":"wp","href":"https:\/\/api.w.org\/{rel}","templated":true}]}}