{"id":8166,"date":"2012-01-19T21:05:57","date_gmt":"2012-01-19T20:05:57","guid":{"rendered":"http:\/\/museumek.eu\/?page_id=8166"},"modified":"2015-01-05T16:55:04","modified_gmt":"2015-01-05T15:55:04","slug":"daiv1","status":"publish","type":"page","link":"http:\/\/museumek.eu\/?page_id=8166","title":{"rendered":"D\u00e4\/IV\/1"},"content":{"rendered":"<p><strong>Abteilung D\u00e4nemark, Keramik 1860 \u2013 1960, Inventarnummer D\u00e4\/IV\/1<\/strong><\/p>\n<p>L. Hjorth Kunstt\u00f6\u00fcferei, D\u00e4nemark, R\u00f6nne\/Bornholm, 1930 &#8211; 1960, Vase, K\u00fcnstler unbekannt, Werks.-Nr. ohne, Exemplar Nr. ohne, gemarkt Firmenmarke mit L.Hjorth, Denmark sowie Hirsch gepresst, nicht signiert, die T\u00f6pferei wurde 1859 von Lauritz Hjorth gegr\u00fcndet und erhielt internationale Auszeichnungen, Lauritz Hjorth verstarb 1912 und die T\u00f6pferei ging auf die S\u00f6hne Peter Christian Hjorth und Hans Adolph Hjorth \u00fcber, die T\u00f6pferei produzierte als Familienbetrieb bis 1993, danach wurde sie als Museum eingerichtet, der Hirsch als zus\u00e4tzliche Firmenmarke wurde wohl ab 1927 verwendet,<br \/>\nH\u00f6he 11,5 cm, Breite 7,5 cm<\/p>\n<p><a href=\"http:\/\/museumek.eu\/wp-content\/uploads\/2012\/01\/Museum-Europ\u00e4ischer-Keramikkunst-15651.jpg\"><img loading=\"lazy\" src=\"http:\/\/museumek.eu\/wp-content\/uploads\/2012\/01\/Museum-Europ\u00e4ischer-Keramikkunst-15651-163x300.jpg\" alt=\"\" title=\"Museum Europ\u00e4ischer Keramikkunst 1565\" width=\"163\" height=\"300\" class=\"alignnone size-medium wp-image-8161\" srcset=\"http:\/\/museumek.eu\/wp-content\/uploads\/2012\/01\/Museum-Europ\u00e4ischer-Keramikkunst-15651-163x300.jpg 163w, http:\/\/museumek.eu\/wp-content\/uploads\/2012\/01\/Museum-Europ\u00e4ischer-Keramikkunst-15651.jpg 409w\" sizes=\"(max-width: 163px) 100vw, 163px\" \/><\/a><\/p>\n<p><a href=\"http:\/\/museumek.eu\/wp-content\/uploads\/2012\/01\/Museum-Europ\u00e4ischer-Keramikkunst-1566.jpg\"><img loading=\"lazy\" src=\"http:\/\/museumek.eu\/wp-content\/uploads\/2012\/01\/Museum-Europ\u00e4ischer-Keramikkunst-1566-300x149.jpg\" alt=\"\" title=\"Museum Europ\u00e4ischer Keramikkunst 1566\" width=\"300\" height=\"149\" class=\"alignnone size-medium wp-image-8162\" srcset=\"http:\/\/museumek.eu\/wp-content\/uploads\/2012\/01\/Museum-Europ\u00e4ischer-Keramikkunst-1566-300x149.jpg 300w, http:\/\/museumek.eu\/wp-content\/uploads\/2012\/01\/Museum-Europ\u00e4ischer-Keramikkunst-1566-500x249.jpg 500w, http:\/\/museumek.eu\/wp-content\/uploads\/2012\/01\/Museum-Europ\u00e4ischer-Keramikkunst-1566.jpg 853w\" sizes=\"(max-width: 300px) 100vw, 300px\" \/><\/a><\/p>\n","protected":false},"excerpt":{"rendered":"<p>Abteilung D\u00e4nemark, Keramik 1860 \u2013 1960, Inventarnummer D\u00e4\/IV\/1 L. Hjorth Kunstt\u00f6\u00fcferei, D\u00e4nemark, R\u00f6nne\/Bornholm, 1930 &#8211; 1960, Vase, K\u00fcnstler unbekannt, Werks.-Nr. ohne, Exemplar Nr. ohne, gemarkt Firmenmarke mit L.Hjorth, Denmark sowie Hirsch gepresst, nicht signiert, die T\u00f6pferei wurde 1859 von Lauritz &hellip; <a href=\"http:\/\/museumek.eu\/?page_id=8166\">Weiterlesen <span class=\"meta-nav\">&rarr;<\/span><\/a><\/p>\n","protected":false},"author":1,"featured_media":0,"parent":8160,"menu_order":1,"comment_status":"closed","ping_status":"closed","template":"","meta":[],"_links":{"self":[{"href":"http:\/\/museumek.eu\/index.php?rest_route=\/wp\/v2\/pages\/8166"}],"collection":[{"href":"http:\/\/museumek.eu\/index.php?rest_route=\/wp\/v2\/pages"}],"about":[{"href":"http:\/\/museumek.eu\/index.php?rest_route=\/wp\/v2\/types\/page"}],"author":[{"embeddable":true,"href":"http:\/\/museumek.eu\/index.php?rest_route=\/wp\/v2\/users\/1"}],"replies":[{"embeddable":true,"href":"http:\/\/museumek.eu\/index.php?rest_route=%2Fwp%2Fv2%2Fcomments&post=8166"}],"version-history":[{"count":6,"href":"http:\/\/museumek.eu\/index.php?rest_route=\/wp\/v2\/pages\/8166\/revisions"}],"predecessor-version":[{"id":35829,"href":"http:\/\/museumek.eu\/index.php?rest_route=\/wp\/v2\/pages\/8166\/revisions\/35829"}],"up":[{"embeddable":true,"href":"http:\/\/museumek.eu\/index.php?rest_route=\/wp\/v2\/pages\/8160"}],"wp:attachment":[{"href":"http:\/\/museumek.eu\/index.php?rest_route=%2Fwp%2Fv2%2Fmedia&parent=8166"}],"curies":[{"name":"wp","href":"https:\/\/api.w.org\/{rel}","templated":true}]}}