{"id":8186,"date":"2012-01-19T21:36:32","date_gmt":"2012-01-19T20:36:32","guid":{"rendered":"http:\/\/museumek.eu\/?page_id=8186"},"modified":"2012-09-02T13:17:58","modified_gmt":"2012-09-02T11:17:58","slug":"dxxxi2","status":"publish","type":"page","link":"http:\/\/museumek.eu\/?page_id=8186","title":{"rendered":"D\/XXXI\/2"},"content":{"rendered":"<p><strong>Abteilung Deutschland, Keramik 1860 \u2013 1960, Inventarnummer D\/XXXI\/2<\/strong><\/p>\n<p>Manufaktur Fayence &#038; Majolikafabrik Johann von Schwarz, Deutschland, N\u00fcrnberg, um 1897, Schale mit Holl\u00e4nderp\u00e4rchen, K\u00fcnstler Carl Sigmund Luber, Werks.-Nr. 684, Exemplar-Nr. ohne, nicht gemarkt aber M gemalt, nicht signiert ( gemalte Signatur nur schwach erkennbar,nicht lesbar), Literatur: Wolfgang K\u00f6nig, Rudolf Weichselbaum, Carl Sigmund Luber, Leben und Werk als Entwerfer der Jugendstilkeramik von Johann von Schwarz, 1896 \u2013 1906, Seite 133, Abb. 5.19 identisch, dort mit Werksnummer 684 bezeichnet, im unvollst\u00e4ndigen Werksverzeichnis nicht aufgef\u00fchrt, siehe auch Auktionshaus Quittenbaum, 92. Auktion, 26.10.2010, Los Nr. 660, gleiche Schale in rot, nur mit anderem Motiv, von Quittenbaum wohl mangels o. g. Literatur (ist restlos vergriffen) zugeschrieben, statt best\u00e4tigt, die Schale ist in o. g. Literatur auf Seite 132, Abb. 5.9, bezeichnet mit Werksnummer 738, in gr\u00fcner Ausf\u00fchrung<br \/>\nabgebildet, H\u00f6he 9,5 cm, Breite 17,5 cm<\/p>\n<p><a href=\"http:\/\/museumek.eu\/wp-content\/uploads\/2012\/01\/Museum-Europ\u00e4ischer-Keramikkunst-15902.jpg\"><img loading=\"lazy\" src=\"http:\/\/museumek.eu\/wp-content\/uploads\/2012\/01\/Museum-Europ\u00e4ischer-Keramikkunst-15902-300x184.jpg\" alt=\"\" title=\"Museum Europ\u00e4ischer Keramikkunst 1590\" width=\"300\" height=\"184\" class=\"alignnone size-medium wp-image-8187\" srcset=\"http:\/\/museumek.eu\/wp-content\/uploads\/2012\/01\/Museum-Europ\u00e4ischer-Keramikkunst-15902-300x184.jpg 300w, http:\/\/museumek.eu\/wp-content\/uploads\/2012\/01\/Museum-Europ\u00e4ischer-Keramikkunst-15902-486x300.jpg 486w, http:\/\/museumek.eu\/wp-content\/uploads\/2012\/01\/Museum-Europ\u00e4ischer-Keramikkunst-15902.jpg 746w\" sizes=\"(max-width: 300px) 100vw, 300px\" \/><\/a><\/p>\n<p><a href=\"http:\/\/museumek.eu\/wp-content\/uploads\/2012\/01\/Museum-Europ\u00e4ischer-Keramikkunst-1592.jpg\"><img loading=\"lazy\" src=\"http:\/\/museumek.eu\/wp-content\/uploads\/2012\/01\/Museum-Europ\u00e4ischer-Keramikkunst-1592-300x180.jpg\" alt=\"\" title=\"Museum Europ\u00e4ischer Keramikkunst 1592\" width=\"300\" height=\"180\" class=\"alignnone size-medium wp-image-8188\" srcset=\"http:\/\/museumek.eu\/wp-content\/uploads\/2012\/01\/Museum-Europ\u00e4ischer-Keramikkunst-1592-300x180.jpg 300w, http:\/\/museumek.eu\/wp-content\/uploads\/2012\/01\/Museum-Europ\u00e4ischer-Keramikkunst-1592.jpg 494w\" sizes=\"(max-width: 300px) 100vw, 300px\" \/><\/a><\/p>\n<p><a href=\"http:\/\/museumek.eu\/wp-content\/uploads\/2012\/01\/Von-Schwarz-Bild.jpg\"><img loading=\"lazy\" src=\"http:\/\/museumek.eu\/wp-content\/uploads\/2012\/01\/Von-Schwarz-Bild-300x100.jpg\" alt=\"\" title=\"Von Schwarz Bild\" width=\"300\" height=\"100\" class=\"alignnone size-medium wp-image-8198\" srcset=\"http:\/\/museumek.eu\/wp-content\/uploads\/2012\/01\/Von-Schwarz-Bild-300x100.jpg 300w, http:\/\/museumek.eu\/wp-content\/uploads\/2012\/01\/Von-Schwarz-Bild-500x166.jpg 500w, http:\/\/museumek.eu\/wp-content\/uploads\/2012\/01\/Von-Schwarz-Bild.jpg 894w\" sizes=\"(max-width: 300px) 100vw, 300px\" \/><\/a><\/p>\n","protected":false},"excerpt":{"rendered":"<p>Abteilung Deutschland, Keramik 1860 \u2013 1960, Inventarnummer D\/XXXI\/2 Manufaktur Fayence &#038; Majolikafabrik Johann von Schwarz, Deutschland, N\u00fcrnberg, um 1897, Schale mit Holl\u00e4nderp\u00e4rchen, K\u00fcnstler Carl Sigmund Luber, Werks.-Nr. 684, Exemplar-Nr. ohne, nicht gemarkt aber M gemalt, nicht signiert ( gemalte Signatur &hellip; <a href=\"http:\/\/museumek.eu\/?page_id=8186\">Weiterlesen <span class=\"meta-nav\">&rarr;<\/span><\/a><\/p>\n","protected":false},"author":1,"featured_media":0,"parent":7387,"menu_order":2,"comment_status":"closed","ping_status":"closed","template":"","meta":[],"_links":{"self":[{"href":"http:\/\/museumek.eu\/index.php?rest_route=\/wp\/v2\/pages\/8186"}],"collection":[{"href":"http:\/\/museumek.eu\/index.php?rest_route=\/wp\/v2\/pages"}],"about":[{"href":"http:\/\/museumek.eu\/index.php?rest_route=\/wp\/v2\/types\/page"}],"author":[{"embeddable":true,"href":"http:\/\/museumek.eu\/index.php?rest_route=\/wp\/v2\/users\/1"}],"replies":[{"embeddable":true,"href":"http:\/\/museumek.eu\/index.php?rest_route=%2Fwp%2Fv2%2Fcomments&post=8186"}],"version-history":[{"count":5,"href":"http:\/\/museumek.eu\/index.php?rest_route=\/wp\/v2\/pages\/8186\/revisions"}],"predecessor-version":[{"id":13138,"href":"http:\/\/museumek.eu\/index.php?rest_route=\/wp\/v2\/pages\/8186\/revisions\/13138"}],"up":[{"embeddable":true,"href":"http:\/\/museumek.eu\/index.php?rest_route=\/wp\/v2\/pages\/7387"}],"wp:attachment":[{"href":"http:\/\/museumek.eu\/index.php?rest_route=%2Fwp%2Fv2%2Fmedia&parent=8186"}],"curies":[{"name":"wp","href":"https:\/\/api.w.org\/{rel}","templated":true}]}}