{"id":833,"date":"2011-08-09T21:31:45","date_gmt":"2011-08-09T19:31:45","guid":{"rendered":"http:\/\/museumek.eu\/?page_id=833"},"modified":"2011-10-28T16:39:15","modified_gmt":"2011-10-28T14:39:15","slug":"avii1","status":"publish","type":"page","link":"http:\/\/museumek.eu\/?page_id=833","title":{"rendered":"A\/VII\/1"},"content":{"rendered":"<p><strong>Abteilung Austria\/Ungarn\/B\u00f6hmen, Keramik 1860 \u2013 1960, Inventarnummer A\/VII\/1<\/strong><\/p>\n<p>Manufaktur Vereinigte Wiener und Gmundner Keramik und Tonwarenfabrik Schlei\u00df G.m.b.H. (VWGK), Austria, Gmunden, um 1915, Trichtervase mit aufgelegten floralen Ornamenten, K\u00fcnstler Dagobert Peche, Werksnummer 412, Exemplar Nr. ohne, gemarkt Werkst\u00e4ttenmarke WK Wiener Keramik und GK Gmundner Keramik, signiert 2 x schwach lesbar P mit Stern, 412 gepresst, Literatur: Waltraud Neuwirth, Wiener Keramik, Seite 481, Markentafeln Marken 217 bis 222, Varianten des P mit Stern, sowie gleiche Literatur S. 320, dass die 400er Modelle um 1915\/1916 ausgef\u00fchrt worden sind, sowie gleiche Literatur Seite 486 Marke 282 Wiener Keramik und Marke 283 Gmundner Keramik, weitere Literatur: Waltraud Neuwirth, \u00d6sterreichische Keramik des Jugendstils, Seite 411, Marke 89 Wiener Keramik, weitere Literatur: Irmgard Gollner, Gmundner Keramik, Kunst aus Ton, Feuer &#038; Farbe, Seite 153, Marken der Gmundner und der Wiener Keramik,<br \/>\nH\u00f6he 27,2 cm, Breite 19 cm<\/p>\n<p><a href=\"http:\/\/museumek.eu\/wp-content\/uploads\/2011\/08\/Museum-Europ\u00e4ischer-Keramikkunst-Qualit\u00e4tsfotos-151.jpg\"><img loading=\"lazy\" src=\"http:\/\/museumek.eu\/wp-content\/uploads\/2011\/08\/Museum-Europ\u00e4ischer-Keramikkunst-Qualit\u00e4tsfotos-151-236x300.jpg\" alt=\"\" title=\"Museum Europ\u00e4ischer Keramikkunst Qualit\u00e4tsfotos 151\" width=\"236\" height=\"300\" class=\"alignnone size-medium wp-image-834\" srcset=\"http:\/\/museumek.eu\/wp-content\/uploads\/2011\/08\/Museum-Europ\u00e4ischer-Keramikkunst-Qualit\u00e4tsfotos-151-236x300.jpg 236w, http:\/\/museumek.eu\/wp-content\/uploads\/2011\/08\/Museum-Europ\u00e4ischer-Keramikkunst-Qualit\u00e4tsfotos-151.jpg 634w\" sizes=\"(max-width: 236px) 100vw, 236px\" \/><\/a><\/p>\n<p><a href=\"http:\/\/museumek.eu\/wp-content\/uploads\/2011\/08\/Peche.jpg\"><img loading=\"lazy\" src=\"http:\/\/museumek.eu\/wp-content\/uploads\/2011\/08\/Peche.jpg\" alt=\"\" title=\"Peche\" width=\"278\" height=\"199\" class=\"alignnone size-full wp-image-835\" \/><\/a><\/p>\n<p><a href=\"http:\/\/museumek.eu\/wp-content\/uploads\/2011\/08\/Museum-Europ\u00e4ischer-Keramikkunst-520.jpg\"><img loading=\"lazy\" src=\"http:\/\/museumek.eu\/wp-content\/uploads\/2011\/08\/Museum-Europ\u00e4ischer-Keramikkunst-520-257x300.jpg\" alt=\"\" title=\"Museum Europ\u00e4ischer Keramikkunst 520\" width=\"257\" height=\"300\" class=\"alignnone size-medium wp-image-836\" srcset=\"http:\/\/museumek.eu\/wp-content\/uploads\/2011\/08\/Museum-Europ\u00e4ischer-Keramikkunst-520-257x300.jpg 257w, http:\/\/museumek.eu\/wp-content\/uploads\/2011\/08\/Museum-Europ\u00e4ischer-Keramikkunst-520.jpg 263w\" sizes=\"(max-width: 257px) 100vw, 257px\" \/><\/a><\/p>\n","protected":false},"excerpt":{"rendered":"<p>Abteilung Austria\/Ungarn\/B\u00f6hmen, Keramik 1860 \u2013 1960, Inventarnummer A\/VII\/1 Manufaktur Vereinigte Wiener und Gmundner Keramik und Tonwarenfabrik Schlei\u00df G.m.b.H. (VWGK), Austria, Gmunden, um 1915, Trichtervase mit aufgelegten floralen Ornamenten, K\u00fcnstler Dagobert Peche, Werksnummer 412, Exemplar Nr. ohne, gemarkt Werkst\u00e4ttenmarke WK Wiener &hellip; <a href=\"http:\/\/museumek.eu\/?page_id=833\">Weiterlesen <span class=\"meta-nav\">&rarr;<\/span><\/a><\/p>\n","protected":false},"author":1,"featured_media":0,"parent":830,"menu_order":1,"comment_status":"closed","ping_status":"closed","template":"","meta":[],"_links":{"self":[{"href":"http:\/\/museumek.eu\/index.php?rest_route=\/wp\/v2\/pages\/833"}],"collection":[{"href":"http:\/\/museumek.eu\/index.php?rest_route=\/wp\/v2\/pages"}],"about":[{"href":"http:\/\/museumek.eu\/index.php?rest_route=\/wp\/v2\/types\/page"}],"author":[{"embeddable":true,"href":"http:\/\/museumek.eu\/index.php?rest_route=\/wp\/v2\/users\/1"}],"replies":[{"embeddable":true,"href":"http:\/\/museumek.eu\/index.php?rest_route=%2Fwp%2Fv2%2Fcomments&post=833"}],"version-history":[{"count":7,"href":"http:\/\/museumek.eu\/index.php?rest_route=\/wp\/v2\/pages\/833\/revisions"}],"predecessor-version":[{"id":6776,"href":"http:\/\/museumek.eu\/index.php?rest_route=\/wp\/v2\/pages\/833\/revisions\/6776"}],"up":[{"embeddable":true,"href":"http:\/\/museumek.eu\/index.php?rest_route=\/wp\/v2\/pages\/830"}],"wp:attachment":[{"href":"http:\/\/museumek.eu\/index.php?rest_route=%2Fwp%2Fv2%2Fmedia&parent=833"}],"curies":[{"name":"wp","href":"https:\/\/api.w.org\/{rel}","templated":true}]}}