{"id":842,"date":"2011-08-09T22:03:29","date_gmt":"2011-08-09T20:03:29","guid":{"rendered":"http:\/\/museumek.eu\/?page_id=842"},"modified":"2011-10-28T16:40:46","modified_gmt":"2011-10-28T14:40:46","slug":"avii2","status":"publish","type":"page","link":"http:\/\/museumek.eu\/?page_id=842","title":{"rendered":"A\/VII\/2"},"content":{"rendered":"<p><strong>Abteilung Austria\/Ungarn\/B\u00f6hmen, Keramik 1860 \u2013 1960, Inventarnummer A\/VII\/2<\/strong><\/p>\n<p>Manufaktur Vereinigte Wiener und Gmundner Keramik und Tonwarenfabrik Schlei\u00df G.m.b.H. (VWGK), Austria, Gmunden, um 1915, Kanne mit Frucht als Deckelknauf, K\u00fcnstler Dagobert Peche (attr.), Werksnummer 921 (evtl. 923), Exemplar Nr. ohne, gemarkt Werkst\u00e4ttenmarke WK Wiener Keramik und GK Gmundner Keramik, 921 gepresst, nicht signiert, Literatur: Waltraud Neuwirth, Wiener Keramik, Seite 486, Markentafel Nr. 282 Marke Wiener Keramik und Markentafel 283 Marke Gmundner Keramik, weitere Literatur: Irmgard Gollner, Gmundner Keramik, Kunst aus Ton, Feuer &#038; Farbe, Seite 153, Marken der Gmundner und der Wiener Keramik,<br \/>\nH\u00f6he 17 cm, Breite 14,5 cm<\/p>\n<p><a href=\"http:\/\/museumek.eu\/wp-content\/uploads\/2011\/08\/Museum-Europ\u00e4ischer-Keramikkunst-Qualit\u00e4tsfotos-152.jpg\"><img loading=\"lazy\" src=\"http:\/\/museumek.eu\/wp-content\/uploads\/2011\/08\/Museum-Europ\u00e4ischer-Keramikkunst-Qualit\u00e4tsfotos-152-249x300.jpg\" alt=\"\" title=\"Museum Europ\u00e4ischer Keramikkunst Qualit\u00e4tsfotos 152\" width=\"249\" height=\"300\" class=\"alignnone size-medium wp-image-843\" srcset=\"http:\/\/museumek.eu\/wp-content\/uploads\/2011\/08\/Museum-Europ\u00e4ischer-Keramikkunst-Qualit\u00e4tsfotos-152-249x300.jpg 249w, http:\/\/museumek.eu\/wp-content\/uploads\/2011\/08\/Museum-Europ\u00e4ischer-Keramikkunst-Qualit\u00e4tsfotos-152.jpg 577w\" sizes=\"(max-width: 249px) 100vw, 249px\" \/><\/a><\/p>\n<p><a href=\"http:\/\/museumek.eu\/wp-content\/uploads\/2011\/08\/Museum-Europ\u00e4ischer-Keramikkunst-642.jpg\"><img loading=\"lazy\" src=\"http:\/\/museumek.eu\/wp-content\/uploads\/2011\/08\/Museum-Europ\u00e4ischer-Keramikkunst-642-300x134.jpg\" alt=\"\" title=\"Museum Europ\u00e4ischer Keramikkunst 642\" width=\"300\" height=\"134\" class=\"alignnone size-medium wp-image-844\" srcset=\"http:\/\/museumek.eu\/wp-content\/uploads\/2011\/08\/Museum-Europ\u00e4ischer-Keramikkunst-642-300x134.jpg 300w, http:\/\/museumek.eu\/wp-content\/uploads\/2011\/08\/Museum-Europ\u00e4ischer-Keramikkunst-642-500x223.jpg 500w, http:\/\/museumek.eu\/wp-content\/uploads\/2011\/08\/Museum-Europ\u00e4ischer-Keramikkunst-642.jpg 880w\" sizes=\"(max-width: 300px) 100vw, 300px\" \/><\/a><\/p>\n<p><a href=\"http:\/\/museumek.eu\/wp-content\/uploads\/2011\/08\/Museum-Europ\u00e4ischer-Keramikkunst-634.jpg\"><img loading=\"lazy\" src=\"http:\/\/museumek.eu\/wp-content\/uploads\/2011\/08\/Museum-Europ\u00e4ischer-Keramikkunst-634-300x131.jpg\" alt=\"\" title=\"Museum Europ\u00e4ischer Keramikkunst 634\" width=\"300\" height=\"131\" class=\"alignnone size-medium wp-image-845\" srcset=\"http:\/\/museumek.eu\/wp-content\/uploads\/2011\/08\/Museum-Europ\u00e4ischer-Keramikkunst-634-300x131.jpg 300w, http:\/\/museumek.eu\/wp-content\/uploads\/2011\/08\/Museum-Europ\u00e4ischer-Keramikkunst-634.jpg 348w\" sizes=\"(max-width: 300px) 100vw, 300px\" \/><\/a><\/p>\n","protected":false},"excerpt":{"rendered":"<p>Abteilung Austria\/Ungarn\/B\u00f6hmen, Keramik 1860 \u2013 1960, Inventarnummer A\/VII\/2 Manufaktur Vereinigte Wiener und Gmundner Keramik und Tonwarenfabrik Schlei\u00df G.m.b.H. (VWGK), Austria, Gmunden, um 1915, Kanne mit Frucht als Deckelknauf, K\u00fcnstler Dagobert Peche (attr.), Werksnummer 921 (evtl. 923), Exemplar Nr. ohne, gemarkt &hellip; <a href=\"http:\/\/museumek.eu\/?page_id=842\">Weiterlesen <span class=\"meta-nav\">&rarr;<\/span><\/a><\/p>\n","protected":false},"author":1,"featured_media":0,"parent":830,"menu_order":2,"comment_status":"closed","ping_status":"closed","template":"","meta":[],"_links":{"self":[{"href":"http:\/\/museumek.eu\/index.php?rest_route=\/wp\/v2\/pages\/842"}],"collection":[{"href":"http:\/\/museumek.eu\/index.php?rest_route=\/wp\/v2\/pages"}],"about":[{"href":"http:\/\/museumek.eu\/index.php?rest_route=\/wp\/v2\/types\/page"}],"author":[{"embeddable":true,"href":"http:\/\/museumek.eu\/index.php?rest_route=\/wp\/v2\/users\/1"}],"replies":[{"embeddable":true,"href":"http:\/\/museumek.eu\/index.php?rest_route=%2Fwp%2Fv2%2Fcomments&post=842"}],"version-history":[{"count":4,"href":"http:\/\/museumek.eu\/index.php?rest_route=\/wp\/v2\/pages\/842\/revisions"}],"predecessor-version":[{"id":6778,"href":"http:\/\/museumek.eu\/index.php?rest_route=\/wp\/v2\/pages\/842\/revisions\/6778"}],"up":[{"embeddable":true,"href":"http:\/\/museumek.eu\/index.php?rest_route=\/wp\/v2\/pages\/830"}],"wp:attachment":[{"href":"http:\/\/museumek.eu\/index.php?rest_route=%2Fwp%2Fv2%2Fmedia&parent=842"}],"curies":[{"name":"wp","href":"https:\/\/api.w.org\/{rel}","templated":true}]}}