{"id":8472,"date":"2012-01-23T22:11:15","date_gmt":"2012-01-23T21:11:15","guid":{"rendered":"http:\/\/museumek.eu\/?page_id=8472"},"modified":"2020-10-22T23:17:53","modified_gmt":"2020-10-22T21:17:53","slug":"dxxxiv1","status":"publish","type":"page","link":"http:\/\/museumek.eu\/?page_id=8472","title":{"rendered":"D\/XXXIV\/1"},"content":{"rendered":"<p><strong>Abteilung Deutschland, Keramik 1860 \u2013 1960, Inventarnummer D\/XXXIV\/1<\/strong><\/p>\n<p>T\u00f6pferei Ernst Huber-Roethe, Deutschland, Villingen, 1916 &#8211; 1930, Vase, K\u00fcnstler unbekannt, Werks.-Nr. ohne, Exemplar Nr. ohne, gemarkt Firmenmarke mit Huber-Roethe darunter Villingen I. Bad. (schwach lesbar) gepresst, 4\/4 sowie 3 gemalt, nicht signiert, 1916 \u00fcbernimmt Huber-Roethe, die Villinger T\u00f6pferei von Johann Glatz, die unter Glatz, als Majolika- und Ofenfabrik firmierte, Grund der \u00dcbernahme war der Tod von Glatz 1915, wie Huber-Roethe firmierte ist nicht bekannt, deshalb bezeichnet das MEK die Firma als T\u00f6pferei, 1930 wechselt Huber-Roethe nach Landshut und \u00fcbernimmt dort die Keramische Werkst\u00e4tte Achdorf, mit hoher Wahrscheinlichkeit verwendete er den Villinger Stempel dann nicht mehr, denn es sind andere Stempel und auch Signaturen von ihm f\u00fcr Achdorf bekannt, daraus ergibt sich die zeitliche Zuordnung des Villinger Stempels, der Stempel Bestandteil Villingen I. Bad. wird h\u00e4ufig als Bad Villingen interpretiert, das ist aber sicher falsch, weil Villingen nie den Namenszusatz Bad hatte, mit hoher Wahrscheinlichkeit, trifft die folgende MEK Interpretation zu: Villingen war zur Zeit der Weimarer Republik, 1918 bis 1933, der Republik Baden zugeh\u00f6rig, genau in diese Zeit f\u00e4llt die Schaffenszeit von Huber-Roethe in Villingen, insofern liest das MEK den Stempel wie folgt: Villingen in der Republik Baden, H\u00f6he 10,5 cm, Breite 13,5 cm<\/p>\n<p><a href=\"http:\/\/museumek.eu\/wp-content\/uploads\/2012\/01\/Museum-Europ\u00e4ischer-Keramikkunst-16001.jpg\"><img loading=\"lazy\" src=\"http:\/\/museumek.eu\/wp-content\/uploads\/2012\/01\/Museum-Europ\u00e4ischer-Keramikkunst-16001-300x260.jpg\" alt=\"\" title=\"Museum Europ\u00e4ischer Keramikkunst 1600\" width=\"300\" height=\"260\" class=\"alignnone size-medium wp-image-8473\" srcset=\"http:\/\/museumek.eu\/wp-content\/uploads\/2012\/01\/Museum-Europ\u00e4ischer-Keramikkunst-16001-300x260.jpg 300w, http:\/\/museumek.eu\/wp-content\/uploads\/2012\/01\/Museum-Europ\u00e4ischer-Keramikkunst-16001-345x300.jpg 345w, http:\/\/museumek.eu\/wp-content\/uploads\/2012\/01\/Museum-Europ\u00e4ischer-Keramikkunst-16001.jpg 640w\" sizes=\"(max-width: 300px) 100vw, 300px\" \/><\/a><\/p>\n<p><a href=\"http:\/\/museumek.eu\/wp-content\/uploads\/2012\/01\/Museum-Europ\u00e4ischer-Keramikkunst-1601.jpg\"><img loading=\"lazy\" src=\"http:\/\/museumek.eu\/wp-content\/uploads\/2012\/01\/Museum-Europ\u00e4ischer-Keramikkunst-1601-300x274.jpg\" alt=\"\" title=\"Museum Europ\u00e4ischer Keramikkunst 1601\" width=\"300\" height=\"274\" class=\"alignnone size-medium wp-image-8474\" srcset=\"http:\/\/museumek.eu\/wp-content\/uploads\/2012\/01\/Museum-Europ\u00e4ischer-Keramikkunst-1601-300x274.jpg 300w, http:\/\/museumek.eu\/wp-content\/uploads\/2012\/01\/Museum-Europ\u00e4ischer-Keramikkunst-1601-328x300.jpg 328w, http:\/\/museumek.eu\/wp-content\/uploads\/2012\/01\/Museum-Europ\u00e4ischer-Keramikkunst-1601.jpg 689w\" sizes=\"(max-width: 300px) 100vw, 300px\" \/><\/a><\/p>\n","protected":false},"excerpt":{"rendered":"<p>Abteilung Deutschland, Keramik 1860 \u2013 1960, Inventarnummer D\/XXXIV\/1 T\u00f6pferei Ernst Huber-Roethe, Deutschland, Villingen, 1916 &#8211; 1930, Vase, K\u00fcnstler unbekannt, Werks.-Nr. ohne, Exemplar Nr. ohne, gemarkt Firmenmarke mit Huber-Roethe darunter Villingen I. Bad. (schwach lesbar) gepresst, 4\/4 sowie 3 gemalt, nicht &hellip; <a href=\"http:\/\/museumek.eu\/?page_id=8472\">Weiterlesen <span class=\"meta-nav\">&rarr;<\/span><\/a><\/p>\n","protected":false},"author":1,"featured_media":0,"parent":8469,"menu_order":1,"comment_status":"closed","ping_status":"closed","template":"","meta":[],"_links":{"self":[{"href":"http:\/\/museumek.eu\/index.php?rest_route=\/wp\/v2\/pages\/8472"}],"collection":[{"href":"http:\/\/museumek.eu\/index.php?rest_route=\/wp\/v2\/pages"}],"about":[{"href":"http:\/\/museumek.eu\/index.php?rest_route=\/wp\/v2\/types\/page"}],"author":[{"embeddable":true,"href":"http:\/\/museumek.eu\/index.php?rest_route=\/wp\/v2\/users\/1"}],"replies":[{"embeddable":true,"href":"http:\/\/museumek.eu\/index.php?rest_route=%2Fwp%2Fv2%2Fcomments&post=8472"}],"version-history":[{"count":5,"href":"http:\/\/museumek.eu\/index.php?rest_route=\/wp\/v2\/pages\/8472\/revisions"}],"predecessor-version":[{"id":50356,"href":"http:\/\/museumek.eu\/index.php?rest_route=\/wp\/v2\/pages\/8472\/revisions\/50356"}],"up":[{"embeddable":true,"href":"http:\/\/museumek.eu\/index.php?rest_route=\/wp\/v2\/pages\/8469"}],"wp:attachment":[{"href":"http:\/\/museumek.eu\/index.php?rest_route=%2Fwp%2Fv2%2Fmedia&parent=8472"}],"curies":[{"name":"wp","href":"https:\/\/api.w.org\/{rel}","templated":true}]}}