{"id":8504,"date":"2012-01-24T14:30:03","date_gmt":"2012-01-24T13:30:03","guid":{"rendered":"http:\/\/museumek.eu\/?page_id=8504"},"modified":"2012-01-24T14:30:03","modified_gmt":"2012-01-24T13:30:03","slug":"fv17","status":"publish","type":"page","link":"http:\/\/museumek.eu\/?page_id=8504","title":{"rendered":"F\/V\/17"},"content":{"rendered":"<p><strong>Abteilung Frankreich, Keramik 1860 \u2013 1960, Inventarnummer F\/V\/17<\/strong><\/p>\n<p>Manufaktur Massier, Frankreich, Vallauris, um 1890, Vase, K\u00fcnstler J\u00e9rome Massier, Werks.-Nr. ohne, Exemplar Nr. ohne, gemarkt J M F, gelb gemalt f\u00fcr J\u00e9rome Massier, Fils oder France und AM gelb gemalt f\u00fcr Alpes Maritimes, nicht signiert, Literatur: Dieter Z\u00fchlsdorf, Keramik-Marken-Lexikon, Nr. 1303, siehe MEK F\/V\/16, dito Vase minimal andere Farbgestaltung, H 29,2 cm, B 17 cm<\/p>\n<p><a href=\"http:\/\/museumek.eu\/wp-content\/uploads\/2012\/01\/Museum-Europ\u00e4ischer-Keramikkunst-16101.jpg\"><img loading=\"lazy\" src=\"http:\/\/museumek.eu\/wp-content\/uploads\/2012\/01\/Museum-Europ\u00e4ischer-Keramikkunst-16101-153x300.jpg\" alt=\"\" title=\"Museum Europ\u00e4ischer Keramikkunst 1610\" width=\"153\" height=\"300\" class=\"alignnone size-medium wp-image-8505\" srcset=\"http:\/\/museumek.eu\/wp-content\/uploads\/2012\/01\/Museum-Europ\u00e4ischer-Keramikkunst-16101-153x300.jpg 153w, http:\/\/museumek.eu\/wp-content\/uploads\/2012\/01\/Museum-Europ\u00e4ischer-Keramikkunst-16101.jpg 395w\" sizes=\"(max-width: 153px) 100vw, 153px\" \/><\/a><\/p>\n<p><a href=\"http:\/\/museumek.eu\/wp-content\/uploads\/2012\/01\/Museum-Europ\u00e4ischer-Keramikkunst-1612.jpg\"><img loading=\"lazy\" src=\"http:\/\/museumek.eu\/wp-content\/uploads\/2012\/01\/Museum-Europ\u00e4ischer-Keramikkunst-1612-296x300.jpg\" alt=\"\" title=\"Museum Europ\u00e4ischer Keramikkunst 1612\" width=\"296\" height=\"300\" class=\"alignnone size-medium wp-image-8506\" srcset=\"http:\/\/museumek.eu\/wp-content\/uploads\/2012\/01\/Museum-Europ\u00e4ischer-Keramikkunst-1612-296x300.jpg 296w, http:\/\/museumek.eu\/wp-content\/uploads\/2012\/01\/Museum-Europ\u00e4ischer-Keramikkunst-1612.jpg 464w\" sizes=\"(max-width: 296px) 100vw, 296px\" \/><\/a><\/p>\n","protected":false},"excerpt":{"rendered":"<p>Abteilung Frankreich, Keramik 1860 \u2013 1960, Inventarnummer F\/V\/17 Manufaktur Massier, Frankreich, Vallauris, um 1890, Vase, K\u00fcnstler J\u00e9rome Massier, Werks.-Nr. ohne, Exemplar Nr. ohne, gemarkt J M F, gelb gemalt f\u00fcr J\u00e9rome Massier, Fils oder France und AM gelb gemalt f\u00fcr &hellip; <a href=\"http:\/\/museumek.eu\/?page_id=8504\">Weiterlesen <span class=\"meta-nav\">&rarr;<\/span><\/a><\/p>\n","protected":false},"author":1,"featured_media":0,"parent":3292,"menu_order":17,"comment_status":"closed","ping_status":"closed","template":"","meta":[],"_links":{"self":[{"href":"http:\/\/museumek.eu\/index.php?rest_route=\/wp\/v2\/pages\/8504"}],"collection":[{"href":"http:\/\/museumek.eu\/index.php?rest_route=\/wp\/v2\/pages"}],"about":[{"href":"http:\/\/museumek.eu\/index.php?rest_route=\/wp\/v2\/types\/page"}],"author":[{"embeddable":true,"href":"http:\/\/museumek.eu\/index.php?rest_route=\/wp\/v2\/users\/1"}],"replies":[{"embeddable":true,"href":"http:\/\/museumek.eu\/index.php?rest_route=%2Fwp%2Fv2%2Fcomments&post=8504"}],"version-history":[{"count":2,"href":"http:\/\/museumek.eu\/index.php?rest_route=\/wp\/v2\/pages\/8504\/revisions"}],"predecessor-version":[{"id":8508,"href":"http:\/\/museumek.eu\/index.php?rest_route=\/wp\/v2\/pages\/8504\/revisions\/8508"}],"up":[{"embeddable":true,"href":"http:\/\/museumek.eu\/index.php?rest_route=\/wp\/v2\/pages\/3292"}],"wp:attachment":[{"href":"http:\/\/museumek.eu\/index.php?rest_route=%2Fwp%2Fv2%2Fmedia&parent=8504"}],"curies":[{"name":"wp","href":"https:\/\/api.w.org\/{rel}","templated":true}]}}