{"id":8515,"date":"2012-01-25T14:27:18","date_gmt":"2012-01-25T13:27:18","guid":{"rendered":"http:\/\/museumek.eu\/?page_id=8515"},"modified":"2021-05-16T15:20:46","modified_gmt":"2021-05-16T13:20:46","slug":"ni4","status":"publish","type":"page","link":"http:\/\/museumek.eu\/?page_id=8515","title":{"rendered":"N\/I\/4"},"content":{"rendered":"<p><strong>Abteilung Niederlande, Keramik 1860 \u2013 1960, Inventarnummer N\/I\/4<\/strong><\/p>\n<p>Haagsche Plateelbakkerij Rozenburg, vormals N. V. &#8217;s-Gravenhaag-sche Kunstaardewerkfabriek und Nachf. Haagsche Plateelbakkerij N. V. Rozenburg und Nachf. Koninklijke Porcelein- en Aardewerkfabriek N. V. Rozenburg, Niederlande, Den Haag, 1914, Vase mit Vogel inmitten von Blumen, K\u00fcnstler unbekannt, Werks.-Nr. 300 (Auftragsnummer), Exemplar Nr. ohne, gemarkt Firmenmarke mit Krone, Rozenburg, Storch, den Haag schwarz unter Glasur gemalt, Fenster schwarz unter Glasur gemalt, Jahreszeichen Mond (f\u00fcr 1914) sowie 300 schwarz unter Glasur gemalt, WS5G geritzt, Literatur: Edgar Pelichet, Jugendstilkeramik, Seite 186 Marke und Jahreszeichenerkl\u00e4rung, weitere Literatur: Gisela Reineking von Bock und Carl-Wolfgang Sch\u00fcmann, Kunstgewerbemuseum der Stadt K\u00f6ln, Sammlung Gertrud und Dr. Karl Funke-Kaiser, Keramik vom Historismus bis zur Gegenwart, Seite 399, Marke Bildtafel 65 identisch, weitere Literatur: Dieter Z\u00fchlsdorff, Markenlexikon Band 1, Porzellan und Keramik Report 1885 &#8211; 1935, Seite 188, Werk-Teil 1., Gruppennummer des Werkteils 2., laufende Nummer innerhalb der Gruppe 1654 identische Marke (dort f\u00fcr die Zeit von 1900 &#8211; 1914) sowie Seiten 487\/488, Werk-Teil 3., laufende Nummer des Werkteils 237, dort Beschreibung der Fabrik sowie Jahreszahlen-Schl\u00fcssel und Erl\u00e4uterung der Bildsymbole, siehe auch Auktionshaus Quittenbaum, M\u00fcnchen, Jubil\u00e4umsauktion 1998 \u2013 2008, vom 29.04.2008, Lot Nr. 767, \u00e4hnliche Vase mit fast identischem Dekor, der deutsche ehemaliger Kavallerieoffizier, Freiherr Wolf von Gudenberg, der in Delft bei Joost Thooft &#038; Labouch\u00e8re als Fliesenmaler gearbeitet hatte, beschloss 1883, auf eigene Rechnung\u201a Holl\u00e4ndisches Delft\u2019 herzustellen, ein Steingut, das seit circa Mitte des 17. Jahrhunderts haupts\u00e4chlich in dieser Stadt erzeugt und mit typischer Blau-Wei\u00df Malerei verziert wurde, er errichtete einen Betrieb in Den Haag, Firmierung N. V. &#8217;s-Gravenhaag-sche Kunstaardewerkfabriek, 1885 verlegt er die Fabrik in ein Landhaus in Den Haag, das sich Rozenburg nannte, diesen Namen \u00fcbernahm die Manufaktur, Firmierung Haagsche Plateelbakkerij Rozenburg, die produzierte Fayence war nicht ertragreich, 1885 bis 1889 war A. C. Theodorus Colenbrander k\u00fcnstlerischer Leiter der Fabrik, unter ihm wurde ein neuer Stil entwickelt, mehrfarbige Unterglasurmalerei im fern\u00f6stlichen Stil, Colenbranders Nachfolger wird A. Vosmaer, 1887 wird die Fabrik in eine AG umgewandelt, Firmierung ab da Haagsche Plateelbakkerij N. V. Rozenburg, der wirtschaftliche Erfolg bleibt aus, 1889 Gudenberg scheidet aus der Fabrik aus (inzwischen war er seit 1897 und bis 1902 Inhaber der Steingutfabrik Neum\u00e4rkische Steingutfabrik, vormals Steingutfabrik A. Franke in Vordamm), 1894 wird J. Juriaan Kok (geb. 1861, gest. 1919), k\u00fcnstlerischer Berater der Fabrik und von 1895 bis 1913 Leiter der Fabrik, Kok entwickelte in Zusammenarbeit mit dem Chemiker M. N. Engelen feines, durchsichtiges Porzellan, das sogenannte Eierschalenporzellan, von diesem Porzellan gingen seit 1899 circa 315 Modelle in Serienfertigung, mit diesem Produkt, hatte die Fabrik sehr gro\u00dfen Erfolg auf der Pariser Weltausstellung um im Jahre 1900, von 1898 bis 1914 ist D. de Ruiter Leiter der Malabteilung, seit 1890 wurden die W\u00f6rter &#8222;Rozenburg den Haag&#8220; mit in der Firmenmmarke verwendet, 1892 kam der Storch hinzu, seit der Pariser Weltausstellung 1900, in Anerkennung des gro\u00dfen Erfolgs, geh\u00f6rte die Krone mit zur Bezeichnung, K\u00f6nigin Wilhelmina verlieh der Fabrik den Namen K\u00f6nigliche Porzellan- und Faiencefabrik Rozenburg, Firmierung auf holl\u00e4ndisch Koninklijke Porcelein- en Aardewerkfabriek N. V. Rozenburg, als Jahreszeichen dienten zuerst Buchstaben, seit circa 1899 wurden bildliche Zeichen eingef\u00fchrt, zum Beispiel Bienen, Anker oder Laternen, in den letzten Jahre produzierte die Fabrik haupts\u00e4chlich polychrome bemaltes Steinzeug, 1917 wurde die Fabrik geschlossen, Ausf\u00fchrung als polychrome bemaltes Steinzeug, H\u00f6he 13,5 cm, Breite 10 cm<\/p>\n<p><a href=\"http:\/\/museumek.eu\/wp-content\/uploads\/2012\/01\/Museum-Europ\u00e4ischer-Keramikkunst-16181.jpg\"><img loading=\"lazy\" src=\"http:\/\/museumek.eu\/wp-content\/uploads\/2012\/01\/Museum-Europ\u00e4ischer-Keramikkunst-16181-202x300.jpg\" alt=\"\" title=\"Museum Europ\u00e4ischer Keramikkunst 1618\" width=\"202\" height=\"300\" class=\"alignnone size-medium wp-image-8516\" srcset=\"http:\/\/museumek.eu\/wp-content\/uploads\/2012\/01\/Museum-Europ\u00e4ischer-Keramikkunst-16181-202x300.jpg 202w, http:\/\/museumek.eu\/wp-content\/uploads\/2012\/01\/Museum-Europ\u00e4ischer-Keramikkunst-16181.jpg 615w\" sizes=\"(max-width: 202px) 100vw, 202px\" \/><\/a><\/p>\n<p><a href=\"http:\/\/museumek.eu\/wp-content\/uploads\/2012\/01\/Museum-Europ\u00e4ischer-Keramikkunst-1615.jpg\"><img loading=\"lazy\" src=\"http:\/\/museumek.eu\/wp-content\/uploads\/2012\/01\/Museum-Europ\u00e4ischer-Keramikkunst-1615-221x300.jpg\" alt=\"\" title=\"Museum Europ\u00e4ischer Keramikkunst 1615\" width=\"221\" height=\"300\" class=\"alignnone size-medium wp-image-8517\" srcset=\"http:\/\/museumek.eu\/wp-content\/uploads\/2012\/01\/Museum-Europ\u00e4ischer-Keramikkunst-1615-221x300.jpg 221w, http:\/\/museumek.eu\/wp-content\/uploads\/2012\/01\/Museum-Europ\u00e4ischer-Keramikkunst-1615.jpg 505w\" sizes=\"(max-width: 221px) 100vw, 221px\" \/><\/a><\/p>\n<p><a href=\"http:\/\/museumek.eu\/wp-content\/uploads\/2012\/01\/Museum-Europ\u00e4ischer-Keramikkunst-1616.jpg\"><img loading=\"lazy\" src=\"http:\/\/museumek.eu\/wp-content\/uploads\/2012\/01\/Museum-Europ\u00e4ischer-Keramikkunst-1616-300x179.jpg\" alt=\"\" title=\"Museum Europ\u00e4ischer Keramikkunst 1616\" width=\"300\" height=\"179\" class=\"alignnone size-medium wp-image-8518\" srcset=\"http:\/\/museumek.eu\/wp-content\/uploads\/2012\/01\/Museum-Europ\u00e4ischer-Keramikkunst-1616-300x179.jpg 300w, http:\/\/museumek.eu\/wp-content\/uploads\/2012\/01\/Museum-Europ\u00e4ischer-Keramikkunst-1616-500x300.jpg 500w, http:\/\/museumek.eu\/wp-content\/uploads\/2012\/01\/Museum-Europ\u00e4ischer-Keramikkunst-1616.jpg 604w\" sizes=\"(max-width: 300px) 100vw, 300px\" \/><\/a><\/p>\n<p><a href=\"http:\/\/museumek.eu\/wp-content\/uploads\/2012\/01\/Museum-Europ\u00e4ischer-Keramikkunst-1619.jpg\"><img loading=\"lazy\" src=\"http:\/\/museumek.eu\/wp-content\/uploads\/2012\/01\/Museum-Europ\u00e4ischer-Keramikkunst-1619-138x300.jpg\" alt=\"\" title=\"Museum Europ\u00e4ischer Keramikkunst 1619\" width=\"138\" height=\"300\" class=\"alignnone size-medium wp-image-8519\" srcset=\"http:\/\/museumek.eu\/wp-content\/uploads\/2012\/01\/Museum-Europ\u00e4ischer-Keramikkunst-1619-138x300.jpg 138w, http:\/\/museumek.eu\/wp-content\/uploads\/2012\/01\/Museum-Europ\u00e4ischer-Keramikkunst-1619.jpg 447w\" sizes=\"(max-width: 138px) 100vw, 138px\" \/><\/a><\/p>\n","protected":false},"excerpt":{"rendered":"<p>Abteilung Niederlande, Keramik 1860 \u2013 1960, Inventarnummer N\/I\/4 Haagsche Plateelbakkerij Rozenburg, vormals N. V. &#8217;s-Gravenhaag-sche Kunstaardewerkfabriek und Nachf. Haagsche Plateelbakkerij N. V. Rozenburg und Nachf. Koninklijke Porcelein- en Aardewerkfabriek N. V. Rozenburg, Niederlande, Den Haag, 1914, Vase mit Vogel inmitten &hellip; <a href=\"http:\/\/museumek.eu\/?page_id=8515\">Weiterlesen <span class=\"meta-nav\">&rarr;<\/span><\/a><\/p>\n","protected":false},"author":1,"featured_media":0,"parent":2572,"menu_order":4,"comment_status":"closed","ping_status":"closed","template":"","meta":[],"_links":{"self":[{"href":"http:\/\/museumek.eu\/index.php?rest_route=\/wp\/v2\/pages\/8515"}],"collection":[{"href":"http:\/\/museumek.eu\/index.php?rest_route=\/wp\/v2\/pages"}],"about":[{"href":"http:\/\/museumek.eu\/index.php?rest_route=\/wp\/v2\/types\/page"}],"author":[{"embeddable":true,"href":"http:\/\/museumek.eu\/index.php?rest_route=\/wp\/v2\/users\/1"}],"replies":[{"embeddable":true,"href":"http:\/\/museumek.eu\/index.php?rest_route=%2Fwp%2Fv2%2Fcomments&post=8515"}],"version-history":[{"count":7,"href":"http:\/\/museumek.eu\/index.php?rest_route=\/wp\/v2\/pages\/8515\/revisions"}],"predecessor-version":[{"id":56920,"href":"http:\/\/museumek.eu\/index.php?rest_route=\/wp\/v2\/pages\/8515\/revisions\/56920"}],"up":[{"embeddable":true,"href":"http:\/\/museumek.eu\/index.php?rest_route=\/wp\/v2\/pages\/2572"}],"wp:attachment":[{"href":"http:\/\/museumek.eu\/index.php?rest_route=%2Fwp%2Fv2%2Fmedia&parent=8515"}],"curies":[{"name":"wp","href":"https:\/\/api.w.org\/{rel}","templated":true}]}}