{"id":8586,"date":"2012-01-28T00:18:17","date_gmt":"2012-01-27T23:18:17","guid":{"rendered":"http:\/\/museumek.eu\/?page_id=8586"},"modified":"2013-04-25T21:00:10","modified_gmt":"2013-04-25T19:00:10","slug":"kurzbiografie-und-inventar-zum-kunstler","status":"publish","type":"page","link":"http:\/\/museumek.eu\/?page_id=8586","title":{"rendered":"Kurzbiografie und Inventar zum K\u00fcnstler"},"content":{"rendered":"<p>Emile Gall\u00e9 wurde am 04.05.1846 in Nancy geboren. Er starb am 23.09.1904 ebenda. In den Werkst\u00e4tten seines Vaters Charles Gall\u00e9-Reinemer lernte er um 1860 das Zeichnen. Von 1864 &#8211; 1866 studierte er am J\u00e4de-Stegmannschen-Institut in Weimar Architektur und Kunstgewerbe. Danach war er Praktikant in mehreren Firmen, mit den die Firmen seines Vaters in Verbindung standen, z. B. Burguner Glash\u00fctte und Schverer &#038; Co. Gall\u00e9 arbeitete ab 1867 als Entwerfer in der Fayencemanufaktur seines Vaters in St. Clement. Dort richtet man ihm eigens ein Atelier ein und man \u00fcbertrug im die Neugestaltung der Dekore.<br \/>\nEs folgten Studienaufenhalte in London und Paris. 1874 \u00fcbernimmt er die k\u00fcnstlerische Leitung der Firma seines Vaters in Nancy, wohin zwischen zeitlich auch die Manufaktur von St. Clement  verlegt worden ist. Drei Jahre sp\u00e4ter \u00fcbernimmt er die gesamt Firmenleitung. Es folgt eine Bildungsreise nach Italien. Gall\u00e9 nahm an folgende Weltausstellungen erfolgreich teil 1878, 1889 und 1900. Seine Keramiken und Glasartikel wurden pr\u00e4miert, zuletzt 1900 in Paris mit dem Grand Prix. Emile Gall\u00e9 ist in dieser Zeit einer der erfolgreichsten K\u00fcnstler Frankreichs, vor allem seine Glasarbeiten mit botanischen Motiven wurden weltber\u00fchmt. Er bestimmte den Stil des Art Nouveau in Frankreich wesentlich mit. Auf seine Initiative gr\u00fcndete sich 1901 die Ecole de Nancy, als Zusammenschlu\u00df der im Sinne des Genres Gall\u00e9 t\u00e4tigen Kunsthandwerker Lothringens.<\/p>\n<p><strong>Abteilung Frankreich, Keramik 1860 \u2013 1960, Inventarnummer F\/XVIII\/1<\/strong><\/p>\n<p>Manufacture de Faiences d\u2019Art de Saint Clement, um 1874, gemuldeter Teller, K\u00fcnstler Emile Gall\u00e9, Werks.-Nr. ohne, Exemplar Nr. ohne, gemarkt St. Cl\u00e9ment (verwischter Rundstempel) sowie Gall\u00e9 in Nancy Stempelautograph blau unter Glasur, signiert = gemarkt, hergestellt im Auftrag der Firma Veuve Reinemer et Gall\u00e9, Frankreich, Nancy (Inhaber der Vater von Emile Gall\u00e9, Charles Gall\u00e9-Reinemer), Wei\u00dfmasse hergestellt in der Faiencerie St. Clement, Dekorausf\u00fchrung von Emile Gall\u00e9 im Atelier der Firma des Vaters in Nancy, Ausf\u00fchrung als Fayence mit wei\u00dfer Zinnglasur und kobaltblauem Scharffeuerdekor, im Spiegel Wappenkartusche von Nancy mit Distel und Lothringischen Adlern unter Stadtkrone, Lorbeerzweig und Palmwedel sowie Schriftzug Non Inultus Premor (sinngem\u00e4\u00df: Niemand ber\u00fchrt mich ungestraft oder Wer mich ber\u00fchrt, sticht sich), auf der Fahne kobaltblaue Scharffeuer Zierb\u00e4nder, Datierung: nach 1871 (der Annektion durch das Wilhelminische Deutschland), Gall\u00e9 dr\u00fcckt mit dem Dekor im Spiegel seinen lothringischen Patriotismus aus, bis 1875, da ab diesem Jahr Emile Gall\u00e9 mit E. Gall\u00e9 signierte und er ab diesem Jahr die Gestaltung der Firmenprodukte allein verantwortete, Literatur: J. A. Schmoll genannt Eisenwerth und Helga Schmoll genannt Eisenwerth, Nancy 1900, Jugendstil in Lothringen, Ausstellung im M\u00fcnchner Stadtmuseum vom 28. August bis 23. November 1980, Seite 28, Gall\u00e9\u2019s Patriotismus, Seite 61, Beschreibung der Firma von Charles Gall\u00e9-Reinemer, Seite 64, Datierungshinweise sowie Seite 162 ff. Abbildung und Beschreibung des Dekors sowie Verweis auf Inv. Nr. 1974-121 des W\u00fcrttembergischen Landesmuseums, dort Tablett und Deckelgef\u00e4\u00dfe mit dem gleichen Dekor, von 1863 bis 1892 stand die Faiencerie St. Clement im Eigentum der Familie Thomas, ab 1892 im Eigentum der Firma Keller &#038; Gu\u00e9rin und ab 1922 im Eigentum von Edouard Fenal der auch Eigent\u00fcmer der Steingutfabrik in Badonviller war und ab 1979 im Eigentum der Sarreguemines Gruppe, Durchmesser 29 cm<\/p>\n<p><a href=\"http:\/\/museumek.eu\/wp-content\/uploads\/2012\/01\/Museum-Europ\u00e4ischer-Keramikkunst-1653.jpg\"><img loading=\"lazy\" src=\"http:\/\/museumek.eu\/wp-content\/uploads\/2012\/01\/Museum-Europ\u00e4ischer-Keramikkunst-1653-300x295.jpg\" alt=\"\" title=\"Museum Europ\u00e4ischer Keramikkunst 1653\" width=\"300\" height=\"295\" class=\"alignnone size-medium wp-image-8616\" srcset=\"http:\/\/museumek.eu\/wp-content\/uploads\/2012\/01\/Museum-Europ\u00e4ischer-Keramikkunst-1653-300x295.jpg 300w, http:\/\/museumek.eu\/wp-content\/uploads\/2012\/01\/Museum-Europ\u00e4ischer-Keramikkunst-1653-304x300.jpg 304w, http:\/\/museumek.eu\/wp-content\/uploads\/2012\/01\/Museum-Europ\u00e4ischer-Keramikkunst-1653.jpg 685w\" sizes=\"(max-width: 300px) 100vw, 300px\" \/><\/a><\/p>\n<p><a href=\"http:\/\/museumek.eu\/wp-content\/uploads\/2012\/01\/Museum-Europ\u00e4ischer-Keramikkunst-1643.jpg\"><img loading=\"lazy\" src=\"http:\/\/museumek.eu\/wp-content\/uploads\/2012\/01\/Museum-Europ\u00e4ischer-Keramikkunst-1643-300x243.jpg\" alt=\"\" title=\"Museum Europ\u00e4ischer Keramikkunst 1643\" width=\"300\" height=\"243\" class=\"alignnone size-medium wp-image-8539\" srcset=\"http:\/\/museumek.eu\/wp-content\/uploads\/2012\/01\/Museum-Europ\u00e4ischer-Keramikkunst-1643-300x243.jpg 300w, http:\/\/museumek.eu\/wp-content\/uploads\/2012\/01\/Museum-Europ\u00e4ischer-Keramikkunst-1643-369x300.jpg 369w, http:\/\/museumek.eu\/wp-content\/uploads\/2012\/01\/Museum-Europ\u00e4ischer-Keramikkunst-1643.jpg 466w\" sizes=\"(max-width: 300px) 100vw, 300px\" \/><\/a><\/p>\n<p><a href=\"http:\/\/museumek.eu\/wp-content\/uploads\/2012\/01\/Museum-Europ\u00e4ischer-Keramikkunst-1644.jpg\"><img loading=\"lazy\" src=\"http:\/\/museumek.eu\/wp-content\/uploads\/2012\/01\/Museum-Europ\u00e4ischer-Keramikkunst-1644-300x219.jpg\" alt=\"\" title=\"Museum Europ\u00e4ischer Keramikkunst 1644\" width=\"300\" height=\"219\" class=\"alignnone size-medium wp-image-8540\" srcset=\"http:\/\/museumek.eu\/wp-content\/uploads\/2012\/01\/Museum-Europ\u00e4ischer-Keramikkunst-1644-300x219.jpg 300w, http:\/\/museumek.eu\/wp-content\/uploads\/2012\/01\/Museum-Europ\u00e4ischer-Keramikkunst-1644.jpg 357w\" sizes=\"(max-width: 300px) 100vw, 300px\" \/><\/a><\/p>\n<p><strong>Abteilung Frankreich, Keramik 1860 \u2013 1960, Inventarnummer F\/XVIII\/2<\/strong><\/p>\n<p>Manufacture de Faiences d\u2019Art de Saint Clement, um 1874, Schale oder Ascher mit 4 Ablagen, K\u00fcnstler Emile Gall\u00e9, Werks.-Nr. ohne, Exemplar Nr. ohne, gemarkt St. Cl\u00e9ment, Gall\u00e9 in Nancy Stempelautograph sowie F (f\u00fcr France), blau unter Glasur, signiert = gemarkt, Ausf\u00fchrung als Fayence mit wei\u00dfer Zinnglasur und kobaltblauem Scharffeuerdekor, im Spiegel Wappenkartusche von Nancy mit Distel und Lothringischen Adlern unter Stadtkrone, Lorbeerzweig und Palmwedel sowie Schriftzug Non Inultus Premor (sinngem\u00e4\u00df: Niemand ber\u00fchrt mich ungestraft oder Wer mich ber\u00fchrt sticht sich), auf dem Schalenrand kobaltblaue Scharffeuerbemalung, hergestellt im Auftrag der Firma Veuve Reinemer et Gall\u00e9, Frankreich, Nancy (Inhaber der Vater von Emile Gall\u00e9, Charles Gall\u00e9-Reinemer), Wei\u00dfmasse hergestellt in der Faiencerie St. Clement, Dekorausf\u00fchrung von Emile Gall\u00e9 im Atelier der Firma des Vaters in Nancy, Datierung: nach 1871 (der Annektion durch das Wilhelminische Deutschland), Gall\u00e9 dr\u00fcckt mit dem Dekor im Spiegel seinen lothringischen Patriotismus aus, bis 1875, da ab diesem Jahr Emile Gall\u00e9 mit E. Gall\u00e9 signierte und er ab diesem Jahr die Gestaltung der Firmenprodukte allein verantwortete, Literatur: J. A. Schmoll genannt Eisenwerth und Helga Schmoll genannt Eisenwerth, Nancy 1900, Jugendstil in Lothringen, Ausstellung im M\u00fcnchner Stadtmuseum vom 28. August bis 23. November 1980, Seite 28, Gall\u00e9\u2019s Patriotismus, Seite 61, Beschreibung der Firma von Charles Gall\u00e9-Reinemer, Seite 64, Datierungshinweise sowie Seite 162 ff. Abbildung und Beschreibung des Dekors sowie Verweis auf Inv. Nr. 1974-121 des W\u00fcrttembergischen Landesmuseums, dort Tablett und Deckelgef\u00e4\u00dfe mit dem gleichen Dekor, von 1863 bis 1892 stand die Faiencerie St. Clement im Eigentum der Familie Thomas, ab 1892 im Eigentum der Firma Keller &#038; Gu\u00e9rin und ab 1922 im Eigentum von Edouard Fenal der auch Eigent\u00fcmer der Steingutfabrik in Badonviller war und ab 1979 im Eigentum der Sarreguemines Gruppe, H\u00f6he 3,3 cm, Breite 24,5 cm<\/p>\n<p><a href=\"http:\/\/museumek.eu\/wp-content\/uploads\/2012\/01\/Museum-Europ\u00e4ischer-Keramikkunst-16561.jpg\"><img loading=\"lazy\" src=\"http:\/\/museumek.eu\/wp-content\/uploads\/2012\/01\/Museum-Europ\u00e4ischer-Keramikkunst-16561-300x185.jpg\" alt=\"\" title=\"Museum Europ\u00e4ischer Keramikkunst 1656\" width=\"300\" height=\"185\" class=\"alignnone size-medium wp-image-8611\" srcset=\"http:\/\/museumek.eu\/wp-content\/uploads\/2012\/01\/Museum-Europ\u00e4ischer-Keramikkunst-16561-300x185.jpg 300w, http:\/\/museumek.eu\/wp-content\/uploads\/2012\/01\/Museum-Europ\u00e4ischer-Keramikkunst-16561-485x300.jpg 485w, http:\/\/museumek.eu\/wp-content\/uploads\/2012\/01\/Museum-Europ\u00e4ischer-Keramikkunst-16561.jpg 940w\" sizes=\"(max-width: 300px) 100vw, 300px\" \/><\/a><\/p>\n<p><a href=\"http:\/\/museumek.eu\/wp-content\/uploads\/2012\/01\/Museum-Europ\u00e4ischer-Keramikkunst-1657.jpg\"><img loading=\"lazy\" src=\"http:\/\/museumek.eu\/wp-content\/uploads\/2012\/01\/Museum-Europ\u00e4ischer-Keramikkunst-1657-300x101.jpg\" alt=\"\" title=\"Museum Europ\u00e4ischer Keramikkunst 1657\" width=\"300\" height=\"101\" class=\"alignnone size-medium wp-image-8612\" srcset=\"http:\/\/museumek.eu\/wp-content\/uploads\/2012\/01\/Museum-Europ\u00e4ischer-Keramikkunst-1657-300x101.jpg 300w, http:\/\/museumek.eu\/wp-content\/uploads\/2012\/01\/Museum-Europ\u00e4ischer-Keramikkunst-1657-500x169.jpg 500w, http:\/\/museumek.eu\/wp-content\/uploads\/2012\/01\/Museum-Europ\u00e4ischer-Keramikkunst-1657.jpg 948w\" sizes=\"(max-width: 300px) 100vw, 300px\" \/><\/a><\/p>\n<p><a href=\"http:\/\/museumek.eu\/wp-content\/uploads\/2012\/01\/Museum-Europ\u00e4ischer-Keramikkunst-1634.jpg\"><img loading=\"lazy\" src=\"http:\/\/museumek.eu\/wp-content\/uploads\/2012\/01\/Museum-Europ\u00e4ischer-Keramikkunst-1634-300x139.jpg\" alt=\"\" title=\"Museum Europ\u00e4ischer Keramikkunst 1634\" width=\"300\" height=\"139\" class=\"alignnone size-medium wp-image-8544\" srcset=\"http:\/\/museumek.eu\/wp-content\/uploads\/2012\/01\/Museum-Europ\u00e4ischer-Keramikkunst-1634-300x139.jpg 300w, http:\/\/museumek.eu\/wp-content\/uploads\/2012\/01\/Museum-Europ\u00e4ischer-Keramikkunst-1634-500x232.jpg 500w, http:\/\/museumek.eu\/wp-content\/uploads\/2012\/01\/Museum-Europ\u00e4ischer-Keramikkunst-1634.jpg 853w\" sizes=\"(max-width: 300px) 100vw, 300px\" \/><\/a><\/p>\n<p><strong>Abteilung Frankreich, Keramik 1860 \u2013 1960, Inventarnummer F\/XVIII\/3<\/strong><\/p>\n<p>Manufacture de Faiences d\u2019Art de Saint Clement, um 1874, Schale mit Standfu\u00df und durchbrochenem Rand, K\u00fcnstler Emile Gall\u00e9, Werks.-Nr. ohne, Exemplar Nr. ohne, gemarkt St. Cl\u00e9ment Rundstempel, Gall\u00e9 Nancy Stempelautograph, blau unter Glasur, signiert = gemarkt, Ausf\u00fchrung als Fayence mit wei\u00dfer Zinnglasur und kobaltblauem Scharffeuerdekor, im Spiegel Wappenkartusche von Nancy mit Distel und Lothringischen Adlern unter Stadtkrone, Lorbeerzweig und Palmwedel sowie Schriftzug Non Inultus Premor (sinngem\u00e4\u00df: Niemand ber\u00fchrt mich ungestraft oder Wer mich ber\u00fchrt, sticht sich), kobaltblaue Scharffeuer Randbemalungen, durchbrochene Fahne, hergestellt im Auftrag der Firma Veuve Reinemer et Gall\u00e9, Frankreich, Nancy (Inhaber der Vater von Emile Gall\u00e9, Charles Gall\u00e9-Reinemer), Wei\u00dfmasse hergestellt in der Faiencerie St. Clement, Dekorausf\u00fchrung von Emile Gall\u00e9 im Atelier der Firma des Vaters in Nancy, Datierung: nach 1871 (der Annektion durch das Wilhelminische Deutschland), Gall\u00e9 dr\u00fcckt mit dem Dekor im Spiegel seinen lothringischen Patriotismus aus, bis 1875, da ab diesem Jahr Emile Gall\u00e9 mit E. Gall\u00e9 signierte und er ab diesem Jahr die Gestaltung der Firmenprodukte allein verantwortete, Literatur: J. A. Schmoll genannt Eisenwerth und Helga Schmoll genannt Eisenwerth, Nancy 1900, Jugendstil in Lothringen, Ausstellung im M\u00fcnchner Stadtmuseum vom 28. August bis 23. November 1980, Seite 28, Gall\u00e9\u2019s Patriotismus, Seite 61, Beschreibung der Firma von Charles Gall\u00e9-Reinemer, Seite 64, Datierungshinweise sowie Seite 162 ff. Abbildung und Beschreibung des Dekors sowie Verweis auf Inv. Nr. 1974-121 des W\u00fcrttembergischen Landesmuseums, dort Tablett und Deckelgef\u00e4\u00dfe mit dem gleichen Dekor, von 1863 bis 1892 stand die Faiencerie St. Clement im Eigentum der Familie Thomas, ab 1892 im Eigentum der Firma Keller &#038; Gu\u00e9rin und ab 1922 im Eigentum von Edouard Fenal der auch Eigent\u00fcmer der Steingutfabrik in Badonviller war und ab 1979 im Eigentum der Sarreguemines Gruppe, H\u00f6he 5 cm, Breite 21 cm<\/p>\n<p><a href=\"http:\/\/museumek.eu\/wp-content\/uploads\/2012\/01\/Museum-Europ\u00e4ischer-Keramikkunst-1654.jpg\"><img loading=\"lazy\" src=\"http:\/\/museumek.eu\/wp-content\/uploads\/2012\/01\/Museum-Europ\u00e4ischer-Keramikkunst-1654-300x170.jpg\" alt=\"\" title=\"Museum Europ\u00e4ischer Keramikkunst 1654\" width=\"300\" height=\"170\" class=\"alignnone size-medium wp-image-8604\" srcset=\"http:\/\/museumek.eu\/wp-content\/uploads\/2012\/01\/Museum-Europ\u00e4ischer-Keramikkunst-1654-300x170.jpg 300w, http:\/\/museumek.eu\/wp-content\/uploads\/2012\/01\/Museum-Europ\u00e4ischer-Keramikkunst-1654-500x283.jpg 500w, http:\/\/museumek.eu\/wp-content\/uploads\/2012\/01\/Museum-Europ\u00e4ischer-Keramikkunst-1654.jpg 782w\" sizes=\"(max-width: 300px) 100vw, 300px\" \/><\/a><\/p>\n<p><a href=\"http:\/\/museumek.eu\/wp-content\/uploads\/2012\/01\/Museum-Europ\u00e4ischer-Keramikkunst-16361.jpg\"><img loading=\"lazy\" src=\"http:\/\/museumek.eu\/wp-content\/uploads\/2012\/01\/Museum-Europ\u00e4ischer-Keramikkunst-16361-300x285.jpg\" alt=\"\" title=\"Museum Europ\u00e4ischer Keramikkunst 1636\" width=\"300\" height=\"285\" class=\"alignnone size-medium wp-image-8552\" srcset=\"http:\/\/museumek.eu\/wp-content\/uploads\/2012\/01\/Museum-Europ\u00e4ischer-Keramikkunst-16361-300x285.jpg 300w, http:\/\/museumek.eu\/wp-content\/uploads\/2012\/01\/Museum-Europ\u00e4ischer-Keramikkunst-16361-315x300.jpg 315w, http:\/\/museumek.eu\/wp-content\/uploads\/2012\/01\/Museum-Europ\u00e4ischer-Keramikkunst-16361.jpg 731w\" sizes=\"(max-width: 300px) 100vw, 300px\" \/><\/a><\/p>\n<p><a href=\"http:\/\/museumek.eu\/wp-content\/uploads\/2012\/01\/Museum-Europ\u00e4ischer-Keramikkunst-1638.jpg\"><img loading=\"lazy\" src=\"http:\/\/museumek.eu\/wp-content\/uploads\/2012\/01\/Museum-Europ\u00e4ischer-Keramikkunst-1638-210x300.jpg\" alt=\"\" title=\"Museum Europ\u00e4ischer Keramikkunst 1638\" width=\"210\" height=\"300\" class=\"alignnone size-medium wp-image-8553\" srcset=\"http:\/\/museumek.eu\/wp-content\/uploads\/2012\/01\/Museum-Europ\u00e4ischer-Keramikkunst-1638-210x300.jpg 210w, http:\/\/museumek.eu\/wp-content\/uploads\/2012\/01\/Museum-Europ\u00e4ischer-Keramikkunst-1638.jpg 353w\" sizes=\"(max-width: 210px) 100vw, 210px\" \/><\/a><\/p>\n<p><a href=\"http:\/\/museumek.eu\/wp-content\/uploads\/2012\/01\/Museum-Europ\u00e4ischer-Keramikkunst-1639.jpg\"><img loading=\"lazy\" src=\"http:\/\/museumek.eu\/wp-content\/uploads\/2012\/01\/Museum-Europ\u00e4ischer-Keramikkunst-1639-281x300.jpg\" alt=\"\" title=\"Museum Europ\u00e4ischer Keramikkunst 1639\" width=\"281\" height=\"300\" class=\"alignnone size-medium wp-image-8554\" srcset=\"http:\/\/museumek.eu\/wp-content\/uploads\/2012\/01\/Museum-Europ\u00e4ischer-Keramikkunst-1639-281x300.jpg 281w, http:\/\/museumek.eu\/wp-content\/uploads\/2012\/01\/Museum-Europ\u00e4ischer-Keramikkunst-1639.jpg 419w\" sizes=\"(max-width: 281px) 100vw, 281px\" \/><\/a><\/p>\n","protected":false},"excerpt":{"rendered":"<p>Emile Gall\u00e9 wurde am 04.05.1846 in Nancy geboren. Er starb am 23.09.1904 ebenda. In den Werkst\u00e4tten seines Vaters Charles Gall\u00e9-Reinemer lernte er um 1860 das Zeichnen. Von 1864 &#8211; 1866 studierte er am J\u00e4de-Stegmannschen-Institut in Weimar Architektur und Kunstgewerbe. Danach &hellip; <a href=\"http:\/\/museumek.eu\/?page_id=8586\">Weiterlesen <span class=\"meta-nav\">&rarr;<\/span><\/a><\/p>\n","protected":false},"author":1,"featured_media":0,"parent":8583,"menu_order":1,"comment_status":"closed","ping_status":"closed","template":"","meta":[],"_links":{"self":[{"href":"http:\/\/museumek.eu\/index.php?rest_route=\/wp\/v2\/pages\/8586"}],"collection":[{"href":"http:\/\/museumek.eu\/index.php?rest_route=\/wp\/v2\/pages"}],"about":[{"href":"http:\/\/museumek.eu\/index.php?rest_route=\/wp\/v2\/types\/page"}],"author":[{"embeddable":true,"href":"http:\/\/museumek.eu\/index.php?rest_route=\/wp\/v2\/users\/1"}],"replies":[{"embeddable":true,"href":"http:\/\/museumek.eu\/index.php?rest_route=%2Fwp%2Fv2%2Fcomments&post=8586"}],"version-history":[{"count":10,"href":"http:\/\/museumek.eu\/index.php?rest_route=\/wp\/v2\/pages\/8586\/revisions"}],"predecessor-version":[{"id":20477,"href":"http:\/\/museumek.eu\/index.php?rest_route=\/wp\/v2\/pages\/8586\/revisions\/20477"}],"up":[{"embeddable":true,"href":"http:\/\/museumek.eu\/index.php?rest_route=\/wp\/v2\/pages\/8583"}],"wp:attachment":[{"href":"http:\/\/museumek.eu\/index.php?rest_route=%2Fwp%2Fv2%2Fmedia&parent=8586"}],"curies":[{"name":"wp","href":"https:\/\/api.w.org\/{rel}","templated":true}]}}