{"id":869,"date":"2011-08-09T22:36:48","date_gmt":"2011-08-09T20:36:48","guid":{"rendered":"http:\/\/museumek.eu\/?page_id=869"},"modified":"2011-08-09T22:36:48","modified_gmt":"2011-08-09T20:36:48","slug":"aix1","status":"publish","type":"page","link":"http:\/\/museumek.eu\/?page_id=869","title":{"rendered":"A\/IX\/1"},"content":{"rendered":"<p><strong>Abteilung Austria\/Ungarn\/B\u00f6hmen, Keramik 1860 \u2013 1960, Inventarnummer A\/IX\/1<\/strong><\/p>\n<p>Manufaktur Wiener Werkst\u00e4tte (attr.), Austria, Wien, 1933, Figur Bauernpaar, K\u00fcnstler Vally Wieselthier (attr.), Mathilde Fl\u00f6gl , Max Snischek, keine Herstellermarkung, roter Keramikscherben, signiert Mitarbeitermarke f\u00fcr Mathilde Fl\u00f6gl der Wiener Werkst\u00e4tte und Mitarbeitermarke f\u00fcr Max Snischek der Wiener Werkst\u00e4tte sowie die Zahl 1933, Bodenritzung Wieselthier Vally, WV, Literatur: Gabriele Fahr-Becker Wiener Werkst\u00e4tte 1903 \u2013 1932, Seite 233, Mitglieder und Mitarbeiter der Wiener Werkst\u00e4tte, H\u00f6he 22 cm, Breite 14 cm. Hergestellt wohl noch kurz vor dem Ausverkauf der Wiener Werkst\u00e4tte, deshalb ohne Marke oder die Marke befand sich auf dem Bodenfehlteil und wurde entfernt. Keramikdesign und Bemalung Max Snischek und Mathilde Fl\u00f6gl, Modellierung wohl Vally Wieselthier, die Bodensignatur kann auch WW lauten, dann ist die Zuschreibung zu Vally Wieselthier falsch, daf\u00fcr ist die Zuordnung zur Wiener Werkst\u00e4tte best\u00e4tigt<\/p>\n<p><a href=\"http:\/\/museumek.eu\/wp-content\/uploads\/2011\/08\/Museum-Europ\u00e4ischer-Keramikkunst-Qualit\u00e4tsfotos-154.jpg\"><img loading=\"lazy\" src=\"http:\/\/museumek.eu\/wp-content\/uploads\/2011\/08\/Museum-Europ\u00e4ischer-Keramikkunst-Qualit\u00e4tsfotos-154-178x300.jpg\" alt=\"\" title=\"Museum Europ\u00e4ischer Keramikkunst Qualit\u00e4tsfotos 154\" width=\"178\" height=\"300\" class=\"alignnone size-medium wp-image-870\" srcset=\"http:\/\/museumek.eu\/wp-content\/uploads\/2011\/08\/Museum-Europ\u00e4ischer-Keramikkunst-Qualit\u00e4tsfotos-154-178x300.jpg 178w, http:\/\/museumek.eu\/wp-content\/uploads\/2011\/08\/Museum-Europ\u00e4ischer-Keramikkunst-Qualit\u00e4tsfotos-154.jpg 589w\" sizes=\"(max-width: 178px) 100vw, 178px\" \/><\/a><\/p>\n<p><a href=\"http:\/\/museumek.eu\/wp-content\/uploads\/2011\/08\/Museum-Europ\u00e4ischer-Keramikkunst-Qualit\u00e4tsfotos-155.jpg\"><img loading=\"lazy\" src=\"http:\/\/museumek.eu\/wp-content\/uploads\/2011\/08\/Museum-Europ\u00e4ischer-Keramikkunst-Qualit\u00e4tsfotos-155-192x300.jpg\" alt=\"\" title=\"Museum Europ\u00e4ischer Keramikkunst Qualit\u00e4tsfotos 155\" width=\"192\" height=\"300\" class=\"alignnone size-medium wp-image-871\" srcset=\"http:\/\/museumek.eu\/wp-content\/uploads\/2011\/08\/Museum-Europ\u00e4ischer-Keramikkunst-Qualit\u00e4tsfotos-155-192x300.jpg 192w, http:\/\/museumek.eu\/wp-content\/uploads\/2011\/08\/Museum-Europ\u00e4ischer-Keramikkunst-Qualit\u00e4tsfotos-155.jpg 597w\" sizes=\"(max-width: 192px) 100vw, 192px\" \/><\/a><\/p>\n<p><a href=\"http:\/\/museumek.eu\/wp-content\/uploads\/2011\/08\/Museum-Europ\u00e4ischer-Keramikkunst-Qualit\u00e4tsfotos-156.jpg\"><img loading=\"lazy\" src=\"http:\/\/museumek.eu\/wp-content\/uploads\/2011\/08\/Museum-Europ\u00e4ischer-Keramikkunst-Qualit\u00e4tsfotos-156-300x166.jpg\" alt=\"\" title=\"Museum Europ\u00e4ischer Keramikkunst Qualit\u00e4tsfotos 156\" width=\"300\" height=\"166\" class=\"alignnone size-medium wp-image-872\" srcset=\"http:\/\/museumek.eu\/wp-content\/uploads\/2011\/08\/Museum-Europ\u00e4ischer-Keramikkunst-Qualit\u00e4tsfotos-156-300x166.jpg 300w, http:\/\/museumek.eu\/wp-content\/uploads\/2011\/08\/Museum-Europ\u00e4ischer-Keramikkunst-Qualit\u00e4tsfotos-156-500x276.jpg 500w, http:\/\/museumek.eu\/wp-content\/uploads\/2011\/08\/Museum-Europ\u00e4ischer-Keramikkunst-Qualit\u00e4tsfotos-156.jpg 565w\" sizes=\"(max-width: 300px) 100vw, 300px\" \/><\/a><\/p>\n<p><a href=\"http:\/\/museumek.eu\/wp-content\/uploads\/2011\/08\/Museum-Europ\u00e4ischer-Keramikkunst-411.jpg\"><img loading=\"lazy\" src=\"http:\/\/museumek.eu\/wp-content\/uploads\/2011\/08\/Museum-Europ\u00e4ischer-Keramikkunst-411-190x300.jpg\" alt=\"\" title=\"Museum Europ\u00e4ischer Keramikkunst 411\" width=\"190\" height=\"300\" class=\"alignnone size-medium wp-image-873\" srcset=\"http:\/\/museumek.eu\/wp-content\/uploads\/2011\/08\/Museum-Europ\u00e4ischer-Keramikkunst-411-190x300.jpg 190w, http:\/\/museumek.eu\/wp-content\/uploads\/2011\/08\/Museum-Europ\u00e4ischer-Keramikkunst-411.jpg 431w\" sizes=\"(max-width: 190px) 100vw, 190px\" \/><\/a><\/p>\n<p><a href=\"http:\/\/museumek.eu\/wp-content\/uploads\/2011\/08\/Museum-Europ\u00e4ischer-Keramikkunst-412.jpg\"><img loading=\"lazy\" src=\"http:\/\/museumek.eu\/wp-content\/uploads\/2011\/08\/Museum-Europ\u00e4ischer-Keramikkunst-412-211x300.jpg\" alt=\"\" title=\"Museum Europ\u00e4ischer Keramikkunst 412\" width=\"211\" height=\"300\" class=\"alignnone size-medium wp-image-874\" srcset=\"http:\/\/museumek.eu\/wp-content\/uploads\/2011\/08\/Museum-Europ\u00e4ischer-Keramikkunst-412-211x300.jpg 211w, http:\/\/museumek.eu\/wp-content\/uploads\/2011\/08\/Museum-Europ\u00e4ischer-Keramikkunst-412.jpg 596w\" sizes=\"(max-width: 211px) 100vw, 211px\" \/><\/a><\/p>\n","protected":false},"excerpt":{"rendered":"<p>Abteilung Austria\/Ungarn\/B\u00f6hmen, Keramik 1860 \u2013 1960, Inventarnummer A\/IX\/1 Manufaktur Wiener Werkst\u00e4tte (attr.), Austria, Wien, 1933, Figur Bauernpaar, K\u00fcnstler Vally Wieselthier (attr.), Mathilde Fl\u00f6gl , Max Snischek, keine Herstellermarkung, roter Keramikscherben, signiert Mitarbeitermarke f\u00fcr Mathilde Fl\u00f6gl der Wiener Werkst\u00e4tte und Mitarbeitermarke &hellip; <a href=\"http:\/\/museumek.eu\/?page_id=869\">Weiterlesen <span class=\"meta-nav\">&rarr;<\/span><\/a><\/p>\n","protected":false},"author":1,"featured_media":0,"parent":866,"menu_order":1,"comment_status":"open","ping_status":"open","template":"","meta":[],"_links":{"self":[{"href":"http:\/\/museumek.eu\/index.php?rest_route=\/wp\/v2\/pages\/869"}],"collection":[{"href":"http:\/\/museumek.eu\/index.php?rest_route=\/wp\/v2\/pages"}],"about":[{"href":"http:\/\/museumek.eu\/index.php?rest_route=\/wp\/v2\/types\/page"}],"author":[{"embeddable":true,"href":"http:\/\/museumek.eu\/index.php?rest_route=\/wp\/v2\/users\/1"}],"replies":[{"embeddable":true,"href":"http:\/\/museumek.eu\/index.php?rest_route=%2Fwp%2Fv2%2Fcomments&post=869"}],"version-history":[{"count":2,"href":"http:\/\/museumek.eu\/index.php?rest_route=\/wp\/v2\/pages\/869\/revisions"}],"predecessor-version":[{"id":876,"href":"http:\/\/museumek.eu\/index.php?rest_route=\/wp\/v2\/pages\/869\/revisions\/876"}],"up":[{"embeddable":true,"href":"http:\/\/museumek.eu\/index.php?rest_route=\/wp\/v2\/pages\/866"}],"wp:attachment":[{"href":"http:\/\/museumek.eu\/index.php?rest_route=%2Fwp%2Fv2%2Fmedia&parent=869"}],"curies":[{"name":"wp","href":"https:\/\/api.w.org\/{rel}","templated":true}]}}