{"id":8740,"date":"2012-02-03T19:28:56","date_gmt":"2012-02-03T18:28:56","guid":{"rendered":"http:\/\/museumek.eu\/?page_id=8740"},"modified":"2012-07-19T22:19:47","modified_gmt":"2012-07-19T20:19:47","slug":"fotos-und-beschreibung","status":"publish","type":"page","link":"http:\/\/museumek.eu\/?page_id=8740","title":{"rendered":"Fotos und Beschreibung"},"content":{"rendered":"<p><strong>Abteilung Frankreich, Keramik 1860 \u2013 1960, Inventarnummer F\/IXX\/1<\/strong><\/p>\n<p>Manufaktur Joseph-Th\u00e9odore Deck, Frankreich, Paris, 1881, Bildplatte mit umlaufendem Fu\u00dfring, japanisierendes Vogelmotiv, K\u00fcnstler Joseph-Th\u00e9odore Deck, Werks.-Nr. Unikat, Exemplar Nr. ohne, gemarkt TH.Deck. sowie 1881 (Jahr) blau gestempelt, nicht signiert, teilweise Sang de Boeuf Glasur mit gleichzeitiger partieller \u00e9mail cloisonn\u00e9 und Goldmalerei, diese Bildplatte vereint drei von Deck entwickelte Arbeitstechniken, Sang de Boeuf Glasur (Seeger in Berlin erfand diese fast gleichzeitig), europ\u00e4ische \u00e9mail cloisonn\u00e9 Malerei nach asiatischem Vorbild und die Malerei mit Gold, wohl eine Vorstufe des sp\u00e4teren Goldfonds von Deck, Ausf\u00fchrung als Porzellanfayence, zweimal gebrannt, Literatur: Franz\u00f6sische Keramik zwischen 1850 und 1910, Sammlung Maria und Hans-J\u00f6rgen Heuser, Hamburg, Seite 224, Marke Nr. 5, weitere Literatur: Kataloge des Kunstgewerbemuseum K\u00f6ln, Band VII, Keramik, Sammlung Gertrud und Dr. Karl Funke-Kaiser, Seite 394, Marke 12, weitere Literatur: Europ\u00e4ische Keramik 1880 \u2013 1930, Hessisches Landesmuseum Darmstadt, Sammlung Silzer, Seite 207, Marke 65, weitere Literaur: J. A. Schmoll genannt Eisenwerth und Helga Schmoll genannt Eisenwerth, Nancy 1900 Jugendstil in Lothringen, Ausstellung im M\u00fcnchner Stadtmuseum vom 28. August bis 23. November 1980, Seite 454, Abbildung des Stempels,<br \/>\nDurchmesser 15 cm, H\u00f6he des Fu\u00dfringes 1,5 cm<\/p>\n<p><a href=\"http:\/\/museumek.eu\/wp-content\/uploads\/2012\/02\/Museum-Europ\u00e4ischer-Keramikkunst-1672.jpg\"><img loading=\"lazy\" src=\"http:\/\/museumek.eu\/wp-content\/uploads\/2012\/02\/Museum-Europ\u00e4ischer-Keramikkunst-1672-300x217.jpg\" alt=\"\" title=\"Museum Europ\u00e4ischer Keramikkunst 1672\" width=\"300\" height=\"217\" class=\"alignnone size-medium wp-image-8727\" srcset=\"http:\/\/museumek.eu\/wp-content\/uploads\/2012\/02\/Museum-Europ\u00e4ischer-Keramikkunst-1672-300x217.jpg 300w, http:\/\/museumek.eu\/wp-content\/uploads\/2012\/02\/Museum-Europ\u00e4ischer-Keramikkunst-1672-413x300.jpg 413w, http:\/\/museumek.eu\/wp-content\/uploads\/2012\/02\/Museum-Europ\u00e4ischer-Keramikkunst-1672.jpg 730w\" sizes=\"(max-width: 300px) 100vw, 300px\" \/><\/a><\/p>\n<p><a href=\"http:\/\/museumek.eu\/wp-content\/uploads\/2012\/02\/Museum-Europ\u00e4ischer-Keramikkunst-1671.jpg\"><img loading=\"lazy\" src=\"http:\/\/museumek.eu\/wp-content\/uploads\/2012\/02\/Museum-Europ\u00e4ischer-Keramikkunst-1671-300x191.jpg\" alt=\"\" title=\"Museum Europ\u00e4ischer Keramikkunst 1671\" width=\"300\" height=\"191\" class=\"alignnone size-medium wp-image-8728\" \/\n<\/p srcset=\"http:\/\/museumek.eu\/wp-content\/uploads\/2012\/02\/Museum-Europ\u00e4ischer-Keramikkunst-1671-300x191.jpg 300w, http:\/\/museumek.eu\/wp-content\/uploads\/2012\/02\/Museum-Europ\u00e4ischer-Keramikkunst-1671.jpg 424w\" sizes=\"(max-width: 300px) 100vw, 300px\" \/>\n","protected":false},"excerpt":{"rendered":"<p>Abteilung Frankreich, Keramik 1860 \u2013 1960, Inventarnummer F\/IXX\/1 Manufaktur Joseph-Th\u00e9odore Deck, Frankreich, Paris, 1881, Bildplatte mit umlaufendem Fu\u00dfring, japanisierendes Vogelmotiv, K\u00fcnstler Joseph-Th\u00e9odore Deck, Werks.-Nr. Unikat, Exemplar Nr. ohne, gemarkt TH.Deck. sowie 1881 (Jahr) blau gestempelt, nicht signiert, teilweise Sang de &hellip; <a href=\"http:\/\/museumek.eu\/?page_id=8740\">Weiterlesen <span class=\"meta-nav\">&rarr;<\/span><\/a><\/p>\n","protected":false},"author":1,"featured_media":0,"parent":8737,"menu_order":1,"comment_status":"closed","ping_status":"closed","template":"","meta":[],"_links":{"self":[{"href":"http:\/\/museumek.eu\/index.php?rest_route=\/wp\/v2\/pages\/8740"}],"collection":[{"href":"http:\/\/museumek.eu\/index.php?rest_route=\/wp\/v2\/pages"}],"about":[{"href":"http:\/\/museumek.eu\/index.php?rest_route=\/wp\/v2\/types\/page"}],"author":[{"embeddable":true,"href":"http:\/\/museumek.eu\/index.php?rest_route=\/wp\/v2\/users\/1"}],"replies":[{"embeddable":true,"href":"http:\/\/museumek.eu\/index.php?rest_route=%2Fwp%2Fv2%2Fcomments&post=8740"}],"version-history":[{"count":5,"href":"http:\/\/museumek.eu\/index.php?rest_route=\/wp\/v2\/pages\/8740\/revisions"}],"predecessor-version":[{"id":11935,"href":"http:\/\/museumek.eu\/index.php?rest_route=\/wp\/v2\/pages\/8740\/revisions\/11935"}],"up":[{"embeddable":true,"href":"http:\/\/museumek.eu\/index.php?rest_route=\/wp\/v2\/pages\/8737"}],"wp:attachment":[{"href":"http:\/\/museumek.eu\/index.php?rest_route=%2Fwp%2Fv2%2Fmedia&parent=8740"}],"curies":[{"name":"wp","href":"https:\/\/api.w.org\/{rel}","templated":true}]}}