{"id":8794,"date":"2012-02-04T19:34:03","date_gmt":"2012-02-04T18:34:03","guid":{"rendered":"http:\/\/museumek.eu\/?page_id=8794"},"modified":"2012-02-09T14:38:00","modified_gmt":"2012-02-09T13:38:00","slug":"dav1","status":"publish","type":"page","link":"http:\/\/museumek.eu\/?page_id=8794","title":{"rendered":"D\u00e4\/V\/1"},"content":{"rendered":"<p><strong>Abteilung D\u00e4nemark, Keramik 1860 \u2013 1960, Inventarnummer D\u00e4\/V\/1<\/strong><\/p>\n<p>Manufaktur L. P. Jorgensen, D\u00e4nemark, Kopenhagen, 1890, B\u00fcste En Barbar, K\u00fcnstler Carl Johann Bonnesen, Werks.-Nr. ohne, Exemplar Nr. ohne, gemarkt Carl J. Bonnesen, Charlottenborg 1890 geritzt, L. P. Jorgensen, Kovenhavn, Eneret (gesch\u00fctzt) gepresst, bezeichnet En Barbar mit gegossen, signiert Carl J. Bonnesen, Charlottenborg, 1890, Ohrringe aus Kupfer, H\u00f6he 36 cm, Breite 16 cm<\/p>\n<p><a href=\"http:\/\/museumek.eu\/wp-content\/uploads\/2012\/02\/Museum-Europ\u00e4ischer-Keramikkunst-1680.jpg\"><img loading=\"lazy\" src=\"http:\/\/museumek.eu\/wp-content\/uploads\/2012\/02\/Museum-Europ\u00e4ischer-Keramikkunst-1680-129x300.jpg\" alt=\"\" title=\"Museum Europ\u00e4ischer Keramikkunst 1680\" width=\"129\" height=\"300\" class=\"alignnone size-medium wp-image-8864\" \/><\/a><\/p>\n<p><a href=\"http:\/\/museumek.eu\/wp-content\/uploads\/2012\/02\/Museum-Europ\u00e4ischer-Keramikkunst-1686.jpg\"><img loading=\"lazy\" src=\"http:\/\/museumek.eu\/wp-content\/uploads\/2012\/02\/Museum-Europ\u00e4ischer-Keramikkunst-1686-300x218.jpg\" alt=\"\" title=\"Museum Europ\u00e4ischer Keramikkunst 1686\" width=\"300\" height=\"218\" class=\"alignnone size-medium wp-image-8866\" srcset=\"http:\/\/museumek.eu\/wp-content\/uploads\/2012\/02\/Museum-Europ\u00e4ischer-Keramikkunst-1686-300x218.jpg 300w, http:\/\/museumek.eu\/wp-content\/uploads\/2012\/02\/Museum-Europ\u00e4ischer-Keramikkunst-1686-411x300.jpg 411w, http:\/\/museumek.eu\/wp-content\/uploads\/2012\/02\/Museum-Europ\u00e4ischer-Keramikkunst-1686.jpg 468w\" sizes=\"(max-width: 300px) 100vw, 300px\" \/><\/a><\/p>\n<p><a href=\"http:\/\/museumek.eu\/wp-content\/uploads\/2012\/02\/Museum-Europ\u00e4ischer-Keramikkunst-1684.jpg\"><img loading=\"lazy\" src=\"http:\/\/museumek.eu\/wp-content\/uploads\/2012\/02\/Museum-Europ\u00e4ischer-Keramikkunst-1684-300x154.jpg\" alt=\"\" title=\"Museum Europ\u00e4ischer Keramikkunst 1684\" width=\"300\" height=\"154\" class=\"alignnone size-medium wp-image-8867\" srcset=\"http:\/\/museumek.eu\/wp-content\/uploads\/2012\/02\/Museum-Europ\u00e4ischer-Keramikkunst-1684-300x154.jpg 300w, http:\/\/museumek.eu\/wp-content\/uploads\/2012\/02\/Museum-Europ\u00e4ischer-Keramikkunst-1684-500x257.jpg 500w, http:\/\/museumek.eu\/wp-content\/uploads\/2012\/02\/Museum-Europ\u00e4ischer-Keramikkunst-1684.jpg 818w\" sizes=\"(max-width: 300px) 100vw, 300px\" \/><\/a><\/p>\n","protected":false},"excerpt":{"rendered":"<p>Abteilung D\u00e4nemark, Keramik 1860 \u2013 1960, Inventarnummer D\u00e4\/V\/1 Manufaktur L. P. Jorgensen, D\u00e4nemark, Kopenhagen, 1890, B\u00fcste En Barbar, K\u00fcnstler Carl Johann Bonnesen, Werks.-Nr. ohne, Exemplar Nr. ohne, gemarkt Carl J. Bonnesen, Charlottenborg 1890 geritzt, L. P. Jorgensen, Kovenhavn, Eneret (gesch\u00fctzt) &hellip; <a href=\"http:\/\/museumek.eu\/?page_id=8794\">Weiterlesen <span class=\"meta-nav\">&rarr;<\/span><\/a><\/p>\n","protected":false},"author":1,"featured_media":0,"parent":8791,"menu_order":1,"comment_status":"closed","ping_status":"closed","template":"","meta":[],"_links":{"self":[{"href":"http:\/\/museumek.eu\/index.php?rest_route=\/wp\/v2\/pages\/8794"}],"collection":[{"href":"http:\/\/museumek.eu\/index.php?rest_route=\/wp\/v2\/pages"}],"about":[{"href":"http:\/\/museumek.eu\/index.php?rest_route=\/wp\/v2\/types\/page"}],"author":[{"embeddable":true,"href":"http:\/\/museumek.eu\/index.php?rest_route=\/wp\/v2\/users\/1"}],"replies":[{"embeddable":true,"href":"http:\/\/museumek.eu\/index.php?rest_route=%2Fwp%2Fv2%2Fcomments&post=8794"}],"version-history":[{"count":3,"href":"http:\/\/museumek.eu\/index.php?rest_route=\/wp\/v2\/pages\/8794\/revisions"}],"predecessor-version":[{"id":8870,"href":"http:\/\/museumek.eu\/index.php?rest_route=\/wp\/v2\/pages\/8794\/revisions\/8870"}],"up":[{"embeddable":true,"href":"http:\/\/museumek.eu\/index.php?rest_route=\/wp\/v2\/pages\/8791"}],"wp:attachment":[{"href":"http:\/\/museumek.eu\/index.php?rest_route=%2Fwp%2Fv2%2Fmedia&parent=8794"}],"curies":[{"name":"wp","href":"https:\/\/api.w.org\/{rel}","templated":true}]}}