{"id":8852,"date":"2012-02-05T17:34:48","date_gmt":"2012-02-05T16:34:48","guid":{"rendered":"http:\/\/museumek.eu\/?page_id=8852"},"modified":"2013-08-17T23:29:59","modified_gmt":"2013-08-17T21:29:59","slug":"kurzbiografie-und-inventar-zum-kunstler","status":"publish","type":"page","link":"http:\/\/museumek.eu\/?page_id=8852","title":{"rendered":"Kurzbiografie und Inventar zum K\u00fcnstler"},"content":{"rendered":"<p>\u00dcber \u00d6d\u00f6n Lechner konnte bisher nur recherchiert werden, dass er zusammen mit Gyula P\u00e1rtos die Entwurfsausschreibung der Gestaltung des Budapester Museum f\u00fcr angewandte Kunst gewonnen hatte. Vilmos Zsolnay gestaltete dann wohl das Geb\u00e4ude innen und au\u00dfen nach den Entw\u00fcrfen von \u00d6d\u00f6n Lechner.<\/p>\n<p><strong>Abteilung Austria\/Ungarn\/B\u00f6hmen, Keramik 1860 \u2013 1960, Inventarnummer A\/IXX\/9<\/strong><\/p>\n<p>Zsolnay Porzellanmanufaktur und Vorg\u00e4nger Erste F\u00fcnfkirchner Cement-Chamotstein und Feuerfeste Thonwaaren Fabrik Vilmos Zsolnay, Ungarn\/Austria, F\u00fcnfkirchen\/Pecs, 1896, Wandfliese, K\u00fcnstler \u00d6d\u00f6n Lechner (Entwurf), Werks.-Nr. ohne, Exemplar Nr. ohne, gemarkt Firmenmarke mit Zsolnay und f\u00fcnf T\u00fcrmen gepresst, Literatur: \u00c9va H\u00e1rs, Zsolnay Pecs, Seite 141, Marke Nr. 46 \u00e4hnlich, weitere Literatur: \u00c9va Csenkey und \u00c1gota Steinert, Hungarian Ceramics from the Zsolnay Manufactory 1853 \u2013 2001, Seite 202, Foto der eingebauten Fliesen in der Empfangshalle sowie Seite 203 Foto und Beschreibung der Fliesen als Inventar des Janus Pannonius Museums in P\u00e9cs, diese Fliese war ehemals 1896 an den W\u00e4nden der Empfangshalle des Museum f\u00fcr angewandete Kunst in Budapest verbaut, am 01.03. 1853 erhielt Nikolaus (Miklos) Zsolnay (bereits Inhaber des Handelshauses \u201eZum Amerikaner\u201c in Pecs) die Lizenz zur Errichtung einer Steingutfabrik in Pecs, dazu wurde die Einrichtung einer aufgegebenen Steingutfabrik in Lukafa gekauft und nach Pecs transportiert, betrieben wurde die Fabrik von Ignaz (Josef) Zsolnay einem Sohn von Nikolaus Zsolnay, Ignaz war aber kein guter Kaufmann und so sprang 1863 sein j\u00fcngerer Bruder Wilhelm (Vilmos) mit seinen finanziellen Mitteln ein, um letztlich 1864 die Fabrik ganz zu \u00fcbernehmen, er baute diese um und firmierte ab 1868 als Erste F\u00fcnfkirchner Cement-Chamotstein und Feuerfeste Thonwaaren Fabrik, ab 1873 erste anspruchsvolle Produkte mit der neu entwickelten elfenbeinartigen Masse Ivoir-Porzellan, zwischen 1874 und 1877 entwickelte er die sogenannte Porzellanfayence, die Kinder von Vilmos Zsolnay Julia, Therese und Miklos arbeiten engagiert in der Fabrik mit, gleichfalls die Schwiegers\u00f6hne Jakob Mattyasovszky und Tad\u00e8 Sikorski, um 1888 erwarb der Wiener Gro\u00dfh\u00e4ndler Ernst Wahliss das alleinige Vertriebsrecht der Zsolnay Produkte im Ausland, ber\u00fchmt wurde die Zsolnay Fabrik durch die sogenannte Eosinglasur, um 1890 kaufte Zsolnay die Porzellanfabrik von Ignaz Fischer (Budapest) zu, 1900 verstarb Vilmos und sein Sohn Miklos \u00fcbernahm die Unternehmensleitung, ab wann sich die Firmierung \u00e4nderte, konnte nicht recherchiert werden, anzunehmen ist vor\/ab 1900, die Produkte von Zsolnay, die dem Historismus zuzurechnen sind, sind Unikate, Hand gepresst, emaillierte, rubinfarbige, metallische Eosin-L\u00fcsterglasur (millenium technique),<br \/>\nweitere Hinweise: Foto der Empfangshalle aus dem Internet,<br \/>\nH\u00f6he 9,5 cm, Breite 19,5 cm<\/p>\n<p><a href=\"http:\/\/museumek.eu\/wp-content\/uploads\/2011\/08\/Museum-Europ\u00e4ischer-Keramikkunst-822.jpg\"><img loading=\"lazy\" src=\"http:\/\/museumek.eu\/wp-content\/uploads\/2011\/08\/Museum-Europ\u00e4ischer-Keramikkunst-822-300x156.jpg\" alt=\"\" title=\"Museum Europ\u00e4ischer Keramikkunst 822\" width=\"300\" height=\"156\" class=\"alignnone size-medium wp-image-8841\" srcset=\"http:\/\/museumek.eu\/wp-content\/uploads\/2011\/08\/Museum-Europ\u00e4ischer-Keramikkunst-822-300x156.jpg 300w, http:\/\/museumek.eu\/wp-content\/uploads\/2011\/08\/Museum-Europ\u00e4ischer-Keramikkunst-822-500x261.jpg 500w, http:\/\/museumek.eu\/wp-content\/uploads\/2011\/08\/Museum-Europ\u00e4ischer-Keramikkunst-822.jpg 823w\" sizes=\"(max-width: 300px) 100vw, 300px\" \/><\/a><\/p>\n<p><a href=\"http:\/\/museumek.eu\/wp-content\/uploads\/2011\/08\/Museum-Europ\u00e4ischer-Keramikkunst-827.jpg\"><img loading=\"lazy\" src=\"http:\/\/museumek.eu\/wp-content\/uploads\/2011\/08\/Museum-Europ\u00e4ischer-Keramikkunst-827-300x154.jpg\" alt=\"\" title=\"Museum Europ\u00e4ischer Keramikkunst 827\" width=\"300\" height=\"154\" class=\"alignnone size-medium wp-image-1689\" srcset=\"http:\/\/museumek.eu\/wp-content\/uploads\/2011\/08\/Museum-Europ\u00e4ischer-Keramikkunst-827-300x154.jpg 300w, http:\/\/museumek.eu\/wp-content\/uploads\/2011\/08\/Museum-Europ\u00e4ischer-Keramikkunst-827-500x257.jpg 500w, http:\/\/museumek.eu\/wp-content\/uploads\/2011\/08\/Museum-Europ\u00e4ischer-Keramikkunst-827.jpg 923w\" sizes=\"(max-width: 300px) 100vw, 300px\" \/><\/a><\/p>\n<p><a href=\"http:\/\/museumek.eu\/wp-content\/uploads\/2011\/08\/Museum-Europ\u00e4ischer-Keramikkunst-1679.jpg\"><img loading=\"lazy\" src=\"http:\/\/museumek.eu\/wp-content\/uploads\/2011\/08\/Museum-Europ\u00e4ischer-Keramikkunst-1679-284x300.jpg\" alt=\"\" title=\"Museum Europ\u00e4ischer Keramikkunst 1679\" width=\"284\" height=\"300\" class=\"alignnone size-medium wp-image-8842\" srcset=\"http:\/\/museumek.eu\/wp-content\/uploads\/2011\/08\/Museum-Europ\u00e4ischer-Keramikkunst-1679-284x300.jpg 284w, http:\/\/museumek.eu\/wp-content\/uploads\/2011\/08\/Museum-Europ\u00e4ischer-Keramikkunst-1679.jpg 735w\" sizes=\"(max-width: 284px) 100vw, 284px\" \/><\/a><\/p>\n<p><a href=\"http:\/\/museumek.eu\/wp-content\/uploads\/2011\/08\/Museum-Europ\u00e4ischer-Keramikkunst-1675.jpg\"><img loading=\"lazy\" src=\"http:\/\/museumek.eu\/wp-content\/uploads\/2011\/08\/Museum-Europ\u00e4ischer-Keramikkunst-1675-264x300.jpg\" alt=\"\" title=\"Museum Europ\u00e4ischer Keramikkunst 1675\" width=\"264\" height=\"300\" class=\"alignnone size-medium wp-image-8843\" srcset=\"http:\/\/museumek.eu\/wp-content\/uploads\/2011\/08\/Museum-Europ\u00e4ischer-Keramikkunst-1675-264x300.jpg 264w, http:\/\/museumek.eu\/wp-content\/uploads\/2011\/08\/Museum-Europ\u00e4ischer-Keramikkunst-1675.jpg 684w\" sizes=\"(max-width: 264px) 100vw, 264px\" \/><\/a><\/p>\n<p><a href=\"http:\/\/museumek.eu\/wp-content\/uploads\/2011\/08\/Museum-Europ\u00e4ischer-Keramikkunst-1676.jpg\"><img loading=\"lazy\" src=\"http:\/\/museumek.eu\/wp-content\/uploads\/2011\/08\/Museum-Europ\u00e4ischer-Keramikkunst-1676-279x300.jpg\" alt=\"\" title=\"Museum Europ\u00e4ischer Keramikkunst 1676\" width=\"279\" height=\"300\" class=\"alignnone size-medium wp-image-8844\" srcset=\"http:\/\/museumek.eu\/wp-content\/uploads\/2011\/08\/Museum-Europ\u00e4ischer-Keramikkunst-1676-279x300.jpg 279w, http:\/\/museumek.eu\/wp-content\/uploads\/2011\/08\/Museum-Europ\u00e4ischer-Keramikkunst-1676.jpg 715w\" sizes=\"(max-width: 279px) 100vw, 279px\" \/><\/a><\/p>\n<p><a href=\"http:\/\/museumek.eu\/wp-content\/uploads\/2011\/08\/Museum-f\u00fcr-angewandte-Kunst-Budapest.jpg\"><img loading=\"lazy\" src=\"http:\/\/museumek.eu\/wp-content\/uploads\/2011\/08\/Museum-f\u00fcr-angewandte-Kunst-Budapest-300x238.jpg\" alt=\"\" title=\"Museum f\u00fcr angewandte Kunst Budapest\" width=\"300\" height=\"238\" class=\"alignnone size-medium wp-image-8845\" srcset=\"http:\/\/museumek.eu\/wp-content\/uploads\/2011\/08\/Museum-f\u00fcr-angewandte-Kunst-Budapest-300x238.jpg 300w, http:\/\/museumek.eu\/wp-content\/uploads\/2011\/08\/Museum-f\u00fcr-angewandte-Kunst-Budapest-377x300.jpg 377w, http:\/\/museumek.eu\/wp-content\/uploads\/2011\/08\/Museum-f\u00fcr-angewandte-Kunst-Budapest.jpg 834w\" sizes=\"(max-width: 300px) 100vw, 300px\" \/><\/a><\/p>\n","protected":false},"excerpt":{"rendered":"<p>\u00dcber \u00d6d\u00f6n Lechner konnte bisher nur recherchiert werden, dass er zusammen mit Gyula P\u00e1rtos die Entwurfsausschreibung der Gestaltung des Budapester Museum f\u00fcr angewandte Kunst gewonnen hatte. Vilmos Zsolnay gestaltete dann wohl das Geb\u00e4ude innen und au\u00dfen nach den Entw\u00fcrfen von &hellip; <a href=\"http:\/\/museumek.eu\/?page_id=8852\">Weiterlesen <span class=\"meta-nav\">&rarr;<\/span><\/a><\/p>\n","protected":false},"author":1,"featured_media":0,"parent":8849,"menu_order":1,"comment_status":"closed","ping_status":"closed","template":"","meta":[],"_links":{"self":[{"href":"http:\/\/museumek.eu\/index.php?rest_route=\/wp\/v2\/pages\/8852"}],"collection":[{"href":"http:\/\/museumek.eu\/index.php?rest_route=\/wp\/v2\/pages"}],"about":[{"href":"http:\/\/museumek.eu\/index.php?rest_route=\/wp\/v2\/types\/page"}],"author":[{"embeddable":true,"href":"http:\/\/museumek.eu\/index.php?rest_route=\/wp\/v2\/users\/1"}],"replies":[{"embeddable":true,"href":"http:\/\/museumek.eu\/index.php?rest_route=%2Fwp%2Fv2%2Fcomments&post=8852"}],"version-history":[{"count":4,"href":"http:\/\/museumek.eu\/index.php?rest_route=\/wp\/v2\/pages\/8852\/revisions"}],"predecessor-version":[{"id":26398,"href":"http:\/\/museumek.eu\/index.php?rest_route=\/wp\/v2\/pages\/8852\/revisions\/26398"}],"up":[{"embeddable":true,"href":"http:\/\/museumek.eu\/index.php?rest_route=\/wp\/v2\/pages\/8849"}],"wp:attachment":[{"href":"http:\/\/museumek.eu\/index.php?rest_route=%2Fwp%2Fv2%2Fmedia&parent=8852"}],"curies":[{"name":"wp","href":"https:\/\/api.w.org\/{rel}","templated":true}]}}